{"id":6434,"date":"2020-06-04T12:56:01","date_gmt":"2020-06-04T10:56:01","guid":{"rendered":"https:\/\/mma-autoservizi.it\/?page_id=6434"},"modified":"2020-06-04T12:56:01","modified_gmt":"2020-06-04T10:56:01","slug":"sommaire","status":"publish","type":"page","link":"https:\/\/www.mma-autoservizi.it\/fr\/sommaire\/","title":{"rendered":"Sommaire"},"content":{"rendered":"\t<div class=\"py-5 bg-gray-100 mt-2\">\n\t\t<div class=\"container\">\n\t\t\t<div class=\"row justify-content-center\">\n\t\t\t\t\t\t\t\n\t\t\t\t<div class=\"col-12 col-md-7\">\n\t\t\t\t\t\n\t\t\t\t\t<div class=\"pricing\">\t\n\t\t\t\t\t\t<div class=\"card mb-5 mb-lg-0\">\n\t\t\t\t\t\t\t<div class=\"card-body\">\n\t\t\t\n\t\t\t\t\t\t\t\t\t\t\t<h5 class=\"card-title text-muted text-uppercase text-center\">TOTAL<\/h5>\n\t\t\t<div class=\"text-center\">\n\t\t\t\t<h6 class=\"card-price text-center mb-4 position-relative d-inline-block\">37,03\u20ac \n\t\t\t\t\t<sup style=\"font-size:10px; position:absolute; top:0; right:-90px;\">IVA 10% esclusa<\/sup>\n\t\t\t\t<\/h6>\n\t\t\t<\/div>\n\t\t\t\t\t\t\t\t\n\t\t\t\t\t\t\t\t<table class=\"table table-striped table-bordered table-hover resume mb-0\">\n\t\t\t\t\t\t\t\t\t<tr>\n\t\t\t\t\t\t\t\t\t\t<td><i class=\"fa fa-calendar\"><\/i> &nbsp;Date:<\/td>\n\t\t\t\t\t\t\t\t\t\t<td>09\/04\/2026 <\/td>\t\n\t\t\t\t\t\t\t\t\t<\/tr>\n\t\t\t\t\t\t\t\t\t<tr>\n\t\t\t\t\t\t\t\t\t\t<td><i class=\"fa fa-calendar\"><\/i> &nbsp;  D\u00e9but et fin:<\/td>\n\t\t\t\t\t\t\t\t\t\t<td>\n\t\t\t\t\t\t\t\t\t\t\t00:00 - \n\t\t\t\t\t\t\t\t\t\t<\/td>\t\n\t\t\t\t\t\t\t\t\t<\/tr>\n\t\t\t\t\t\t\t\t\t<tr>\n\t\t\t\t\t\t\t\t\t\t<td><i class=\"fa fa-road\"><\/i> &nbsp;Kilom\u00e9trage:<\/td>\n\t\t\t\t\t\t\t\t\t\t<td><span data-toggle=\"tooltip\" data-placement=\"top\" title=\"Le trajet \u00e0 vide de \/ vers le parc de location est inclus dans le kilom\u00e9trage\">30 km <b>*<\/b><\/span><\/td>\t\n\t\t\t\t\t\t\t\t\t<\/tr>\n\t\t\t\t\t\t\t\t\t<tr>\n\t\t\t\t\t\t\t\t\t\t<td><i class=\"fa fa-bus\"><\/i> &nbsp;Bus:<\/td>\n\t\t\t\t\t\t\t\t\t\t<td>19 places<\/td>\t\n\t\t\t\t\t\t\t\t\t<\/tr>\n\t\t\t\t\t\t\t\t\t<tr>\n\t\t\t\t\t\t\t\t\t\t<td><i class=\"fa fa-flag-checkered\"><\/i> &nbsp;Dur\u00e9e:<\/td>\n\t\t\t\t\t\t\t\t\t\t<td>00 minuti<\/td>\t\n\t\t\t\t\t\t\t\t\t<\/tr>\n\t\t\t\t\t\t\t\t<\/table>\n\t\t\t\t\t\t\t\t\t\t\t\t\t\t\t\n\t\t\t\t\t\t\t\t\t\t\t<div id=\"buttons\" class=\"text-center w-100 mt-1\">\n\t\t\t\t\t\t\t\t<span class=\"border d-block py-2 px-4 mb-2 mt-1 font-weight-light\">\n\t\t\t\t\t<i class=\"fa fa-check\"><\/i> &nbsp;+10% (c\u00f4t\u00e9 nocturne)\n\t\t\t\t<\/span>\n\t\t\t\t\n\t\t\t\t\n\t\t\t<\/div>\n\t\t\t\t\t\t\t\t\n\t\t\t\t\t\t\t\t<form method=\"post\" id=\"create-post\" action=\"https:\/\/www.mma-autoservizi.it\/fr\/confirmation-de-la-demande-denvoi\/\">\n\t\t\t\t\t\t\t\t\n\t\t\t\t\t\t\t\t<div class=\"mt-4\">\n\t\t\t\t\t\t\t\t\t<h6 style=\"font-size:18px !important\">\n\t\t\t\t\t\t\t\t\t\tMerci d'avoir consult\u00e9 notre service de r\u00e9servation en ligne! \n\t\t\t\t\t\t\t\t\t<\/h6>\n\t\t\t\t\t\t\t\t\t<p class=\"mb-2\">\n\t\t\t\t\t\t\t\t\t\tI costi indicati non comprendono eventuali costi accessori quali, permessi ZTL \n                                        (Zona Traffico Limitato) presenti nei centri storici ove richiesti, eventuali costi \n                                        relativi a vitto ed alloggio per l'autista ove necessari e verranno applicati \n                                        contestualmente alla prenotazione definitiva in relazione al programma da effettuare.<br\/>\n                                        Tutto il resto \u00e8 incluso nel prezzo. \n\t\t\t\t\t\t\t\t\t<\/p>\n\t\t\t\t\t\t\t\t<\/div>\n\t\t\t\t\t\t\t\t\t\n\t\t\t\t\t\t\t\t            <div class=\"row mb-4 pb-2\">\n                <div class=\"col-12\">\n                    <hr\/>\n                <\/div>\n                <div class=\"col-12 col-md-4\">\n                    <label>Entrez votre nom <\/label>\n                    <input type=\"text\" name=\"nome\" class=\"form-control w-100\" required \/>\t\n                <\/div>\n                <div class=\"col-12 col-md-4\">\n                    <label>Entrez votre pr\u00e9nom <\/label>\n                    <input type=\"text\" name=\"cognome\" class=\"form-control w-100\" required \/>\t\n                <\/div>\n                <div class=\"col-12 col-md-4\">\n                    <label>Entrez votre adresse e-mail<\/label>\n                    <input type=\"email\" name=\"indirizzo-email\" class=\"form-control w-100\" required \/>\t\n                <\/div>\n                <div class=\"col-12\">\n                    <h5 class=\"card-title text-muted mt-3 mb-0 text-gray-200 font-weight-light\">\n                        <input type=\"checkbox\" name=\"privacy\" required \/> &nbsp;<sup>*<\/sup>Ho letto la \n                        <a href=\"https:\/\/www.mma-autoservizi.it\/privacy-policy\" target=\"_blank\"><b>privacy policy<\/b><\/a> ed \n                        acconsento al trattamento dei miei dati\n                    <\/h5>\n                <\/div>\n            <\/div>\n            <input type=\"hidden\" name=\"data\" value=\"09\/04\/2026\" \/>\n            <input type=\"hidden\" name=\"inizio-fine\" value=\"00:00 - \" \/>\n            <input type=\"hidden\" name=\"km\" value=\"30\" \/>\n            <input type=\"hidden\" name=\"bus\" value=\"19\" \/>\n            <input type=\"hidden\" name=\"durata\" value=\"00 minuti\" \/>\n            <input type=\"hidden\" name=\"partenza\" value=\"\" \/>\n            <input type=\"hidden\" name=\"partenza-ore\" value=\"00:00\" \/>\n            <input type=\"hidden\" name=\"arrivo\" value=\"\" \/>\n            <input type=\"hidden\" name=\"arrivo-ore\" value=\"\" \/>\n            <input type=\"hidden\" name=\"taps\" value=\"-1\" \/> {\/* Questo \u00e8 l'indice massimo, step4 lo user\u00e0 per iterare *\/}\n            <input type=\"hidden\" name=\"return\" value=\"\" \/>\n            <input type=\"hidden\" name=\"prezzo\" value=\"37,03\u20ac\" \/> \n            <input type=\"hidden\" name=\"prezzo_numeric_no_iva\" value=\"37.03\" \/>\n            \n             {\/* Usa la variabile corretta *\/}\n\t\t\t\t\t\t\t\t\n\t\t\t\t\t\t\t\t<div class=\"row mt-4\">\n\t\t\t\t\t\t\t\t\t<div class=\"col-12 col-md-5\">\n\t\t\t\t\t\t\t\t\t\t<button type=\"button\" onclick=\"window.print()\" class=\"btn btn-outline-info text-uppercase w-100\"><i class=\"fa fa-print\"><\/i>&nbsp;IMPRIMER<\/button>\n\t\t\t\t\t\t\t\t\t<\/div>\n\t\t\t\t\t\t\t\t\t<div class=\"col-12 col-md-7\">\n\t\t\t\t\t\t\t\t\t\t<input type=\"submit\"  name=\"reserve\" class=\"btn btn-primary text-uppercase d-block w-100\" value=\"ENVOYER LA DEMANDE\" \/>\n\t\t\t\t\t\t\t\t\t<\/div>\n\t\t\t\t\t\t\t\t<\/div>\n\t\t\t\t\t\t\t\t\n\t\t\t\t\t\t\t\t<\/form>\n\t\t\t\t\t\t\t\t<div class=\"alert alert-info mt-4 mb-0\" role=\"alert\"><h6>R\u00c9GLEMENTATION EUROP\u00c9ENNE DANS LES TRANSPORTS ROUTIERS<\/h6>\n<p class=\"small mb-1\">R\u00e8gles g\u00e9n\u00e9rales concernant les temps de conduite et de repos des chauffeurs<\/p>\n<p class=\"small mb-1\"><b>SERVICE QUOTIDIEN:<\/b>&nbsp;13 heures maximum<\/p>\n<p class=\"small mb-1\"><b>CONDUITE QUOTIDIENNE PERMISE:<\/b> 9 heures maximum - 45 minutes de repos sont observ\u00e9es toutes les 4 heures et 30 minutes.<\/p>\n<p class=\"small mb-1\"><b>REPOS QUOTIDIEN:<\/b>&nbsp;11 heures cons\u00e9cutives sur 24 avec r\u00e9duction \u00e0 9 heures cons\u00e9cutives 3 jours par semaine \u00e0 r\u00e9cup\u00e9rer avant la fin de la semaine suivante.<\/p>\n<p class=\"small mb-1\"><b>REPOS HEBDOMADAIRE:<\/b> 24 heures cons\u00e9cutives tous les 6 jours de service.<\/p>\n<p class=\"small mb-1\">Le non-respect pr\u00e9voit la r\u00e9duction de 2 points du permis de conduire, 2&nbsp; <b>en plus de l'arr\u00eat sur place pour le bus.al&nbsp;<\/b>.<\/p>\n<p class=\"small mb-0\"><b>Sur la base de ce qui pr\u00e9c\u00e8de, pour les voyages de plusieurs jours, il est bon de porter une attention particuli\u00e8re aux heures de d\u00e9but et de fin des services.<\/b><\/p>\n<\/div>\n\t\t\t\t\t\t\t<\/div>\n\t\t\t\t\t\t<\/div>\n\t\t\t\t\t<\/div>\n\t\t\t\t\t\n\t\t\t\t<\/div>\n\t\t\t\t\n\t\t\t\t            <div class=\"col-12 col-md-4\">\n                <div class=\"pricing\">\t\n                    <div class=\"card mb-5 mb-lg-0\">\n                        <div class=\"card-body\">\n                            <h6 class=\"h3 m-0 text-center\">Sommaire<\/h6>\n                            <hr class=\"mt-3\" \/>\n                            <ul class=\"timeline\">\n                                <li class=\"start\">\n                                    <h6 class=\"m-0 text-success\"><\/h6>\n                                    <span>HEURE DE D\u00c9PART : <b>00:00<\/b><\/span>\n                                <\/li>\n                                \n                                <li class=\"arrival\">\n                                    <small>HEURE D'ARRIV\u00c9E : <b><\/b><\/small>\n                                    <h6 class=\"m-0 text-success\"><\/h6>\n                                    \n                                <\/li>\n                                \n                            <\/ul>\n                        <\/div>\n                    <\/div>\n                <\/div>\n            <\/div>\n\t\t\t\t\n\t\t\t<\/div>\n\t\t<\/div>\n\t<\/div>\n\t\n","protected":false},"excerpt":{"rendered":"TOTAL 37,03\u20ac IVA 10% esclusa &nbsp;Date: 09\/04\/2026 &nbsp; D\u00e9but et fin: 00:00 - &nbsp;Kilom\u00e9trage: 30 km * &nbsp;Bus: 19 places &nbsp;Dur\u00e9e: 00 minuti &nbsp;+10% (c\u00f4t\u00e9 nocturne) Merci d'avoir consult\u00e9 notre service de r\u00e9servation en ligne! I costi indicati non comprendono eventuali costi accessori quali, permessi ZTL (Zona Traffico Limitato) presenti nei centri storici ove richiesti, [...]","protected":false},"author":2,"featured_media":0,"parent":0,"menu_order":0,"comment_status":"closed","ping_status":"closed","template":"default-templates\/page-fluid.php","meta":{"site-sidebar-layout":"default","site-content-layout":"","ast-site-content-layout":"","site-content-style":"default","site-sidebar-style":"default","ast-global-header-display":"","ast-banner-title-visibility":"","ast-main-header-display":"","ast-hfb-above-header-display":"","ast-hfb-below-header-display":"","ast-hfb-mobile-header-display":"","site-post-title":"","ast-breadcrumbs-content":"","ast-featured-img":"","footer-sml-layout":"","theme-transparent-header-meta":"","adv-header-id-meta":"","stick-header-meta":"","header-above-stick-meta":"","header-main-stick-meta":"","header-below-stick-meta":"","astra-migrate-meta-layouts":"default","ast-page-background-enabled":"default","ast-page-background-meta":{"desktop":{"background-color":"var(--ast-global-color-4)","background-image":"","background-repeat":"repeat","background-position":"center center","background-size":"auto","background-attachment":"scroll","background-type":"","background-media":"","overlay-type":"","overlay-color":"","overlay-opacity":"","overlay-gradient":""},"tablet":{"background-color":"","background-image":"","background-repeat":"repeat","background-position":"center center","background-size":"auto","background-attachment":"scroll","background-type":"","background-media":"","overlay-type":"","overlay-color":"","overlay-opacity":"","overlay-gradient":""},"mobile":{"background-color":"","background-image":"","background-repeat":"repeat","background-position":"center center","background-size":"auto","background-attachment":"scroll","background-type":"","background-media":"","overlay-type":"","overlay-color":"","overlay-opacity":"","overlay-gradient":""}},"ast-content-background-meta":{"desktop":{"background-color":"var(--ast-global-color-5)","background-image":"","background-repeat":"repeat","background-position":"center center","background-size":"auto","background-attachment":"scroll","background-type":"","background-media":"","overlay-type":"","overlay-color":"","overlay-opacity":"","overlay-gradient":""},"tablet":{"background-color":"var(--ast-global-color-5)","background-image":"","background-repeat":"repeat","background-position":"center center","background-size":"auto","background-attachment":"scroll","background-type":"","background-media":"","overlay-type":"","overlay-color":"","overlay-opacity":"","overlay-gradient":""},"mobile":{"background-color":"var(--ast-global-color-5)","background-image":"","background-repeat":"repeat","background-position":"center center","background-size":"auto","background-attachment":"scroll","background-type":"","background-media":"","overlay-type":"","overlay-color":"","overlay-opacity":"","overlay-gradient":""}},"ngg_post_thumbnail":0,"footnotes":""},"class_list":["post-6434","page","type-page","status-publish","hentry"],"yoast_head":"<!-- This site is optimized with the Yoast SEO plugin v26.3 - https:\/\/yoast.com\/wordpress\/plugins\/seo\/ -->\n<title>Sommaire - MMA Autoservizi<\/title>\n<meta name=\"robots\" content=\"noindex, follow\" \/>\n<meta property=\"og:locale\" content=\"fr_FR\" \/>\n<meta property=\"og:type\" content=\"article\" \/>\n<meta property=\"og:title\" content=\"Sommaire - MMA Autoservizi\" \/>\n<meta property=\"og:url\" content=\"https:\/\/www.mma-autoservizi.it\/fr\/sommaire\/\" \/>\n<meta property=\"og:site_name\" content=\"MMA Autoservizi\" \/>\n<meta property=\"article:publisher\" content=\"https:\/\/www.facebook.com\/MmaAutoservizi\/\" \/>\n<meta name=\"twitter:card\" content=\"summary_large_image\" \/>\n<script type=\"application\/ld+json\" class=\"yoast-schema-graph\">{\"@context\":\"https:\/\/schema.org\",\"@graph\":[{\"@type\":\"WebPage\",\"@id\":\"https:\/\/www.mma-autoservizi.it\/fr\/sommaire\/\",\"url\":\"https:\/\/www.mma-autoservizi.it\/fr\/sommaire\/\",\"name\":\"Sommaire - MMA Autoservizi\",\"isPartOf\":{\"@id\":\"https:\/\/www.mma-autoservizi.it\/fr\/#website\"},\"datePublished\":\"2020-06-04T10:56:01+00:00\",\"breadcrumb\":{\"@id\":\"https:\/\/www.mma-autoservizi.it\/fr\/sommaire\/#breadcrumb\"},\"inLanguage\":\"fr-FR\",\"potentialAction\":[{\"@type\":\"ReadAction\",\"target\":[\"https:\/\/www.mma-autoservizi.it\/fr\/sommaire\/\"]}]},{\"@type\":\"BreadcrumbList\",\"@id\":\"https:\/\/www.mma-autoservizi.it\/fr\/sommaire\/#breadcrumb\",\"itemListElement\":[{\"@type\":\"ListItem\",\"position\":1,\"name\":\"Home\",\"item\":\"https:\/\/www.mma-autoservizi.it\/fr\/home-mma-autoservizi\/\"},{\"@type\":\"ListItem\",\"position\":2,\"name\":\"Sommaire\"}]},{\"@type\":\"WebSite\",\"@id\":\"https:\/\/www.mma-autoservizi.it\/fr\/#website\",\"url\":\"https:\/\/www.mma-autoservizi.it\/fr\/\",\"name\":\"MMA Autoservizi\",\"description\":\"molto movimento agency\",\"publisher\":{\"@id\":\"https:\/\/www.mma-autoservizi.it\/fr\/#organization\"},\"potentialAction\":[{\"@type\":\"SearchAction\",\"target\":{\"@type\":\"EntryPoint\",\"urlTemplate\":\"https:\/\/www.mma-autoservizi.it\/fr\/?s={search_term_string}\"},\"query-input\":{\"@type\":\"PropertyValueSpecification\",\"valueRequired\":true,\"valueName\":\"search_term_string\"}}],\"inLanguage\":\"fr-FR\"},{\"@type\":\"Organization\",\"@id\":\"https:\/\/www.mma-autoservizi.it\/fr\/#organization\",\"name\":\"MMA Autoservizi\",\"url\":\"https:\/\/www.mma-autoservizi.it\/fr\/\",\"logo\":{\"@type\":\"ImageObject\",\"inLanguage\":\"fr-FR\",\"@id\":\"https:\/\/www.mma-autoservizi.it\/fr\/#\/schema\/logo\/image\/\",\"url\":\"https:\/\/mma-autoservizi.it\/wp-content\/uploads\/revslider\/slide-home\/logo-home-slide-mma-1.png\",\"contentUrl\":\"https:\/\/mma-autoservizi.it\/wp-content\/uploads\/revslider\/slide-home\/logo-home-slide-mma-1.png\",\"width\":854,\"height\":166,\"caption\":\"MMA Autoservizi\"},\"image\":{\"@id\":\"https:\/\/www.mma-autoservizi.it\/fr\/#\/schema\/logo\/image\/\"},\"sameAs\":[\"https:\/\/www.facebook.com\/MmaAutoservizi\/\"]}]}<\/script>\n<!-- \/ Yoast SEO plugin. -->","yoast_head_json":{"title":"Sommaire - MMA Autoservizi","robots":{"index":"noindex","follow":"follow"},"og_locale":"fr_FR","og_type":"article","og_title":"Sommaire - MMA Autoservizi","og_url":"https:\/\/www.mma-autoservizi.it\/fr\/sommaire\/","og_site_name":"MMA Autoservizi","article_publisher":"https:\/\/www.facebook.com\/MmaAutoservizi\/","twitter_card":"summary_large_image","schema":{"@context":"https:\/\/schema.org","@graph":[{"@type":"WebPage","@id":"https:\/\/www.mma-autoservizi.it\/fr\/sommaire\/","url":"https:\/\/www.mma-autoservizi.it\/fr\/sommaire\/","name":"Sommaire - MMA Autoservizi","isPartOf":{"@id":"https:\/\/www.mma-autoservizi.it\/fr\/#website"},"datePublished":"2020-06-04T10:56:01+00:00","breadcrumb":{"@id":"https:\/\/www.mma-autoservizi.it\/fr\/sommaire\/#breadcrumb"},"inLanguage":"fr-FR","potentialAction":[{"@type":"ReadAction","target":["https:\/\/www.mma-autoservizi.it\/fr\/sommaire\/"]}]},{"@type":"BreadcrumbList","@id":"https:\/\/www.mma-autoservizi.it\/fr\/sommaire\/#breadcrumb","itemListElement":[{"@type":"ListItem","position":1,"name":"Home","item":"https:\/\/www.mma-autoservizi.it\/fr\/home-mma-autoservizi\/"},{"@type":"ListItem","position":2,"name":"Sommaire"}]},{"@type":"WebSite","@id":"https:\/\/www.mma-autoservizi.it\/fr\/#website","url":"https:\/\/www.mma-autoservizi.it\/fr\/","name":"MMA Autoservizi","description":"molto movimento agency","publisher":{"@id":"https:\/\/www.mma-autoservizi.it\/fr\/#organization"},"potentialAction":[{"@type":"SearchAction","target":{"@type":"EntryPoint","urlTemplate":"https:\/\/www.mma-autoservizi.it\/fr\/?s={search_term_string}"},"query-input":{"@type":"PropertyValueSpecification","valueRequired":true,"valueName":"search_term_string"}}],"inLanguage":"fr-FR"},{"@type":"Organization","@id":"https:\/\/www.mma-autoservizi.it\/fr\/#organization","name":"MMA Autoservizi","url":"https:\/\/www.mma-autoservizi.it\/fr\/","logo":{"@type":"ImageObject","inLanguage":"fr-FR","@id":"https:\/\/www.mma-autoservizi.it\/fr\/#\/schema\/logo\/image\/","url":"https:\/\/mma-autoservizi.it\/wp-content\/uploads\/revslider\/slide-home\/logo-home-slide-mma-1.png","contentUrl":"https:\/\/mma-autoservizi.it\/wp-content\/uploads\/revslider\/slide-home\/logo-home-slide-mma-1.png","width":854,"height":166,"caption":"MMA Autoservizi"},"image":{"@id":"https:\/\/www.mma-autoservizi.it\/fr\/#\/schema\/logo\/image\/"},"sameAs":["https:\/\/www.facebook.com\/MmaAutoservizi\/"]}]}},"_links":{"self":[{"href":"https:\/\/www.mma-autoservizi.it\/fr\/wp-json\/wp\/v2\/pages\/6434","targetHints":{"allow":["GET"]}}],"collection":[{"href":"https:\/\/www.mma-autoservizi.it\/fr\/wp-json\/wp\/v2\/pages"}],"about":[{"href":"https:\/\/www.mma-autoservizi.it\/fr\/wp-json\/wp\/v2\/types\/page"}],"author":[{"embeddable":true,"href":"https:\/\/www.mma-autoservizi.it\/fr\/wp-json\/wp\/v2\/users\/2"}],"replies":[{"embeddable":true,"href":"https:\/\/www.mma-autoservizi.it\/fr\/wp-json\/wp\/v2\/comments?post=6434"}],"version-history":[{"count":0,"href":"https:\/\/www.mma-autoservizi.it\/fr\/wp-json\/wp\/v2\/pages\/6434\/revisions"}],"wp:attachment":[{"href":"https:\/\/www.mma-autoservizi.it\/fr\/wp-json\/wp\/v2\/media?parent=6434"}],"curies":[{"name":"wp","href":"https:\/\/api.w.org\/{rel}","templated":true}]}}