{"id":6425,"date":"2020-06-04T12:29:53","date_gmt":"2020-06-04T10:29:53","guid":{"rendered":"https:\/\/mma-autoservizi.it\/?page_id=6425"},"modified":"2022-06-30T12:33:13","modified_gmt":"2022-06-30T10:33:13","slug":"calculer-les-devis-propre-autocar","status":"publish","type":"page","link":"https:\/\/www.mma-autoservizi.it\/fr\/calculer-les-devis-propre-autocar\/","title":{"rendered":"Calculer les devis PROPRE AUTOCAR"},"content":{"rendered":"[vc_row full_width=\u00a0\u00bbstretch_row_content_no_spaces\u00a0\u00bb equal_height=\u00a0\u00bbyes\u00a0\u00bb el_id=\u00a0\u00bbcustom-row\u00a0\u00bb][vc_column css=\u00a0\u00bb.vc_custom_1588953684921{padding-top: 15px !important;padding-right: 5% !important;padding-bottom: 300px !important;padding-left: 5% !important;background: #000000 url(https:\/\/mma-autoservizi.it\/wp-content\/uploads\/2019\/06\/2018-06-09_18-48-19_801.jpg?id=3605) !important;}\u00a0\u00bb el_class=\u00a0\u00bbbooking-column\u00a0\u00bb][slz_main_title subtitle=\u00a0\u00bbNoleggiami con un click!\u00a0\u00bb align=\u00a0\u00bbcenter\u00a0\u00bb subtitle_color=\u00a0\u00bb#18364a\u00a0\u00bb show_icon=\u00a0\u00bb0&Prime; extra_class=\u00a0\u00bbcustom-title\u00a0\u00bb title=\u00a0\u00bbNoleggia con noi il tuo pullman\u00a0\u00bb title_color=\u00a0\u00bb#18364a\u00a0\u00bb image=\u00a0\u00bb14&Prime;][vc_raw_html]W3Jlc2Zvcm0tc3RlcC0xIGFjdGlvbj0iMjgzOCIgYXBpPSJBSXphU3lDWkprQzFtT3JtMmViUl93dUV4TEM3Q3h6MURhTUs5d28iIF0NCg==[\/vc_raw_html][vc_row_inner][vc_column_inner][\/vc_column_inner][\/vc_row_inner][\/vc_column][\/vc_row][vc_row][vc_column][vc_column_text][\/vc_column_text][\/vc_column][\/vc_row]\n","protected":false},"excerpt":{"rendered":"<p>[vc_row full_width=\u00a0\u00bbstretch_row_content_no_spaces\u00a0\u00bb equal_height=\u00a0\u00bbyes\u00a0\u00bb el_id=\u00a0\u00bbcustom-row\u00a0\u00bb][vc_column css=\u00a0\u00bb.vc_custom_1588953684921{padding-top: 15px !important;padding-right: 5% !important;padding-bottom: 300px !important;padding-left: 5% !important;background: #000000 url(https:\/\/mma-autoservizi.it\/wp-content\/uploads\/2019\/06\/2018-06-09_18-48-19_801.jpg?id=3605) !important;}\u00a0\u00bb el_class=\u00a0\u00bbbooking-column\u00a0\u00bb][slz_main_title subtitle=\u00a0\u00bbNoleggiami con un click!\u00a0\u00bb align=\u00a0\u00bbcenter\u00a0\u00bb subtitle_color=\u00a0\u00bb#18364a\u00a0\u00bb show_icon=\u00a0\u00bb0&Prime; extra_class=\u00a0\u00bbcustom-title\u00a0\u00bb title=\u00a0\u00bbNoleggia con noi il tuo pullman\u00a0\u00bb title_color=\u00a0\u00bb#18364a\u00a0\u00bb image=\u00a0\u00bb14&Prime;][vc_raw_html]W3Jlc2Zvcm0tc3RlcC0xIGFjdGlvbj0iMjgzOCIgYXBpPSJBSXphU3lDWkprQzFtT3JtMmViUl93dUV4TEM3Q3h6MURhTUs5d28iIF0NCg==[\/vc_raw_html][vc_row_inner][vc_column_inner][\/vc_column_inner][\/vc_row_inner][\/vc_column][\/vc_row][vc_row][vc_column][vc_column_text][\/vc_column_text][\/vc_column][\/vc_row]<\/p>\n","protected":false},"author":2,"featured_media":0,"parent":0,"menu_order":0,"comment_status":"closed","ping_status":"closed","template":"","meta":{"site-sidebar-layout":"no-sidebar","site-content-layout":"plain-container","ast-site-content-layout":"","site-content-style":"default","site-sidebar-style":"default","ast-global-header-display":"","ast-banner-title-visibility":"","ast-main-header-display":"","ast-hfb-above-header-display":"","ast-hfb-below-header-display":"","ast-hfb-mobile-header-display":"","site-post-title":"disabled","ast-breadcrumbs-content":"","ast-featured-img":"disabled","footer-sml-layout":"","theme-transparent-header-meta":"default","adv-header-id-meta":"","stick-header-meta":"","header-above-stick-meta":"","header-main-stick-meta":"","header-below-stick-meta":"","astra-migrate-meta-layouts":"default","ast-page-background-enabled":"default","ast-page-background-meta":{"desktop":{"background-color":"var(--ast-global-color-4)","background-image":"","background-repeat":"repeat","background-position":"center center","background-size":"auto","background-attachment":"scroll","background-type":"","background-media":"","overlay-type":"","overlay-color":"","overlay-opacity":"","overlay-gradient":""},"tablet":{"background-color":"","background-image":"","background-repeat":"repeat","background-position":"center center","background-size":"auto","background-attachment":"scroll","background-type":"","background-media":"","overlay-type":"","overlay-color":"","overlay-opacity":"","overlay-gradient":""},"mobile":{"background-color":"","background-image":"","background-repeat":"repeat","background-position":"center center","background-size":"auto","background-attachment":"scroll","background-type":"","background-media":"","overlay-type":"","overlay-color":"","overlay-opacity":"","overlay-gradient":""}},"ast-content-background-meta":{"desktop":{"background-color":"var(--ast-global-color-5)","background-image":"","background-repeat":"repeat","background-position":"center center","background-size":"auto","background-attachment":"scroll","background-type":"","background-media":"","overlay-type":"","overlay-color":"","overlay-opacity":"","overlay-gradient":""},"tablet":{"background-color":"var(--ast-global-color-5)","background-image":"","background-repeat":"repeat","background-position":"center center","background-size":"auto","background-attachment":"scroll","background-type":"","background-media":"","overlay-type":"","overlay-color":"","overlay-opacity":"","overlay-gradient":""},"mobile":{"background-color":"var(--ast-global-color-5)","background-image":"","background-repeat":"repeat","background-position":"center center","background-size":"auto","background-attachment":"scroll","background-type":"","background-media":"","overlay-type":"","overlay-color":"","overlay-opacity":"","overlay-gradient":""}},"ngg_post_thumbnail":0,"footnotes":""},"class_list":["post-6425","page","type-page","status-publish","hentry"],"yoast_head":"<!-- This site is optimized with the Yoast SEO plugin v26.3 - https:\/\/yoast.com\/wordpress\/plugins\/seo\/ -->\n<title>MMA Autoservizi - Location d&#039;autocar avec chauffeur \u00e0 Rome<\/title>\n<meta name=\"description\" content=\"MMA autoservizi s&#039;occupe de la location d&#039;autocars et de minibus \u00e0 Rome, en effectuant des services de transfert local, d&#039;excursions et de visites. Nous sommes sp\u00e9cialis\u00e9s dans des secteurs tels que les loisirs, les \u00e9v\u00e9nements (M.I.C.E.), les am\u00e9nagements et les transferts pour les c\u00e9r\u00e9monies.\" \/>\n<meta name=\"robots\" content=\"index, follow, max-snippet:-1, max-image-preview:large, max-video-preview:-1\" \/>\n<link rel=\"canonical\" href=\"https:\/\/www.mma-autoservizi.it\/fr\/calculer-les-devis-propre-autocar\/\" \/>\n<meta property=\"og:locale\" content=\"fr_FR\" \/>\n<meta property=\"og:type\" content=\"article\" \/>\n<meta property=\"og:title\" content=\"MMA Autoservizi - Location d&#039;autocar avec chauffeur \u00e0 Rome\" \/>\n<meta property=\"og:description\" content=\"MMA autoservizi s&#039;occupe de la location d&#039;autocars et de minibus \u00e0 Rome, en effectuant des services de transfert local, d&#039;excursions et de visites. Nous sommes sp\u00e9cialis\u00e9s dans des secteurs tels que les loisirs, les \u00e9v\u00e9nements (M.I.C.E.), les am\u00e9nagements et les transferts pour les c\u00e9r\u00e9monies.\" \/>\n<meta property=\"og:url\" content=\"https:\/\/www.mma-autoservizi.it\/fr\/calculer-les-devis-propre-autocar\/\" \/>\n<meta property=\"og:site_name\" content=\"MMA Autoservizi\" \/>\n<meta property=\"article:publisher\" content=\"https:\/\/www.facebook.com\/MmaAutoservizi\/\" \/>\n<meta property=\"article:modified_time\" content=\"2022-06-30T10:33:13+00:00\" \/>\n<meta name=\"twitter:card\" content=\"summary_large_image\" \/>\n<meta name=\"twitter:label1\" content=\"Dur\u00e9e de lecture estim\u00e9e\" \/>\n\t<meta name=\"twitter:data1\" content=\"1 minute\" \/>\n<script type=\"application\/ld+json\" class=\"yoast-schema-graph\">{\"@context\":\"https:\/\/schema.org\",\"@graph\":[{\"@type\":\"WebPage\",\"@id\":\"https:\/\/www.mma-autoservizi.it\/fr\/calculer-les-devis-propre-autocar\/\",\"url\":\"https:\/\/www.mma-autoservizi.it\/fr\/calculer-les-devis-propre-autocar\/\",\"name\":\"MMA Autoservizi - Location d'autocar avec chauffeur \u00e0 Rome\",\"isPartOf\":{\"@id\":\"https:\/\/www.mma-autoservizi.it\/fr\/#website\"},\"datePublished\":\"2020-06-04T10:29:53+00:00\",\"dateModified\":\"2022-06-30T10:33:13+00:00\",\"description\":\"MMA autoservizi s'occupe de la location d'autocars et de minibus \u00e0 Rome, en effectuant des services de transfert local, d'excursions et de visites. Nous sommes sp\u00e9cialis\u00e9s dans des secteurs tels que les loisirs, les \u00e9v\u00e9nements (M.I.C.E.), les am\u00e9nagements et les transferts pour les c\u00e9r\u00e9monies.\",\"breadcrumb\":{\"@id\":\"https:\/\/www.mma-autoservizi.it\/fr\/calculer-les-devis-propre-autocar\/#breadcrumb\"},\"inLanguage\":\"fr-FR\",\"potentialAction\":[{\"@type\":\"ReadAction\",\"target\":[\"https:\/\/www.mma-autoservizi.it\/fr\/calculer-les-devis-propre-autocar\/\"]}]},{\"@type\":\"BreadcrumbList\",\"@id\":\"https:\/\/www.mma-autoservizi.it\/fr\/calculer-les-devis-propre-autocar\/#breadcrumb\",\"itemListElement\":[{\"@type\":\"ListItem\",\"position\":1,\"name\":\"Home\",\"item\":\"https:\/\/www.mma-autoservizi.it\/fr\/home-mma-autoservizi\/\"},{\"@type\":\"ListItem\",\"position\":2,\"name\":\"Calculer les devis PROPRE AUTOCAR\"}]},{\"@type\":\"WebSite\",\"@id\":\"https:\/\/www.mma-autoservizi.it\/fr\/#website\",\"url\":\"https:\/\/www.mma-autoservizi.it\/fr\/\",\"name\":\"MMA Autoservizi\",\"description\":\"molto movimento agency\",\"publisher\":{\"@id\":\"https:\/\/www.mma-autoservizi.it\/fr\/#organization\"},\"potentialAction\":[{\"@type\":\"SearchAction\",\"target\":{\"@type\":\"EntryPoint\",\"urlTemplate\":\"https:\/\/www.mma-autoservizi.it\/fr\/?s={search_term_string}\"},\"query-input\":{\"@type\":\"PropertyValueSpecification\",\"valueRequired\":true,\"valueName\":\"search_term_string\"}}],\"inLanguage\":\"fr-FR\"},{\"@type\":\"Organization\",\"@id\":\"https:\/\/www.mma-autoservizi.it\/fr\/#organization\",\"name\":\"MMA Autoservizi\",\"url\":\"https:\/\/www.mma-autoservizi.it\/fr\/\",\"logo\":{\"@type\":\"ImageObject\",\"inLanguage\":\"fr-FR\",\"@id\":\"https:\/\/www.mma-autoservizi.it\/fr\/#\/schema\/logo\/image\/\",\"url\":\"https:\/\/mma-autoservizi.it\/wp-content\/uploads\/revslider\/slide-home\/logo-home-slide-mma-1.png\",\"contentUrl\":\"https:\/\/mma-autoservizi.it\/wp-content\/uploads\/revslider\/slide-home\/logo-home-slide-mma-1.png\",\"width\":854,\"height\":166,\"caption\":\"MMA Autoservizi\"},\"image\":{\"@id\":\"https:\/\/www.mma-autoservizi.it\/fr\/#\/schema\/logo\/image\/\"},\"sameAs\":[\"https:\/\/www.facebook.com\/MmaAutoservizi\/\"]}]}<\/script>\n<!-- \/ Yoast SEO plugin. -->","yoast_head_json":{"title":"MMA Autoservizi - Location d'autocar avec chauffeur \u00e0 Rome","description":"MMA autoservizi s'occupe de la location d'autocars et de minibus \u00e0 Rome, en effectuant des services de transfert local, d'excursions et de visites. Nous sommes sp\u00e9cialis\u00e9s dans des secteurs tels que les loisirs, les \u00e9v\u00e9nements (M.I.C.E.), les am\u00e9nagements et les transferts pour les c\u00e9r\u00e9monies.","robots":{"index":"index","follow":"follow","max-snippet":"max-snippet:-1","max-image-preview":"max-image-preview:large","max-video-preview":"max-video-preview:-1"},"canonical":"https:\/\/www.mma-autoservizi.it\/fr\/calculer-les-devis-propre-autocar\/","og_locale":"fr_FR","og_type":"article","og_title":"MMA Autoservizi - Location d'autocar avec chauffeur \u00e0 Rome","og_description":"MMA autoservizi s'occupe de la location d'autocars et de minibus \u00e0 Rome, en effectuant des services de transfert local, d'excursions et de visites. Nous sommes sp\u00e9cialis\u00e9s dans des secteurs tels que les loisirs, les \u00e9v\u00e9nements (M.I.C.E.), les am\u00e9nagements et les transferts pour les c\u00e9r\u00e9monies.","og_url":"https:\/\/www.mma-autoservizi.it\/fr\/calculer-les-devis-propre-autocar\/","og_site_name":"MMA Autoservizi","article_publisher":"https:\/\/www.facebook.com\/MmaAutoservizi\/","article_modified_time":"2022-06-30T10:33:13+00:00","twitter_card":"summary_large_image","twitter_misc":{"Dur\u00e9e de lecture estim\u00e9e":"1 minute"},"schema":{"@context":"https:\/\/schema.org","@graph":[{"@type":"WebPage","@id":"https:\/\/www.mma-autoservizi.it\/fr\/calculer-les-devis-propre-autocar\/","url":"https:\/\/www.mma-autoservizi.it\/fr\/calculer-les-devis-propre-autocar\/","name":"MMA Autoservizi - Location d'autocar avec chauffeur \u00e0 Rome","isPartOf":{"@id":"https:\/\/www.mma-autoservizi.it\/fr\/#website"},"datePublished":"2020-06-04T10:29:53+00:00","dateModified":"2022-06-30T10:33:13+00:00","description":"MMA autoservizi s'occupe de la location d'autocars et de minibus \u00e0 Rome, en effectuant des services de transfert local, d'excursions et de visites. Nous sommes sp\u00e9cialis\u00e9s dans des secteurs tels que les loisirs, les \u00e9v\u00e9nements (M.I.C.E.), les am\u00e9nagements et les transferts pour les c\u00e9r\u00e9monies.","breadcrumb":{"@id":"https:\/\/www.mma-autoservizi.it\/fr\/calculer-les-devis-propre-autocar\/#breadcrumb"},"inLanguage":"fr-FR","potentialAction":[{"@type":"ReadAction","target":["https:\/\/www.mma-autoservizi.it\/fr\/calculer-les-devis-propre-autocar\/"]}]},{"@type":"BreadcrumbList","@id":"https:\/\/www.mma-autoservizi.it\/fr\/calculer-les-devis-propre-autocar\/#breadcrumb","itemListElement":[{"@type":"ListItem","position":1,"name":"Home","item":"https:\/\/www.mma-autoservizi.it\/fr\/home-mma-autoservizi\/"},{"@type":"ListItem","position":2,"name":"Calculer les devis PROPRE AUTOCAR"}]},{"@type":"WebSite","@id":"https:\/\/www.mma-autoservizi.it\/fr\/#website","url":"https:\/\/www.mma-autoservizi.it\/fr\/","name":"MMA Autoservizi","description":"molto movimento agency","publisher":{"@id":"https:\/\/www.mma-autoservizi.it\/fr\/#organization"},"potentialAction":[{"@type":"SearchAction","target":{"@type":"EntryPoint","urlTemplate":"https:\/\/www.mma-autoservizi.it\/fr\/?s={search_term_string}"},"query-input":{"@type":"PropertyValueSpecification","valueRequired":true,"valueName":"search_term_string"}}],"inLanguage":"fr-FR"},{"@type":"Organization","@id":"https:\/\/www.mma-autoservizi.it\/fr\/#organization","name":"MMA Autoservizi","url":"https:\/\/www.mma-autoservizi.it\/fr\/","logo":{"@type":"ImageObject","inLanguage":"fr-FR","@id":"https:\/\/www.mma-autoservizi.it\/fr\/#\/schema\/logo\/image\/","url":"https:\/\/mma-autoservizi.it\/wp-content\/uploads\/revslider\/slide-home\/logo-home-slide-mma-1.png","contentUrl":"https:\/\/mma-autoservizi.it\/wp-content\/uploads\/revslider\/slide-home\/logo-home-slide-mma-1.png","width":854,"height":166,"caption":"MMA Autoservizi"},"image":{"@id":"https:\/\/www.mma-autoservizi.it\/fr\/#\/schema\/logo\/image\/"},"sameAs":["https:\/\/www.facebook.com\/MmaAutoservizi\/"]}]}},"_links":{"self":[{"href":"https:\/\/www.mma-autoservizi.it\/fr\/wp-json\/wp\/v2\/pages\/6425","targetHints":{"allow":["GET"]}}],"collection":[{"href":"https:\/\/www.mma-autoservizi.it\/fr\/wp-json\/wp\/v2\/pages"}],"about":[{"href":"https:\/\/www.mma-autoservizi.it\/fr\/wp-json\/wp\/v2\/types\/page"}],"author":[{"embeddable":true,"href":"https:\/\/www.mma-autoservizi.it\/fr\/wp-json\/wp\/v2\/users\/2"}],"replies":[{"embeddable":true,"href":"https:\/\/www.mma-autoservizi.it\/fr\/wp-json\/wp\/v2\/comments?post=6425"}],"version-history":[{"count":3,"href":"https:\/\/www.mma-autoservizi.it\/fr\/wp-json\/wp\/v2\/pages\/6425\/revisions"}],"predecessor-version":[{"id":10118,"href":"https:\/\/www.mma-autoservizi.it\/fr\/wp-json\/wp\/v2\/pages\/6425\/revisions\/10118"}],"wp:attachment":[{"href":"https:\/\/www.mma-autoservizi.it\/fr\/wp-json\/wp\/v2\/media?parent=6425"}],"curies":[{"name":"wp","href":"https:\/\/api.w.org\/{rel}","templated":true}]}}