{"id":6153,"date":"2020-05-26T19:29:13","date_gmt":"2020-05-26T17:29:13","guid":{"rendered":"https:\/\/mma-autoservizi.it\/?page_id=6153"},"modified":"2025-07-04T13:10:41","modified_gmt":"2025-07-04T11:10:41","slug":"notre-flotte","status":"publish","type":"page","link":"https:\/\/www.mma-autoservizi.it\/fr\/notre-flotte\/","title":{"rendered":"NOTRE FLOTTE"},"content":{"rendered":"[vc_row full_width=\u00a0\u00bbstretch_row_content_no_spaces\u00a0\u00bb content_placement=\u00a0\u00bbmiddle\u00a0\u00bb parallax=\u00a0\u00bbcontent-moving\u00a0\u00bb parallax_image=\u00a0\u00bb8357&Prime; css=\u00a0\u00bb.vc_custom_1650450248920{padding-top: 250px !important;padding-bottom: 250px !important;}\u00a0\u00bb][vc_column][\/vc_column][\/vc_row][vc_row content_placement=\u00a0\u00bbtop\u00a0\u00bb][vc_column][vc_column_text]\n<h1>Notre flotte d\u2019autocar, bus navette et minibus pour la location avec chauffeur<\/h1>\n[\/vc_column_text][vc_column_text css=\u00a0\u00bb.vc_custom_1651140077566{margin-top: 0px !important;margin-bottom: 0px !important;padding-top: 0px !important;padding-bottom: 0px !important;}\u00a0\u00bb]\n<h2>Nous disposons d\u2019une flotte d\u2019autobus et minibus de classe EURO 6, compos\u00e9 de plus de 30 unit\u00e9s, de diverses dimensions avec des graphiques identiques, pour \u00eatre facilement identifiable par les clients effectuant des services de congr\u00e8s.<\/h2>\n<p>&nbsp;[\/vc_column_text][vc_empty_space][\/vc_column][\/vc_row][vc_row full_width=\u00a0\u00bbstretch_row_content\u00a0\u00bb equal_height=\u00a0\u00bbyes\u00a0\u00bb parallax=\u00a0\u00bbcontent-moving\u00a0\u00bb el_id=\u00a0\u00bbmain_pag50&Prime; css=\u00a0\u00bb.vc_custom_1650450892835{padding-top: 0px !important;padding-bottom: 0px !important;background-color: #ffffff !important;background-position: center;background-repeat: no-repeat !important;background-size: cover !important;}\u00a0\u00bb][vc_column width=\u00a0\u00bb1\/2&Prime; css=\u00a0\u00bb.vc_custom_1649068094340{margin-top: 0px !important;margin-right: 0px !important;margin-bottom: 0px !important;margin-left: 0px !important;padding-top: 0px !important;padding-right: 0px !important;padding-bottom: 0px !important;padding-left: 0px !important;background: #ffffff url(https:\/\/mma-autoservizi.it\/wp-content\/uploads\/2022\/04\/2.jpg?id=8481) !important;background-position: center !important;background-repeat: no-repeat !important;background-size: cover !important;}\u00a0\u00bb][\/vc_column][vc_column width=\u00a0\u00bb1\/2&Prime; css=\u00a0\u00bb.vc_custom_1648911119615{margin-top: 0px !important;margin-bottom: 0px !important;padding-top: 0px !important;padding-bottom: 0px !important;background-color: #333333 !important;}\u00a0\u00bb][vc_empty_space height=\u00a0\u00bb70px\u00a0\u00bb][vc_column_text css=\u00a0\u00bb.vc_custom_1650452251830{margin-top: 0px !important;margin-bottom: 0px !important;padding-top: 0px !important;padding-bottom: 0px !important;}\u00a0\u00bb]\n<p style=\"color: #fff; font-size: 24px; line-height: 40px;\">Nous avons une flotte d\u2019autobus pr\u00eat \u00e0 vous transporter dans un confort optimal vers n\u2019importe quelle destination. Amples si\u00e8ges inclinables, toilette \u00e0 bord, grands espaces pour les jambes et compartiments pour les bagages (pens\u00e9 pour les valises les plus volumineuses sont quelques-unes des caract\u00e9ristiques que nous offrons dans nos autobus jusqu\u2019\u00e0 12 m\u00e8tres.<\/p>\n[\/vc_column_text][vc_empty_space height=\u00a0\u00bb70px\u00a0\u00bb][vc_column_text]<em><small><strong><span style=\"color: #fd2500;\">*NOS BUS SONT ASSAINIS QUOTIDIENNEMENT SELON LES NORMES COVID-19 EN VIGUEUR<\/span><\/strong><\/small><\/em>[\/vc_column_text][\/vc_column][\/vc_row][vc_row][vc_column][vc_empty_space][\/vc_column][\/vc_row][vc_row][vc_column width=\u00a0\u00bb1\/3&Prime;][vc_column_text]\n<h3><strong><span style=\"color: #19a000;\">FOURGON A BAGAGES<\/span><\/strong><\/h3>\n[\/vc_column_text][vc_masonry_media_grid style=\u00a0\u00bbload-more\u00a0\u00bb items_per_page=\u00a0\u00bb1&Prime; element_width=\u00a0\u00bb12&Prime; btn_title=\u00a0\u00bbVoir plus de photos\u00a0\u00bb btn_color=\u00a0\u00bbdanger\u00a0\u00bb initial_loading_animation=\u00a0\u00bbfadeIn\u00a0\u00bb grid_id=\u00a0\u00bbvc_gid:1751616009404-0c20e508-5d35-3&Prime; include=\u00a0\u00bb9025,9031,9036,9041,9046,9051&Prime;][\/vc_column][vc_column width=\u00a0\u00bb1\/3&Prime;][vc_column_text]\n<h3><strong><span style=\"color: #19a000;\">MINIBUS 19 PLACES<\/span><\/strong><\/h3>\n[\/vc_column_text][vc_masonry_media_grid style=\u00a0\u00bbload-more\u00a0\u00bb items_per_page=\u00a0\u00bb1&Prime; element_width=\u00a0\u00bb12&Prime; btn_title=\u00a0\u00bbVoir plus de photos\u00a0\u00bb btn_color=\u00a0\u00bbdanger\u00a0\u00bb initial_loading_animation=\u00a0\u00bbfadeIn\u00a0\u00bb grid_id=\u00a0\u00bbvc_gid:1751616009413-5c6b6696-62d1-8&Prime; include=\u00a0\u00bb8676,12518,8653,12522,12526,8648,8643,8893,10742&Prime;][\/vc_column][vc_column width=\u00a0\u00bb1\/3&Prime;][vc_column_text]\n<h3><strong><span style=\"color: #19a000;\">PULLMAN 30 POSTI<\/span><\/strong><\/h3>\n[\/vc_column_text][vc_masonry_media_grid style=\u00a0\u00bbload-more\u00a0\u00bb items_per_page=\u00a0\u00bb1&Prime; element_width=\u00a0\u00bb12&Prime; btn_title=\u00a0\u00bbVoir plus de photos\u00a0\u00bb btn_color=\u00a0\u00bbdanger\u00a0\u00bb initial_loading_animation=\u00a0\u00bbfadeIn\u00a0\u00bb grid_id=\u00a0\u00bbvc_gid:1751616009422-862fddbc-2317-0&Prime; include=\u00a0\u00bb10721,5896,5884,10746,10750,10754,10758&Prime;][\/vc_column][\/vc_row][vc_row][vc_column width=\u00a0\u00bb1\/3&Prime;][vc_column_text]\n<h3><strong><span style=\"color: #19a000;\">PULLMAN 35-37 POSTI<\/span><\/strong><\/h3>\n[\/vc_column_text][vc_masonry_media_grid style=\u00a0\u00bbload-more\u00a0\u00bb items_per_page=\u00a0\u00bb1&Prime; element_width=\u00a0\u00bb12&Prime; btn_title=\u00a0\u00bbVoir plus de photos\u00a0\u00bb btn_color=\u00a0\u00bbdanger\u00a0\u00bb initial_loading_animation=\u00a0\u00bbfadeIn\u00a0\u00bb grid_id=\u00a0\u00bbvc_gid:1751616009432-4e6e5834-4b90-0&Prime; include=\u00a0\u00bb8532,8527,5908,5904,5768,5920&Prime;][\/vc_column][vc_column width=\u00a0\u00bb1\/3&Prime;][vc_column_text]\n<h3><strong><span style=\"color: #19a000;\">PULLMAN 50 POSTI<\/span><\/strong><\/h3>\n[\/vc_column_text][vc_masonry_media_grid style=\u00a0\u00bbload-more\u00a0\u00bb items_per_page=\u00a0\u00bb1&Prime; element_width=\u00a0\u00bb12&Prime; btn_title=\u00a0\u00bbVoir plus de photos\u00a0\u00bb btn_color=\u00a0\u00bbdanger\u00a0\u00bb initial_loading_animation=\u00a0\u00bbfadeIn\u00a0\u00bb grid_id=\u00a0\u00bbvc_gid:1751616009440-d0ab403b-f62c-4&Prime; include=\u00a0\u00bb9086,10633,8910,8898,8758,8778,10762,10770,10774&Prime;][\/vc_column][vc_column width=\u00a0\u00bb1\/3&Prime;][vc_column_text]\n<h3><strong><span style=\"color: #19a000;\">PULLMAN 59-64 POSTI<\/span><\/strong><\/h3>\n[\/vc_column_text][vc_masonry_media_grid style=\u00a0\u00bbload-more\u00a0\u00bb items_per_page=\u00a0\u00bb1&Prime; element_width=\u00a0\u00bb12&Prime; btn_title=\u00a0\u00bbVoir plus de photos\u00a0\u00bb btn_color=\u00a0\u00bbdanger\u00a0\u00bb initial_loading_animation=\u00a0\u00bbfadeIn\u00a0\u00bb grid_id=\u00a0\u00bbvc_gid:1751616009452-c053f4ed-5aa3-1&Prime; include=\u00a0\u00bb14383,8916,8828,14394,14389,8814,10778,10782,10786,10794,10790&Prime;][\/vc_column][\/vc_row][vc_section full_width=\u00a0\u00bbstretch_row\u00a0\u00bb css=\u00a0\u00bb.vc_custom_1648912248236{background-color: #ffffff !important;}\u00a0\u00bb][vc_row full_width=\u00a0\u00bbstretch_row_content_no_spaces\u00a0\u00bb equal_height=\u00a0\u00bbyes\u00a0\u00bb css=\u00a0\u00bb.vc_custom_1647618815631{background-color: rgba(255,255,255,0.01) !important;background-position: center !important;background-repeat: no-repeat !important;background-size: cover !important;*background-color: rgb(255,255,255) !important;}\u00a0\u00bb][vc_column width=\u00a0\u00bb5\/12&Prime; css=\u00a0\u00bb.vc_custom_1647624037392{margin-top: 0px !important;margin-right: 0px !important;margin-bottom: 0px !important;margin-left: 0px !important;padding-top: 0px !important;padding-right: 0px !important;padding-bottom: 0px !important;padding-left: 0px !important;}\u00a0\u00bb][\/vc_column][vc_column width=\u00a0\u00bb7\/12&Prime; el_class=\u00a0\u00bb.image-wrap-3 .inset-1&Prime; css=\u00a0\u00bb.vc_custom_1647624046867{margin-top: 0px !important;margin-bottom: 0px !important;margin-left: 0px !important;padding-top: 0px !important;padding-bottom: 0px !important;padding-left: 0px !important;}\u00a0\u00bb][vc_raw_html css=\u00a0\u00bb.vc_custom_1652023240217{margin-top: 0px !important;margin-bottom: 0px !important;margin-left: 0px !important;padding-top: 0px !important;padding-bottom: 0px !important;padding-left: 0px !important;}\u00a0\u00bb]PGltZyBzcmM9Imh0dHBzOi8vd3d3Lm1tYS1hdXRvc2Vydml6aS5pdC93cC1jb250ZW50L3VwbG9hZHMvMjAyMi8wMy8yNzU2MTAwMThfMTk4MjMzODc1MTk1ODkyN18yNDIxOTIxNzgzMDE4MDgwNjI3X24tZTE2NDc4ODExODYyMTQuanBlZyIgYWx0PSIiIC8+PGJyPjxkaXYgY2xhc3M9ImJhbm5lciBiYW5uZXJfX21vZCBiYW5uZXJfX21vZC0yIGJnLWNvbnRyYXN0LXZhcmlhbnQtMiBiZy1jb250cmFzdC12YXJpYW50LTJfX2FmdGVyIj4NCjxkaXYgY2xhc3M9ImJhbm5lcl9jbnQiPg0KPGgzPkNIT0lTSVNTRVogVk9UUkUgREVTVElOQVRJT048L2gzPg0KTm90cmUgw6lxdWlwZSBlc3Qgw6Agdm90cmUgZGlzcG9zaXRpb24gYXZlYyB1biBzZXJ2aWNlIGNvcmRpYWwgZXQgcHJvZmVzc2lvbm5lbC4gTm91cyBhdm9ucyBkZXMgYW5uw6llcyBk4oCZZXhww6lyaWVuY2UsIGNvbsOndSBwb3VyIGFwcG9ydGVyIHVuZSBvZmZyZSDDoCBub3MgY2xpZW50cywgbm9zIHbDqWhpY3VsZXMgc29udCBhZGFwdMOpcyDDoCB0b3V0ZSB2b3MgZXhpZ2VuY2VzLg0KDQo8YSBjbGFzcz0iYnV0dG9uIGJ0bi1tZCBwdWxzZmxvdHRhIiBocmVmPSJodHRwczovL3d3dy5tbWEtYXV0b3NlcnZpemkuaXQvZnIvY2FsY3VsZXItbGVzLWRldmlzLXByb3ByZS1hdXRvY2FyLyI+Q0FMQ1VMRVogVk9UUkUgREVWSVM8L2E+DQo8c3BhbiBzdHlsZT0iZm9udC1zaXplOiAyMHB4OyI+IFJFU0VSVkVaIFZPVFJFIEJVUyBNQUlOVEVOQU5UICE8L3NwYW4+DQoNCjwvZGl2Pjxicj48L2Rpdj4=[\/vc_raw_html][\/vc_column][\/vc_row][vc_row gap=\u00a0\u00bb10&Prime; css=\u00a0\u00bb.vc_custom_1650453681690{margin-top: 30px !important;}\u00a0\u00bb][vc_column width=\u00a0\u00bb1\/3&Prime; css=\u00a0\u00bb.vc_custom_1650453641581{background-color: #efefef !important;}\u00a0\u00bb][vc_column_text]\n<h3><span style=\"color: #19a000;\"><i class=\"fa fa-magnet\"><\/i> <strong>VOYAGE IMMERSIF<\/strong><\/span><\/h3>\n<p>Les grandes vitres obscures et la hauteur depuis le sol permettent une parfaite visuelle pour nos clients pendant le voyage pour profiter du parcours et du panorama.[\/vc_column_text][\/vc_column][vc_column width=\u00a0\u00bb1\/3&Prime; css=\u00a0\u00bb.vc_custom_1650453634593{background-color: #efefef !important;}\u00a0\u00bb][vc_column_text]\n<h3><strong><span style=\"color: #19a000;\"><i class=\"fa fa-thumbs-up\"><\/i> AUTOBUS CONFORTABLE<\/span><\/strong><\/h3>\n<p>Voyagez avec le maximum de confort et de relax dans un confortable autobus. Sa tapisserie, son moteur fluide et la grande distance entre les si\u00e8ges rendront le voyage inoubliable.[\/vc_column_text][\/vc_column][vc_column width=\u00a0\u00bb1\/3&Prime; css=\u00a0\u00bb.vc_custom_1650453626923{background-color: #efefef !important;}\u00a0\u00bb][vc_column_text]\n<h3><strong><span style=\"color: #19a000;\"><i class=\"fa fa-users\"><\/i> AUTOBUS SPACIEUX<\/span><\/strong><\/h3>\n<p>Nos autobus ont \u00e9t\u00e9 pens\u00e9 pour un confort quotidien. Chacun est dot\u00e9 de si\u00e8ge ergonomique et de grands porte bagages o\u00f9 il est aussi possible d\u2019y ranger tranquillement des valises volumineuses.[\/vc_column_text][\/vc_column][\/vc_row][\/vc_section][vc_row][vc_column][vc_icon el_id=\u00a0\u00bbhidden\u00a0\u00bb][\/vc_column][\/vc_row]\n","protected":false},"excerpt":{"rendered":"<p>[vc_row full_width=\u00a0\u00bbstretch_row_content_no_spaces\u00a0\u00bb content_placement=\u00a0\u00bbmiddle\u00a0\u00bb parallax=\u00a0\u00bbcontent-moving\u00a0\u00bb parallax_image=\u00a0\u00bb8357&Prime; css=\u00a0\u00bb.vc_custom_1650450248920{padding-top: 250px !important;padding-bottom: 250px !important;}\u00a0\u00bb][vc_column][\/vc_column][\/vc_row][vc_row content_placement=\u00a0\u00bbtop\u00a0\u00bb][vc_column][vc_column_text] Notre flotte d\u2019autocar, bus navette et minibus pour la location avec chauffeur [\/vc_column_text][vc_column_text css=\u00a0\u00bb.vc_custom_1651140077566{margin-top: 0px !important;margin-bottom: 0px !important;padding-top: 0px !important;padding-bottom: 0px !important;}\u00a0\u00bb] Nous disposons d\u2019une flotte d\u2019autobus et minibus de classe EURO 6, compos\u00e9 de plus de 30 unit\u00e9s, de diverses dimensions avec des [&hellip;]<\/p>\n","protected":false},"author":2,"featured_media":0,"parent":0,"menu_order":0,"comment_status":"closed","ping_status":"closed","template":"","meta":{"site-sidebar-layout":"no-sidebar","site-content-layout":"plain-container","ast-site-content-layout":"normal-width-container","site-content-style":"unboxed","site-sidebar-style":"unboxed","ast-global-header-display":"","ast-banner-title-visibility":"","ast-main-header-display":"","ast-hfb-above-header-display":"","ast-hfb-below-header-display":"","ast-hfb-mobile-header-display":"","site-post-title":"disabled","ast-breadcrumbs-content":"","ast-featured-img":"disabled","footer-sml-layout":"","theme-transparent-header-meta":"default","adv-header-id-meta":"","stick-header-meta":"","header-above-stick-meta":"","header-main-stick-meta":"","header-below-stick-meta":"","astra-migrate-meta-layouts":"default","ast-page-background-enabled":"default","ast-page-background-meta":{"desktop":{"background-color":"var(--ast-global-color-4)","background-image":"","background-repeat":"repeat","background-position":"center center","background-size":"auto","background-attachment":"scroll","background-type":"","background-media":"","overlay-type":"","overlay-color":"","overlay-opacity":"","overlay-gradient":""},"tablet":{"background-color":"","background-image":"","background-repeat":"repeat","background-position":"center center","background-size":"auto","background-attachment":"scroll","background-type":"","background-media":"","overlay-type":"","overlay-color":"","overlay-opacity":"","overlay-gradient":""},"mobile":{"background-color":"","background-image":"","background-repeat":"repeat","background-position":"center center","background-size":"auto","background-attachment":"scroll","background-type":"","background-media":"","overlay-type":"","overlay-color":"","overlay-opacity":"","overlay-gradient":""}},"ast-content-background-meta":{"desktop":{"background-color":"var(--ast-global-color-5)","background-image":"","background-repeat":"repeat","background-position":"center center","background-size":"auto","background-attachment":"scroll","background-type":"","background-media":"","overlay-type":"","overlay-color":"","overlay-opacity":"","overlay-gradient":""},"tablet":{"background-color":"var(--ast-global-color-5)","background-image":"","background-repeat":"repeat","background-position":"center center","background-size":"auto","background-attachment":"scroll","background-type":"","background-media":"","overlay-type":"","overlay-color":"","overlay-opacity":"","overlay-gradient":""},"mobile":{"background-color":"var(--ast-global-color-5)","background-image":"","background-repeat":"repeat","background-position":"center center","background-size":"auto","background-attachment":"scroll","background-type":"","background-media":"","overlay-type":"","overlay-color":"","overlay-opacity":"","overlay-gradient":""}},"ngg_post_thumbnail":0,"footnotes":""},"class_list":["post-6153","page","type-page","status-publish","hentry"],"yoast_head":"<!-- This site is optimized with the Yoast SEO plugin v26.3 - https:\/\/yoast.com\/wordpress\/plugins\/seo\/ -->\n<title>NOTRE FLOTTE - MMA Autoservizi<\/title>\n<meta name=\"description\" content=\"Nous disposons d&#039;une flotte d&#039;autobus et de minibus de classe EURO 6, compos\u00e9e de plus de 30 unit\u00e9s en location avec chauffeur\" \/>\n<meta name=\"robots\" content=\"index, follow, max-snippet:-1, max-image-preview:large, max-video-preview:-1\" \/>\n<link rel=\"canonical\" href=\"https:\/\/www.mma-autoservizi.it\/fr\/notre-flotte\/\" \/>\n<meta property=\"og:locale\" content=\"fr_FR\" \/>\n<meta property=\"og:type\" content=\"article\" \/>\n<meta property=\"og:title\" content=\"NOTRE FLOTTE - MMA Autoservizi\" \/>\n<meta property=\"og:description\" content=\"Nous disposons d&#039;une flotte d&#039;autobus et de minibus de classe EURO 6, compos\u00e9e de plus de 30 unit\u00e9s en location avec chauffeur\" \/>\n<meta property=\"og:url\" content=\"https:\/\/www.mma-autoservizi.it\/fr\/notre-flotte\/\" \/>\n<meta property=\"og:site_name\" content=\"MMA Autoservizi\" \/>\n<meta property=\"article:publisher\" content=\"https:\/\/www.facebook.com\/MmaAutoservizi\/\" \/>\n<meta property=\"article:modified_time\" content=\"2025-07-04T11:10:41+00:00\" \/>\n<meta name=\"twitter:card\" content=\"summary_large_image\" \/>\n<meta name=\"twitter:label1\" content=\"Dur\u00e9e de lecture estim\u00e9e\" \/>\n\t<meta name=\"twitter:data1\" content=\"5 minutes\" \/>\n<script type=\"application\/ld+json\" class=\"yoast-schema-graph\">{\"@context\":\"https:\/\/schema.org\",\"@graph\":[{\"@type\":\"WebPage\",\"@id\":\"https:\/\/www.mma-autoservizi.it\/fr\/notre-flotte\/\",\"url\":\"https:\/\/www.mma-autoservizi.it\/fr\/notre-flotte\/\",\"name\":\"NOTRE FLOTTE - MMA Autoservizi\",\"isPartOf\":{\"@id\":\"https:\/\/www.mma-autoservizi.it\/fr\/#website\"},\"datePublished\":\"2020-05-26T17:29:13+00:00\",\"dateModified\":\"2025-07-04T11:10:41+00:00\",\"description\":\"Nous disposons d'une flotte d'autobus et de minibus de classe EURO 6, compos\u00e9e de plus de 30 unit\u00e9s en location avec chauffeur\",\"breadcrumb\":{\"@id\":\"https:\/\/www.mma-autoservizi.it\/fr\/notre-flotte\/#breadcrumb\"},\"inLanguage\":\"fr-FR\",\"potentialAction\":[{\"@type\":\"ReadAction\",\"target\":[\"https:\/\/www.mma-autoservizi.it\/fr\/notre-flotte\/\"]}]},{\"@type\":\"BreadcrumbList\",\"@id\":\"https:\/\/www.mma-autoservizi.it\/fr\/notre-flotte\/#breadcrumb\",\"itemListElement\":[{\"@type\":\"ListItem\",\"position\":1,\"name\":\"Home\",\"item\":\"https:\/\/www.mma-autoservizi.it\/fr\/home-mma-autoservizi\/\"},{\"@type\":\"ListItem\",\"position\":2,\"name\":\"NOTRE FLOTTE\"}]},{\"@type\":\"WebSite\",\"@id\":\"https:\/\/www.mma-autoservizi.it\/fr\/#website\",\"url\":\"https:\/\/www.mma-autoservizi.it\/fr\/\",\"name\":\"MMA Autoservizi\",\"description\":\"molto movimento agency\",\"publisher\":{\"@id\":\"https:\/\/www.mma-autoservizi.it\/fr\/#organization\"},\"potentialAction\":[{\"@type\":\"SearchAction\",\"target\":{\"@type\":\"EntryPoint\",\"urlTemplate\":\"https:\/\/www.mma-autoservizi.it\/fr\/?s={search_term_string}\"},\"query-input\":{\"@type\":\"PropertyValueSpecification\",\"valueRequired\":true,\"valueName\":\"search_term_string\"}}],\"inLanguage\":\"fr-FR\"},{\"@type\":\"Organization\",\"@id\":\"https:\/\/www.mma-autoservizi.it\/fr\/#organization\",\"name\":\"MMA Autoservizi\",\"url\":\"https:\/\/www.mma-autoservizi.it\/fr\/\",\"logo\":{\"@type\":\"ImageObject\",\"inLanguage\":\"fr-FR\",\"@id\":\"https:\/\/www.mma-autoservizi.it\/fr\/#\/schema\/logo\/image\/\",\"url\":\"https:\/\/mma-autoservizi.it\/wp-content\/uploads\/revslider\/slide-home\/logo-home-slide-mma-1.png\",\"contentUrl\":\"https:\/\/mma-autoservizi.it\/wp-content\/uploads\/revslider\/slide-home\/logo-home-slide-mma-1.png\",\"width\":854,\"height\":166,\"caption\":\"MMA Autoservizi\"},\"image\":{\"@id\":\"https:\/\/www.mma-autoservizi.it\/fr\/#\/schema\/logo\/image\/\"},\"sameAs\":[\"https:\/\/www.facebook.com\/MmaAutoservizi\/\"]}]}<\/script>\n<!-- \/ Yoast SEO plugin. -->","yoast_head_json":{"title":"NOTRE FLOTTE - MMA Autoservizi","description":"Nous disposons d'une flotte d'autobus et de minibus de classe EURO 6, compos\u00e9e de plus de 30 unit\u00e9s en location avec chauffeur","robots":{"index":"index","follow":"follow","max-snippet":"max-snippet:-1","max-image-preview":"max-image-preview:large","max-video-preview":"max-video-preview:-1"},"canonical":"https:\/\/www.mma-autoservizi.it\/fr\/notre-flotte\/","og_locale":"fr_FR","og_type":"article","og_title":"NOTRE FLOTTE - MMA Autoservizi","og_description":"Nous disposons d'une flotte d'autobus et de minibus de classe EURO 6, compos\u00e9e de plus de 30 unit\u00e9s en location avec chauffeur","og_url":"https:\/\/www.mma-autoservizi.it\/fr\/notre-flotte\/","og_site_name":"MMA Autoservizi","article_publisher":"https:\/\/www.facebook.com\/MmaAutoservizi\/","article_modified_time":"2025-07-04T11:10:41+00:00","twitter_card":"summary_large_image","twitter_misc":{"Dur\u00e9e de lecture estim\u00e9e":"5 minutes"},"schema":{"@context":"https:\/\/schema.org","@graph":[{"@type":"WebPage","@id":"https:\/\/www.mma-autoservizi.it\/fr\/notre-flotte\/","url":"https:\/\/www.mma-autoservizi.it\/fr\/notre-flotte\/","name":"NOTRE FLOTTE - MMA Autoservizi","isPartOf":{"@id":"https:\/\/www.mma-autoservizi.it\/fr\/#website"},"datePublished":"2020-05-26T17:29:13+00:00","dateModified":"2025-07-04T11:10:41+00:00","description":"Nous disposons d'une flotte d'autobus et de minibus de classe EURO 6, compos\u00e9e de plus de 30 unit\u00e9s en location avec chauffeur","breadcrumb":{"@id":"https:\/\/www.mma-autoservizi.it\/fr\/notre-flotte\/#breadcrumb"},"inLanguage":"fr-FR","potentialAction":[{"@type":"ReadAction","target":["https:\/\/www.mma-autoservizi.it\/fr\/notre-flotte\/"]}]},{"@type":"BreadcrumbList","@id":"https:\/\/www.mma-autoservizi.it\/fr\/notre-flotte\/#breadcrumb","itemListElement":[{"@type":"ListItem","position":1,"name":"Home","item":"https:\/\/www.mma-autoservizi.it\/fr\/home-mma-autoservizi\/"},{"@type":"ListItem","position":2,"name":"NOTRE FLOTTE"}]},{"@type":"WebSite","@id":"https:\/\/www.mma-autoservizi.it\/fr\/#website","url":"https:\/\/www.mma-autoservizi.it\/fr\/","name":"MMA Autoservizi","description":"molto movimento agency","publisher":{"@id":"https:\/\/www.mma-autoservizi.it\/fr\/#organization"},"potentialAction":[{"@type":"SearchAction","target":{"@type":"EntryPoint","urlTemplate":"https:\/\/www.mma-autoservizi.it\/fr\/?s={search_term_string}"},"query-input":{"@type":"PropertyValueSpecification","valueRequired":true,"valueName":"search_term_string"}}],"inLanguage":"fr-FR"},{"@type":"Organization","@id":"https:\/\/www.mma-autoservizi.it\/fr\/#organization","name":"MMA Autoservizi","url":"https:\/\/www.mma-autoservizi.it\/fr\/","logo":{"@type":"ImageObject","inLanguage":"fr-FR","@id":"https:\/\/www.mma-autoservizi.it\/fr\/#\/schema\/logo\/image\/","url":"https:\/\/mma-autoservizi.it\/wp-content\/uploads\/revslider\/slide-home\/logo-home-slide-mma-1.png","contentUrl":"https:\/\/mma-autoservizi.it\/wp-content\/uploads\/revslider\/slide-home\/logo-home-slide-mma-1.png","width":854,"height":166,"caption":"MMA Autoservizi"},"image":{"@id":"https:\/\/www.mma-autoservizi.it\/fr\/#\/schema\/logo\/image\/"},"sameAs":["https:\/\/www.facebook.com\/MmaAutoservizi\/"]}]}},"_links":{"self":[{"href":"https:\/\/www.mma-autoservizi.it\/fr\/wp-json\/wp\/v2\/pages\/6153","targetHints":{"allow":["GET"]}}],"collection":[{"href":"https:\/\/www.mma-autoservizi.it\/fr\/wp-json\/wp\/v2\/pages"}],"about":[{"href":"https:\/\/www.mma-autoservizi.it\/fr\/wp-json\/wp\/v2\/types\/page"}],"author":[{"embeddable":true,"href":"https:\/\/www.mma-autoservizi.it\/fr\/wp-json\/wp\/v2\/users\/2"}],"replies":[{"embeddable":true,"href":"https:\/\/www.mma-autoservizi.it\/fr\/wp-json\/wp\/v2\/comments?post=6153"}],"version-history":[{"count":11,"href":"https:\/\/www.mma-autoservizi.it\/fr\/wp-json\/wp\/v2\/pages\/6153\/revisions"}],"predecessor-version":[{"id":14416,"href":"https:\/\/www.mma-autoservizi.it\/fr\/wp-json\/wp\/v2\/pages\/6153\/revisions\/14416"}],"wp:attachment":[{"href":"https:\/\/www.mma-autoservizi.it\/fr\/wp-json\/wp\/v2\/media?parent=6153"}],"curies":[{"name":"wp","href":"https:\/\/api.w.org\/{rel}","templated":true}]}}