{"id":13349,"date":"2024-09-24T18:41:16","date_gmt":"2024-09-24T16:41:16","guid":{"rendered":"https:\/\/www.mma-autoservizi.it\/location-de-bus-pour-le-jubile-2025\/"},"modified":"2024-09-24T19:04:44","modified_gmt":"2024-09-24T17:04:44","slug":"location-de-bus-pour-le-jubile-2025","status":"publish","type":"page","link":"https:\/\/www.mma-autoservizi.it\/fr\/location-de-bus-pour-le-jubile-2025\/","title":{"rendered":"Location de bus pour le Jubil\u00e9 2025"},"content":{"rendered":"[vc_section full_width=\u00a0\u00bbstretch_row\u00a0\u00bb el_id=\u00a0\u00bbmain_pg11&Prime; el_class=\u00a0\u00bbbg-fixed\u00a0\u00bb css=\u00a0\u00bb.vc_custom_1727189360058{background-image: url(https:\/\/www.mma-autoservizi.it\/wp-content\/uploads\/2024\/09\/noleggio-pullman-giubileo-2025.png?id=13340) !important;}\u00a0\u00bb][vc_row][vc_column][vc_empty_space height=\u00a0\u00bb500px\u00a0\u00bb][\/vc_column][\/vc_row][\/vc_section][vc_row][vc_column][vc_column_text]\n<h1>\u00a0Location de bus pour le Jubil\u00e9 2025 : voyagez en toute s\u00e9curit\u00e9 avec MMA Autoservizi<\/h1>\n<p><strong>Location de bus Jubil\u00e9 2025 :<\/strong> r\u00e9servez d\u00e8s maintenant votre bus touristique avec MMA Autoservizi. Confort, s\u00e9curit\u00e9 et fiabilit\u00e9.[\/vc_column_text][vc_separator][\/vc_column][\/vc_row][vc_row][vc_column][vc_column_text]La <strong>location de bus pour le Jubil\u00e9 2025<\/strong> avec MMA Autoservizi est le choix id\u00e9al pour garantir un voyage s\u00fbr, confortable et sans stress \u00e0 Rome. Avec notre flotte moderne et un service hautement professionnel, nous nous sp\u00e9cialisons dans le transport de <strong>touristes<\/strong> et de groupes pour des \u00e9v\u00e9nements majeurs, comme le <strong>Jubil\u00e9 2025<\/strong>.<\/p>\n<h3>Location de bus pour le Jubil\u00e9 2025 : votre solution pour le transport de groupes<\/h3>\n<p>Gr\u00e2ce \u00e0 notre vaste exp\u00e9rience dans le secteur et \u00e0 une flotte de <strong>bus touristiques<\/strong> de pointe, MMA Autoservizi propose un service de <strong>location de bus<\/strong> personnalis\u00e9, parfait pour ceux qui souhaitent se d\u00e9placer confortablement dans Rome pendant le <strong>Jubil\u00e9 2025<\/strong>.[\/vc_column_text][\/vc_column][\/vc_row][vc_section][vc_row][vc_column width=\u00a0\u00bb1\/3&Prime;][vc_message message_box_color=\u00a0\u00bbwhite\u00a0\u00bb icon_fontawesome=\u00a0\u00bbfas fa-check\u00a0\u00bb]<strong>S\u00e9curit\u00e9<\/strong> : tous nos bus font l&rsquo;objet de contr\u00f4les r\u00e9guliers et sont \u00e9quip\u00e9s des syst\u00e8mes de s\u00e9curit\u00e9 les plus r\u00e9cents.[\/vc_message][\/vc_column][vc_column width=\u00a0\u00bb1\/3&Prime;][vc_message message_box_color=\u00a0\u00bbwhite\u00a0\u00bb icon_fontawesome=\u00a0\u00bbfas fa-check\u00a0\u00bb]<strong>Confort<\/strong> : si\u00e8ges inclinables, espace pour les jambes et climatisation.[\/vc_message][\/vc_column][vc_column width=\u00a0\u00bb1\/3&Prime;][vc_message message_box_color=\u00a0\u00bbwhite\u00a0\u00bb icon_fontawesome=\u00a0\u00bbfas fa-check\u00a0\u00bb]<strong>Fiabilit\u00e9<\/strong> : nos chauffeurs sont des professionnels form\u00e9s, offrant la plus grande ponctualit\u00e9 et courtoisie.[\/vc_message][\/vc_column][\/vc_row][\/vc_section][vc_row full_width=\u00a0\u00bbstretch_row\u00a0\u00bb parallax=\u00a0\u00bbcontent-moving\u00a0\u00bb parallax_image=\u00a0\u00bb13330&Prime; el_id=\u00a0\u00bbmain_pag6&Prime; css=\u00a0\u00bb.vc_custom_1727189024069{margin-top: 0px !important;padding-top: 0px !important;}\u00a0\u00bb][vc_column width=\u00a0\u00bb5\/12&Prime; css=\u00a0\u00bb.vc_custom_1647622633002{margin-right: 0px !important;margin-left: 0px !important;padding-right: 0px !important;padding-left: 0px !important;}\u00a0\u00bb][vc_raw_html css=\u00a0\u00bb.vc_custom_1650386351537{margin-top: 0px !important;margin-right: 0px !important;margin-bottom: 0px !important;margin-left: 0px !important;padding-top: 0px !important;padding-right: 0px !important;padding-bottom: 0px !important;padding-left: 0px !important;}\u00a0\u00bb]PGRpdiBjbGFzcz0iYmFubmVyIGJhbm5lcl9fbW9kIGJnLXByaW1hcnktdmFyaWFudC0xIj4NCjxkaXYgY2xhc3M9ImJhbm5lcl9jbnQiPg0KPGgyPlZPVFJFIFNBVElTRkFDVElPTiBFU1QgTk9UUkUgTUlTU0lPTjwvaDI+DQo8aDUgc3R5bGU9ImNvbG9yOiAjZmZmOyBmb250LXNpemU6IDI0cHg7Ij4jd2VhcmVtbWE8L2g1Pg0KPC9kaXY+DQo8L2Rpdj4=[\/vc_raw_html][\/vc_column][vc_column width=\u00a0\u00bb7\/12&Prime;][\/vc_column][\/vc_row][vc_row][vc_column][vc_empty_space][vc_column_text]\n<h3>R\u00e9servez votre bus touristique pour le Jubil\u00e9 2025<\/h3>\n<p>La <strong>location de bus touristique<\/strong> pour le Jubil\u00e9 est un choix intelligent pour ceux qui souhaitent visiter Rome en toute tranquillit\u00e9. Nos <strong>bus pour le Jubil\u00e9 2025<\/strong> sont disponibles pour des visites d&rsquo;une journ\u00e9e, des transferts a\u00e9roportuaires ou des voyages sur mesure pour les groupes religieux et culturels.<\/p>\n<h3>Pourquoi choisir MMA Autoservizi pour le Jubil\u00e9 ?<\/h3>\n<p>En choisissant MMA Autoservizi, vous ne b\u00e9n\u00e9ficiez pas seulement d&rsquo;un excellent service de location de bus, mais vous voyagez aussi avec une entreprise qui met en avant la <strong>fiabilit\u00e9<\/strong> et la <strong>s\u00e9curit\u00e9<\/strong>. Chaque client est unique pour nous, et nous nous engageons \u00e0 offrir un service impeccable pendant un \u00e9v\u00e9nement mondial comme le Jubil\u00e9.<\/p>\n<h3>Organisez d\u00e8s maintenant votre voyage pour le Jubil\u00e9 2025<\/h3>\n<p>N&rsquo;attendez pas la derni\u00e8re minute ! Le <strong>Jubil\u00e9 2025<\/strong> sera un \u00e9v\u00e9nement extraordinaire, et la demande de <strong>location de bus<\/strong> augmente d\u00e9j\u00e0. Contactez MMA Autoservizi d\u00e8s aujourd&rsquo;hui pour demander un devis gratuit et garantir un voyage sans soucis lors de cet \u00e9v\u00e9nement historique.[\/vc_column_text][\/vc_column][\/vc_row][vc_section full_width=\u00a0\u00bbstretch_row\u00a0\u00bb css=\u00a0\u00bb.vc_custom_1648912248236{background-color: #ffffff !important;}\u00a0\u00bb][vc_row full_width=\u00a0\u00bbstretch_row_content_no_spaces\u00a0\u00bb equal_height=\u00a0\u00bbyes\u00a0\u00bb css=\u00a0\u00bb.vc_custom_1647618815631{background-color: rgba(255,255,255,0.01) !important;background-position: center !important;background-repeat: no-repeat !important;background-size: cover !important;*background-color: rgb(255,255,255) !important;}\u00a0\u00bb][vc_column width=\u00a0\u00bb5\/12&Prime; css=\u00a0\u00bb.vc_custom_1647624037392{margin-top: 0px !important;margin-right: 0px !important;margin-bottom: 0px !important;margin-left: 0px !important;padding-top: 0px !important;padding-right: 0px !important;padding-bottom: 0px !important;padding-left: 0px !important;}\u00a0\u00bb][\/vc_column][vc_column width=\u00a0\u00bb7\/12&Prime; el_class=\u00a0\u00bb.image-wrap-3 .inset-1&Prime; css=\u00a0\u00bb.vc_custom_1647624046867{margin-top: 0px !important;margin-bottom: 0px !important;margin-left: 0px !important;padding-top: 0px !important;padding-bottom: 0px !important;padding-left: 0px !important;}\u00a0\u00bb][vc_raw_html css=\u00a0\u00bb.vc_custom_1727191951082{margin-top: 0px !important;margin-bottom: 0px !important;margin-left: 0px !important;padding-top: 0px !important;padding-bottom: 0px !important;padding-left: 0px !important;}\u00a0\u00bb]JTNDZGl2JTIwY2xhc3MlM0QlMjJyZXNwbWFjJTIyJTNFJTNDaW1nJTIwc3JjJTNEJTIyaHR0cHMlM0ElMkYlMkZ3d3cubW1hLWF1dG9zZXJ2aXppLml0JTJGd3AtY29udGVudCUyRnVwbG9hZHMlMkYyMDI0JTJGMDklMkZidXMtdHVyaXN0aWNpLXBlci1naXViaWxlby0yMDI1LmpwZyUyMiUyMGFsdCUzRCUyMmJ1cyUyMHRvdXJpc3RpcXVlcyUyMHBvdXIlMjBsZSUyMGp1YmlsJUMzJUE5JTIwMjAyNSUyMiUzRSUzQyUyRmRpdiUzRSUwQSUwQSUzQ2RpdiUyMGNsYXNzJTNEJTIyYmFubmVyJTIwYmFubmVyX19tb2QlMjBiYW5uZXJfX21vZC0yJTIwYmctY29udHJhc3QtdmFyaWFudC0yJTIwYmctY29udHJhc3QtdmFyaWFudC0yX19hZnRlciUyMiUzRSUwQSUyMCUyMCUyMCUyMCUyMCUyMCUyMCUyMCUyMCUyMCUyMCUyMCUyMCUyMCUyMCUyMCUzQ2RpdiUyMGNsYXNzJTNEJTIyYmFubmVyX2NudCUyMiUzRSUwQSUyMCUyMCUyMCUyMCUyMCUyMCUyMCUyMCUyMCUyMCUyMCUyMCUyMCUyMCUyMCUyMCUyMCUyMCUzQ2gzJTNFUkVOREVaJTIwVk9UUkUlMjBWT1lBR0UlMjBBVSUyMEpVQklMJUMzJTg5JTIwMjAyNSUyME9SR0FOSVMlQzMlODklMjBQQVIlMjBDT0FDSCUyMFZSQUlNRU5UJTIwSU5PVUJMSUFCTEUlM0MlMkZoMyUzRSUwQSUyMCUyMCUyMCUyMCUyMCUyMCUyMCUyMCUyMCUyMCUyMCUyMCUyMCUyMCUyMCUyMCUyMCUyMCUzQ3AlM0UlMjBOb3RyZSUyMHBlcnNvbm5lbCUyMGVzdCUyMGRpc3BvbmlibGUlMjBhdmVjJTIwdW4lMjBzZXJ2aWNlJTIwYW1pY2FsJTIwZXQlMjBwcm9mZXNzaW9ubmVsLiUyME5vdXMlMjBhdm9ucyUyMGRlcyUyMGFubiVDMyVBOWVzJTIwZCUyN2V4cCVDMyVBOXJpZW5jZSUyQyUyMGNvbnN0cnVpdGVzJTIwcG91ciUyMG9mZnJpciUyMCVDMyVBMCUyMG5vcyUyMGNsaWVudHMlMkMlMjBub3MlMjB2JUMzJUE5aGljdWxlcyUyMHNvbnQlMjBhZGFwdCVDMyVBOXMlMjAlQzMlQTAlMjB0b3VzJTIwdm9zJTIwYmVzb2lucy4lMEElMjAlMjAlMjAlMjAlMjAlMjAlMjAlMjAlMjAlMjAlMjAlMjAlMjAlMjAlMjAlMjAlMjAlMjAlM0MlMkZwJTNFJTBBJTNDYSUyMGNsYXNzJTNEJTIyYnV0dG9uJTIwYnRuLW1kJTIwcHVsc2Zsb3R0YSUyMiUyMGhyZWYlM0QlMjJodHRwcyUzQSUyRiUyRnd3dy5tbWEtYXV0b3NlcnZpemkuaXQlMkZmciUyRmNhbGN1bGVyLWxlcy1kZXZpcy1wcm9wcmUtYXV0b2NhciUyRiUyMiUzRUNBTENVTEVSJTIwTEUlMjBERVZJUyUzQ3NwYW4lMjBjbGFzcyUzRCUyMmluc2lkZXIlMjIlM0UlM0MlMkZzcGFuJTNFJTNDJTJGYSUzRSUzQ2JyJTNFJTBBJTNDc3BhbiUyMHN0eWxlJTNEJTIyZm9udC1zaXplJTNBMjBweCUzQiUyMiUzRSUyMFIlQzMlODlTRVJWRVolMjBNQUlOVEVOQU5UJTIwVk9UUkUlMjBBVVRPQlVTJTIwUE9VUiUyMExFJTIwSlVCSUwlQzMlODklMjAyMDI1JUMyJUEwJTIxJTNDJTJGc3BhbiUzRSUzQ2JyJTNFJTBBJTIwJTIwJTIwJTIwJTIwJTIwJTIwJTIwJTIwJTIwJTIwJTIwJTIwJTIwJTIwJTIwJTNDJTJGZGl2JTNFJTBBJTIwJTIwJTIwJTIwJTIwJTIwJTIwJTIwJTIwJTIwJTIwJTIwJTIwJTIwJTNDJTJGZGl2JTNF[\/vc_raw_html][\/vc_column][\/vc_row][\/vc_section][vc_row][vc_column][vc_custom_heading text=\u00a0\u00bbFAQ\u00a0\u00bb font_container=\u00a0\u00bbtag:h2|font_size:35PX|text_align:left\u00a0\u00bb use_theme_fonts=\u00a0\u00bbyes\u00a0\u00bb][\/vc_column][\/vc_row][vc_row][vc_column][vc_toggle title=\u00a0\u00bbQuelle est la capacit\u00e9 des bus disponibles ?\u00a0\u00bb custom_font_container=\u00a0\u00bbtag:h2|font_size:25px|text_align:left\u00a0\u00bb custom_google_fonts=\u00a0\u00bbfont_family:Roboto%3A100%2C100italic%2C300%2C300italic%2Cregular%2Citalic%2C500%2C500italic%2C700%2C700italic%2C900%2C900italic|font_style:700%20bold%20regular%3A700%3Anormal\u00a0\u00bb use_custom_heading=\u00a0\u00bbtrue\u00a0\u00bb]Nos bus peuvent accueillir des groupes de 16 \u00e0 60 personnes, selon vos besoins.<\/p>\n<div id=\"gtx-trans\" style=\"position: absolute; left: -4px; top: -3px;\">\n<div class=\"gtx-trans-icon\"><\/div>\n<\/div>\n[\/vc_toggle][vc_toggle title=\u00a0\u00bbLes itin\u00e9raires peuvent-ils \u00eatre personnalis\u00e9s ?\u00a0\u00bb custom_font_container=\u00a0\u00bbtag:h2|font_size:25px|text_align:left\u00a0\u00bb custom_google_fonts=\u00a0\u00bbfont_family:Roboto%3A100%2C100italic%2C300%2C300italic%2Cregular%2Citalic%2C500%2C500italic%2C700%2C700italic%2C900%2C900italic|font_style:700%20bold%20regular%3A700%3Anormal\u00a0\u00bb use_custom_heading=\u00a0\u00bbtrue\u00a0\u00bb]Oui, nous offrons un service flexible et personnalis\u00e9. Nous pouvons organiser des visites sur mesure selon vos pr\u00e9f\u00e9rences.<\/p>\n<ul>\n<li>&nbsp;<\/li>\n<\/ul>\n<div id=\"gtx-trans\" style=\"position: absolute; left: -2px; top: -3px;\">\n<div class=\"gtx-trans-icon\"><\/div>\n<\/div>\n[\/vc_toggle][vc_toggle title=\u00a0\u00bbLes bus sont-ils accessibles aux personnes \u00e0 mobilit\u00e9 r\u00e9duite ?\u00a0\u00bb custom_font_container=\u00a0\u00bbtag:h2|font_size:25px|text_align:left\u00a0\u00bb custom_google_fonts=\u00a0\u00bbfont_family:Roboto%3A100%2C100italic%2C300%2C300italic%2Cregular%2Citalic%2C500%2C500italic%2C700%2C700italic%2C900%2C900italic|font_style:700%20bold%20regular%3A700%3Anormal\u00a0\u00bb use_custom_heading=\u00a0\u00bbtrue\u00a0\u00bb]Absolument. Nous avons des v\u00e9hicules \u00e9quip\u00e9s pour garantir le confort de tous les passagers.[\/vc_toggle][vc_toggle title=\u00a0\u00bbCombien de temps \u00e0 l&rsquo;avance faut-il r\u00e9server ?\u00a0\u00bb custom_font_container=\u00a0\u00bbtag:h2|font_size:25px|text_align:left\u00a0\u00bb custom_google_fonts=\u00a0\u00bbfont_family:Roboto%3A100%2C100italic%2C300%2C300italic%2Cregular%2Citalic%2C500%2C500italic%2C700%2C700italic%2C900%2C900italic|font_style:700%20bold%20regular%3A700%3Anormal\u00a0\u00bb use_custom_heading=\u00a0\u00bbtrue\u00a0\u00bb]Nous recommandons de r\u00e9server le plus t\u00f4t possible pour garantir la disponibilit\u00e9 pendant le Jubil\u00e9 2025.[\/vc_toggle][\/vc_column][\/vc_row]\n","protected":false},"excerpt":{"rendered":"<p>[vc_section full_width=\u00a0\u00bbstretch_row\u00a0\u00bb el_id=\u00a0\u00bbmain_pg11&Prime; el_class=\u00a0\u00bbbg-fixed\u00a0\u00bb css=\u00a0\u00bb.vc_custom_1727189360058{background-image: url(https:\/\/www.mma-autoservizi.it\/wp-content\/uploads\/2024\/09\/noleggio-pullman-giubileo-2025.png?id=13340) !important;}\u00a0\u00bb][vc_row][vc_column][vc_empty_space height=\u00a0\u00bb500px\u00a0\u00bb][\/vc_column][\/vc_row][\/vc_section][vc_row][vc_column][vc_column_text] \u00a0Location de bus pour le Jubil\u00e9 2025 : voyagez en toute s\u00e9curit\u00e9 avec MMA Autoservizi Location de bus Jubil\u00e9 2025 : r\u00e9servez d\u00e8s maintenant votre bus touristique avec MMA Autoservizi. Confort, s\u00e9curit\u00e9 et fiabilit\u00e9.[\/vc_column_text][vc_separator][\/vc_column][\/vc_row][vc_row][vc_column][vc_column_text]La location de bus pour le Jubil\u00e9 2025 avec MMA Autoservizi est le choix [&hellip;]<\/p>\n","protected":false},"author":23,"featured_media":0,"parent":0,"menu_order":0,"comment_status":"closed","ping_status":"closed","template":"","meta":{"site-sidebar-layout":"no-sidebar","site-content-layout":"plain-container","ast-site-content-layout":"","site-content-style":"default","site-sidebar-style":"default","ast-global-header-display":"","ast-banner-title-visibility":"","ast-main-header-display":"","ast-hfb-above-header-display":"","ast-hfb-below-header-display":"","ast-hfb-mobile-header-display":"","site-post-title":"disabled","ast-breadcrumbs-content":"","ast-featured-img":"","footer-sml-layout":"","theme-transparent-header-meta":"default","adv-header-id-meta":"","stick-header-meta":"","header-above-stick-meta":"","header-main-stick-meta":"","header-below-stick-meta":"","astra-migrate-meta-layouts":"default","ast-page-background-enabled":"default","ast-page-background-meta":{"desktop":{"background-color":"var(--ast-global-color-4)","background-image":"","background-repeat":"repeat","background-position":"center center","background-size":"auto","background-attachment":"scroll","background-type":"","background-media":"","overlay-type":"","overlay-color":"","overlay-opacity":"","overlay-gradient":""},"tablet":{"background-color":"","background-image":"","background-repeat":"repeat","background-position":"center center","background-size":"auto","background-attachment":"scroll","background-type":"","background-media":"","overlay-type":"","overlay-color":"","overlay-opacity":"","overlay-gradient":""},"mobile":{"background-color":"","background-image":"","background-repeat":"repeat","background-position":"center center","background-size":"auto","background-attachment":"scroll","background-type":"","background-media":"","overlay-type":"","overlay-color":"","overlay-opacity":"","overlay-gradient":""}},"ast-content-background-meta":{"desktop":{"background-color":"var(--ast-global-color-5)","background-image":"","background-repeat":"repeat","background-position":"center center","background-size":"auto","background-attachment":"scroll","background-type":"","background-media":"","overlay-type":"","overlay-color":"","overlay-opacity":"","overlay-gradient":""},"tablet":{"background-color":"var(--ast-global-color-5)","background-image":"","background-repeat":"repeat","background-position":"center center","background-size":"auto","background-attachment":"scroll","background-type":"","background-media":"","overlay-type":"","overlay-color":"","overlay-opacity":"","overlay-gradient":""},"mobile":{"background-color":"var(--ast-global-color-5)","background-image":"","background-repeat":"repeat","background-position":"center center","background-size":"auto","background-attachment":"scroll","background-type":"","background-media":"","overlay-type":"","overlay-color":"","overlay-opacity":"","overlay-gradient":""}},"ngg_post_thumbnail":0,"footnotes":""},"class_list":["post-13349","page","type-page","status-publish","hentry"],"yoast_head":"<!-- This site is optimized with the Yoast SEO plugin v26.3 - https:\/\/yoast.com\/wordpress\/plugins\/seo\/ -->\n<title>Location de bus pour le Jubil\u00e9 2025 : voyagez en toute s\u00e9curit\u00e9 avec MMA Autoservizi<\/title>\n<meta name=\"description\" content=\"Location de bus Jubil\u00e9 2025 : r\u00e9servez d\u00e8s maintenant votre bus touristique avec MMA Autoservizi. Confort, s\u00e9curit\u00e9 et fiabilit\u00e9.\" \/>\n<meta name=\"robots\" content=\"index, follow, max-snippet:-1, max-image-preview:large, max-video-preview:-1\" \/>\n<link rel=\"canonical\" href=\"https:\/\/www.mma-autoservizi.it\/fr\/location-de-bus-pour-le-jubile-2025\/\" \/>\n<meta property=\"og:locale\" content=\"fr_FR\" \/>\n<meta property=\"og:type\" content=\"article\" \/>\n<meta property=\"og:title\" content=\"Location de bus pour le Jubil\u00e9 2025 : voyagez en toute s\u00e9curit\u00e9 avec MMA Autoservizi\" \/>\n<meta property=\"og:description\" content=\"Location de bus Jubil\u00e9 2025 : r\u00e9servez d\u00e8s maintenant votre bus touristique avec MMA Autoservizi. Confort, s\u00e9curit\u00e9 et fiabilit\u00e9.\" \/>\n<meta property=\"og:url\" content=\"https:\/\/www.mma-autoservizi.it\/fr\/location-de-bus-pour-le-jubile-2025\/\" \/>\n<meta property=\"og:site_name\" content=\"MMA Autoservizi\" \/>\n<meta property=\"article:publisher\" content=\"https:\/\/www.facebook.com\/MmaAutoservizi\/\" \/>\n<meta property=\"article:modified_time\" content=\"2024-09-24T17:04:44+00:00\" \/>\n<meta name=\"twitter:card\" content=\"summary_large_image\" \/>\n<meta name=\"twitter:label1\" content=\"Dur\u00e9e de lecture estim\u00e9e\" \/>\n\t<meta name=\"twitter:data1\" content=\"6 minutes\" \/>\n<script type=\"application\/ld+json\" class=\"yoast-schema-graph\">{\"@context\":\"https:\/\/schema.org\",\"@graph\":[{\"@type\":\"WebPage\",\"@id\":\"https:\/\/www.mma-autoservizi.it\/fr\/location-de-bus-pour-le-jubile-2025\/\",\"url\":\"https:\/\/www.mma-autoservizi.it\/fr\/location-de-bus-pour-le-jubile-2025\/\",\"name\":\"Location de bus pour le Jubil\u00e9 2025 : voyagez en toute s\u00e9curit\u00e9 avec MMA Autoservizi\",\"isPartOf\":{\"@id\":\"https:\/\/www.mma-autoservizi.it\/fr\/#website\"},\"datePublished\":\"2024-09-24T16:41:16+00:00\",\"dateModified\":\"2024-09-24T17:04:44+00:00\",\"description\":\"Location de bus Jubil\u00e9 2025 : r\u00e9servez d\u00e8s maintenant votre bus touristique avec MMA Autoservizi. Confort, s\u00e9curit\u00e9 et fiabilit\u00e9.\",\"breadcrumb\":{\"@id\":\"https:\/\/www.mma-autoservizi.it\/fr\/location-de-bus-pour-le-jubile-2025\/#breadcrumb\"},\"inLanguage\":\"fr-FR\",\"potentialAction\":[{\"@type\":\"ReadAction\",\"target\":[\"https:\/\/www.mma-autoservizi.it\/fr\/location-de-bus-pour-le-jubile-2025\/\"]}]},{\"@type\":\"BreadcrumbList\",\"@id\":\"https:\/\/www.mma-autoservizi.it\/fr\/location-de-bus-pour-le-jubile-2025\/#breadcrumb\",\"itemListElement\":[{\"@type\":\"ListItem\",\"position\":1,\"name\":\"Home\",\"item\":\"https:\/\/www.mma-autoservizi.it\/fr\/home-mma-autoservizi\/\"},{\"@type\":\"ListItem\",\"position\":2,\"name\":\"Location de bus pour le Jubil\u00e9 2025\"}]},{\"@type\":\"WebSite\",\"@id\":\"https:\/\/www.mma-autoservizi.it\/fr\/#website\",\"url\":\"https:\/\/www.mma-autoservizi.it\/fr\/\",\"name\":\"MMA Autoservizi\",\"description\":\"molto movimento agency\",\"publisher\":{\"@id\":\"https:\/\/www.mma-autoservizi.it\/fr\/#organization\"},\"potentialAction\":[{\"@type\":\"SearchAction\",\"target\":{\"@type\":\"EntryPoint\",\"urlTemplate\":\"https:\/\/www.mma-autoservizi.it\/fr\/?s={search_term_string}\"},\"query-input\":{\"@type\":\"PropertyValueSpecification\",\"valueRequired\":true,\"valueName\":\"search_term_string\"}}],\"inLanguage\":\"fr-FR\"},{\"@type\":\"Organization\",\"@id\":\"https:\/\/www.mma-autoservizi.it\/fr\/#organization\",\"name\":\"MMA Autoservizi\",\"url\":\"https:\/\/www.mma-autoservizi.it\/fr\/\",\"logo\":{\"@type\":\"ImageObject\",\"inLanguage\":\"fr-FR\",\"@id\":\"https:\/\/www.mma-autoservizi.it\/fr\/#\/schema\/logo\/image\/\",\"url\":\"https:\/\/mma-autoservizi.it\/wp-content\/uploads\/revslider\/slide-home\/logo-home-slide-mma-1.png\",\"contentUrl\":\"https:\/\/mma-autoservizi.it\/wp-content\/uploads\/revslider\/slide-home\/logo-home-slide-mma-1.png\",\"width\":854,\"height\":166,\"caption\":\"MMA Autoservizi\"},\"image\":{\"@id\":\"https:\/\/www.mma-autoservizi.it\/fr\/#\/schema\/logo\/image\/\"},\"sameAs\":[\"https:\/\/www.facebook.com\/MmaAutoservizi\/\"]}]}<\/script>\n<!-- \/ Yoast SEO plugin. -->","yoast_head_json":{"title":"Location de bus pour le Jubil\u00e9 2025 : voyagez en toute s\u00e9curit\u00e9 avec MMA Autoservizi","description":"Location de bus Jubil\u00e9 2025 : r\u00e9servez d\u00e8s maintenant votre bus touristique avec MMA Autoservizi. Confort, s\u00e9curit\u00e9 et fiabilit\u00e9.","robots":{"index":"index","follow":"follow","max-snippet":"max-snippet:-1","max-image-preview":"max-image-preview:large","max-video-preview":"max-video-preview:-1"},"canonical":"https:\/\/www.mma-autoservizi.it\/fr\/location-de-bus-pour-le-jubile-2025\/","og_locale":"fr_FR","og_type":"article","og_title":"Location de bus pour le Jubil\u00e9 2025 : voyagez en toute s\u00e9curit\u00e9 avec MMA Autoservizi","og_description":"Location de bus Jubil\u00e9 2025 : r\u00e9servez d\u00e8s maintenant votre bus touristique avec MMA Autoservizi. Confort, s\u00e9curit\u00e9 et fiabilit\u00e9.","og_url":"https:\/\/www.mma-autoservizi.it\/fr\/location-de-bus-pour-le-jubile-2025\/","og_site_name":"MMA Autoservizi","article_publisher":"https:\/\/www.facebook.com\/MmaAutoservizi\/","article_modified_time":"2024-09-24T17:04:44+00:00","twitter_card":"summary_large_image","twitter_misc":{"Dur\u00e9e de lecture estim\u00e9e":"6 minutes"},"schema":{"@context":"https:\/\/schema.org","@graph":[{"@type":"WebPage","@id":"https:\/\/www.mma-autoservizi.it\/fr\/location-de-bus-pour-le-jubile-2025\/","url":"https:\/\/www.mma-autoservizi.it\/fr\/location-de-bus-pour-le-jubile-2025\/","name":"Location de bus pour le Jubil\u00e9 2025 : voyagez en toute s\u00e9curit\u00e9 avec MMA Autoservizi","isPartOf":{"@id":"https:\/\/www.mma-autoservizi.it\/fr\/#website"},"datePublished":"2024-09-24T16:41:16+00:00","dateModified":"2024-09-24T17:04:44+00:00","description":"Location de bus Jubil\u00e9 2025 : r\u00e9servez d\u00e8s maintenant votre bus touristique avec MMA Autoservizi. Confort, s\u00e9curit\u00e9 et fiabilit\u00e9.","breadcrumb":{"@id":"https:\/\/www.mma-autoservizi.it\/fr\/location-de-bus-pour-le-jubile-2025\/#breadcrumb"},"inLanguage":"fr-FR","potentialAction":[{"@type":"ReadAction","target":["https:\/\/www.mma-autoservizi.it\/fr\/location-de-bus-pour-le-jubile-2025\/"]}]},{"@type":"BreadcrumbList","@id":"https:\/\/www.mma-autoservizi.it\/fr\/location-de-bus-pour-le-jubile-2025\/#breadcrumb","itemListElement":[{"@type":"ListItem","position":1,"name":"Home","item":"https:\/\/www.mma-autoservizi.it\/fr\/home-mma-autoservizi\/"},{"@type":"ListItem","position":2,"name":"Location de bus pour le Jubil\u00e9 2025"}]},{"@type":"WebSite","@id":"https:\/\/www.mma-autoservizi.it\/fr\/#website","url":"https:\/\/www.mma-autoservizi.it\/fr\/","name":"MMA Autoservizi","description":"molto movimento agency","publisher":{"@id":"https:\/\/www.mma-autoservizi.it\/fr\/#organization"},"potentialAction":[{"@type":"SearchAction","target":{"@type":"EntryPoint","urlTemplate":"https:\/\/www.mma-autoservizi.it\/fr\/?s={search_term_string}"},"query-input":{"@type":"PropertyValueSpecification","valueRequired":true,"valueName":"search_term_string"}}],"inLanguage":"fr-FR"},{"@type":"Organization","@id":"https:\/\/www.mma-autoservizi.it\/fr\/#organization","name":"MMA Autoservizi","url":"https:\/\/www.mma-autoservizi.it\/fr\/","logo":{"@type":"ImageObject","inLanguage":"fr-FR","@id":"https:\/\/www.mma-autoservizi.it\/fr\/#\/schema\/logo\/image\/","url":"https:\/\/mma-autoservizi.it\/wp-content\/uploads\/revslider\/slide-home\/logo-home-slide-mma-1.png","contentUrl":"https:\/\/mma-autoservizi.it\/wp-content\/uploads\/revslider\/slide-home\/logo-home-slide-mma-1.png","width":854,"height":166,"caption":"MMA Autoservizi"},"image":{"@id":"https:\/\/www.mma-autoservizi.it\/fr\/#\/schema\/logo\/image\/"},"sameAs":["https:\/\/www.facebook.com\/MmaAutoservizi\/"]}]}},"_links":{"self":[{"href":"https:\/\/www.mma-autoservizi.it\/fr\/wp-json\/wp\/v2\/pages\/13349","targetHints":{"allow":["GET"]}}],"collection":[{"href":"https:\/\/www.mma-autoservizi.it\/fr\/wp-json\/wp\/v2\/pages"}],"about":[{"href":"https:\/\/www.mma-autoservizi.it\/fr\/wp-json\/wp\/v2\/types\/page"}],"author":[{"embeddable":true,"href":"https:\/\/www.mma-autoservizi.it\/fr\/wp-json\/wp\/v2\/users\/23"}],"replies":[{"embeddable":true,"href":"https:\/\/www.mma-autoservizi.it\/fr\/wp-json\/wp\/v2\/comments?post=13349"}],"version-history":[{"count":3,"href":"https:\/\/www.mma-autoservizi.it\/fr\/wp-json\/wp\/v2\/pages\/13349\/revisions"}],"predecessor-version":[{"id":13362,"href":"https:\/\/www.mma-autoservizi.it\/fr\/wp-json\/wp\/v2\/pages\/13349\/revisions\/13362"}],"wp:attachment":[{"href":"https:\/\/www.mma-autoservizi.it\/fr\/wp-json\/wp\/v2\/media?parent=13349"}],"curies":[{"name":"wp","href":"https:\/\/api.w.org\/{rel}","templated":true}]}}