{"id":10157,"date":"2022-06-30T18:18:30","date_gmt":"2022-06-30T16:18:30","guid":{"rendered":"https:\/\/www.mma-autoservizi.it\/location-dautobus\/"},"modified":"2022-06-30T19:14:14","modified_gmt":"2022-06-30T17:14:14","slug":"location-dautobus","status":"publish","type":"page","link":"https:\/\/www.mma-autoservizi.it\/fr\/location-dautobus\/","title":{"rendered":"Location d\u2019autobus"},"content":{"rendered":"[vc_section full_width=\u00a0\u00bbstretch_row\u00a0\u00bb parallax=\u00a0\u00bbcontent-moving\u00a0\u00bb el_id=\u00a0\u00bbmain_pg11&Prime; el_class=\u00a0\u00bbbg-fixed\u00a0\u00bb css=\u00a0\u00bb.vc_custom_1652112377923{background-image: url(https:\/\/www.mma-autoservizi.it\/wp-content\/uploads\/2022\/05\/Nolo_autobus.jpg?id=9725) !important;}\u00a0\u00bb][vc_row][vc_column][vc_empty_space height=\u00a0\u00bb600px\u00a0\u00bb][\/vc_column][\/vc_row][\/vc_section][vc_row][vc_column][vc_empty_space height=\u00a0\u00bb50px\u00a0\u00bb][vc_column_text]\n<h1>Location d\u2019autobus \u00e0 Rome<\/h1>\n<h2>Trouver une compagnie de location d\u2019autobus fiable peut \u00eatre d\u00e9courageant et stressant.<\/h2>\n[\/vc_column_text][\/vc_column][\/vc_row][vc_row equal_height=\u00a0\u00bbyes\u00a0\u00bb parallax=\u00a0\u00bbcontent-moving\u00a0\u00bb el_id=\u00a0\u00bbmain_pag50&Prime; css=\u00a0\u00bb.vc_custom_1652086045003{padding-top: 0px !important;padding-bottom: 0px !important;background-color: #ffffff !important;background-position: center;background-repeat: no-repeat !important;background-size: cover !important;}\u00a0\u00bb][vc_column width=\u00a0\u00bb5\/12&Prime; css=\u00a0\u00bb.vc_custom_1652088225749{margin-top: 0px !important;margin-right: 0px !important;margin-bottom: 0px !important;margin-left: 0px !important;padding-top: 0px !important;padding-right: 0px !important;padding-bottom: 0px !important;padding-left: 0px !important;background: #ffffff url(https:\/\/mma-autoservizi.it\/wp-content\/uploads\/2022\/04\/MMA-Gite-Scolastiche.jpg?id=8776) !important;background-position: center !important;background-repeat: no-repeat !important;background-size: cover !important;}\u00a0\u00bb][\/vc_column][vc_column width=\u00a0\u00bb7\/12&Prime; css=\u00a0\u00bb.vc_custom_1648911119615{margin-top: 0px !important;margin-bottom: 0px !important;padding-top: 0px !important;padding-bottom: 0px !important;background-color: #333333 !important;}\u00a0\u00bb][vc_empty_space height=\u00a0\u00bb70px\u00a0\u00bb][vc_column_text css=\u00a0\u00bb.vc_custom_1651589726480{margin-top: 0px !important;margin-bottom: 0px !important;padding-top: 0px !important;padding-bottom: 0px !important;}\u00a0\u00bb]\n<p style=\"color: #fff; line-height: 40px;\">MMA offre une vaste gamme de services de <strong>location d\u2019autobus<\/strong> en grade de satisfaire chacun de vos exigences, de vos n\u00e9cessit\u00e9 et offre <a style=\"color: #19a000;\" href=\"https:\/\/www.mma-autoservizi.it\/fr\/calculer-les-devis-propre-autocar\/\">une large flotte de v\u00e9hicules.<\/a>. <strong>MMA Autoservizi \u00e0 Rome <\/strong> sera heureux de proposer ses services d\u00e8s que vous nous contacterez et de commencer une agr\u00e9able collaboration qui se r\u00e9v\u00e8lera s\u00fbrement avantageuse pour vous.\n<\/p>\n<p><a class=\"button btn-md button-primary\" style=\"background-color: #ff0000;\" href=\"https:\/\/www.mma-autoservizi.it\/fr\/calculer-les-devis-propre-autocar\/\">CALCULEZ VOTRE DEVIS<\/a>[\/vc_column_text][vc_empty_space height=\u00a0\u00bb70px\u00a0\u00bb][\/vc_column][\/vc_row][vc_section full_width=\u00a0\u00bbstretch_row\u00a0\u00bb css=\u00a0\u00bb.vc_custom_1648912248236{background-color: #ffffff !important;}\u00a0\u00bb el_id=\u00a0\u00bbsection2&Prime;][vc_row][vc_column width=\u00a0\u00bb1\/3&Prime;][vc_column_text]\n<h3><a href=\"https:\/\/www.mma-autoservizi.it\/fr\/fetes-et-evenements\/\"><span style=\"color: #19a000;\"><strong>FETES ET EVENEMENTS<\/strong><\/span><\/a><\/h3>\n<p>Pour toute vos exigences de <strong>location de bus pour des f\u00eates et\/ou \u00e9v\u00e9nements<\/strong> \u00e0 Rome, MMA-Autoservizi est la solution id\u00e9ale ! Du transport ex\u00e9cutif en minibus et en autocar, <strong>nous garantissons la tranquillit\u00e9 demand\u00e9e par nos clients<\/strong>.<\/p>\n<p>\n<a href=\"https:\/\/www.mma-autoservizi.it\/fr\/fetes-et-evenements\/\"><em><span style=\"color: #19a000;\">R\u00e9servez d\u00e8s maintenant !<\/span><\/em><\/a>[\/vc_column_text][\/vc_column][vc_column width=\u00a0\u00bb1\/3&Prime;][vc_column_text]\n<h3><a href=\"https:\/\/www.mma-autoservizi.it\/fr\/voyage\/\"><strong><span style=\"color: #19a000;\">VOYAGE<\/span><\/strong><\/a><\/h3>\n<p>Nous offrons des s<strong>ervices de location d\u2019autobus et de minibus pour les excursions<\/strong> scolaires \u00e0 prix comp\u00e9titifs. La <strong>s\u00e9curit\u00e9 est notre priorit\u00e9<\/strong> et nous respectons les standards en vigueur.<br \/>\n<a href=\"https:\/\/www.mma-autoservizi.it\/fr\/voyage\/\"><em><span style=\"color: #19a000;\">R\u00e9servez d\u00e8s maintenant !<\/span><\/em><\/a>[\/vc_column_text][\/vc_column][vc_column width=\u00a0\u00bb1\/3&Prime;][vc_column_text]\n<h3><a href=\"https:\/\/www.mma-autoservizi.it\/fr\/service-navette\/\"><strong><span style=\"color: #19a000;\">SERVICE DE NAVETTE<\/span><\/strong><\/a><\/h3>\n<p>Nous offrons un service de <strong>navette avec chauffeur<\/strong> pour vos d\u00e9placements vers n\u2019importe quelle destination \u00e0 n\u2019importe quel moment et \u00e0 l\u2019endroit que vous d\u00e9sirez.<br \/>\n<a href=\"https:\/\/www.mma-autoservizi.it\/fr\/service-navette\/\"><em><span style=\"color: #19a000;\">R\u00e9servez d\u00e8s maintenant!<\/span><\/em><\/a>[\/vc_column_text][\/vc_column][\/vc_row][vc_row][vc_column width=\u00a0\u00bb1\/3&Prime;][vc_column_text]\n<h3><a href=\"https:\/\/www.mma-autoservizi.it\/fr\/transfert\/\"><strong><span style=\"color: #19a000;\">TRANSFER<\/span><\/strong><\/a><\/h3>\n<p>Cliquez sur notre section pour les <strong>transferts vers l\u2019a\u00e9roport<\/strong> pour toute informations pour vos <strong>d\u00e9placements vers les a\u00e9roports, gares et ports<\/strong> pour garantir un voyage sur, rapide et confortable.<br \/>\n<a href=\"https:\/\/www.mma-autoservizi.it\/fr\/transfert\/\"><em><span style=\"color: #19a000;\">R\u00e9servez d\u00e8s maintenant!<\/span><\/em><\/a>[\/vc_column_text][\/vc_column][vc_column width=\u00a0\u00bb1\/3&Prime;][vc_column_text]\n<h3><a href=\"https:\/\/www.mma-autoservizi.it\/fr\/voyages-organises-en-autocar\/\"><strong><span style=\"color: #19a000;\">VOYAGES ORGANISES<\/span><\/strong><\/a><\/h3>\n<p>Nous mettons \u00e0 votre disposition des <strong>autocar et minibus en location pour tout type de voyage organis\u00e9<\/strong>, d\u2019une simple excursion \u00e0 une visite de plusieurs jours. Les voyages organis\u00e9s en autobus sont l solution id\u00e9ales pour les voyages de groupe.<br \/>\n<a href=\"https:\/\/www.mma-autoservizi.it\/fr\/voyages-organises-en-autocar\/\"><em><span style=\"color: #19a000;\">R\u00e9servez d\u00e8s maintenant!<\/span><\/em><\/a>[\/vc_column_text][\/vc_column][vc_column width=\u00a0\u00bb1\/3&Prime;][vc_column_text]\n<h3><a href=\"https:\/\/www.mma-autoservizi.it\/fr\/fetes-et-evenements\/\"><span style=\"color: #19a000;\"><strong>FOIRES<\/strong><\/span><\/a><\/h3>\n<p>Pour toute vos exigences de <strong>location de bus pour des f\u00eates ou \u00e9v\u00e9nements \u00e0 Rome, MMA-Autoservizi<\/strong> est la solution id\u00e9ale. Du transport ex\u00e9cutif en minibus et aux autocars, nous garantissons la tranquillit\u00e9 demand\u00e9e par nos clients.<br \/>\nVotre satisfaction est notre mission.\n<\/p>\n<p>\n<a href=\"https:\/\/www.mma-autoservizi.it\/fr\/fetes-et-evenements\/\"><em><span style=\"color: #19a000;\">R\u00e9servez d\u00e8s maintenant !<\/span><\/em><\/a>[\/vc_column_text][\/vc_column][\/vc_row][\/vc_section][vc_section full_width=\u00a0\u00bbstretch_row_content\u00a0\u00bb][vc_row parallax=\u00a0\u00bbcontent-moving\u00a0\u00bb parallax_image=\u00a0\u00bb8475&Prime;][vc_column][vc_empty_space height=\u00a0\u00bb500&Prime;][\/vc_column][\/vc_row][\/vc_section][vc_row content_placement=\u00a0\u00bbmiddle\u00a0\u00bb el_id=\u00a0\u00bbmain_pag6&Prime; css=\u00a0\u00bb.vc_custom_1650041325116{margin-top: 0px !important;padding-top: 0px !important;}\u00a0\u00bb][vc_column width=\u00a0\u00bb5\/12&Prime; css=\u00a0\u00bb.vc_custom_1647622633002{margin-right: 0px !important;margin-left: 0px !important;padding-right: 0px !important;padding-left: 0px !important;}\u00a0\u00bb][vc_raw_html css=\u00a0\u00bb.vc_custom_1650386339296{margin-top: 0px !important;margin-right: 0px !important;margin-bottom: 0px !important;margin-left: 0px !important;padding-top: 0px !important;padding-right: 0px !important;padding-bottom: 0px !important;padding-left: 0px !important;}\u00a0\u00bb]PGRpdiBjbGFzcz0iYmFubmVyIGJhbm5lcl9fbW9kIGJnLXByaW1hcnktdmFyaWFudC0xIj4NCiAgICAgICAgICAgICAgICA8ZGl2IGNsYXNzPSJiYW5uZXJfY250Ij4NCiAgICAgICAgICAgICAgICAgIDxoMj5WT1RSRSBTQVRJU0ZBQ1RJT048c3BhbiBjbGFzcz0ibm9ybWFsIGQtaW5saW5lLWJsb2NrIj4gIEVTVCBOT1RSRSBQUklPUklURTwvc3Bhbj48L2gyPg0KPGg1IHN0eWxlPWNvbG9yOiNmZmY7Zm9udC1zaXplOjI0cHg7Ij4jZm9sbG93bW1hPC9oNT4NCjxoNSBzdHlsZT1jb2xvcjojZmZmO2ZvbnQtc2l6ZToyNHB4OyI+I3dlYXJlbW1hPC9oNT4NCiAgICAgICAgICAgICAgICA8L2Rpdj4NCiAgICAgICAgICAgICAgPC9kaXY+DQo=[\/vc_raw_html][\/vc_column][vc_column width=\u00a0\u00bb7\/12&Prime;][vc_column_text]\n<p style=\"font-size: 30px; line-height: 50px;\">Nous exer\u00e7ons depuis plus de vingt ans en tant qu\u2019entreprise et avec des <strong>conducteurs exp\u00e9riment\u00e9s<\/strong>, vous offrant un <strong>transport s\u00fbr et sain<\/strong> pour tout type de voyages. Que vous soyez en visite Italie depuis l\u2019\u00e9tranger ou que vous avez besoin de transport \u00e0 l\u2019int\u00e9rieur du pays nous pouvons vous aider.<\/p>\n[\/vc_column_text][\/vc_column][\/vc_row][vc_section full_width=\u00a0\u00bbstretch_row\u00a0\u00bb css=\u00a0\u00bb.vc_custom_1652201080237{margin-top: 0px !important;padding-top: 0px !important;background-color: #ffffff !important;}\u00a0\u00bb][vc_row full_width=\u00a0\u00bbstretch_row_content_no_spaces\u00a0\u00bb equal_height=\u00a0\u00bbyes\u00a0\u00bb css=\u00a0\u00bb.vc_custom_1647618815631{background-color: rgba(255,255,255,0.01) !important;background-position: center !important;background-repeat: no-repeat !important;background-size: cover !important;*background-color: rgb(255,255,255) !important;}\u00a0\u00bb][vc_column width=\u00a0\u00bb5\/12&Prime; css=\u00a0\u00bb.vc_custom_1647624037392{margin-top: 0px !important;margin-right: 0px !important;margin-bottom: 0px !important;margin-left: 0px !important;padding-top: 0px !important;padding-right: 0px !important;padding-bottom: 0px !important;padding-left: 0px !important;}\u00a0\u00bb][\/vc_column][vc_column width=\u00a0\u00bb7\/12&Prime; el_class=\u00a0\u00bb.image-wrap-3 .inset-1&Prime; css=\u00a0\u00bb.vc_custom_1647624046867{margin-top: 0px !important;margin-bottom: 0px !important;margin-left: 0px !important;padding-top: 0px !important;padding-bottom: 0px !important;padding-left: 0px !important;}\u00a0\u00bb][vc_raw_html css=\u00a0\u00bb.vc_custom_1655134940642{margin-top: 0px !important;margin-bottom: 0px !important;margin-left: 0px !important;padding-top: 0px !important;padding-bottom: 0px !important;padding-left: 0px !important;}\u00a0\u00bb]PGRpdiBjbGFzcz0icmVzcG1hYyI+PGltZyBzcmM9Imh0dHBzOi8vd3d3Lm1tYS1hdXRvc2Vydml6aS5pdC93cC1jb250ZW50L3VwbG9hZHMvMjAyMi8wMy8yNzU2MTAwMThfMTk4MjMzODc1MTk1ODkyN18yNDIxOTIxNzgzMDE4MDgwNjI3X24tZTE2NDc4ODExODYyMTQuanBlZyIgYWx0PSIiPjwvZGl2Pg0KDQo8ZGl2IGNsYXNzPSJiYW5uZXIgYmFubmVyX19tb2QgYmFubmVyX19tb2QtMiBiZy1jb250cmFzdC12YXJpYW50LTIgYmctY29udHJhc3QtdmFyaWFudC0yX19hZnRlciI+DQogICAgICAgICAgICAgICAgPGRpdiBjbGFzcz0iYmFubmVyX2NudCI+DQogICAgICAgICAgICAgICAgICA8aDM+Q0hPSVNTSVNFWiBMQSBERVNUSU5BVElPTiA8L2gzPg0KICAgICAgICAgICAgICAgICAgPHA+IE5vdHJlIMOpcXVpcGUgZXN0IMOgIHZvdHJlIGRpc3Bvc2l0aW9uIGF2ZWMgdW4gc2VydmljZSBjb3JkaWFsIGV0IHByb2Zlc3Npb25uZWwuIE5vdXMgYXZvbnMgZGVzIGFubsOpZXMgZOKAmWV4cMOpcmllbmNlLCBjb27Dp3UgcG91ciBhcHBvcnRlciB1bmUgb2ZmcmUgw6Agbm9zIGNsaWVudHMsIG5vcyB2w6loaWN1bGVzIHNvbnQgYWRhcHTDqXMgw6AgdG91dGUgdm9zIGV4aWdlbmNlcy4gDQogICAgICAgICAgICAgICAgICA8L3A+DQo8YSBjbGFzcz0iYnV0dG9uIGJ0bi1tZCBwdWxzZmxvdHRhIiBocmVmPSJodHRwczovL3d3dy5tbWEtYXV0b3NlcnZpemkuaXQvZnIvY2FsY3VsZXItbGVzLWRldmlzLXByb3ByZS1hdXRvY2FyLyI+Q0FMQ1VMRVogVk9UUkUgREVWSVM8c3BhbiBjbGFzcz0iaW5zaWRlciI+PC9zcGFuPjwvYT48YnI+DQo8c3BhbiBzdHlsZT0iZm9udC1zaXplOjIwcHg7Ij4gUkVTRVJWRVogVk9UUkUgQlVTIE1BSU5URU5BTlQhPC9zcGFuPjxicj4NCiAgICAgICAgICAgICAgICA8L2Rpdj4NCiAgICAgICAgICAgICAgPC9kaXY+[\/vc_raw_html][\/vc_column][\/vc_row][vc_row][vc_column width=\u00a0\u00bb1\/3&Prime;][vc_column_text]\n<h3><span style=\"color: #19a000;\"><strong>ASSISTANCE 24H\/24<\/strong><\/span><\/h3>\n<p><strong>Assistance 24 H\/24 7 jours sur 7<\/strong>. R\u00e9servez un v\u00e9hicule de notre flotte et contactez-nous sans engagement, pour nous demander un devis personnalis\u00e9, notre \u00e9quipe saura vous conseiller au mieux pour vos n\u00e9cessit\u00e9 avec professionnalit\u00e9 et comp\u00e9tence.[\/vc_column_text][\/vc_column][vc_column width=\u00a0\u00bb1\/3&Prime;][vc_column_text]\n<h3><strong><span style=\"color: #19a000;\">AMPLE FLOTTE<\/span><\/strong><\/h3>\n<p>Nous disposons d\u2019<strong>une flotte d\u2019autobus et minibus de classe EURO 6<\/strong>, compos\u00e9 de plus de 30 unit\u00e9s, de diverses dimensions avec des graphiques identiques, pour \u00eatre facilement identifiable par les clients effectuant des services de congr\u00e8s.[\/vc_column_text][\/vc_column][vc_column width=\u00a0\u00bb1\/3&Prime;][vc_column_text]\n<h3><strong><span style=\"color: #19a000;\">BUREAU POLYGLOTTE<\/span><\/strong><\/h3>\n<p>M\u00eame si l\u2019entreprise est r\u00e9cente nous sommes \u00e0 Rome un point de rep\u00e8re dans le secteur pour la qualit\u00e9 car nous disposons de car de derni\u00e8re g\u00e9n\u00e9ration, <strong>chauffeur professionnel et d\u2019un bureau op\u00e9ratif polyglotte (anglais, fran\u00e7ais, espagnol, arabe) joignable 24h\/24 et 7j\/7.<\/strong>[\/vc_column_text][\/vc_column][\/vc_row][\/vc_section]\n","protected":false},"excerpt":{"rendered":"<p>[vc_section full_width=\u00a0\u00bbstretch_row\u00a0\u00bb parallax=\u00a0\u00bbcontent-moving\u00a0\u00bb el_id=\u00a0\u00bbmain_pg11&Prime; el_class=\u00a0\u00bbbg-fixed\u00a0\u00bb css=\u00a0\u00bb.vc_custom_1652112377923{background-image: url(https:\/\/www.mma-autoservizi.it\/wp-content\/uploads\/2022\/05\/Nolo_autobus.jpg?id=9725) !important;}\u00a0\u00bb][vc_row][vc_column][vc_empty_space height=\u00a0\u00bb600px\u00a0\u00bb][\/vc_column][\/vc_row][\/vc_section][vc_row][vc_column][vc_empty_space height=\u00a0\u00bb50px\u00a0\u00bb][vc_column_text] Location d\u2019autobus \u00e0 Rome Trouver une compagnie de location d\u2019autobus fiable peut \u00eatre d\u00e9courageant et stressant. [\/vc_column_text][\/vc_column][\/vc_row][vc_row equal_height=\u00a0\u00bbyes\u00a0\u00bb parallax=\u00a0\u00bbcontent-moving\u00a0\u00bb el_id=\u00a0\u00bbmain_pag50&Prime; css=\u00a0\u00bb.vc_custom_1652086045003{padding-top: 0px !important;padding-bottom: 0px !important;background-color: #ffffff !important;background-position: center;background-repeat: no-repeat !important;background-size: cover !important;}\u00a0\u00bb][vc_column width=\u00a0\u00bb5\/12&Prime; css=\u00a0\u00bb.vc_custom_1652088225749{margin-top: 0px !important;margin-right: 0px !important;margin-bottom: 0px !important;margin-left: 0px !important;padding-top: 0px !important;padding-right: 0px [&hellip;]<\/p>\n","protected":false},"author":21,"featured_media":0,"parent":0,"menu_order":0,"comment_status":"closed","ping_status":"closed","template":"","meta":{"site-sidebar-layout":"no-sidebar","site-content-layout":"plain-container","ast-site-content-layout":"","site-content-style":"default","site-sidebar-style":"default","ast-global-header-display":"","ast-banner-title-visibility":"","ast-main-header-display":"","ast-hfb-above-header-display":"","ast-hfb-below-header-display":"","ast-hfb-mobile-header-display":"","site-post-title":"disabled","ast-breadcrumbs-content":"","ast-featured-img":"disabled","footer-sml-layout":"","theme-transparent-header-meta":"default","adv-header-id-meta":"","stick-header-meta":"","header-above-stick-meta":"","header-main-stick-meta":"","header-below-stick-meta":"","astra-migrate-meta-layouts":"default","ast-page-background-enabled":"default","ast-page-background-meta":{"desktop":{"background-color":"var(--ast-global-color-4)","background-image":"","background-repeat":"repeat","background-position":"center center","background-size":"auto","background-attachment":"scroll","background-type":"","background-media":"","overlay-type":"","overlay-color":"","overlay-opacity":"","overlay-gradient":""},"tablet":{"background-color":"","background-image":"","background-repeat":"repeat","background-position":"center center","background-size":"auto","background-attachment":"scroll","background-type":"","background-media":"","overlay-type":"","overlay-color":"","overlay-opacity":"","overlay-gradient":""},"mobile":{"background-color":"","background-image":"","background-repeat":"repeat","background-position":"center center","background-size":"auto","background-attachment":"scroll","background-type":"","background-media":"","overlay-type":"","overlay-color":"","overlay-opacity":"","overlay-gradient":""}},"ast-content-background-meta":{"desktop":{"background-color":"var(--ast-global-color-5)","background-image":"","background-repeat":"repeat","background-position":"center center","background-size":"auto","background-attachment":"scroll","background-type":"","background-media":"","overlay-type":"","overlay-color":"","overlay-opacity":"","overlay-gradient":""},"tablet":{"background-color":"var(--ast-global-color-5)","background-image":"","background-repeat":"repeat","background-position":"center center","background-size":"auto","background-attachment":"scroll","background-type":"","background-media":"","overlay-type":"","overlay-color":"","overlay-opacity":"","overlay-gradient":""},"mobile":{"background-color":"var(--ast-global-color-5)","background-image":"","background-repeat":"repeat","background-position":"center center","background-size":"auto","background-attachment":"scroll","background-type":"","background-media":"","overlay-type":"","overlay-color":"","overlay-opacity":"","overlay-gradient":""}},"ngg_post_thumbnail":0,"footnotes":""},"class_list":["post-10157","page","type-page","status-publish","hentry"],"yoast_head":"<!-- This site is optimized with the Yoast SEO plugin v26.3 - https:\/\/yoast.com\/wordpress\/plugins\/seo\/ -->\n<title>Location de bus MMA Autoservizi. Location de bus avec chauffeur<\/title>\n<meta name=\"description\" content=\"Location d&#039;autobus et de minibus avec chauffeur, un service complet et fiable pour tout voyage en Italie et \u00e0 l&#039;\u00e9tranger.\" \/>\n<meta name=\"robots\" content=\"index, follow, max-snippet:-1, max-image-preview:large, max-video-preview:-1\" \/>\n<link rel=\"canonical\" href=\"https:\/\/www.mma-autoservizi.it\/fr\/location-dautobus\/\" \/>\n<meta property=\"og:locale\" content=\"fr_FR\" \/>\n<meta property=\"og:type\" content=\"article\" \/>\n<meta property=\"og:title\" content=\"Location de bus MMA Autoservizi. Location de bus avec chauffeur\" \/>\n<meta property=\"og:description\" content=\"Location d&#039;autobus et de minibus avec chauffeur, un service complet et fiable pour tout voyage en Italie et \u00e0 l&#039;\u00e9tranger.\" \/>\n<meta property=\"og:url\" content=\"https:\/\/www.mma-autoservizi.it\/fr\/location-dautobus\/\" \/>\n<meta property=\"og:site_name\" content=\"MMA Autoservizi\" \/>\n<meta property=\"article:publisher\" content=\"https:\/\/www.facebook.com\/MmaAutoservizi\/\" \/>\n<meta property=\"article:modified_time\" content=\"2022-06-30T17:14:14+00:00\" \/>\n<meta name=\"twitter:card\" content=\"summary_large_image\" \/>\n<meta name=\"twitter:label1\" content=\"Dur\u00e9e de lecture estim\u00e9e\" \/>\n\t<meta name=\"twitter:data1\" content=\"7 minutes\" \/>\n<script type=\"application\/ld+json\" class=\"yoast-schema-graph\">{\"@context\":\"https:\/\/schema.org\",\"@graph\":[{\"@type\":\"WebPage\",\"@id\":\"https:\/\/www.mma-autoservizi.it\/fr\/location-dautobus\/\",\"url\":\"https:\/\/www.mma-autoservizi.it\/fr\/location-dautobus\/\",\"name\":\"Location de bus MMA Autoservizi. Location de bus avec chauffeur\",\"isPartOf\":{\"@id\":\"https:\/\/www.mma-autoservizi.it\/fr\/#website\"},\"datePublished\":\"2022-06-30T16:18:30+00:00\",\"dateModified\":\"2022-06-30T17:14:14+00:00\",\"description\":\"Location d'autobus et de minibus avec chauffeur, un service complet et fiable pour tout voyage en Italie et \u00e0 l'\u00e9tranger.\",\"breadcrumb\":{\"@id\":\"https:\/\/www.mma-autoservizi.it\/fr\/location-dautobus\/#breadcrumb\"},\"inLanguage\":\"fr-FR\",\"potentialAction\":[{\"@type\":\"ReadAction\",\"target\":[\"https:\/\/www.mma-autoservizi.it\/fr\/location-dautobus\/\"]}]},{\"@type\":\"BreadcrumbList\",\"@id\":\"https:\/\/www.mma-autoservizi.it\/fr\/location-dautobus\/#breadcrumb\",\"itemListElement\":[{\"@type\":\"ListItem\",\"position\":1,\"name\":\"Home\",\"item\":\"https:\/\/www.mma-autoservizi.it\/fr\/home-mma-autoservizi\/\"},{\"@type\":\"ListItem\",\"position\":2,\"name\":\"Location d\u2019autobus\"}]},{\"@type\":\"WebSite\",\"@id\":\"https:\/\/www.mma-autoservizi.it\/fr\/#website\",\"url\":\"https:\/\/www.mma-autoservizi.it\/fr\/\",\"name\":\"MMA Autoservizi\",\"description\":\"molto movimento agency\",\"publisher\":{\"@id\":\"https:\/\/www.mma-autoservizi.it\/fr\/#organization\"},\"potentialAction\":[{\"@type\":\"SearchAction\",\"target\":{\"@type\":\"EntryPoint\",\"urlTemplate\":\"https:\/\/www.mma-autoservizi.it\/fr\/?s={search_term_string}\"},\"query-input\":{\"@type\":\"PropertyValueSpecification\",\"valueRequired\":true,\"valueName\":\"search_term_string\"}}],\"inLanguage\":\"fr-FR\"},{\"@type\":\"Organization\",\"@id\":\"https:\/\/www.mma-autoservizi.it\/fr\/#organization\",\"name\":\"MMA Autoservizi\",\"url\":\"https:\/\/www.mma-autoservizi.it\/fr\/\",\"logo\":{\"@type\":\"ImageObject\",\"inLanguage\":\"fr-FR\",\"@id\":\"https:\/\/www.mma-autoservizi.it\/fr\/#\/schema\/logo\/image\/\",\"url\":\"https:\/\/mma-autoservizi.it\/wp-content\/uploads\/revslider\/slide-home\/logo-home-slide-mma-1.png\",\"contentUrl\":\"https:\/\/mma-autoservizi.it\/wp-content\/uploads\/revslider\/slide-home\/logo-home-slide-mma-1.png\",\"width\":854,\"height\":166,\"caption\":\"MMA Autoservizi\"},\"image\":{\"@id\":\"https:\/\/www.mma-autoservizi.it\/fr\/#\/schema\/logo\/image\/\"},\"sameAs\":[\"https:\/\/www.facebook.com\/MmaAutoservizi\/\"]}]}<\/script>\n<!-- \/ Yoast SEO plugin. -->","yoast_head_json":{"title":"Location de bus MMA Autoservizi. Location de bus avec chauffeur","description":"Location d'autobus et de minibus avec chauffeur, un service complet et fiable pour tout voyage en Italie et \u00e0 l'\u00e9tranger.","robots":{"index":"index","follow":"follow","max-snippet":"max-snippet:-1","max-image-preview":"max-image-preview:large","max-video-preview":"max-video-preview:-1"},"canonical":"https:\/\/www.mma-autoservizi.it\/fr\/location-dautobus\/","og_locale":"fr_FR","og_type":"article","og_title":"Location de bus MMA Autoservizi. Location de bus avec chauffeur","og_description":"Location d'autobus et de minibus avec chauffeur, un service complet et fiable pour tout voyage en Italie et \u00e0 l'\u00e9tranger.","og_url":"https:\/\/www.mma-autoservizi.it\/fr\/location-dautobus\/","og_site_name":"MMA Autoservizi","article_publisher":"https:\/\/www.facebook.com\/MmaAutoservizi\/","article_modified_time":"2022-06-30T17:14:14+00:00","twitter_card":"summary_large_image","twitter_misc":{"Dur\u00e9e de lecture estim\u00e9e":"7 minutes"},"schema":{"@context":"https:\/\/schema.org","@graph":[{"@type":"WebPage","@id":"https:\/\/www.mma-autoservizi.it\/fr\/location-dautobus\/","url":"https:\/\/www.mma-autoservizi.it\/fr\/location-dautobus\/","name":"Location de bus MMA Autoservizi. Location de bus avec chauffeur","isPartOf":{"@id":"https:\/\/www.mma-autoservizi.it\/fr\/#website"},"datePublished":"2022-06-30T16:18:30+00:00","dateModified":"2022-06-30T17:14:14+00:00","description":"Location d'autobus et de minibus avec chauffeur, un service complet et fiable pour tout voyage en Italie et \u00e0 l'\u00e9tranger.","breadcrumb":{"@id":"https:\/\/www.mma-autoservizi.it\/fr\/location-dautobus\/#breadcrumb"},"inLanguage":"fr-FR","potentialAction":[{"@type":"ReadAction","target":["https:\/\/www.mma-autoservizi.it\/fr\/location-dautobus\/"]}]},{"@type":"BreadcrumbList","@id":"https:\/\/www.mma-autoservizi.it\/fr\/location-dautobus\/#breadcrumb","itemListElement":[{"@type":"ListItem","position":1,"name":"Home","item":"https:\/\/www.mma-autoservizi.it\/fr\/home-mma-autoservizi\/"},{"@type":"ListItem","position":2,"name":"Location d\u2019autobus"}]},{"@type":"WebSite","@id":"https:\/\/www.mma-autoservizi.it\/fr\/#website","url":"https:\/\/www.mma-autoservizi.it\/fr\/","name":"MMA Autoservizi","description":"molto movimento agency","publisher":{"@id":"https:\/\/www.mma-autoservizi.it\/fr\/#organization"},"potentialAction":[{"@type":"SearchAction","target":{"@type":"EntryPoint","urlTemplate":"https:\/\/www.mma-autoservizi.it\/fr\/?s={search_term_string}"},"query-input":{"@type":"PropertyValueSpecification","valueRequired":true,"valueName":"search_term_string"}}],"inLanguage":"fr-FR"},{"@type":"Organization","@id":"https:\/\/www.mma-autoservizi.it\/fr\/#organization","name":"MMA Autoservizi","url":"https:\/\/www.mma-autoservizi.it\/fr\/","logo":{"@type":"ImageObject","inLanguage":"fr-FR","@id":"https:\/\/www.mma-autoservizi.it\/fr\/#\/schema\/logo\/image\/","url":"https:\/\/mma-autoservizi.it\/wp-content\/uploads\/revslider\/slide-home\/logo-home-slide-mma-1.png","contentUrl":"https:\/\/mma-autoservizi.it\/wp-content\/uploads\/revslider\/slide-home\/logo-home-slide-mma-1.png","width":854,"height":166,"caption":"MMA Autoservizi"},"image":{"@id":"https:\/\/www.mma-autoservizi.it\/fr\/#\/schema\/logo\/image\/"},"sameAs":["https:\/\/www.facebook.com\/MmaAutoservizi\/"]}]}},"_links":{"self":[{"href":"https:\/\/www.mma-autoservizi.it\/fr\/wp-json\/wp\/v2\/pages\/10157","targetHints":{"allow":["GET"]}}],"collection":[{"href":"https:\/\/www.mma-autoservizi.it\/fr\/wp-json\/wp\/v2\/pages"}],"about":[{"href":"https:\/\/www.mma-autoservizi.it\/fr\/wp-json\/wp\/v2\/types\/page"}],"author":[{"embeddable":true,"href":"https:\/\/www.mma-autoservizi.it\/fr\/wp-json\/wp\/v2\/users\/21"}],"replies":[{"embeddable":true,"href":"https:\/\/www.mma-autoservizi.it\/fr\/wp-json\/wp\/v2\/comments?post=10157"}],"version-history":[{"count":8,"href":"https:\/\/www.mma-autoservizi.it\/fr\/wp-json\/wp\/v2\/pages\/10157\/revisions"}],"predecessor-version":[{"id":10191,"href":"https:\/\/www.mma-autoservizi.it\/fr\/wp-json\/wp\/v2\/pages\/10157\/revisions\/10191"}],"wp:attachment":[{"href":"https:\/\/www.mma-autoservizi.it\/fr\/wp-json\/wp\/v2\/media?parent=10157"}],"curies":[{"name":"wp","href":"https:\/\/api.w.org\/{rel}","templated":true}]}}