{"id":10138,"date":"2022-06-30T13:39:03","date_gmt":"2022-06-30T11:39:03","guid":{"rendered":"https:\/\/www.mma-autoservizi.it\/fetes-et-evenements\/"},"modified":"2022-06-30T19:13:34","modified_gmt":"2022-06-30T17:13:34","slug":"fetes-et-evenements","status":"publish","type":"page","link":"https:\/\/www.mma-autoservizi.it\/fr\/fetes-et-evenements\/","title":{"rendered":"F\u00eates et \u00e9v\u00e9nements"},"content":{"rendered":"[vc_row full_width=\u00a0\u00bbstretch_row_content_no_spaces\u00a0\u00bb parallax=\u00a0\u00bbcontent-moving\u00a0\u00bb parallax_image=\u00a0\u00bb9058&Prime; css=\u00a0\u00bb.vc_custom_1651140323650{padding-top: 250px !important;padding-bottom: 250px !important;}\u00a0\u00bb][vc_column][vc_empty_space height=\u00a0\u00bb300px\u00a0\u00bb][\/vc_column][\/vc_row][vc_row][vc_column][vc_column_text]\n<h1>Bus pour f\u00eates et \u00e9v\u00e9nement \u00e0 Rome<\/h1>\n[\/vc_column_text][vc_separator][\/vc_column][\/vc_row][vc_row equal_height=\u00a0\u00bbyes\u00a0\u00bb parallax=\u00a0\u00bbcontent-moving\u00a0\u00bb el_id=\u00a0\u00bbmain_pag50&Prime; css=\u00a0\u00bb.vc_custom_1652089011431{padding-top: 0px !important;padding-bottom: 0px !important;background-color: #ffffff !important;background-position: center;background-repeat: no-repeat !important;background-size: cover !important;}\u00a0\u00bb][vc_column width=\u00a0\u00bb1\/2&Prime; css=\u00a0\u00bb.vc_custom_1650380867939{margin-top: 0px !important;margin-right: 0px !important;margin-bottom: 0px !important;margin-left: 0px !important;padding-top: 0px !important;padding-right: 0px !important;padding-bottom: 0px !important;padding-left: 0px !important;background: #ffffff url(https:\/\/mma-autoservizi.it\/wp-content\/uploads\/2022\/04\/affitto-bus-con-conducente-per-feste-ed-eventi.png?id=8698) !important;background-position: center !important;background-repeat: no-repeat !important;background-size: cover !important;}\u00a0\u00bb][\/vc_column][vc_column width=\u00a0\u00bb1\/2&Prime; css=\u00a0\u00bb.vc_custom_1648911119615{margin-top: 0px !important;margin-bottom: 0px !important;padding-top: 0px !important;padding-bottom: 0px !important;background-color: #333333 !important;}\u00a0\u00bb][vc_empty_space height=\u00a0\u00bb70px\u00a0\u00bb][vc_column_text css=\u00a0\u00bb.vc_custom_1650380976740{margin-top: 0px !important;margin-bottom: 0px !important;padding-top: 0px !important;padding-bottom: 0px !important;}\u00a0\u00bb]\n<p style=\"color: #fff;\"><strong>L\u2019organisation de grands \u00e9v\u00e9nements<\/strong>, qu\u2019ils soient professionnels ou priv\u00e9s, implique de nombreuses ressources. Cela peut \u00eatre difficile de <strong>louer un autobus<\/strong> pour amener tout le monde o\u00f9 vous le souhaitez. Nous esp\u00e9rons que vous trouverez l\u2018entreprise ad\u00e9quate pour vous aider dans cette organisation.<\/p>\n<p style=\"color: #fff;\">Et c\u2019est l\u00e0 que nous intervenons ! <strong>Des bus pour des \u00e9v\u00e8nements d\u2019ordre pro et des f\u00eates \u00e0 Rome<\/strong> vous aideront \u00e0 fournir l\u2019ingr\u00e9dient cl\u00e9 du succ\u00e8s \u2013 le transport. <\/p>\n<p style=\"color: #fff;\">Votre consultant personnalis\u00e9 sera \u00e0 vos c\u00f4t\u00e9s pour trouver une solution sur mesure en fonction de vos exigences et vous donnera toutes les indications n\u00e9cessaires pour louer un bus. Vous pourrez choisir le meilleur de notre flotte. Nous vous souhaitons beaucoup de succ\u00e8s lors de cet \u00e9v\u00e9nement !<\/p>\n[\/vc_column_text][vc_empty_space height=\u00a0\u00bb70px\u00a0\u00bb][\/vc_column][\/vc_row][vc_row][vc_column][vc_column_text]\n<p style=\"font-size: 30px; line-height: 40px;\"><strong>Confort \u00e0 bord, efficacit\u00e9, ponctualit\u00e9, \u00eatre joignable et en s\u00e9curit\u00e9<\/strong> sont les caract\u00e9ristiques qui nus d\u00e9marquent mais aussi l\u2019instrument pour obtenir notre objectif principal : la satisfaction de nos passagers.<\/p>\n[\/vc_column_text][\/vc_column][\/vc_row][vc_section full_width=\u00a0\u00bbstretch_row\u00a0\u00bb css=\u00a0\u00bb.vc_custom_1648912248236{background-color: #ffffff !important;}\u00a0\u00bb][vc_row full_width=\u00a0\u00bbstretch_row_content_no_spaces\u00a0\u00bb equal_height=\u00a0\u00bbyes\u00a0\u00bb css=\u00a0\u00bb.vc_custom_1647618815631{background-color: rgba(255,255,255,0.01) !important;background-position: center !important;background-repeat: no-repeat !important;background-size: cover !important;*background-color: rgb(255,255,255) !important;}\u00a0\u00bb][vc_column width=\u00a0\u00bb5\/12&Prime; css=\u00a0\u00bb.vc_custom_1647624037392{margin-top: 0px !important;margin-right: 0px !important;margin-bottom: 0px !important;margin-left: 0px !important;padding-top: 0px !important;padding-right: 0px !important;padding-bottom: 0px !important;padding-left: 0px !important;}\u00a0\u00bb][\/vc_column][vc_column width=\u00a0\u00bb7\/12&Prime; el_class=\u00a0\u00bb.image-wrap-3 .inset-1&Prime; css=\u00a0\u00bb.vc_custom_1647624046867{margin-top: 0px !important;margin-bottom: 0px !important;margin-left: 0px !important;padding-top: 0px !important;padding-bottom: 0px !important;padding-left: 0px !important;}\u00a0\u00bb][vc_raw_html css=\u00a0\u00bb.vc_custom_1652023158363{margin-top: 0px !important;margin-bottom: 0px !important;margin-left: 0px !important;padding-top: 0px !important;padding-bottom: 0px !important;padding-left: 0px !important;}\u00a0\u00bb]PGRpdiBjbGFzcz0icmVzcG1hYyI+PGltZyBzcmM9Imh0dHBzOi8vd3d3Lm1tYS1hdXRvc2Vydml6aS5pdC93cC1jb250ZW50L3VwbG9hZHMvMjAyMi8wNC9CVVMtUEVSLUZFU1RFLUEtUk9NQS5qcGciIGFsdD0iIj48L2Rpdj4NCg0KPGRpdiBjbGFzcz0iYmFubmVyIGJhbm5lcl9fbW9kIGJhbm5lcl9fbW9kLTIgYmctY29udHJhc3QtdmFyaWFudC0yIGJnLWNvbnRyYXN0LXZhcmlhbnQtMl9fYWZ0ZXIiPg0KICAgICAgICAgICAgICAgIDxkaXYgY2xhc3M9ImJhbm5lcl9jbnQiPg0KICAgICAgICAgICAgICAgICAgPGgzPlJFTkRFWiBWT1VTIEEgVU5FIEZFVEUgU0FOUyBUUkFDQVM8L2gzPg0KICAgICAgICAgICAgICAgICAgPHA+IE5vdHJlIMOpcXVpcGUgZXN0IMOgIHZvdHJlIGRpc3Bvc2l0aW9uIGF2ZWMgdW4gc2VydmljZSBjb3JkaWFsIGV0IHByb2Zlc3Npb25uZWwuIE5vdXMgYXZvbnMgZGVzIGFubsOpZXMgZOKAmWV4cMOpcmllbmNlLCBjb27Dp3UgcG91ciBhcHBvcnRlciB1bmUgb2ZmcmUgw6Agbm9zIGNsaWVudHMsIG5vcyB2w6loaWN1bGVzIHNvbnQgYWRhcHTDqXMgw6AgdG91dGUgdm9zIGV4aWdlbmNlcy4gDQogICAgICAgICAgICAgICAgICA8L3A+DQo8YSBjbGFzcz0iYnV0dG9uIGJ0bi1tZCBwdWxzZmxvdHRhIiBocmVmPSJodHRwczovL3d3dy5tbWEtYXV0b3NlcnZpemkuaXQvZnIvY2FsY3VsZXItbGVzLWRldmlzLXByb3ByZS1hdXRvY2FyLyI+Q0FMQ1VMRVogVk9UUkUgREVWSVM8c3BhbiBjbGFzcz0iaW5zaWRlciI+PC9zcGFuPjwvYT48YnI+DQo8c3BhbiBzdHlsZT0iZm9udC1zaXplOjIwcHg7Ij4gUkVTRVJWRVogVk9UUkUgQlVTIE1BSU5URU5BTlQgITwvc3Bhbj48YnI+DQogICAgICAgICAgICAgICAgPC9kaXY+DQogICAgICAgICAgICAgIDwvZGl2Pg==[\/vc_raw_html][\/vc_column][\/vc_row][vc_row][vc_column width=\u00a0\u00bb1\/3&Prime;][vc_column_text]\n<h3><span style=\"color: #19a000;\"><strong>ASSISTANCE 24H\/24<\/strong><\/span><\/h3>\n<p><strong>Assistance 24 H\/24 7 jours sur 7<\/strong>. R\u00e9servez un v\u00e9hicule de notre flotte et contactez-nous sans engagement, pour nous demander un devis personnalis\u00e9, notre \u00e9quipe saura vous conseiller au mieux pour vos n\u00e9cessit\u00e9 avec professionnalit\u00e9 et comp\u00e9tence.[\/vc_column_text][\/vc_column][vc_column width=\u00a0\u00bb1\/3&Prime;][vc_column_text]\n<h3><strong><span style=\"color: #19a000;\">AMPLE FLOTTE<\/span><\/strong><\/h3>\n<p>Nous disposons d\u2019<strong>une flotte d\u2019autobus et minibus de classe EURO 6<\/strong>, compos\u00e9 de plus de 30 unit\u00e9s, de diverses dimensions avec des graphiques identiques, pour \u00eatre facilement identifiable par les clients effectuant des services de congr\u00e8s.[\/vc_column_text][\/vc_column][vc_column width=\u00a0\u00bb1\/3&Prime;][vc_column_text]\n<h3><strong><span style=\"color: #19a000;\">BUREAU POLYGLOTTE<\/span><\/strong><\/h3>\n<p>M\u00eame si l\u2019entreprise est r\u00e9cente nous sommes \u00e0 Rome un point de rep\u00e8re dans le secteur pour la qualit\u00e9 car nous disposons de car de derni\u00e8re g\u00e9n\u00e9ration, <strong>chauffeur professionnel et d\u2019un bureau op\u00e9ratif polyglotte (anglais, fran\u00e7ais, espagnol, arabe) joignable 24h\/24 et 7j\/7.<\/strong>[\/vc_column_text][\/vc_column][\/vc_row][\/vc_section]\n","protected":false},"excerpt":{"rendered":"<p>[vc_row full_width=\u00a0\u00bbstretch_row_content_no_spaces\u00a0\u00bb parallax=\u00a0\u00bbcontent-moving\u00a0\u00bb parallax_image=\u00a0\u00bb9058&Prime; css=\u00a0\u00bb.vc_custom_1651140323650{padding-top: 250px !important;padding-bottom: 250px !important;}\u00a0\u00bb][vc_column][vc_empty_space height=\u00a0\u00bb300px\u00a0\u00bb][\/vc_column][\/vc_row][vc_row][vc_column][vc_column_text] Bus pour f\u00eates et \u00e9v\u00e9nement \u00e0 Rome [\/vc_column_text][vc_separator][\/vc_column][\/vc_row][vc_row equal_height=\u00a0\u00bbyes\u00a0\u00bb parallax=\u00a0\u00bbcontent-moving\u00a0\u00bb el_id=\u00a0\u00bbmain_pag50&Prime; css=\u00a0\u00bb.vc_custom_1652089011431{padding-top: 0px !important;padding-bottom: 0px !important;background-color: #ffffff !important;background-position: center;background-repeat: no-repeat !important;background-size: cover !important;}\u00a0\u00bb][vc_column width=\u00a0\u00bb1\/2&Prime; css=\u00a0\u00bb.vc_custom_1650380867939{margin-top: 0px !important;margin-right: 0px !important;margin-bottom: 0px !important;margin-left: 0px !important;padding-top: 0px !important;padding-right: 0px !important;padding-bottom: 0px !important;padding-left: 0px !important;background: #ffffff url(https:\/\/mma-autoservizi.it\/wp-content\/uploads\/2022\/04\/affitto-bus-con-conducente-per-feste-ed-eventi.png?id=8698) !important;background-position: center [&hellip;]<\/p>\n","protected":false},"author":23,"featured_media":0,"parent":0,"menu_order":0,"comment_status":"closed","ping_status":"closed","template":"","meta":{"site-sidebar-layout":"no-sidebar","site-content-layout":"plain-container","ast-site-content-layout":"","site-content-style":"default","site-sidebar-style":"default","ast-global-header-display":"","ast-banner-title-visibility":"","ast-main-header-display":"","ast-hfb-above-header-display":"","ast-hfb-below-header-display":"","ast-hfb-mobile-header-display":"","site-post-title":"disabled","ast-breadcrumbs-content":"","ast-featured-img":"disabled","footer-sml-layout":"","theme-transparent-header-meta":"default","adv-header-id-meta":"","stick-header-meta":"","header-above-stick-meta":"","header-main-stick-meta":"","header-below-stick-meta":"","astra-migrate-meta-layouts":"default","ast-page-background-enabled":"default","ast-page-background-meta":{"desktop":{"background-color":"var(--ast-global-color-4)","background-image":"","background-repeat":"repeat","background-position":"center center","background-size":"auto","background-attachment":"scroll","background-type":"","background-media":"","overlay-type":"","overlay-color":"","overlay-opacity":"","overlay-gradient":""},"tablet":{"background-color":"","background-image":"","background-repeat":"repeat","background-position":"center center","background-size":"auto","background-attachment":"scroll","background-type":"","background-media":"","overlay-type":"","overlay-color":"","overlay-opacity":"","overlay-gradient":""},"mobile":{"background-color":"","background-image":"","background-repeat":"repeat","background-position":"center center","background-size":"auto","background-attachment":"scroll","background-type":"","background-media":"","overlay-type":"","overlay-color":"","overlay-opacity":"","overlay-gradient":""}},"ast-content-background-meta":{"desktop":{"background-color":"var(--ast-global-color-5)","background-image":"","background-repeat":"repeat","background-position":"center center","background-size":"auto","background-attachment":"scroll","background-type":"","background-media":"","overlay-type":"","overlay-color":"","overlay-opacity":"","overlay-gradient":""},"tablet":{"background-color":"var(--ast-global-color-5)","background-image":"","background-repeat":"repeat","background-position":"center center","background-size":"auto","background-attachment":"scroll","background-type":"","background-media":"","overlay-type":"","overlay-color":"","overlay-opacity":"","overlay-gradient":""},"mobile":{"background-color":"var(--ast-global-color-5)","background-image":"","background-repeat":"repeat","background-position":"center center","background-size":"auto","background-attachment":"scroll","background-type":"","background-media":"","overlay-type":"","overlay-color":"","overlay-opacity":"","overlay-gradient":""}},"ngg_post_thumbnail":0,"footnotes":""},"class_list":["post-10138","page","type-page","status-publish","hentry"],"yoast_head":"<!-- This site is optimized with the Yoast SEO plugin v26.3 - https:\/\/yoast.com\/wordpress\/plugins\/seo\/ -->\n<title>Location de bus \u00e0 Rome pour f\u00eates ou \u00e9v\u00e9nements - Prix et offres de location - MMA Autoservizi<\/title>\n<meta name=\"description\" content=\"Location de bus et minibus \u00e0 Rome pour une f\u00eate ou un \u00e9v\u00e9nement. Demandez les prix et les offres disponibles pour la location de bus\" \/>\n<meta name=\"robots\" content=\"index, follow, max-snippet:-1, max-image-preview:large, max-video-preview:-1\" \/>\n<link rel=\"canonical\" href=\"https:\/\/www.mma-autoservizi.it\/fr\/fetes-et-evenements\/\" \/>\n<meta property=\"og:locale\" content=\"fr_FR\" \/>\n<meta property=\"og:type\" content=\"article\" \/>\n<meta property=\"og:title\" content=\"Location de bus \u00e0 Rome pour f\u00eates ou \u00e9v\u00e9nements - Prix et offres de location - MMA Autoservizi\" \/>\n<meta property=\"og:description\" content=\"Location de bus et minibus \u00e0 Rome pour une f\u00eate ou un \u00e9v\u00e9nement. Demandez les prix et les offres disponibles pour la location de bus\" \/>\n<meta property=\"og:url\" content=\"https:\/\/www.mma-autoservizi.it\/fr\/fetes-et-evenements\/\" \/>\n<meta property=\"og:site_name\" content=\"MMA Autoservizi\" \/>\n<meta property=\"article:publisher\" content=\"https:\/\/www.facebook.com\/MmaAutoservizi\/\" \/>\n<meta property=\"article:modified_time\" content=\"2022-06-30T17:13:34+00:00\" \/>\n<meta name=\"twitter:card\" content=\"summary_large_image\" \/>\n<meta name=\"twitter:label1\" content=\"Dur\u00e9e de lecture estim\u00e9e\" \/>\n\t<meta name=\"twitter:data1\" content=\"4 minutes\" \/>\n<script type=\"application\/ld+json\" class=\"yoast-schema-graph\">{\"@context\":\"https:\/\/schema.org\",\"@graph\":[{\"@type\":\"WebPage\",\"@id\":\"https:\/\/www.mma-autoservizi.it\/fr\/fetes-et-evenements\/\",\"url\":\"https:\/\/www.mma-autoservizi.it\/fr\/fetes-et-evenements\/\",\"name\":\"Location de bus \u00e0 Rome pour f\u00eates ou \u00e9v\u00e9nements - Prix et offres de location - MMA Autoservizi\",\"isPartOf\":{\"@id\":\"https:\/\/www.mma-autoservizi.it\/fr\/#website\"},\"datePublished\":\"2022-06-30T11:39:03+00:00\",\"dateModified\":\"2022-06-30T17:13:34+00:00\",\"description\":\"Location de bus et minibus \u00e0 Rome pour une f\u00eate ou un \u00e9v\u00e9nement. Demandez les prix et les offres disponibles pour la location de bus\",\"breadcrumb\":{\"@id\":\"https:\/\/www.mma-autoservizi.it\/fr\/fetes-et-evenements\/#breadcrumb\"},\"inLanguage\":\"fr-FR\",\"potentialAction\":[{\"@type\":\"ReadAction\",\"target\":[\"https:\/\/www.mma-autoservizi.it\/fr\/fetes-et-evenements\/\"]}]},{\"@type\":\"BreadcrumbList\",\"@id\":\"https:\/\/www.mma-autoservizi.it\/fr\/fetes-et-evenements\/#breadcrumb\",\"itemListElement\":[{\"@type\":\"ListItem\",\"position\":1,\"name\":\"Home\",\"item\":\"https:\/\/www.mma-autoservizi.it\/fr\/home-mma-autoservizi\/\"},{\"@type\":\"ListItem\",\"position\":2,\"name\":\"F\u00eates et \u00e9v\u00e9nements\"}]},{\"@type\":\"WebSite\",\"@id\":\"https:\/\/www.mma-autoservizi.it\/fr\/#website\",\"url\":\"https:\/\/www.mma-autoservizi.it\/fr\/\",\"name\":\"MMA Autoservizi\",\"description\":\"molto movimento agency\",\"publisher\":{\"@id\":\"https:\/\/www.mma-autoservizi.it\/fr\/#organization\"},\"potentialAction\":[{\"@type\":\"SearchAction\",\"target\":{\"@type\":\"EntryPoint\",\"urlTemplate\":\"https:\/\/www.mma-autoservizi.it\/fr\/?s={search_term_string}\"},\"query-input\":{\"@type\":\"PropertyValueSpecification\",\"valueRequired\":true,\"valueName\":\"search_term_string\"}}],\"inLanguage\":\"fr-FR\"},{\"@type\":\"Organization\",\"@id\":\"https:\/\/www.mma-autoservizi.it\/fr\/#organization\",\"name\":\"MMA Autoservizi\",\"url\":\"https:\/\/www.mma-autoservizi.it\/fr\/\",\"logo\":{\"@type\":\"ImageObject\",\"inLanguage\":\"fr-FR\",\"@id\":\"https:\/\/www.mma-autoservizi.it\/fr\/#\/schema\/logo\/image\/\",\"url\":\"https:\/\/mma-autoservizi.it\/wp-content\/uploads\/revslider\/slide-home\/logo-home-slide-mma-1.png\",\"contentUrl\":\"https:\/\/mma-autoservizi.it\/wp-content\/uploads\/revslider\/slide-home\/logo-home-slide-mma-1.png\",\"width\":854,\"height\":166,\"caption\":\"MMA Autoservizi\"},\"image\":{\"@id\":\"https:\/\/www.mma-autoservizi.it\/fr\/#\/schema\/logo\/image\/\"},\"sameAs\":[\"https:\/\/www.facebook.com\/MmaAutoservizi\/\"]}]}<\/script>\n<!-- \/ Yoast SEO plugin. -->","yoast_head_json":{"title":"Location de bus \u00e0 Rome pour f\u00eates ou \u00e9v\u00e9nements - Prix et offres de location - MMA Autoservizi","description":"Location de bus et minibus \u00e0 Rome pour une f\u00eate ou un \u00e9v\u00e9nement. Demandez les prix et les offres disponibles pour la location de bus","robots":{"index":"index","follow":"follow","max-snippet":"max-snippet:-1","max-image-preview":"max-image-preview:large","max-video-preview":"max-video-preview:-1"},"canonical":"https:\/\/www.mma-autoservizi.it\/fr\/fetes-et-evenements\/","og_locale":"fr_FR","og_type":"article","og_title":"Location de bus \u00e0 Rome pour f\u00eates ou \u00e9v\u00e9nements - Prix et offres de location - MMA Autoservizi","og_description":"Location de bus et minibus \u00e0 Rome pour une f\u00eate ou un \u00e9v\u00e9nement. Demandez les prix et les offres disponibles pour la location de bus","og_url":"https:\/\/www.mma-autoservizi.it\/fr\/fetes-et-evenements\/","og_site_name":"MMA Autoservizi","article_publisher":"https:\/\/www.facebook.com\/MmaAutoservizi\/","article_modified_time":"2022-06-30T17:13:34+00:00","twitter_card":"summary_large_image","twitter_misc":{"Dur\u00e9e de lecture estim\u00e9e":"4 minutes"},"schema":{"@context":"https:\/\/schema.org","@graph":[{"@type":"WebPage","@id":"https:\/\/www.mma-autoservizi.it\/fr\/fetes-et-evenements\/","url":"https:\/\/www.mma-autoservizi.it\/fr\/fetes-et-evenements\/","name":"Location de bus \u00e0 Rome pour f\u00eates ou \u00e9v\u00e9nements - Prix et offres de location - MMA Autoservizi","isPartOf":{"@id":"https:\/\/www.mma-autoservizi.it\/fr\/#website"},"datePublished":"2022-06-30T11:39:03+00:00","dateModified":"2022-06-30T17:13:34+00:00","description":"Location de bus et minibus \u00e0 Rome pour une f\u00eate ou un \u00e9v\u00e9nement. Demandez les prix et les offres disponibles pour la location de bus","breadcrumb":{"@id":"https:\/\/www.mma-autoservizi.it\/fr\/fetes-et-evenements\/#breadcrumb"},"inLanguage":"fr-FR","potentialAction":[{"@type":"ReadAction","target":["https:\/\/www.mma-autoservizi.it\/fr\/fetes-et-evenements\/"]}]},{"@type":"BreadcrumbList","@id":"https:\/\/www.mma-autoservizi.it\/fr\/fetes-et-evenements\/#breadcrumb","itemListElement":[{"@type":"ListItem","position":1,"name":"Home","item":"https:\/\/www.mma-autoservizi.it\/fr\/home-mma-autoservizi\/"},{"@type":"ListItem","position":2,"name":"F\u00eates et \u00e9v\u00e9nements"}]},{"@type":"WebSite","@id":"https:\/\/www.mma-autoservizi.it\/fr\/#website","url":"https:\/\/www.mma-autoservizi.it\/fr\/","name":"MMA Autoservizi","description":"molto movimento agency","publisher":{"@id":"https:\/\/www.mma-autoservizi.it\/fr\/#organization"},"potentialAction":[{"@type":"SearchAction","target":{"@type":"EntryPoint","urlTemplate":"https:\/\/www.mma-autoservizi.it\/fr\/?s={search_term_string}"},"query-input":{"@type":"PropertyValueSpecification","valueRequired":true,"valueName":"search_term_string"}}],"inLanguage":"fr-FR"},{"@type":"Organization","@id":"https:\/\/www.mma-autoservizi.it\/fr\/#organization","name":"MMA Autoservizi","url":"https:\/\/www.mma-autoservizi.it\/fr\/","logo":{"@type":"ImageObject","inLanguage":"fr-FR","@id":"https:\/\/www.mma-autoservizi.it\/fr\/#\/schema\/logo\/image\/","url":"https:\/\/mma-autoservizi.it\/wp-content\/uploads\/revslider\/slide-home\/logo-home-slide-mma-1.png","contentUrl":"https:\/\/mma-autoservizi.it\/wp-content\/uploads\/revslider\/slide-home\/logo-home-slide-mma-1.png","width":854,"height":166,"caption":"MMA Autoservizi"},"image":{"@id":"https:\/\/www.mma-autoservizi.it\/fr\/#\/schema\/logo\/image\/"},"sameAs":["https:\/\/www.facebook.com\/MmaAutoservizi\/"]}]}},"_links":{"self":[{"href":"https:\/\/www.mma-autoservizi.it\/fr\/wp-json\/wp\/v2\/pages\/10138","targetHints":{"allow":["GET"]}}],"collection":[{"href":"https:\/\/www.mma-autoservizi.it\/fr\/wp-json\/wp\/v2\/pages"}],"about":[{"href":"https:\/\/www.mma-autoservizi.it\/fr\/wp-json\/wp\/v2\/types\/page"}],"author":[{"embeddable":true,"href":"https:\/\/www.mma-autoservizi.it\/fr\/wp-json\/wp\/v2\/users\/23"}],"replies":[{"embeddable":true,"href":"https:\/\/www.mma-autoservizi.it\/fr\/wp-json\/wp\/v2\/comments?post=10138"}],"version-history":[{"count":8,"href":"https:\/\/www.mma-autoservizi.it\/fr\/wp-json\/wp\/v2\/pages\/10138\/revisions"}],"predecessor-version":[{"id":10188,"href":"https:\/\/www.mma-autoservizi.it\/fr\/wp-json\/wp\/v2\/pages\/10138\/revisions\/10188"}],"wp:attachment":[{"href":"https:\/\/www.mma-autoservizi.it\/fr\/wp-json\/wp\/v2\/media?parent=10138"}],"curies":[{"name":"wp","href":"https:\/\/api.w.org\/{rel}","templated":true}]}}