{"id":10134,"date":"2022-06-30T13:31:28","date_gmt":"2022-06-30T11:31:28","guid":{"rendered":"https:\/\/www.mma-autoservizi.it\/voyages-organises-en-autocar\/"},"modified":"2022-06-30T13:32:21","modified_gmt":"2022-06-30T11:32:21","slug":"voyages-organises-en-autocar","status":"publish","type":"page","link":"https:\/\/www.mma-autoservizi.it\/fr\/voyages-organises-en-autocar\/","title":{"rendered":"Voyages organis\u00e9s en autocar"},"content":{"rendered":"[vc_section full_width=\u00a0\u00bbstretch_row\u00a0\u00bb el_id=\u00a0\u00bbmain_pg11&Prime; el_class=\u00a0\u00bbbg-fixed\u00a0\u00bb css=\u00a0\u00bb.vc_custom_1652088869345{background-image: url(https:\/\/www.mma-autoservizi.it\/wp-content\/uploads\/2022\/04\/viaggi-in-pullman-organizzati.jpg?id=8859) !important;}\u00a0\u00bb][vc_row][vc_column][vc_empty_space height=\u00a0\u00bb500px\u00a0\u00bb][\/vc_column][\/vc_row][\/vc_section][vc_row][vc_column][vc_column_text]\n<h1>Voyages organis\u00e9s en autocar par MMA Autoservizi<\/h1>\n<h2>Voyages organis\u00e9s en autocar ou en autobus dans les meilleures localit\u00e9s d\u2019Italie et \u00e0 l\u2019\u00e9tranger.<\/h2>\n<p><strong>Voyager en autocar<\/strong> peut \u00eatre vu comme un choix \u00ab par d\u00e9pit \u00bb par certains mais en fait se r\u00e9v\u00e8le \u00eatre tr\u00e8s reposant.[\/vc_column_text][vc_separator][\/vc_column][\/vc_row][vc_row][vc_column][vc_column_text]Les personnes sont de plus en plus nombreuses \u00e0 <strong>organiser des voyages en autocar<\/strong>. Parfois c\u2019est une option plus \u00e9conomique et cela a beaucoup d\u2019avantages : par exemple il est souvent plus facile de trouver une autre personne avec qui aller et partager les m\u00eames go\u00fbts.<\/p>\n<p>En consid\u00e9rant ce fait, d\u2019autres personnes commencent \u00e0 pr\u00e9f\u00e9rer <strong>les voyages organis\u00e9s en autocar<\/strong> plut\u00f4t que l\u2019avion.<\/p>\n<p>Les <strong>voyages organis\u00e9s en autocar<\/strong> ont beaucoup d\u2019avantage par rapport \u00e0 n\u2019importe quelle autre m\u00e9thode de voyage ou de planification des vacances. Les <strong>voyages en autocar<\/strong> sont parfaits pour ceux qui voudraient voir beaucoup de lieux diff\u00e9rents <strong>sans se soucier des d\u00e9tails<\/strong>.[\/vc_column_text][\/vc_column][\/vc_row][vc_section][vc_row][vc_column width=\u00a0\u00bb1\/3&Prime;][vc_message message_box_color=\u00a0\u00bbwhite\u00a0\u00bb icon_fontawesome=\u00a0\u00bbfas fa-check\u00a0\u00bb]Nous organisons pour vous tous les d\u00e9tails de votre voyage.[\/vc_message][\/vc_column][vc_column width=\u00a0\u00bb1\/3&Prime;][vc_message message_box_color=\u00a0\u00bbwhite\u00a0\u00bb icon_fontawesome=\u00a0\u00bbfas fa-check\u00a0\u00bb]Voyagez avec nous est plus relaxant et confortable ![\/vc_message][\/vc_column][vc_column width=\u00a0\u00bb1\/3&Prime;][vc_message message_box_color=\u00a0\u00bbwhite\u00a0\u00bb icon_fontawesome=\u00a0\u00bbfas fa-check\u00a0\u00bb]Vous arriverez \u00e0 destination d\u00e9tendu et repos\u00e9, pr\u00eat \u00e0 profiter de la beaut\u00e9 du lieu ![\/vc_message][\/vc_column][\/vc_row][\/vc_section][vc_row full_width=\u00a0\u00bbstretch_row\u00a0\u00bb parallax=\u00a0\u00bbcontent-moving\u00a0\u00bb parallax_image=\u00a0\u00bb8357&Prime; el_id=\u00a0\u00bbmain_pag6&Prime; css=\u00a0\u00bb.vc_custom_1650538452660{margin-top: 0px !important;padding-top: 0px !important;}\u00a0\u00bb][vc_column width=\u00a0\u00bb5\/12&Prime; css=\u00a0\u00bb.vc_custom_1647622633002{margin-right: 0px !important;margin-left: 0px !important;padding-right: 0px !important;padding-left: 0px !important;}\u00a0\u00bb][vc_raw_html css=\u00a0\u00bb.vc_custom_1650386351537{margin-top: 0px !important;margin-right: 0px !important;margin-bottom: 0px !important;margin-left: 0px !important;padding-top: 0px !important;padding-right: 0px !important;padding-bottom: 0px !important;padding-left: 0px !important;}\u00a0\u00bb]PGRpdiBjbGFzcz0iYmFubmVyIGJhbm5lcl9fbW9kIGJnLXByaW1hcnktdmFyaWFudC0xIj4NCiAgICAgICAgICAgICAgICA8ZGl2IGNsYXNzPSJiYW5uZXJfY250Ij4NCiAgICAgICAgICAgICAgICAgIDxoMj5WT1RSRSBTQVRJU0ZBQ1RJT048c3BhbiBjbGFzcz0ibm9ybWFsIGQtaW5saW5lLWJsb2NrIj4gw4kgRVNUIE5PVFJFIE1JU1NJT048L3NwYW4+PC9oMj4NCjxINSBTVFlMRT1DT0xPUjojRkZGO2ZvbnQtc2l6ZToyNHB4OyI+I3dlYXJlbW1hPC9INT4NCiAgICAgICAgICAgICAgICA8L2Rpdj4NCiAgICAgICAgICAgICAgPC9kaXY+DQo=[\/vc_raw_html][\/vc_column][vc_column width=\u00a0\u00bb7\/12&Prime;][\/vc_column][\/vc_row][vc_row][vc_column][vc_empty_space][vc_column_text]\n<p style=\"font-size: 30px; line-height: 50px;\"><strong>MMA Autoservizi est la meilleure solution pour l\u2019organisation de ce type de voyage<\/strong>, en ce sens que nous g\u00e9rons toutes les phases du voyage : trouver l\u2019autobus qi convient, organiser et g\u00e9rer la logistique (h\u00f4tel, aire de repos, chef \u00e0 bord, service de catering etc), vous apporter soutien et assistance aux passagers pendant tout le voyage (guide \u00e0 bord et chauffeur).<\/p>\n[\/vc_column_text][\/vc_column][\/vc_row][vc_section full_width=\u00a0\u00bbstretch_row\u00a0\u00bb css=\u00a0\u00bb.vc_custom_1648912248236{background-color: #ffffff !important;}\u00a0\u00bb][vc_row full_width=\u00a0\u00bbstretch_row_content_no_spaces\u00a0\u00bb equal_height=\u00a0\u00bbyes\u00a0\u00bb css=\u00a0\u00bb.vc_custom_1647618815631{background-color: rgba(255,255,255,0.01) !important;background-position: center !important;background-repeat: no-repeat !important;background-size: cover !important;*background-color: rgb(255,255,255) !important;}\u00a0\u00bb][vc_column width=\u00a0\u00bb5\/12&Prime; css=\u00a0\u00bb.vc_custom_1647624037392{margin-top: 0px !important;margin-right: 0px !important;margin-bottom: 0px !important;margin-left: 0px !important;padding-top: 0px !important;padding-right: 0px !important;padding-bottom: 0px !important;padding-left: 0px !important;}\u00a0\u00bb][\/vc_column][vc_column width=\u00a0\u00bb7\/12&Prime; el_class=\u00a0\u00bb.image-wrap-3 .inset-1&Prime; css=\u00a0\u00bb.vc_custom_1647624046867{margin-top: 0px !important;margin-bottom: 0px !important;margin-left: 0px !important;padding-top: 0px !important;padding-bottom: 0px !important;padding-left: 0px !important;}\u00a0\u00bb][vc_raw_html css=\u00a0\u00bb.vc_custom_1652023119468{margin-top: 0px !important;margin-bottom: 0px !important;margin-left: 0px !important;padding-top: 0px !important;padding-bottom: 0px !important;padding-left: 0px !important;}\u00a0\u00bb]PGRpdiBjbGFzcz0icmVzcG1hYyI+PGltZyBzcmM9Imh0dHBzOi8vd3d3Lm1tYS1hdXRvc2Vydml6aS5pdC93cC1jb250ZW50L3VwbG9hZHMvMjAyMi8wNC9naXRlLWluLXB1bGxtYW4uanBnIiBhbHQ9IiI+PC9kaXY+DQoNCjxkaXYgY2xhc3M9ImJhbm5lciBiYW5uZXJfX21vZCBiYW5uZXJfX21vZC0yIGJnLWNvbnRyYXN0LXZhcmlhbnQtMiBiZy1jb250cmFzdC12YXJpYW50LTJfX2FmdGVyIj4NCiAgICAgICAgICAgICAgICA8ZGl2IGNsYXNzPSJiYW5uZXJfY250Ij4NCiAgICAgICAgICAgICAgICAgIDxoMz5SRU5ERVogVk9UUkUgVk9ZQUdFIE9SR0FOSVPDiSBFTiBCVVMgSU5PVUJMSUFCTEU8L2gzPg0KICAgICAgICAgICAgICAgICAgPHA+IE5vdHJlIMOpcXVpcGUgZXN0IMOgIHZvdHJlIGRpc3Bvc2l0aW9uIGF2ZWMgdW4gc2VydmljZSBjb3JkaWFsIGV0IHByb2Zlc3Npb25uZWwuIE5vdXMgYXZvbnMgZGVzIGFubsOpZXMgZOKAmWV4cMOpcmllbmNlLCBjb27Dp3UgcG91ciBhcHBvcnRlciB1bmUgb2ZmcmUgw6Agbm9zIGNsaWVudHMsIG5vcyB2w6loaWN1bGVzIHNvbnQgYWRhcHTDqXMgw6AgdG91dGUgdm9zIGV4aWdlbmNlcy4gDQogICAgICAgICAgICAgICAgICA8L3A+DQo8YSBjbGFzcz0iYnV0dG9uIGJ0bi1tZCBwdWxzZmxvdHRhIiBocmVmPSJodHRwczovL3d3dy5tbWEtYXV0b3NlcnZpemkuaXQvZnIvY2FsY3VsZXItbGVzLWRldmlzLXByb3ByZS1hdXRvY2FyLyI+Q0FMVUNMRVogVk9UUkUgREVWSVM8c3BhbiBjbGFzcz0iaW5zaWRlciI+PC9zcGFuPjwvYT48YnI+DQo8c3BhbiBzdHlsZT0iZm9udC1zaXplOjIwcHg7Ij4gUkVTRVJWRVogVk9UUkUgREVWSVMgTUFJTlRFTkFOVCAhPC9zcGFuPjxicj4NCiAgICAgICAgICAgICAgICA8L2Rpdj4NCiAgICAgICAgICAgICAgPC9kaXY+[\/vc_raw_html][\/vc_column][\/vc_row][\/vc_section]\n","protected":false},"excerpt":{"rendered":"<p>[vc_section full_width=\u00a0\u00bbstretch_row\u00a0\u00bb el_id=\u00a0\u00bbmain_pg11&Prime; el_class=\u00a0\u00bbbg-fixed\u00a0\u00bb css=\u00a0\u00bb.vc_custom_1652088869345{background-image: url(https:\/\/www.mma-autoservizi.it\/wp-content\/uploads\/2022\/04\/viaggi-in-pullman-organizzati.jpg?id=8859) !important;}\u00a0\u00bb][vc_row][vc_column][vc_empty_space height=\u00a0\u00bb500px\u00a0\u00bb][\/vc_column][\/vc_row][\/vc_section][vc_row][vc_column][vc_column_text] Voyages organis\u00e9s en autocar par MMA Autoservizi Voyages organis\u00e9s en autocar ou en autobus dans les meilleures localit\u00e9s d\u2019Italie et \u00e0 l\u2019\u00e9tranger. Voyager en autocar peut \u00eatre vu comme un choix \u00ab par d\u00e9pit \u00bb par certains mais en fait se r\u00e9v\u00e8le \u00eatre tr\u00e8s reposant.[\/vc_column_text][vc_separator][\/vc_column][\/vc_row][vc_row][vc_column][vc_column_text]Les personnes sont [&hellip;]<\/p>\n","protected":false},"author":23,"featured_media":0,"parent":0,"menu_order":0,"comment_status":"closed","ping_status":"closed","template":"","meta":{"site-sidebar-layout":"no-sidebar","site-content-layout":"plain-container","ast-site-content-layout":"","site-content-style":"default","site-sidebar-style":"default","ast-global-header-display":"","ast-banner-title-visibility":"","ast-main-header-display":"","ast-hfb-above-header-display":"","ast-hfb-below-header-display":"","ast-hfb-mobile-header-display":"","site-post-title":"disabled","ast-breadcrumbs-content":"","ast-featured-img":"","footer-sml-layout":"","theme-transparent-header-meta":"default","adv-header-id-meta":"","stick-header-meta":"","header-above-stick-meta":"","header-main-stick-meta":"","header-below-stick-meta":"","astra-migrate-meta-layouts":"default","ast-page-background-enabled":"default","ast-page-background-meta":{"desktop":{"background-color":"var(--ast-global-color-4)","background-image":"","background-repeat":"repeat","background-position":"center center","background-size":"auto","background-attachment":"scroll","background-type":"","background-media":"","overlay-type":"","overlay-color":"","overlay-opacity":"","overlay-gradient":""},"tablet":{"background-color":"","background-image":"","background-repeat":"repeat","background-position":"center center","background-size":"auto","background-attachment":"scroll","background-type":"","background-media":"","overlay-type":"","overlay-color":"","overlay-opacity":"","overlay-gradient":""},"mobile":{"background-color":"","background-image":"","background-repeat":"repeat","background-position":"center center","background-size":"auto","background-attachment":"scroll","background-type":"","background-media":"","overlay-type":"","overlay-color":"","overlay-opacity":"","overlay-gradient":""}},"ast-content-background-meta":{"desktop":{"background-color":"var(--ast-global-color-5)","background-image":"","background-repeat":"repeat","background-position":"center center","background-size":"auto","background-attachment":"scroll","background-type":"","background-media":"","overlay-type":"","overlay-color":"","overlay-opacity":"","overlay-gradient":""},"tablet":{"background-color":"var(--ast-global-color-5)","background-image":"","background-repeat":"repeat","background-position":"center center","background-size":"auto","background-attachment":"scroll","background-type":"","background-media":"","overlay-type":"","overlay-color":"","overlay-opacity":"","overlay-gradient":""},"mobile":{"background-color":"var(--ast-global-color-5)","background-image":"","background-repeat":"repeat","background-position":"center center","background-size":"auto","background-attachment":"scroll","background-type":"","background-media":"","overlay-type":"","overlay-color":"","overlay-opacity":"","overlay-gradient":""}},"ngg_post_thumbnail":0,"footnotes":""},"class_list":["post-10134","page","type-page","status-publish","hentry"],"yoast_head":"<!-- This site is optimized with the Yoast SEO plugin v26.3 - https:\/\/yoast.com\/wordpress\/plugins\/seo\/ -->\n<title>Voyages organis\u00e9s en autocar<\/title>\n<meta name=\"description\" content=\"Voyages organis\u00e9s en autocar\" \/>\n<meta name=\"robots\" content=\"index, follow, max-snippet:-1, max-image-preview:large, max-video-preview:-1\" \/>\n<link rel=\"canonical\" href=\"https:\/\/www.mma-autoservizi.it\/fr\/voyages-organises-en-autocar\/\" \/>\n<meta property=\"og:locale\" content=\"fr_FR\" \/>\n<meta property=\"og:type\" content=\"article\" \/>\n<meta property=\"og:title\" content=\"Voyages organis\u00e9s en autocar\" \/>\n<meta property=\"og:description\" content=\"Voyages organis\u00e9s en autocar\" \/>\n<meta property=\"og:url\" content=\"https:\/\/www.mma-autoservizi.it\/fr\/voyages-organises-en-autocar\/\" \/>\n<meta property=\"og:site_name\" content=\"MMA Autoservizi\" \/>\n<meta property=\"article:publisher\" content=\"https:\/\/www.facebook.com\/MmaAutoservizi\/\" \/>\n<meta property=\"article:modified_time\" content=\"2022-06-30T11:32:21+00:00\" \/>\n<meta name=\"twitter:card\" content=\"summary_large_image\" \/>\n<meta name=\"twitter:label1\" content=\"Dur\u00e9e de lecture estim\u00e9e\" \/>\n\t<meta name=\"twitter:data1\" content=\"4 minutes\" \/>\n<script type=\"application\/ld+json\" class=\"yoast-schema-graph\">{\"@context\":\"https:\/\/schema.org\",\"@graph\":[{\"@type\":\"WebPage\",\"@id\":\"https:\/\/www.mma-autoservizi.it\/fr\/voyages-organises-en-autocar\/\",\"url\":\"https:\/\/www.mma-autoservizi.it\/fr\/voyages-organises-en-autocar\/\",\"name\":\"Voyages organis\u00e9s en autocar\",\"isPartOf\":{\"@id\":\"https:\/\/www.mma-autoservizi.it\/fr\/#website\"},\"datePublished\":\"2022-06-30T11:31:28+00:00\",\"dateModified\":\"2022-06-30T11:32:21+00:00\",\"description\":\"Voyages organis\u00e9s en autocar\",\"breadcrumb\":{\"@id\":\"https:\/\/www.mma-autoservizi.it\/fr\/voyages-organises-en-autocar\/#breadcrumb\"},\"inLanguage\":\"fr-FR\",\"potentialAction\":[{\"@type\":\"ReadAction\",\"target\":[\"https:\/\/www.mma-autoservizi.it\/fr\/voyages-organises-en-autocar\/\"]}]},{\"@type\":\"BreadcrumbList\",\"@id\":\"https:\/\/www.mma-autoservizi.it\/fr\/voyages-organises-en-autocar\/#breadcrumb\",\"itemListElement\":[{\"@type\":\"ListItem\",\"position\":1,\"name\":\"Home\",\"item\":\"https:\/\/www.mma-autoservizi.it\/fr\/home-mma-autoservizi\/\"},{\"@type\":\"ListItem\",\"position\":2,\"name\":\"Voyages organis\u00e9s en autocar\"}]},{\"@type\":\"WebSite\",\"@id\":\"https:\/\/www.mma-autoservizi.it\/fr\/#website\",\"url\":\"https:\/\/www.mma-autoservizi.it\/fr\/\",\"name\":\"MMA Autoservizi\",\"description\":\"molto movimento agency\",\"publisher\":{\"@id\":\"https:\/\/www.mma-autoservizi.it\/fr\/#organization\"},\"potentialAction\":[{\"@type\":\"SearchAction\",\"target\":{\"@type\":\"EntryPoint\",\"urlTemplate\":\"https:\/\/www.mma-autoservizi.it\/fr\/?s={search_term_string}\"},\"query-input\":{\"@type\":\"PropertyValueSpecification\",\"valueRequired\":true,\"valueName\":\"search_term_string\"}}],\"inLanguage\":\"fr-FR\"},{\"@type\":\"Organization\",\"@id\":\"https:\/\/www.mma-autoservizi.it\/fr\/#organization\",\"name\":\"MMA Autoservizi\",\"url\":\"https:\/\/www.mma-autoservizi.it\/fr\/\",\"logo\":{\"@type\":\"ImageObject\",\"inLanguage\":\"fr-FR\",\"@id\":\"https:\/\/www.mma-autoservizi.it\/fr\/#\/schema\/logo\/image\/\",\"url\":\"https:\/\/mma-autoservizi.it\/wp-content\/uploads\/revslider\/slide-home\/logo-home-slide-mma-1.png\",\"contentUrl\":\"https:\/\/mma-autoservizi.it\/wp-content\/uploads\/revslider\/slide-home\/logo-home-slide-mma-1.png\",\"width\":854,\"height\":166,\"caption\":\"MMA Autoservizi\"},\"image\":{\"@id\":\"https:\/\/www.mma-autoservizi.it\/fr\/#\/schema\/logo\/image\/\"},\"sameAs\":[\"https:\/\/www.facebook.com\/MmaAutoservizi\/\"]}]}<\/script>\n<!-- \/ Yoast SEO plugin. -->","yoast_head_json":{"title":"Voyages organis\u00e9s en autocar","description":"Voyages organis\u00e9s en autocar","robots":{"index":"index","follow":"follow","max-snippet":"max-snippet:-1","max-image-preview":"max-image-preview:large","max-video-preview":"max-video-preview:-1"},"canonical":"https:\/\/www.mma-autoservizi.it\/fr\/voyages-organises-en-autocar\/","og_locale":"fr_FR","og_type":"article","og_title":"Voyages organis\u00e9s en autocar","og_description":"Voyages organis\u00e9s en autocar","og_url":"https:\/\/www.mma-autoservizi.it\/fr\/voyages-organises-en-autocar\/","og_site_name":"MMA Autoservizi","article_publisher":"https:\/\/www.facebook.com\/MmaAutoservizi\/","article_modified_time":"2022-06-30T11:32:21+00:00","twitter_card":"summary_large_image","twitter_misc":{"Dur\u00e9e de lecture estim\u00e9e":"4 minutes"},"schema":{"@context":"https:\/\/schema.org","@graph":[{"@type":"WebPage","@id":"https:\/\/www.mma-autoservizi.it\/fr\/voyages-organises-en-autocar\/","url":"https:\/\/www.mma-autoservizi.it\/fr\/voyages-organises-en-autocar\/","name":"Voyages organis\u00e9s en autocar","isPartOf":{"@id":"https:\/\/www.mma-autoservizi.it\/fr\/#website"},"datePublished":"2022-06-30T11:31:28+00:00","dateModified":"2022-06-30T11:32:21+00:00","description":"Voyages organis\u00e9s en autocar","breadcrumb":{"@id":"https:\/\/www.mma-autoservizi.it\/fr\/voyages-organises-en-autocar\/#breadcrumb"},"inLanguage":"fr-FR","potentialAction":[{"@type":"ReadAction","target":["https:\/\/www.mma-autoservizi.it\/fr\/voyages-organises-en-autocar\/"]}]},{"@type":"BreadcrumbList","@id":"https:\/\/www.mma-autoservizi.it\/fr\/voyages-organises-en-autocar\/#breadcrumb","itemListElement":[{"@type":"ListItem","position":1,"name":"Home","item":"https:\/\/www.mma-autoservizi.it\/fr\/home-mma-autoservizi\/"},{"@type":"ListItem","position":2,"name":"Voyages organis\u00e9s en autocar"}]},{"@type":"WebSite","@id":"https:\/\/www.mma-autoservizi.it\/fr\/#website","url":"https:\/\/www.mma-autoservizi.it\/fr\/","name":"MMA Autoservizi","description":"molto movimento agency","publisher":{"@id":"https:\/\/www.mma-autoservizi.it\/fr\/#organization"},"potentialAction":[{"@type":"SearchAction","target":{"@type":"EntryPoint","urlTemplate":"https:\/\/www.mma-autoservizi.it\/fr\/?s={search_term_string}"},"query-input":{"@type":"PropertyValueSpecification","valueRequired":true,"valueName":"search_term_string"}}],"inLanguage":"fr-FR"},{"@type":"Organization","@id":"https:\/\/www.mma-autoservizi.it\/fr\/#organization","name":"MMA Autoservizi","url":"https:\/\/www.mma-autoservizi.it\/fr\/","logo":{"@type":"ImageObject","inLanguage":"fr-FR","@id":"https:\/\/www.mma-autoservizi.it\/fr\/#\/schema\/logo\/image\/","url":"https:\/\/mma-autoservizi.it\/wp-content\/uploads\/revslider\/slide-home\/logo-home-slide-mma-1.png","contentUrl":"https:\/\/mma-autoservizi.it\/wp-content\/uploads\/revslider\/slide-home\/logo-home-slide-mma-1.png","width":854,"height":166,"caption":"MMA Autoservizi"},"image":{"@id":"https:\/\/www.mma-autoservizi.it\/fr\/#\/schema\/logo\/image\/"},"sameAs":["https:\/\/www.facebook.com\/MmaAutoservizi\/"]}]}},"_links":{"self":[{"href":"https:\/\/www.mma-autoservizi.it\/fr\/wp-json\/wp\/v2\/pages\/10134","targetHints":{"allow":["GET"]}}],"collection":[{"href":"https:\/\/www.mma-autoservizi.it\/fr\/wp-json\/wp\/v2\/pages"}],"about":[{"href":"https:\/\/www.mma-autoservizi.it\/fr\/wp-json\/wp\/v2\/types\/page"}],"author":[{"embeddable":true,"href":"https:\/\/www.mma-autoservizi.it\/fr\/wp-json\/wp\/v2\/users\/23"}],"replies":[{"embeddable":true,"href":"https:\/\/www.mma-autoservizi.it\/fr\/wp-json\/wp\/v2\/comments?post=10134"}],"version-history":[{"count":3,"href":"https:\/\/www.mma-autoservizi.it\/fr\/wp-json\/wp\/v2\/pages\/10134\/revisions"}],"predecessor-version":[{"id":10137,"href":"https:\/\/www.mma-autoservizi.it\/fr\/wp-json\/wp\/v2\/pages\/10134\/revisions\/10137"}],"wp:attachment":[{"href":"https:\/\/www.mma-autoservizi.it\/fr\/wp-json\/wp\/v2\/media?parent=10134"}],"curies":[{"name":"wp","href":"https:\/\/api.w.org\/{rel}","templated":true}]}}