{"id":10125,"date":"2022-06-30T13:15:20","date_gmt":"2022-06-30T11:15:20","guid":{"rendered":"https:\/\/www.mma-autoservizi.it\/voyage\/"},"modified":"2025-07-04T13:12:15","modified_gmt":"2025-07-04T11:12:15","slug":"voyage","status":"publish","type":"page","link":"https:\/\/www.mma-autoservizi.it\/fr\/voyage\/","title":{"rendered":"Voyage"},"content":{"rendered":"[vc_row full_width=\u00a0\u00bbstretch_row_content_no_spaces\u00a0\u00bb equal_height=\u00a0\u00bbyes\u00a0\u00bb parallax=\u00a0\u00bbcontent-moving\u00a0\u00bb parallax_image=\u00a0\u00bb8838&Prime; css=\u00a0\u00bb.vc_custom_1650373535157{padding-top: 250px !important;padding-bottom: 250px !important;}\u00a0\u00bb][vc_column][\/vc_column][\/vc_row][vc_row][vc_column][vc_column_text]\n<h1>Voyage organise en car<\/h1>\n<p><\/p>\n<h2>Organiser un voyage en car pour une \u00e9cole peut \u00eatre stressant.<\/h2>\n[\/vc_column_text][vc_separator][\/vc_column][\/vc_row][vc_section full_width=\u00a0\u00bbstretch_row\u00a0\u00bb el_class=\u00a0\u00bbbg-fixed\u00a0\u00bb css=\u00a0\u00bb.vc_custom_1650378553305{margin-top: 0px !important;padding-top: 0px !important;}\u00a0\u00bb el_id=\u00a0\u00bbmain_pag11&Prime;][vc_row equal_height=\u00a0\u00bbyes\u00a0\u00bb][vc_column width=\u00a0\u00bb5\/12&Prime; css=\u00a0\u00bb.vc_custom_1652088237109{padding-right: 0px !important;padding-left: 0px !important;background: #ffffff url(https:\/\/mma-autoservizi.it\/wp-content\/uploads\/2022\/04\/pullman-per-gite-scolastiche.jpg?id=8848) !important;background-position: center !important;background-repeat: no-repeat !important;background-size: cover !important;}\u00a0\u00bb el_class=\u00a0\u00bbcolumn-mobile\u00a0\u00bb][\/vc_column][vc_column width=\u00a0\u00bb7\/12&Prime; css=\u00a0\u00bb.vc_custom_1650378311843{background-color: #333333 !important;}\u00a0\u00bb][vc_empty_space height=\u00a0\u00bb70px\u00a0\u00bb][vc_column_text css=\u00a0\u00bb.vc_custom_1650376133053{margin-top: 0px !important;margin-bottom: 0px !important;padding-top: 0px !important;padding-bottom: 0px !important;}\u00a0\u00bb]<span style=\"color: #ffffff;\">Les <strong>voyages scolaires<\/strong> font partie de la croissance des enfants et s\u2019ils ne sont pas organis\u00e9s ils peuvent devenir un peu emb\u00eatant.\u00a0<\/span><\/p>\n<p><span style=\"color: #ffffff;\">Pourquoi de pas vous entourer de nos professionnels experts qui <strong>programment et organisent les voyages scolaires en car<\/strong> de vos enfants et \u00e9l\u00e8ves ? Nous nous occupons du transport et de la logistique, de fa\u00e7on \u00e0 vous amuser comme un enseignant pendant le voyage !\u00a0<\/span><\/p>\n<p><span style=\"color: #ffffff;\">Nos cars et nos chauffeurs s\u2019occuperont du transport de vos enfants ou de vos \u00e9l\u00e8ves de fa\u00e7on sur pendant tout le temps du voyage scolaire.<\/span><\/p>\n<h5 style=\"color: #ffffff;\">#wemovetourism<\/h5>\n[\/vc_column_text][vc_empty_space height=\u00a0\u00bb70px\u00a0\u00bb][\/vc_column][\/vc_row][\/vc_section][vc_section full_width=\u00a0\u00bbstretch_row\u00a0\u00bb el_class=\u00a0\u00bbbg-fixed\u00a0\u00bb css=\u00a0\u00bb.vc_custom_1650383816126{margin-top: 0px !important;padding-top: 0px !important;background-image: url(https:\/\/mma-autoservizi.it\/wp-content\/uploads\/2022\/04\/5.jpg?id=8499) !important;}\u00a0\u00bb][vc_row][vc_column width=\u00a0\u00bb5\/12&Prime; css=\u00a0\u00bb.vc_custom_1649165956888{padding-right: 0px !important;padding-left: 0px !important;}\u00a0\u00bb][vc_raw_html css=\u00a0\u00bb.vc_custom_1652023050892{margin-bottom: 0px !important;padding-bottom: 0px !important;}\u00a0\u00bb]PGRpdiBjbGFzcz0iYmFubmVyIGJhbm5lcl9fbW9kIGJnLXByaW1hcnktdmFyaWFudC0xIj4NCjxkaXYgY2xhc3M9ImJhbm5lcl9jbnQiPg0KPGgxPlZPWUFHRSBPUkdBTklTRSBFTiBDQVI8L2gxPg0KPHNwYW4gc3R5bGU9ImZvbnQtc2l6ZTogMjBweDsiPiBWT1RSRSBWT1lBR0UgQ09NTUVOQ0UgUEFSIE5PVVM8L3NwYW4+DQo8YSBjbGFzcz0iYnV0dG9uIGJ0bi1tZCBwdWxzZmxvdHRhIiBocmVmPSJodHRwczovL3d3dy5tbWEtYXV0b3NlcnZpemkuaXQvZnIvY2FsY3VsZXItbGVzLWRldmlzLXByb3ByZS1hdXRvY2FyLyI+Q0FMQ1VMRVogVk9UUkUgREVWSVM8L2E+DQo8c3BhbiBzdHlsZT0iZm9udC1zaXplOiAyMHB4OyI+IFJFU0VSVkVaIFZPVFJFIEJVUyBNQUlOVEVOQU5UITwvc3Bhbj4NCg0KPC9kaXY+PGJyPjwvZGl2Pg==[\/vc_raw_html][\/vc_column][vc_column width=\u00a0\u00bb7\/12&Prime;][vc_empty_space height=\u00a0\u00bb60px\u00a0\u00bb][\/vc_column][\/vc_row][\/vc_section][vc_section full_width=\u00a0\u00bbstretch_row\u00a0\u00bb css=\u00a0\u00bb.vc_custom_1648912248236{background-color: #ffffff !important;}\u00a0\u00bb el_id=\u00a0\u00bbsection2&Prime;][vc_row][vc_column width=\u00a0\u00bb1\/3&Prime;][vc_single_image image=\u00a0\u00bb8814&Prime; img_size=\u00a0\u00bbfull\u00a0\u00bb][\/vc_column][vc_column width=\u00a0\u00bb1\/3&Prime;][vc_column_text]\n<h3><strong><span style=\"color: #19a000;\">CAR POUR VOYAGE SCOLAIRE<\/span><\/strong><\/h3>\n<p>Nous sommes une \u00e9quipe d\u2019expert pour les <strong>voyages scolaires organis\u00e9s en autocar<\/strong> avec une vaste gamme de service. Nous ne travaillons qu\u2019avec <em>les meilleurs v\u00e9hicules qui peuvent transporter jusqu\u2019\u00e0 64 personnes<\/em> et nous avons des chauffeurs de bus les plus qualifi\u00e9s.<\/p>\n<p><strong>Notre service de location de bus pour voyage scolaire est solide et efficace !<\/strong>[\/vc_column_text][\/vc_column][vc_column width=\u00a0\u00bb1\/3&Prime;][vc_single_image image=\u00a0\u00bb8819&Prime; img_size=\u00a0\u00bbfull\u00a0\u00bb][\/vc_column][\/vc_row][vc_row][vc_column width=\u00a0\u00bb1\/3&Prime;][vc_column_text]<strong>MMA Autoservizi<\/strong> est le partenaire de nombreuses institutions scolaires depuis de nombreuses ann\u00e9es car elles ont choisi de faire confiance \u00e0 notre professionnalit\u00e9 et \u00e0 l\u2019exp\u00e9rience de notre entreprise, en nous confiant <strong>la gestion de la part op\u00e9rative des voyages scolaires<\/strong> ou voyage de plusieurs jours en Italie et \u00e0 l\u2019\u00e9tranger.<\/p>\n<p>Chaque ann\u00e9e de centaines d\u2019\u00e9tudiants et d\u2019enseignants de l\u2019\u00e9cole italienne effectue des v<strong>oyages scolaires en autobus en Italie<\/strong> et \u00e0 l\u2019\u00e9tranger, gr\u00e2ce aux services de <strong>MMA-Autoservizi.<\/strong>[\/vc_column_text][\/vc_column][vc_column width=\u00a0\u00bb1\/3&Prime;][vc_single_image image=\u00a0\u00bb14394&Prime; img_size=\u00a0\u00bbfull\u00a0\u00bb][\/vc_column][vc_column width=\u00a0\u00bb1\/3&Prime;][vc_column_text]<strong>La s\u00e9curit\u00e9 est notre priorit\u00e9<\/strong>, surtout quand il s\u2019agit de mineur. Nos chauffeurs et nos v\u00e9hicules effectuent tous <strong>les contr\u00f4les n\u00e9cessaires avant le d\u00e9part<\/strong> ; donc, <strong>la s\u00e9curit\u00e9 de vos enfants est notre garantit.<\/strong><\/p>\n<p>Nous sommes tr\u00e8s fiers e nos services et nous tenons \u00e0 fournir la meilleure qualit\u00e9 possible..[\/vc_column_text][\/vc_column][\/vc_row][\/vc_section][vc_row][vc_column][vc_separator color=\u00a0\u00bbcustom\u00a0\u00bb border_width=\u00a0\u00bb5&Prime; accent_color=\u00a0\u00bb#19a000&Prime;][vc_raw_html]PGJsb2NrcXVvdGUgY2xhc3M9InF1b3RlIj48cT4NCkxlcyBwYXJlbnRzIGV0IGxlcyDDqXR1ZGlhbnRzIMOpdGFpZW50IHNhdGlzZmFpdHMgZXQgY29udGVudHMgZGUgbGEgZmFudGFzdGlxdWUgb3JnYW5pc2F0aW9uIG1pcyBzdXIgcGllZCBwYXIgbOKAmcOpcXVpcGUgZGUgTU1BIEF1dG9zZXJ2aXppLiBPcmdhbmlzYXRpb24gZXQgc8OpY3VyaXTDqSBzb250IGxlcyBwaWxpZXJzIGluZGlzcGVuc2FibGVzIHBvdXIgdW4gdm95YWdlIHNjb2xhaXJlLg0KPC9xPg0KPGNpdGUgY2xhc3M9ImhlYWRpbmctNiI+UHJvZmVzc2V1ciBGZWRlcmljYTwvY2l0ZT4NCjxkaXYgY2xhc3M9IndwYl9zaW5nbGVfaW1hZ2Ugd3BiX2NvbnRlbnRfZWxlbWVudCB2Y19hbGlnbl9jZW50ZXIiPg0KPGZpZ3VyZSBjbGFzcz0id3BiX3dyYXBwZXIgdmNfZmlndXJlIj4NCjxkaXYgY2xhc3M9InZjX3NpbmdsZV9pbWFnZS13cmFwcGVyIHZjX2JveF9ib3JkZXJfY2lyY2xlIHZjX2JveF9ib3JkZXJfZ3JleSI+PGltZyBjbGFzcz0idmNfc2luZ2xlX2ltYWdlLWltZyBhdHRhY2htZW50LXRodW1ibmFpbCIgdGl0bGU9InJlY2Vuc2lvbmUgZmVkZXJpY2EiIHNyYz0iaHR0cHM6Ly93d3cubW1hLWF1dG9zZXJ2aXppLml0L3dwLWNvbnRlbnQvdXBsb2Fkcy8yMDIyLzA0L3JlY2Vuc2lvbmUtZmVkZXJpY2EuanBnIiBhbHQ9InJlY2Vuc2lvbmUgZmVkZXJpY2EiIHdpZHRoPSIxMDAiIGhlaWdodD0iMTAwIiAvPjwvZGl2PjwvZmlndXJlPg0KPC9kaXY+PC9ibG9ja3F1b3RlPg==[\/vc_raw_html][vc_separator color=\u00a0\u00bbcustom\u00a0\u00bb border_width=\u00a0\u00bb5&Prime; accent_color=\u00a0\u00bb#19a000&Prime;][\/vc_column][\/vc_row][vc_section full_width=\u00a0\u00bbstretch_row\u00a0\u00bb css=\u00a0\u00bb.vc_custom_1648912248236{background-color: #ffffff !important;}\u00a0\u00bb][vc_row full_width=\u00a0\u00bbstretch_row_content_no_spaces\u00a0\u00bb equal_height=\u00a0\u00bbyes\u00a0\u00bb css=\u00a0\u00bb.vc_custom_1647618815631{background-color: rgba(255,255,255,0.01) !important;background-position: center !important;background-repeat: no-repeat !important;background-size: cover !important;*background-color: rgb(255,255,255) !important;}\u00a0\u00bb][vc_column width=\u00a0\u00bb5\/12&Prime; css=\u00a0\u00bb.vc_custom_1647624037392{margin-top: 0px !important;margin-right: 0px !important;margin-bottom: 0px !important;margin-left: 0px !important;padding-top: 0px !important;padding-right: 0px !important;padding-bottom: 0px !important;padding-left: 0px !important;}\u00a0\u00bb][\/vc_column][vc_column width=\u00a0\u00bb7\/12&Prime; el_class=\u00a0\u00bb.image-wrap-3 .inset-1&Prime; css=\u00a0\u00bb.vc_custom_1647624046867{margin-top: 0px !important;margin-bottom: 0px !important;margin-left: 0px !important;padding-top: 0px !important;padding-bottom: 0px !important;padding-left: 0px !important;}\u00a0\u00bb][vc_raw_html css=\u00a0\u00bb.vc_custom_1652023077395{margin-top: 0px !important;margin-bottom: 0px !important;margin-left: 0px !important;padding-top: 0px !important;padding-bottom: 0px !important;padding-left: 0px !important;}\u00a0\u00bb]PGRpdiBjbGFzcz0icmVzcG1hYyI+PGltZyBzcmM9Imh0dHBzOi8vd3d3Lm1tYS1hdXRvc2Vydml6aS5pdC93cC1jb250ZW50L3VwbG9hZHMvMjAyMi8wNC9naXRlLWluLXB1bGxtYW4uanBnIiBhbHQ9IiIgLz48L2Rpdj48YnI+PGRpdiBjbGFzcz0iYmFubmVyIGJhbm5lcl9fbW9kIGJhbm5lcl9fbW9kLTIgYmctY29udHJhc3QtdmFyaWFudC0yIGJnLWNvbnRyYXN0LXZhcmlhbnQtMl9fYWZ0ZXIiPg0KPGRpdiBjbGFzcz0iYmFubmVyX2NudCI+DQo8aDM+VHJhbnNmb3JtZXogdm90cmUgdm95YWdlIGVuIGF1dG9idXMgZW4gdW4gc8Opam91ciBtYWduaWZpcXVlPC9oMz4NCk5vdHJlIMOpcXVpcGUgZXN0IMOgIHZvdHJlIGRpc3Bvc2l0aW9uIGF2ZWMgdW4gc2VydmljZSBjb3JkaWFsIGV0IHByb2Zlc3Npb25uZWwuIE5vdXMgYXZvbnMgZGVzIGFubsOpZXMgZOKAmWV4cMOpcmllbmNlLCBjb27Dp3UgcG91ciBhcHBvcnRlciB1bmUgb2ZmcmUgw6Agbm9zIGNsaWVudHMsIG5vcyB2w6loaWN1bGVzIHNvbnQgYWRhcHTDqXMgw6AgdG91dGUgdm9zIGV4aWdlbmNlcy4NCg0KPGEgY2xhc3M9ImJ1dHRvbiBidG4tbWQgcHVsc2Zsb3R0YSIgaHJlZj0iaHR0cHM6Ly93d3cubW1hLWF1dG9zZXJ2aXppLml0L2ZyL2NhbGN1bGVyLWxlcy1kZXZpcy1wcm9wcmUtYXV0b2Nhci8iPkNBTENVTEVaIFZPVFJFIERFVklTPC9hPg0KPHNwYW4gc3R5bGU9ImZvbnQtc2l6ZTogMjBweDsiPiBSRVNFUlZFWiBWT1RSRSBCVVMgUE9VUiBWT1RSRSBWT1lBR0UgTUFJTlRFTkFOVCE8L3NwYW4+DQoNCjwvZGl2Pjxicj48L2Rpdj4=[\/vc_raw_html][\/vc_column][\/vc_row][\/vc_section]\n","protected":false},"excerpt":{"rendered":"<p>[vc_row full_width=\u00a0\u00bbstretch_row_content_no_spaces\u00a0\u00bb equal_height=\u00a0\u00bbyes\u00a0\u00bb parallax=\u00a0\u00bbcontent-moving\u00a0\u00bb parallax_image=\u00a0\u00bb8838&Prime; css=\u00a0\u00bb.vc_custom_1650373535157{padding-top: 250px !important;padding-bottom: 250px !important;}\u00a0\u00bb][vc_column][\/vc_column][\/vc_row][vc_row][vc_column][vc_column_text] Voyage organise en car Organiser un voyage en car pour une \u00e9cole peut \u00eatre stressant. [\/vc_column_text][vc_separator][\/vc_column][\/vc_row][vc_section full_width=\u00a0\u00bbstretch_row\u00a0\u00bb el_class=\u00a0\u00bbbg-fixed\u00a0\u00bb css=\u00a0\u00bb.vc_custom_1650378553305{margin-top: 0px !important;padding-top: 0px !important;}\u00a0\u00bb el_id=\u00a0\u00bbmain_pag11&Prime;][vc_row equal_height=\u00a0\u00bbyes\u00a0\u00bb][vc_column width=\u00a0\u00bb5\/12&Prime; css=\u00a0\u00bb.vc_custom_1652088237109{padding-right: 0px !important;padding-left: 0px !important;background: #ffffff url(https:\/\/mma-autoservizi.it\/wp-content\/uploads\/2022\/04\/pullman-per-gite-scolastiche.jpg?id=8848) !important;background-position: center !important;background-repeat: no-repeat !important;background-size: cover !important;}\u00a0\u00bb el_class=\u00a0\u00bbcolumn-mobile\u00a0\u00bb][\/vc_column][vc_column width=\u00a0\u00bb7\/12&Prime; css=\u00a0\u00bb.vc_custom_1650378311843{background-color: #333333 !important;}\u00a0\u00bb][vc_empty_space [&hellip;]<\/p>\n","protected":false},"author":23,"featured_media":0,"parent":0,"menu_order":0,"comment_status":"closed","ping_status":"closed","template":"","meta":{"site-sidebar-layout":"no-sidebar","site-content-layout":"plain-container","ast-site-content-layout":"normal-width-container","site-content-style":"unboxed","site-sidebar-style":"unboxed","ast-global-header-display":"","ast-banner-title-visibility":"","ast-main-header-display":"","ast-hfb-above-header-display":"","ast-hfb-below-header-display":"","ast-hfb-mobile-header-display":"","site-post-title":"disabled","ast-breadcrumbs-content":"","ast-featured-img":"","footer-sml-layout":"","theme-transparent-header-meta":"default","adv-header-id-meta":"","stick-header-meta":"","header-above-stick-meta":"","header-main-stick-meta":"","header-below-stick-meta":"","astra-migrate-meta-layouts":"default","ast-page-background-enabled":"default","ast-page-background-meta":{"desktop":{"background-color":"var(--ast-global-color-4)","background-image":"","background-repeat":"repeat","background-position":"center center","background-size":"auto","background-attachment":"scroll","background-type":"","background-media":"","overlay-type":"","overlay-color":"","overlay-opacity":"","overlay-gradient":""},"tablet":{"background-color":"","background-image":"","background-repeat":"repeat","background-position":"center center","background-size":"auto","background-attachment":"scroll","background-type":"","background-media":"","overlay-type":"","overlay-color":"","overlay-opacity":"","overlay-gradient":""},"mobile":{"background-color":"","background-image":"","background-repeat":"repeat","background-position":"center center","background-size":"auto","background-attachment":"scroll","background-type":"","background-media":"","overlay-type":"","overlay-color":"","overlay-opacity":"","overlay-gradient":""}},"ast-content-background-meta":{"desktop":{"background-color":"var(--ast-global-color-5)","background-image":"","background-repeat":"repeat","background-position":"center center","background-size":"auto","background-attachment":"scroll","background-type":"","background-media":"","overlay-type":"","overlay-color":"","overlay-opacity":"","overlay-gradient":""},"tablet":{"background-color":"var(--ast-global-color-5)","background-image":"","background-repeat":"repeat","background-position":"center center","background-size":"auto","background-attachment":"scroll","background-type":"","background-media":"","overlay-type":"","overlay-color":"","overlay-opacity":"","overlay-gradient":""},"mobile":{"background-color":"var(--ast-global-color-5)","background-image":"","background-repeat":"repeat","background-position":"center center","background-size":"auto","background-attachment":"scroll","background-type":"","background-media":"","overlay-type":"","overlay-color":"","overlay-opacity":"","overlay-gradient":""}},"ngg_post_thumbnail":0,"footnotes":""},"class_list":["post-10125","page","type-page","status-publish","hentry"],"yoast_head":"<!-- This site is optimized with the Yoast SEO plugin v26.3 - https:\/\/yoast.com\/wordpress\/plugins\/seo\/ -->\n<title>Voyages en autocar : location et s\u00e9curit\u00e9 in\u00e9gal\u00e9es - MMA Autoservizi<\/title>\n<meta name=\"description\" content=\"Nous organisons des trajets en bus en toute s\u00e9curit\u00e9, gr\u00e2ce \u00e0 une flotte de bus confortables et toujours surveill\u00e9s. Personnel hautement qualifi\u00e9. Reserve maintenant!\" \/>\n<meta name=\"robots\" content=\"index, follow, max-snippet:-1, max-image-preview:large, max-video-preview:-1\" \/>\n<link rel=\"canonical\" href=\"https:\/\/www.mma-autoservizi.it\/fr\/voyage\/\" \/>\n<meta property=\"og:locale\" content=\"fr_FR\" \/>\n<meta property=\"og:type\" content=\"article\" \/>\n<meta property=\"og:title\" content=\"Voyages en autocar : location et s\u00e9curit\u00e9 in\u00e9gal\u00e9es - MMA Autoservizi\" \/>\n<meta property=\"og:description\" content=\"Nous organisons des trajets en bus en toute s\u00e9curit\u00e9, gr\u00e2ce \u00e0 une flotte de bus confortables et toujours surveill\u00e9s. Personnel hautement qualifi\u00e9. Reserve maintenant!\" \/>\n<meta property=\"og:url\" content=\"https:\/\/www.mma-autoservizi.it\/fr\/voyage\/\" \/>\n<meta property=\"og:site_name\" content=\"MMA Autoservizi\" \/>\n<meta property=\"article:publisher\" content=\"https:\/\/www.facebook.com\/MmaAutoservizi\/\" \/>\n<meta property=\"article:modified_time\" content=\"2025-07-04T11:12:15+00:00\" \/>\n<meta name=\"twitter:card\" content=\"summary_large_image\" \/>\n<meta name=\"twitter:label1\" content=\"Dur\u00e9e de lecture estim\u00e9e\" \/>\n\t<meta name=\"twitter:data1\" content=\"6 minutes\" \/>\n<script type=\"application\/ld+json\" class=\"yoast-schema-graph\">{\"@context\":\"https:\/\/schema.org\",\"@graph\":[{\"@type\":\"WebPage\",\"@id\":\"https:\/\/www.mma-autoservizi.it\/fr\/voyage\/\",\"url\":\"https:\/\/www.mma-autoservizi.it\/fr\/voyage\/\",\"name\":\"Voyages en autocar : location et s\u00e9curit\u00e9 in\u00e9gal\u00e9es - MMA Autoservizi\",\"isPartOf\":{\"@id\":\"https:\/\/www.mma-autoservizi.it\/fr\/#website\"},\"datePublished\":\"2022-06-30T11:15:20+00:00\",\"dateModified\":\"2025-07-04T11:12:15+00:00\",\"description\":\"Nous organisons des trajets en bus en toute s\u00e9curit\u00e9, gr\u00e2ce \u00e0 une flotte de bus confortables et toujours surveill\u00e9s. Personnel hautement qualifi\u00e9. Reserve maintenant!\",\"breadcrumb\":{\"@id\":\"https:\/\/www.mma-autoservizi.it\/fr\/voyage\/#breadcrumb\"},\"inLanguage\":\"fr-FR\",\"potentialAction\":[{\"@type\":\"ReadAction\",\"target\":[\"https:\/\/www.mma-autoservizi.it\/fr\/voyage\/\"]}]},{\"@type\":\"BreadcrumbList\",\"@id\":\"https:\/\/www.mma-autoservizi.it\/fr\/voyage\/#breadcrumb\",\"itemListElement\":[{\"@type\":\"ListItem\",\"position\":1,\"name\":\"Home\",\"item\":\"https:\/\/www.mma-autoservizi.it\/fr\/home-mma-autoservizi\/\"},{\"@type\":\"ListItem\",\"position\":2,\"name\":\"Voyage\"}]},{\"@type\":\"WebSite\",\"@id\":\"https:\/\/www.mma-autoservizi.it\/fr\/#website\",\"url\":\"https:\/\/www.mma-autoservizi.it\/fr\/\",\"name\":\"MMA Autoservizi\",\"description\":\"molto movimento agency\",\"publisher\":{\"@id\":\"https:\/\/www.mma-autoservizi.it\/fr\/#organization\"},\"potentialAction\":[{\"@type\":\"SearchAction\",\"target\":{\"@type\":\"EntryPoint\",\"urlTemplate\":\"https:\/\/www.mma-autoservizi.it\/fr\/?s={search_term_string}\"},\"query-input\":{\"@type\":\"PropertyValueSpecification\",\"valueRequired\":true,\"valueName\":\"search_term_string\"}}],\"inLanguage\":\"fr-FR\"},{\"@type\":\"Organization\",\"@id\":\"https:\/\/www.mma-autoservizi.it\/fr\/#organization\",\"name\":\"MMA Autoservizi\",\"url\":\"https:\/\/www.mma-autoservizi.it\/fr\/\",\"logo\":{\"@type\":\"ImageObject\",\"inLanguage\":\"fr-FR\",\"@id\":\"https:\/\/www.mma-autoservizi.it\/fr\/#\/schema\/logo\/image\/\",\"url\":\"https:\/\/mma-autoservizi.it\/wp-content\/uploads\/revslider\/slide-home\/logo-home-slide-mma-1.png\",\"contentUrl\":\"https:\/\/mma-autoservizi.it\/wp-content\/uploads\/revslider\/slide-home\/logo-home-slide-mma-1.png\",\"width\":854,\"height\":166,\"caption\":\"MMA Autoservizi\"},\"image\":{\"@id\":\"https:\/\/www.mma-autoservizi.it\/fr\/#\/schema\/logo\/image\/\"},\"sameAs\":[\"https:\/\/www.facebook.com\/MmaAutoservizi\/\"]}]}<\/script>\n<!-- \/ Yoast SEO plugin. -->","yoast_head_json":{"title":"Voyages en autocar : location et s\u00e9curit\u00e9 in\u00e9gal\u00e9es - MMA Autoservizi","description":"Nous organisons des trajets en bus en toute s\u00e9curit\u00e9, gr\u00e2ce \u00e0 une flotte de bus confortables et toujours surveill\u00e9s. Personnel hautement qualifi\u00e9. Reserve maintenant!","robots":{"index":"index","follow":"follow","max-snippet":"max-snippet:-1","max-image-preview":"max-image-preview:large","max-video-preview":"max-video-preview:-1"},"canonical":"https:\/\/www.mma-autoservizi.it\/fr\/voyage\/","og_locale":"fr_FR","og_type":"article","og_title":"Voyages en autocar : location et s\u00e9curit\u00e9 in\u00e9gal\u00e9es - MMA Autoservizi","og_description":"Nous organisons des trajets en bus en toute s\u00e9curit\u00e9, gr\u00e2ce \u00e0 une flotte de bus confortables et toujours surveill\u00e9s. Personnel hautement qualifi\u00e9. Reserve maintenant!","og_url":"https:\/\/www.mma-autoservizi.it\/fr\/voyage\/","og_site_name":"MMA Autoservizi","article_publisher":"https:\/\/www.facebook.com\/MmaAutoservizi\/","article_modified_time":"2025-07-04T11:12:15+00:00","twitter_card":"summary_large_image","twitter_misc":{"Dur\u00e9e de lecture estim\u00e9e":"6 minutes"},"schema":{"@context":"https:\/\/schema.org","@graph":[{"@type":"WebPage","@id":"https:\/\/www.mma-autoservizi.it\/fr\/voyage\/","url":"https:\/\/www.mma-autoservizi.it\/fr\/voyage\/","name":"Voyages en autocar : location et s\u00e9curit\u00e9 in\u00e9gal\u00e9es - MMA Autoservizi","isPartOf":{"@id":"https:\/\/www.mma-autoservizi.it\/fr\/#website"},"datePublished":"2022-06-30T11:15:20+00:00","dateModified":"2025-07-04T11:12:15+00:00","description":"Nous organisons des trajets en bus en toute s\u00e9curit\u00e9, gr\u00e2ce \u00e0 une flotte de bus confortables et toujours surveill\u00e9s. Personnel hautement qualifi\u00e9. Reserve maintenant!","breadcrumb":{"@id":"https:\/\/www.mma-autoservizi.it\/fr\/voyage\/#breadcrumb"},"inLanguage":"fr-FR","potentialAction":[{"@type":"ReadAction","target":["https:\/\/www.mma-autoservizi.it\/fr\/voyage\/"]}]},{"@type":"BreadcrumbList","@id":"https:\/\/www.mma-autoservizi.it\/fr\/voyage\/#breadcrumb","itemListElement":[{"@type":"ListItem","position":1,"name":"Home","item":"https:\/\/www.mma-autoservizi.it\/fr\/home-mma-autoservizi\/"},{"@type":"ListItem","position":2,"name":"Voyage"}]},{"@type":"WebSite","@id":"https:\/\/www.mma-autoservizi.it\/fr\/#website","url":"https:\/\/www.mma-autoservizi.it\/fr\/","name":"MMA Autoservizi","description":"molto movimento agency","publisher":{"@id":"https:\/\/www.mma-autoservizi.it\/fr\/#organization"},"potentialAction":[{"@type":"SearchAction","target":{"@type":"EntryPoint","urlTemplate":"https:\/\/www.mma-autoservizi.it\/fr\/?s={search_term_string}"},"query-input":{"@type":"PropertyValueSpecification","valueRequired":true,"valueName":"search_term_string"}}],"inLanguage":"fr-FR"},{"@type":"Organization","@id":"https:\/\/www.mma-autoservizi.it\/fr\/#organization","name":"MMA Autoservizi","url":"https:\/\/www.mma-autoservizi.it\/fr\/","logo":{"@type":"ImageObject","inLanguage":"fr-FR","@id":"https:\/\/www.mma-autoservizi.it\/fr\/#\/schema\/logo\/image\/","url":"https:\/\/mma-autoservizi.it\/wp-content\/uploads\/revslider\/slide-home\/logo-home-slide-mma-1.png","contentUrl":"https:\/\/mma-autoservizi.it\/wp-content\/uploads\/revslider\/slide-home\/logo-home-slide-mma-1.png","width":854,"height":166,"caption":"MMA Autoservizi"},"image":{"@id":"https:\/\/www.mma-autoservizi.it\/fr\/#\/schema\/logo\/image\/"},"sameAs":["https:\/\/www.facebook.com\/MmaAutoservizi\/"]}]}},"_links":{"self":[{"href":"https:\/\/www.mma-autoservizi.it\/fr\/wp-json\/wp\/v2\/pages\/10125","targetHints":{"allow":["GET"]}}],"collection":[{"href":"https:\/\/www.mma-autoservizi.it\/fr\/wp-json\/wp\/v2\/pages"}],"about":[{"href":"https:\/\/www.mma-autoservizi.it\/fr\/wp-json\/wp\/v2\/types\/page"}],"author":[{"embeddable":true,"href":"https:\/\/www.mma-autoservizi.it\/fr\/wp-json\/wp\/v2\/users\/23"}],"replies":[{"embeddable":true,"href":"https:\/\/www.mma-autoservizi.it\/fr\/wp-json\/wp\/v2\/comments?post=10125"}],"version-history":[{"count":11,"href":"https:\/\/www.mma-autoservizi.it\/fr\/wp-json\/wp\/v2\/pages\/10125\/revisions"}],"predecessor-version":[{"id":14425,"href":"https:\/\/www.mma-autoservizi.it\/fr\/wp-json\/wp\/v2\/pages\/10125\/revisions\/14425"}],"wp:attachment":[{"href":"https:\/\/www.mma-autoservizi.it\/fr\/wp-json\/wp\/v2\/media?parent=10125"}],"curies":[{"name":"wp","href":"https:\/\/api.w.org\/{rel}","templated":true}]}}