{"id":10119,"date":"2022-06-30T12:35:41","date_gmt":"2022-06-30T10:35:41","guid":{"rendered":"https:\/\/www.mma-autoservizi.it\/transfert\/"},"modified":"2022-06-30T12:53:11","modified_gmt":"2022-06-30T10:53:11","slug":"transfert","status":"publish","type":"page","link":"https:\/\/www.mma-autoservizi.it\/fr\/transfert\/","title":{"rendered":"Transfert"},"content":{"rendered":"[vc_section full_width=\u00a0\u00bbstretch_row\u00a0\u00bb parallax=\u00a0\u00bbcontent-moving\u00a0\u00bb el_id=\u00a0\u00bbmain_pg11&Prime; el_class=\u00a0\u00bbbg-fixed\u00a0\u00bb css=\u00a0\u00bb.vc_custom_1652114966329{background-image: url(https:\/\/www.mma-autoservizi.it\/wp-content\/uploads\/2022\/04\/trasferimenti-aeroporti-stazioni-e-porti.jpg?id=8914) !important;}\u00a0\u00bb][vc_row][vc_column][vc_empty_space height=\u00a0\u00bb600px\u00a0\u00bb][\/vc_column][\/vc_row][\/vc_section][vc_row][vc_column][vc_column_text]\n<h1>Transfert \u00e0 l\u2019a\u00e9roport et \u00e0 la gare par car, navette bus et minibus.<\/h1>\n<h2>Vous voulez arriver \u00e0 l\u2019a\u00e9roport \u00e0 l\u2019heure mais n\u2019avez pas de voiture ??<\/h2>\n<p>Les embouteillages, les transports publiques insuffisant et le manque de parking obligent beaucoup de personne \u00e0 trouver des solutions alternatives pour se d\u00e9placer.[\/vc_column_text][vc_separator][vc_row_inner][vc_column_inner width=\u00a0\u00bb1\/3&Prime;][vc_message message_box_color=\u00a0\u00bbwhite\u00a0\u00bb icon_fontawesome=\u00a0\u00bbfas fa-plane\u00a0\u00bb]\n<h5 style=\"color: #0a0a0a;\"><b>Transfert \u00e0 l\u2019a\u00e9roport<\/b><\/h5>\n<h6 class=\"style-2\">Liaisons directes avec les a\u00e9roports<\/h6>\n[\/vc_message][\/vc_column_inner][vc_column_inner width=\u00a0\u00bb1\/3&Prime;][vc_message message_box_color=\u00a0\u00bbwhite\u00a0\u00bb icon_fontawesome=\u00a0\u00bbfas fa-ship\u00a0\u00bb]\n<h5 style=\"color: #0a0a0a;\"><b>Transfert aux ports<\/b><\/h5>\n<h6 class=\"style-2\">Liaisons directes avec les ports<\/h6>\n[\/vc_message][\/vc_column_inner][vc_column_inner width=\u00a0\u00bb1\/3&Prime;][vc_message message_box_color=\u00a0\u00bbwhite\u00a0\u00bb icon_fontawesome=\u00a0\u00bbfas fa-subway\u00a0\u00bb]\n<h5 style=\"color: #0a0a0a;\"><b>Transfert en direction des gares ferroviaires<\/b><\/h5>\n<h6 class=\"style-2\">Liaisons directes avec les gares ferroviaires<\/h6>\n[\/vc_message][\/vc_column_inner][\/vc_row_inner][\/vc_column][\/vc_row][vc_section full_width=\u00a0\u00bbstretch_row\u00a0\u00bb el_class=\u00a0\u00bbbg-fixed\u00a0\u00bb css=\u00a0\u00bb.vc_custom_1650383734695{margin-top: 0px !important;padding-top: 0px !important;background-image: url(https:\/\/mma-autoservizi.it\/wp-content\/uploads\/2022\/04\/5.jpg?id=8499) !important;}\u00a0\u00bb][vc_row][vc_column width=\u00a0\u00bb5\/12&Prime; css=\u00a0\u00bb.vc_custom_1649165956888{padding-right: 0px !important;padding-left: 0px !important;}\u00a0\u00bb][vc_raw_html css=\u00a0\u00bb.vc_custom_1650384948905{margin-bottom: 0px !important;padding-bottom: 0px !important;}\u00a0\u00bb]PGRpdiBjbGFzcz0iYmFubmVyIGJhbm5lcl9fbW9kIGJnLXByaW1hcnktdmFyaWFudC0xIj4NCiAgICAgICAgICAgICAgICA8ZGl2IGNsYXNzPSJiYW5uZXJfY250Ij4NCjxQIHN0eWxlPSJmb250LXNpemU6MjRweDtsaW5lLWhlaWdodDozNXB4OyI+QXZlYyBub3RyZSBzZXJ2aWNlIGRlIGxpYWlzb24gZOKAmWHDqXJvcG9ydCB2ZXJzIGxlcyBhw6lyb3BvcnRzIFJvbWUgRml1bWljaW5vIGV0IGxlIHBvcnQgZGUgQ2l2aXRhdmVjY2hpYSB2b3VzIHBvdXZleiDDqXZpdGVyIGxlcyBlbWJvdXRlaWxsYWdlcywgZ2FnbmVyIGR1IHRlbXBzIGV0IHJlc3BpcmVyIMOgIG5vdXZlYXUgOyBsYWlzc2V6LXZvdXMgY29uZHVpcmUgITwvUD4NCiAgICAgICAgICAgICAgICA8L2Rpdj4NCiAgICAgICAgICAgICAgPC9kaXY+DQo=[\/vc_raw_html][\/vc_column][vc_column width=\u00a0\u00bb7\/12&Prime;][vc_empty_space height=\u00a0\u00bb60px\u00a0\u00bb][\/vc_column][\/vc_row][\/vc_section][vc_row css=\u00a0\u00bb.vc_custom_1649942038329{margin-top: 50px !important;margin-bottom: 50px !important;}\u00a0\u00bb][vc_column][vc_single_image image=\u00a0\u00bb8595&Prime; add_caption=\u00a0\u00bbyes\u00a0\u00bb alignment=\u00a0\u00bbcenter\u00a0\u00bb style=\u00a0\u00bbvc_box_border_circle\u00a0\u00bb title=\u00a0\u00bbAlessandra: \u201c&rsquo;\u00ab J\u2019ai effectu\u00e9 une r\u00e9servation et eux ils \u00e9taient l\u00e0 \u00e0 m\u2019attendre. Je suis arriv\u00e9e \u00e0 destination \u00e0 l\u2019heure. \u201d\u00a0\u00bb css=\u00a0\u00bb.vc_custom_1649929505457{margin-top: 50px !important;}\u00a0\u00bb][\/vc_column][\/vc_row][vc_section full_width=\u00a0\u00bbstretch_row\u00a0\u00bb el_class=\u00a0\u00bbbg-fixed\u00a0\u00bb css=\u00a0\u00bb.vc_custom_1650383734695{margin-top: 0px !important;padding-top: 0px !important;background-image: url(https:\/\/mma-autoservizi.it\/wp-content\/uploads\/2022\/04\/5.jpg?id=8499) !important;}\u00a0\u00bb][vc_row][vc_column width=\u00a0\u00bb5\/12&Prime; css=\u00a0\u00bb.vc_custom_1649165956888{padding-right: 0px !important;padding-left: 0px !important;}\u00a0\u00bb][vc_raw_html css=\u00a0\u00bb.vc_custom_1652022987508{margin-bottom: 0px !important;padding-bottom: 0px !important;}\u00a0\u00bb]PGRpdiBjbGFzcz0iYmFubmVyIGJhbm5lcl9fbW9kIGJnLXByaW1hcnktdmFyaWFudC0xIj4NCiAgICAgICAgICAgICAgICA8ZGl2IGNsYXNzPSJiYW5uZXJfY250Ij4NCiAgICAgICAgICAgICAgICAgIDxoMj5UUkFOU0ZFUlQgQUVST1BPUlRTPC9oMj4NCjxzcGFuIHN0eWxlPSJmb250LXNpemU6MjBweDsiPiBWT1RSRSBKT1VSTsOJRSBDT01NRU5DRSBBVkVDIE5PVVM8L3NwYW4+PGJyPg0KPGEgY2xhc3M9ImJ1dHRvbiBidG4tbWQgcHVsc2Zsb3R0YSIgaHJlZj0iaHR0cHM6Ly93d3cubW1hLWF1dG9zZXJ2aXppLml0L2ZyL2NhbGN1bGVyLWxlcy1kZXZpcy1wcm9wcmUtYXV0b2Nhci8iPkNBTENVTEVaIFZPVFJFIERFVklTPHNwYW4gY2xhc3M9Imluc2lkZXIiPjwvc3Bhbj48L2E+PGJyPg0KPHNwYW4gc3R5bGU9ImZvbnQtc2l6ZToyMHB4OyI+IFLDqXNlcnZleiB2b3RyZSB0cmFuc2ZlcnQgbWFpbnRlbmFudCAhITwvc3Bhbj48YnI+DQogICAgICAgICAgICAgICAgPC9kaXY+DQogICAgICAgICAgICAgIDwvZGl2Pg0K[\/vc_raw_html][\/vc_column][vc_column width=\u00a0\u00bb7\/12&Prime;][vc_empty_space height=\u00a0\u00bb60px\u00a0\u00bb][\/vc_column][\/vc_row][\/vc_section][vc_row css=\u00a0\u00bb.vc_custom_1650385588304{margin-top: 50px !important;}\u00a0\u00bb][vc_column][vc_empty_space height=\u00a0\u00bb80px\u00a0\u00bb][vc_column_text]\n<h3 style=\"text-align: center;\">Nous effectuons \u00e9galement des <strong>d\u00e9placements sp\u00e9cifiques de Rome<\/strong> vers toutes les principales gares ferroviaires de la zone.<\/h3>\n<h3 style=\"text-align: center;\">Notre service de <strong>transfert d\u2019a\u00e9roport et transfert a\u00e9roportuaire<\/strong> est pratique, fiable et ponctuel. Vous pourrez aller faire un tour sans aucun probl\u00e8me et nous nous assurerons que vous arrivez o\u00f9 vous le souhaitez dans les d\u00e9lais.<\/h3>\n[\/vc_column_text][vc_empty_space height=\u00a0\u00bb80px\u00a0\u00bb][\/vc_column][\/vc_row][vc_section full_width=\u00a0\u00bbstretch_row\u00a0\u00bb css=\u00a0\u00bb.vc_custom_1648912248236{background-color: #ffffff !important;}\u00a0\u00bb][vc_row full_width=\u00a0\u00bbstretch_row_content_no_spaces\u00a0\u00bb equal_height=\u00a0\u00bbyes\u00a0\u00bb css=\u00a0\u00bb.vc_custom_1647618815631{background-color: rgba(255,255,255,0.01) !important;background-position: center !important;background-repeat: no-repeat !important;background-size: cover !important;*background-color: rgb(255,255,255) !important;}\u00a0\u00bb][vc_column width=\u00a0\u00bb5\/12&Prime; css=\u00a0\u00bb.vc_custom_1647624037392{margin-top: 0px !important;margin-right: 0px !important;margin-bottom: 0px !important;margin-left: 0px !important;padding-top: 0px !important;padding-right: 0px !important;padding-bottom: 0px !important;padding-left: 0px !important;}\u00a0\u00bb][\/vc_column][vc_column width=\u00a0\u00bb7\/12&Prime; el_class=\u00a0\u00bb.image-wrap-3 .inset-1&Prime; css=\u00a0\u00bb.vc_custom_1647624046867{margin-top: 0px !important;margin-bottom: 0px !important;margin-left: 0px !important;padding-top: 0px !important;padding-bottom: 0px !important;padding-left: 0px !important;}\u00a0\u00bb][vc_raw_html css=\u00a0\u00bb.vc_custom_1652023010212{margin-top: 0px !important;margin-bottom: 0px !important;margin-left: 0px !important;padding-top: 0px !important;padding-bottom: 0px !important;padding-left: 0px !important;}\u00a0\u00bb]PGRpdiBjbGFzcz0icmVzcG1hYyI+PGltZyBzcmM9Imh0dHBzOi8vd3d3Lm1tYS1hdXRvc2Vydml6aS5pdC93cC1jb250ZW50L3VwbG9hZHMvMjAyMi8wNS9tbWEtYXV0b3NlcnZpemktcHVsbG1hbi1lMTY1MTU5ODMyOTg1Ny5qcGciIGFsdD0iIj48L2Rpdj4NCg0KPGRpdiBjbGFzcz0iYmFubmVyIGJhbm5lcl9fbW9kIGJhbm5lcl9fbW9kLTIgYmctY29udHJhc3QtdmFyaWFudC0yIGJnLWNvbnRyYXN0LXZhcmlhbnQtMl9fYWZ0ZXIiPg0KICAgICAgICAgICAgICAgIDxkaXYgY2xhc3M9ImJhbm5lcl9jbnQiPg0KICAgICAgICAgICAgICAgICAgPGgzPkNIT0lTSVNTRVogVk9UUkUgREVTVElOQVRJT048L2gzPg0KICAgICAgICAgICAgICAgICAgPHA+IE5vdHJlIMOpcXVpcGUgZXN0IMOgIHZvdHJlIGRpc3Bvc2l0aW9uIGF2ZWMgdW4gc2VydmljZSBjb3JkaWFsIGV0IHByb2Zlc3Npb25uZWwuIE5vdXMgYXZvbnMgZGVzIGFubsOpZXMgZOKAmWV4cMOpcmllbmNlLCBjb27Dp3UgcG91ciBhcHBvcnRlciB1bmUgb2ZmcmUgw6Agbm9zIGNsaWVudHMsIG5vcyB2w6loaWN1bGVzIHNvbnQgYWRhcHTDqXMgw6AgdG91dGUgdm9zIGV4aWdlbmNlczwvcD4NCjxhIGNsYXNzPSJidXR0b24gYnRuLW1kIHB1bHNmbG90dGEiIGhyZWY9Imh0dHBzOi8vd3d3Lm1tYS1hdXRvc2Vydml6aS5pdC9mci9jYWxjdWxlci1sZXMtZGV2aXMtcHJvcHJlLWF1dG9jYXIvIj5DQUxDVUxFWiBWT1RSRSBERVZJUzxzcGFuIGNsYXNzPSJpbnNpZGVyIj48L3NwYW4+PC9hPjxicj4NCjxzcGFuIHN0eWxlPSJmb250LXNpemU6MjBweDsiPiBSRVNFUlZFWiBWT1RSRSBUUkFOU0ZFUlQgTUFJTlRFTkFOVCEhPC9zcGFuPjxicj4NCiAgICAgICAgICAgICAgICA8L2Rpdj4NCiAgICAgICAgICAgICAgPC9kaXY+[\/vc_raw_html][\/vc_column][\/vc_row][vc_row][vc_column width=\u00a0\u00bb1\/3&Prime;][vc_column_text]\n<h3><span style=\"color: #19a000;\"><strong>ASSISTANCE 24H\/24<\/strong><\/span><\/h3>\n<p><strong>Assistance 24 H\/24 et 7 jours sur 7<\/strong>. R\u00e9servez un v\u00e9hicule de notre flotte et contactez-nous sans engagement, pour nous demander un devis personnalis\u00e9, notre \u00e9quipe saura vous conseiller au mieux pour vos n\u00e9cessit\u00e9 avec professionnalit\u00e9 et comp\u00e9tence.[\/vc_column_text][\/vc_column][vc_column width=\u00a0\u00bb1\/3&Prime;][vc_column_text]\n<h3><strong><span style=\"color: #19a000;\">AMPLE FLOTTE<\/span><\/strong><\/h3>\n<p>Nous disposons d\u2019une <strong>flotte d\u2019autobus et minibus de classe EURO 6<\/strong>, compos\u00e9 de plus de 30 unit\u00e9s, de diverses dimensions avec des graphiques identiques, pour \u00eatre facilement identifiable par les clients effectuant des services de congr\u00e8s.[\/vc_column_text][\/vc_column][vc_column width=\u00a0\u00bb1\/3&Prime;][vc_column_text]\n<h3><strong><span style=\"color: #19a000;\">BUREAU POLYGLOTTE<\/span><\/strong><\/h3>\n<p>M\u00eame si l\u2019entreprise est r\u00e9cente nous sommes \u00e0 Rome un point de rep\u00e8re dans le secteur pour la qualit\u00e9 car nous disposons de car de derni\u00e8re g\u00e9n\u00e9ration, <strong>chauffeur professionnel et d\u2019un bureau op\u00e9ratif polyglotte (anglais, fran\u00e7ais, espagnol, arabe) joignable 24h\/24 et 7j\/7.<\/strong>[\/vc_column_text][\/vc_column][\/vc_row][\/vc_section]\n","protected":false},"excerpt":{"rendered":"<p>[vc_section full_width=\u00a0\u00bbstretch_row\u00a0\u00bb parallax=\u00a0\u00bbcontent-moving\u00a0\u00bb el_id=\u00a0\u00bbmain_pg11&Prime; el_class=\u00a0\u00bbbg-fixed\u00a0\u00bb css=\u00a0\u00bb.vc_custom_1652114966329{background-image: url(https:\/\/www.mma-autoservizi.it\/wp-content\/uploads\/2022\/04\/trasferimenti-aeroporti-stazioni-e-porti.jpg?id=8914) !important;}\u00a0\u00bb][vc_row][vc_column][vc_empty_space height=\u00a0\u00bb600px\u00a0\u00bb][\/vc_column][\/vc_row][\/vc_section][vc_row][vc_column][vc_column_text] Transfert \u00e0 l\u2019a\u00e9roport et \u00e0 la gare par car, navette bus et minibus. Vous voulez arriver \u00e0 l\u2019a\u00e9roport \u00e0 l\u2019heure mais n\u2019avez pas de voiture ?? Les embouteillages, les transports publiques insuffisant et le manque de parking obligent beaucoup de personne \u00e0 trouver des solutions alternatives [&hellip;]<\/p>\n","protected":false},"author":23,"featured_media":0,"parent":0,"menu_order":0,"comment_status":"closed","ping_status":"closed","template":"","meta":{"site-sidebar-layout":"no-sidebar","site-content-layout":"plain-container","ast-site-content-layout":"","site-content-style":"default","site-sidebar-style":"default","ast-global-header-display":"","ast-banner-title-visibility":"","ast-main-header-display":"","ast-hfb-above-header-display":"","ast-hfb-below-header-display":"","ast-hfb-mobile-header-display":"","site-post-title":"disabled","ast-breadcrumbs-content":"","ast-featured-img":"disabled","footer-sml-layout":"","theme-transparent-header-meta":"default","adv-header-id-meta":"","stick-header-meta":"","header-above-stick-meta":"","header-main-stick-meta":"","header-below-stick-meta":"","astra-migrate-meta-layouts":"default","ast-page-background-enabled":"default","ast-page-background-meta":{"desktop":{"background-color":"var(--ast-global-color-4)","background-image":"","background-repeat":"repeat","background-position":"center center","background-size":"auto","background-attachment":"scroll","background-type":"","background-media":"","overlay-type":"","overlay-color":"","overlay-opacity":"","overlay-gradient":""},"tablet":{"background-color":"","background-image":"","background-repeat":"repeat","background-position":"center center","background-size":"auto","background-attachment":"scroll","background-type":"","background-media":"","overlay-type":"","overlay-color":"","overlay-opacity":"","overlay-gradient":""},"mobile":{"background-color":"","background-image":"","background-repeat":"repeat","background-position":"center center","background-size":"auto","background-attachment":"scroll","background-type":"","background-media":"","overlay-type":"","overlay-color":"","overlay-opacity":"","overlay-gradient":""}},"ast-content-background-meta":{"desktop":{"background-color":"var(--ast-global-color-5)","background-image":"","background-repeat":"repeat","background-position":"center center","background-size":"auto","background-attachment":"scroll","background-type":"","background-media":"","overlay-type":"","overlay-color":"","overlay-opacity":"","overlay-gradient":""},"tablet":{"background-color":"var(--ast-global-color-5)","background-image":"","background-repeat":"repeat","background-position":"center center","background-size":"auto","background-attachment":"scroll","background-type":"","background-media":"","overlay-type":"","overlay-color":"","overlay-opacity":"","overlay-gradient":""},"mobile":{"background-color":"var(--ast-global-color-5)","background-image":"","background-repeat":"repeat","background-position":"center center","background-size":"auto","background-attachment":"scroll","background-type":"","background-media":"","overlay-type":"","overlay-color":"","overlay-opacity":"","overlay-gradient":""}},"ngg_post_thumbnail":0,"footnotes":""},"class_list":["post-10119","page","type-page","status-publish","hentry"],"yoast_head":"<!-- This site is optimized with the Yoast SEO plugin v26.3 - https:\/\/yoast.com\/wordpress\/plugins\/seo\/ -->\n<title>Transfert A\u00e9roport, Gares et Port - MMA Autoservizi<\/title>\n<meta name=\"description\" content=\"MMA Autoservizi assure les transferts a\u00e9roport en autocar, minibus, navette, bus. R\u00e9servez d\u00e8s maintenant vos transferts pour rejoindre les a\u00e9roports de Rome Fiumicino et Ciampino et le port de Civitavecchia.\" \/>\n<meta name=\"robots\" content=\"index, follow, max-snippet:-1, max-image-preview:large, max-video-preview:-1\" \/>\n<link rel=\"canonical\" href=\"https:\/\/www.mma-autoservizi.it\/fr\/transfert\/\" \/>\n<meta property=\"og:locale\" content=\"fr_FR\" \/>\n<meta property=\"og:type\" content=\"article\" \/>\n<meta property=\"og:title\" content=\"Transfert A\u00e9roport, Gares et Port - MMA Autoservizi\" \/>\n<meta property=\"og:description\" content=\"MMA Autoservizi assure les transferts a\u00e9roport en autocar, minibus, navette, bus. R\u00e9servez d\u00e8s maintenant vos transferts pour rejoindre les a\u00e9roports de Rome Fiumicino et Ciampino et le port de Civitavecchia.\" \/>\n<meta property=\"og:url\" content=\"https:\/\/www.mma-autoservizi.it\/fr\/transfert\/\" \/>\n<meta property=\"og:site_name\" content=\"MMA Autoservizi\" \/>\n<meta property=\"article:publisher\" content=\"https:\/\/www.facebook.com\/MmaAutoservizi\/\" \/>\n<meta property=\"article:modified_time\" content=\"2022-06-30T10:53:11+00:00\" \/>\n<meta name=\"twitter:card\" content=\"summary_large_image\" \/>\n<meta name=\"twitter:label1\" content=\"Dur\u00e9e de lecture estim\u00e9e\" \/>\n\t<meta name=\"twitter:data1\" content=\"5 minutes\" \/>\n<script type=\"application\/ld+json\" class=\"yoast-schema-graph\">{\"@context\":\"https:\/\/schema.org\",\"@graph\":[{\"@type\":\"WebPage\",\"@id\":\"https:\/\/www.mma-autoservizi.it\/fr\/transfert\/\",\"url\":\"https:\/\/www.mma-autoservizi.it\/fr\/transfert\/\",\"name\":\"Transfert A\u00e9roport, Gares et Port - MMA Autoservizi\",\"isPartOf\":{\"@id\":\"https:\/\/www.mma-autoservizi.it\/fr\/#website\"},\"datePublished\":\"2022-06-30T10:35:41+00:00\",\"dateModified\":\"2022-06-30T10:53:11+00:00\",\"description\":\"MMA Autoservizi assure les transferts a\u00e9roport en autocar, minibus, navette, bus. R\u00e9servez d\u00e8s maintenant vos transferts pour rejoindre les a\u00e9roports de Rome Fiumicino et Ciampino et le port de Civitavecchia.\",\"breadcrumb\":{\"@id\":\"https:\/\/www.mma-autoservizi.it\/fr\/transfert\/#breadcrumb\"},\"inLanguage\":\"fr-FR\",\"potentialAction\":[{\"@type\":\"ReadAction\",\"target\":[\"https:\/\/www.mma-autoservizi.it\/fr\/transfert\/\"]}]},{\"@type\":\"BreadcrumbList\",\"@id\":\"https:\/\/www.mma-autoservizi.it\/fr\/transfert\/#breadcrumb\",\"itemListElement\":[{\"@type\":\"ListItem\",\"position\":1,\"name\":\"Home\",\"item\":\"https:\/\/www.mma-autoservizi.it\/fr\/home-mma-autoservizi\/\"},{\"@type\":\"ListItem\",\"position\":2,\"name\":\"Transfert\"}]},{\"@type\":\"WebSite\",\"@id\":\"https:\/\/www.mma-autoservizi.it\/fr\/#website\",\"url\":\"https:\/\/www.mma-autoservizi.it\/fr\/\",\"name\":\"MMA Autoservizi\",\"description\":\"molto movimento agency\",\"publisher\":{\"@id\":\"https:\/\/www.mma-autoservizi.it\/fr\/#organization\"},\"potentialAction\":[{\"@type\":\"SearchAction\",\"target\":{\"@type\":\"EntryPoint\",\"urlTemplate\":\"https:\/\/www.mma-autoservizi.it\/fr\/?s={search_term_string}\"},\"query-input\":{\"@type\":\"PropertyValueSpecification\",\"valueRequired\":true,\"valueName\":\"search_term_string\"}}],\"inLanguage\":\"fr-FR\"},{\"@type\":\"Organization\",\"@id\":\"https:\/\/www.mma-autoservizi.it\/fr\/#organization\",\"name\":\"MMA Autoservizi\",\"url\":\"https:\/\/www.mma-autoservizi.it\/fr\/\",\"logo\":{\"@type\":\"ImageObject\",\"inLanguage\":\"fr-FR\",\"@id\":\"https:\/\/www.mma-autoservizi.it\/fr\/#\/schema\/logo\/image\/\",\"url\":\"https:\/\/mma-autoservizi.it\/wp-content\/uploads\/revslider\/slide-home\/logo-home-slide-mma-1.png\",\"contentUrl\":\"https:\/\/mma-autoservizi.it\/wp-content\/uploads\/revslider\/slide-home\/logo-home-slide-mma-1.png\",\"width\":854,\"height\":166,\"caption\":\"MMA Autoservizi\"},\"image\":{\"@id\":\"https:\/\/www.mma-autoservizi.it\/fr\/#\/schema\/logo\/image\/\"},\"sameAs\":[\"https:\/\/www.facebook.com\/MmaAutoservizi\/\"]}]}<\/script>\n<!-- \/ Yoast SEO plugin. -->","yoast_head_json":{"title":"Transfert A\u00e9roport, Gares et Port - MMA Autoservizi","description":"MMA Autoservizi assure les transferts a\u00e9roport en autocar, minibus, navette, bus. R\u00e9servez d\u00e8s maintenant vos transferts pour rejoindre les a\u00e9roports de Rome Fiumicino et Ciampino et le port de Civitavecchia.","robots":{"index":"index","follow":"follow","max-snippet":"max-snippet:-1","max-image-preview":"max-image-preview:large","max-video-preview":"max-video-preview:-1"},"canonical":"https:\/\/www.mma-autoservizi.it\/fr\/transfert\/","og_locale":"fr_FR","og_type":"article","og_title":"Transfert A\u00e9roport, Gares et Port - MMA Autoservizi","og_description":"MMA Autoservizi assure les transferts a\u00e9roport en autocar, minibus, navette, bus. R\u00e9servez d\u00e8s maintenant vos transferts pour rejoindre les a\u00e9roports de Rome Fiumicino et Ciampino et le port de Civitavecchia.","og_url":"https:\/\/www.mma-autoservizi.it\/fr\/transfert\/","og_site_name":"MMA Autoservizi","article_publisher":"https:\/\/www.facebook.com\/MmaAutoservizi\/","article_modified_time":"2022-06-30T10:53:11+00:00","twitter_card":"summary_large_image","twitter_misc":{"Dur\u00e9e de lecture estim\u00e9e":"5 minutes"},"schema":{"@context":"https:\/\/schema.org","@graph":[{"@type":"WebPage","@id":"https:\/\/www.mma-autoservizi.it\/fr\/transfert\/","url":"https:\/\/www.mma-autoservizi.it\/fr\/transfert\/","name":"Transfert A\u00e9roport, Gares et Port - MMA Autoservizi","isPartOf":{"@id":"https:\/\/www.mma-autoservizi.it\/fr\/#website"},"datePublished":"2022-06-30T10:35:41+00:00","dateModified":"2022-06-30T10:53:11+00:00","description":"MMA Autoservizi assure les transferts a\u00e9roport en autocar, minibus, navette, bus. R\u00e9servez d\u00e8s maintenant vos transferts pour rejoindre les a\u00e9roports de Rome Fiumicino et Ciampino et le port de Civitavecchia.","breadcrumb":{"@id":"https:\/\/www.mma-autoservizi.it\/fr\/transfert\/#breadcrumb"},"inLanguage":"fr-FR","potentialAction":[{"@type":"ReadAction","target":["https:\/\/www.mma-autoservizi.it\/fr\/transfert\/"]}]},{"@type":"BreadcrumbList","@id":"https:\/\/www.mma-autoservizi.it\/fr\/transfert\/#breadcrumb","itemListElement":[{"@type":"ListItem","position":1,"name":"Home","item":"https:\/\/www.mma-autoservizi.it\/fr\/home-mma-autoservizi\/"},{"@type":"ListItem","position":2,"name":"Transfert"}]},{"@type":"WebSite","@id":"https:\/\/www.mma-autoservizi.it\/fr\/#website","url":"https:\/\/www.mma-autoservizi.it\/fr\/","name":"MMA Autoservizi","description":"molto movimento agency","publisher":{"@id":"https:\/\/www.mma-autoservizi.it\/fr\/#organization"},"potentialAction":[{"@type":"SearchAction","target":{"@type":"EntryPoint","urlTemplate":"https:\/\/www.mma-autoservizi.it\/fr\/?s={search_term_string}"},"query-input":{"@type":"PropertyValueSpecification","valueRequired":true,"valueName":"search_term_string"}}],"inLanguage":"fr-FR"},{"@type":"Organization","@id":"https:\/\/www.mma-autoservizi.it\/fr\/#organization","name":"MMA Autoservizi","url":"https:\/\/www.mma-autoservizi.it\/fr\/","logo":{"@type":"ImageObject","inLanguage":"fr-FR","@id":"https:\/\/www.mma-autoservizi.it\/fr\/#\/schema\/logo\/image\/","url":"https:\/\/mma-autoservizi.it\/wp-content\/uploads\/revslider\/slide-home\/logo-home-slide-mma-1.png","contentUrl":"https:\/\/mma-autoservizi.it\/wp-content\/uploads\/revslider\/slide-home\/logo-home-slide-mma-1.png","width":854,"height":166,"caption":"MMA Autoservizi"},"image":{"@id":"https:\/\/www.mma-autoservizi.it\/fr\/#\/schema\/logo\/image\/"},"sameAs":["https:\/\/www.facebook.com\/MmaAutoservizi\/"]}]}},"_links":{"self":[{"href":"https:\/\/www.mma-autoservizi.it\/fr\/wp-json\/wp\/v2\/pages\/10119","targetHints":{"allow":["GET"]}}],"collection":[{"href":"https:\/\/www.mma-autoservizi.it\/fr\/wp-json\/wp\/v2\/pages"}],"about":[{"href":"https:\/\/www.mma-autoservizi.it\/fr\/wp-json\/wp\/v2\/types\/page"}],"author":[{"embeddable":true,"href":"https:\/\/www.mma-autoservizi.it\/fr\/wp-json\/wp\/v2\/users\/23"}],"replies":[{"embeddable":true,"href":"https:\/\/www.mma-autoservizi.it\/fr\/wp-json\/wp\/v2\/comments?post=10119"}],"version-history":[{"count":5,"href":"https:\/\/www.mma-autoservizi.it\/fr\/wp-json\/wp\/v2\/pages\/10119\/revisions"}],"predecessor-version":[{"id":10124,"href":"https:\/\/www.mma-autoservizi.it\/fr\/wp-json\/wp\/v2\/pages\/10119\/revisions\/10124"}],"wp:attachment":[{"href":"https:\/\/www.mma-autoservizi.it\/fr\/wp-json\/wp\/v2\/media?parent=10119"}],"curies":[{"name":"wp","href":"https:\/\/api.w.org\/{rel}","templated":true}]}}