{"id":13352,"date":"2024-09-24T18:49:52","date_gmt":"2024-09-24T16:49:52","guid":{"rendered":"https:\/\/www.mma-autoservizi.it\/alquiler-de-autobuses-jubileo-2025\/"},"modified":"2024-09-24T19:06:49","modified_gmt":"2024-09-24T17:06:49","slug":"alquiler-de-autobuses-jubileo-2025","status":"publish","type":"page","link":"https:\/\/www.mma-autoservizi.it\/es\/alquiler-de-autobuses-jubileo-2025\/","title":{"rendered":"Alquiler de autobuses Jubileo 2025"},"content":{"rendered":"[vc_section full_width=\u00bbstretch_row\u00bb el_id=\u00bbmain_pg11&#8243; el_class=\u00bbbg-fixed\u00bb css=\u00bb.vc_custom_1727189360058{background-image: url(https:\/\/www.mma-autoservizi.it\/wp-content\/uploads\/2024\/09\/noleggio-pullman-giubileo-2025.png?id=13340) !important;}\u00bb][vc_row][vc_column][vc_empty_space height=\u00bb500px\u00bb][\/vc_column][\/vc_row][\/vc_section][vc_row][vc_column][vc_column_text]\n<h1>Alquiler de autobuses Jubileo 2025: viaja con seguridad con MMA Autoservizi<\/h1>\n<p><strong>Alquiler de autobuses Jubileo 2025<\/strong>: reserva tu autob\u00fas tur\u00edstico con MMA Autoservizi. Comodidad, seguridad y fiabilidad.<\/p>\n<div id=\"gtx-trans\" style=\"position: absolute; left: -19px; top: 150.562px;\">\n<div class=\"gtx-trans-icon\"><\/div>\n<\/div>\n[\/vc_column_text][vc_separator][\/vc_column][\/vc_row][vc_row][vc_column][vc_column_text]El <strong>alquiler de autobuses para el Jubileo 2025<\/strong> con MMA Autoservizi es la opci\u00f3n ideal para garantizar un viaje seguro, c\u00f3modo y sin estr\u00e9s en Roma. Con nuestra moderna flota y un servicio altamente profesional, nos especializamos en el transporte de <strong>turistas<\/strong> y grupos para grandes eventos, como el <strong>Jubileo 2025<\/strong>.<\/p>\n<h3>Alquiler de autobuses para el Jubileo 2025: tu soluci\u00f3n para el transporte de grupos<\/h3>\n<p>Gracias a nuestra amplia experiencia en el sector y a una flota de <strong>autobuses tur\u00edsticos<\/strong> de \u00faltima generaci\u00f3n, MMA Autoservizi ofrece un servicio de <strong>alquiler de autobuses<\/strong> personalizado, ideal para quienes desean moverse c\u00f3modamente por Roma durante el <strong>Jubileo 2025<\/strong>.[\/vc_column_text][\/vc_column][\/vc_row][vc_section][vc_row][vc_column width=\u00bb1\/3&#8243;][vc_message message_box_color=\u00bbwhite\u00bb icon_fontawesome=\u00bbfas fa-check\u00bb]<strong>Seguridad<\/strong>: todos nuestros autobuses son sometidos a controles regulares y est\u00e1n equipados con los sistemas de seguridad m\u00e1s avanzados.[\/vc_message][\/vc_column][vc_column width=\u00bb1\/3&#8243;][vc_message message_box_color=\u00bbwhite\u00bb icon_fontawesome=\u00bbfas fa-check\u00bb]<strong>Comodidad<\/strong>: asientos reclinables, amplio espacio para las piernas y aire acondicionado.[\/vc_message][\/vc_column][vc_column width=\u00bb1\/3&#8243;][vc_message message_box_color=\u00bbwhite\u00bb icon_fontawesome=\u00bbfas fa-check\u00bb]<strong>Fiabilidad<\/strong>: nuestros conductores son profesionales formados, que ofrecen la m\u00e1xima puntualidad y cortes\u00eda.[\/vc_message][\/vc_column][\/vc_row][\/vc_section][vc_row full_width=\u00bbstretch_row\u00bb parallax=\u00bbcontent-moving\u00bb parallax_image=\u00bb13330&#8243; el_id=\u00bbmain_pag6&#8243; css=\u00bb.vc_custom_1727189024069{margin-top: 0px !important;padding-top: 0px !important;}\u00bb][vc_column width=\u00bb5\/12&#8243; css=\u00bb.vc_custom_1647622633002{margin-right: 0px !important;margin-left: 0px !important;padding-right: 0px !important;padding-left: 0px !important;}\u00bb][vc_raw_html css=\u00bb.vc_custom_1650386351537{margin-top: 0px !important;margin-right: 0px !important;margin-bottom: 0px !important;margin-left: 0px !important;padding-top: 0px !important;padding-right: 0px !important;padding-bottom: 0px !important;padding-left: 0px !important;}\u00bb]PGRpdiBjbGFzcz0iYmFubmVyIGJhbm5lcl9fbW9kIGJnLXByaW1hcnktdmFyaWFudC0xIj4NCjxkaXYgY2xhc3M9ImJhbm5lcl9jbnQiPg0KPGgyPlRVIFNBVElTRkFDQ0nDk04gRVMgTlVFU1RSQSBNSVNJw5NOPC9oMj4NCjxoNSBzdHlsZT0iY29sb3I6ICNmZmY7IGZvbnQtc2l6ZTogMjRweDsiPiN3ZWFyZW1tYTwvaDU+DQo8L2Rpdj4NCjwvZGl2Pg==[\/vc_raw_html][\/vc_column][vc_column width=\u00bb7\/12&#8243;][\/vc_column][\/vc_row][vc_row][vc_column][vc_empty_space][vc_column_text]\n<h3>Reserva tu autob\u00fas tur\u00edstico para el Jubileo 2025<\/h3>\n<p>Alquilar un <strong>autob\u00fas tur\u00edstico<\/strong> para el Jubileo es una opci\u00f3n inteligente para quienes desean visitar Roma con tranquilidad. Nuestros <strong>autobuses para el Jubileo 2025<\/strong> est\u00e1n disponibles para excursiones diarias, traslados al aeropuerto o viajes personalizados para grupos religiosos y culturales.<\/p>\n<h3>\u00bfPor qu\u00e9 elegir MMA Autoservizi para el Jubileo?<\/h3>\n<p>Al elegir MMA Autoservizi, no solo obtienes un excelente servicio de alquiler de autobuses, sino que tambi\u00e9n puedes estar seguro de que viajar\u00e1s con una empresa que prioriza la <strong>fiabilidad<\/strong> y la <strong>seguridad<\/strong>. Cada cliente es \u00fanico para nosotros, y nos comprometemos a ofrecer un servicio impecable durante un evento de talla mundial como el Jubileo.<\/p>\n<h3>Organiza tu viaje para el Jubileo 2025 ahora<\/h3>\n<p>\u00a1No esperes hasta el \u00faltimo momento! El <strong>Jubileo 2025<\/strong> ser\u00e1 un evento extraordinario y la demanda de <strong>alquiler de autobuses<\/strong> ya est\u00e1 en aumento. Contacta a MMA Autoservizi hoy mismo para solicitar un presupuesto gratuito y garantizar un viaje sin preocupaciones durante este evento hist\u00f3rico.[\/vc_column_text][\/vc_column][\/vc_row][vc_section full_width=\u00bbstretch_row\u00bb css=\u00bb.vc_custom_1648912248236{background-color: #ffffff !important;}\u00bb][vc_row full_width=\u00bbstretch_row_content_no_spaces\u00bb equal_height=\u00bbyes\u00bb css=\u00bb.vc_custom_1647618815631{background-color: rgba(255,255,255,0.01) !important;background-position: center !important;background-repeat: no-repeat !important;background-size: cover !important;*background-color: rgb(255,255,255) !important;}\u00bb][vc_column width=\u00bb5\/12&#8243; css=\u00bb.vc_custom_1647624037392{margin-top: 0px !important;margin-right: 0px !important;margin-bottom: 0px !important;margin-left: 0px !important;padding-top: 0px !important;padding-right: 0px !important;padding-bottom: 0px !important;padding-left: 0px !important;}\u00bb][\/vc_column][vc_column width=\u00bb7\/12&#8243; el_class=\u00bb.image-wrap-3 .inset-1&#8243; css=\u00bb.vc_custom_1647624046867{margin-top: 0px !important;margin-bottom: 0px !important;margin-left: 0px !important;padding-top: 0px !important;padding-bottom: 0px !important;padding-left: 0px !important;}\u00bb][vc_raw_html css=\u00bb.vc_custom_1727192078249{margin-top: 0px !important;margin-bottom: 0px !important;margin-left: 0px !important;padding-top: 0px !important;padding-bottom: 0px !important;padding-left: 0px !important;}\u00bb]JTNDZGl2JTIwY2xhc3MlM0QlMjJyZXNwbWFjJTIyJTNFJTNDaW1nJTIwc3JjJTNEJTIyaHR0cHMlM0ElMkYlMkZ3d3cubW1hLWF1dG9zZXJ2aXppLml0JTJGd3AtY29udGVudCUyRnVwbG9hZHMlMkYyMDI0JTJGMDklMkZidXMtdHVyaXN0aWNpLXBlci1naXViaWxlby0yMDI1LmpwZyUyMiUyMGFsdCUzRCUyMmF1dG9idXNlcyUyMHR1ciVDMyVBRHN0aWNvcyUyMHBhcmElMjBlbCUyMGp1YmlsZW8lMjAyMDI1JTIyJTNFJTNDJTJGZGl2JTNFJTBBJTBBJTNDZGl2JTIwY2xhc3MlM0QlMjJiYW5uZXIlMjBiYW5uZXJfX21vZCUyMGJhbm5lcl9fbW9kLTIlMjBiZy1jb250cmFzdC12YXJpYW50LTIlMjBiZy1jb250cmFzdC12YXJpYW50LTJfX2FmdGVyJTIyJTNFJTBBJTIwJTIwJTIwJTIwJTIwJTIwJTIwJTIwJTIwJTIwJTIwJTIwJTIwJTIwJTIwJTIwJTNDZGl2JTIwY2xhc3MlM0QlMjJiYW5uZXJfY250JTIyJTNFJTBBJTIwJTIwJTIwJTIwJTIwJTIwJTIwJTIwJTIwJTIwJTIwJTIwJTIwJTIwJTIwJTIwJTIwJTIwJTNDaDMlM0VIQVolMjBRVUUlMjBUVSUyMFZJQUpFJTIwQUwlMjBKVUJJTEVPJTIwMjAyNSUyME9SR0FOSVpBRE8lMjBQT1IlMjBDT0FDSCUyMFNFQSUyMFJFQUxNRU5URSUyMElOT0xWSURBQkxFJTNDJTJGaDMlM0UlMEElMjAlMjAlMjAlMjAlMjAlMjAlMjAlMjAlMjAlMjAlMjAlMjAlMjAlMjAlMjAlMjAlMjAlMjAlM0NwJTNFJTIwTnVlc3RybyUyMHBlcnNvbmFsJTIwZXN0JUMzJUExJTIwZGlzcG9uaWJsZSUyMGNvbiUyMHVuJTIwc2VydmljaW8lMjBhbWFibGUlMjB5JTIwcHJvZmVzaW9uYWwuJTIwQ29udGFtb3MlMjBjb24lMjBhJUMzJUIxb3MlMjBkZSUyMGV4cGVyaWVuY2lhJTJDJTIwYmFzYWRvcyUyMCVFMiU4MCU4QiVFMiU4MCU4QmVuJTIwb2ZyZWNlciUyMGElMjBudWVzdHJvcyUyMGNsaWVudGVzJTJDJTIwbnVlc3Ryb3MlMjB2ZWglQzMlQURjdWxvcyUyMHNvbiUyMGFkZWN1YWRvcyUyMHBhcmElMjB0b2RhcyUyMHN1cyUyMG5lY2VzaWRhZGVzLiUwQSUyMCUyMCUyMCUyMCUyMCUyMCUyMCUyMCUyMCUyMCUyMCUyMCUyMCUyMCUyMCUyMCUyMCUyMCUzQyUyRnAlM0UlMEElM0NhJTIwY2xhc3MlM0QlMjJidXR0b24lMjBidG4tbWQlMjBwdWxzZmxvdHRhJTIyJTIwaHJlZiUzRCUyMmh0dHBzJTNBJTJGJTJGd3d3Lm1tYS1hdXRvc2Vydml6aS5pdCUyRmVzJTJGb2J0ZW5nYS11bmEtY290aXphY2lvbi1wYXJhLWVsLWFscXVpbGVyLWRlLWF1dG9jYXJlcyUyRiUyMiUzRUNBTENVTEElMjBMQSUyMENPVElaQUNJJUMzJTkzTiUzQ3NwYW4lMjBjbGFzcyUzRCUyMmluc2lkZXIlMjIlM0UlM0MlMkZzcGFuJTNFJTNDJTJGYSUzRSUzQ2JyJTNFJTBBJTNDc3BhbiUyMHN0eWxlJTNEJTIyZm9udC1zaXplJTNBMjBweCUzQiUyMiUzRSUyMCVDMiVBMVJFU0VSVkElMjBBSE9SQSUyMFRVJTIwQVVUT0IlQzMlOUFTJTIwUEFSQSUyMEVMJTIwSlVCSUxFTyUyMDIwMjUlMjElM0MlMkZzcGFuJTNFJTNDYnIlM0UlMEElMjAlMjAlMjAlMjAlMjAlMjAlMjAlMjAlMjAlMjAlMjAlMjAlMjAlMjAlMjAlMjAlM0MlMkZkaXYlM0UlMEElMjAlMjAlMjAlMjAlMjAlMjAlMjAlMjAlMjAlMjAlMjAlMjAlMjAlMjAlM0MlMkZkaXYlM0U=[\/vc_raw_html][\/vc_column][\/vc_row][\/vc_section][vc_row][vc_column][vc_custom_heading text=\u00bbFAQ\u00bb font_container=\u00bbtag:h2|font_size:35PX|text_align:left\u00bb use_theme_fonts=\u00bbyes\u00bb][\/vc_column][\/vc_row][vc_row][vc_column][vc_toggle title=\u00bb\u00bfCu\u00e1l es la capacidad de los autobuses disponibles?\u00bb custom_font_container=\u00bbtag:h2|font_size:25px|text_align:left\u00bb custom_google_fonts=\u00bbfont_family:Roboto%3A100%2C100italic%2C300%2C300italic%2Cregular%2Citalic%2C500%2C500italic%2C700%2C700italic%2C900%2C900italic|font_style:700%20bold%20regular%3A700%3Anormal\u00bb use_custom_heading=\u00bbtrue\u00bb]Nuestros autobuses pueden acomodar grupos de 16 a 60 personas, seg\u00fan tus necesidades.[\/vc_toggle][vc_toggle title=\u00bb\u00bfEs posible personalizar los itinerarios?\u00bb custom_font_container=\u00bbtag:h2|font_size:25px|text_align:left\u00bb custom_google_fonts=\u00bbfont_family:Roboto%3A100%2C100italic%2C300%2C300italic%2Cregular%2Citalic%2C500%2C500italic%2C700%2C700italic%2C900%2C900italic|font_style:700%20bold%20regular%3A700%3Anormal\u00bb use_custom_heading=\u00bbtrue\u00bb]S\u00ed, ofrecemos un servicio flexible y personalizado. Podemos organizar recorridos a medida seg\u00fan tus preferencias.[\/vc_toggle][vc_toggle title=\u00bb\u00bfLos autobuses son accesibles para personas con movilidad reducida?\u00bb custom_font_container=\u00bbtag:h2|font_size:25px|text_align:left\u00bb custom_google_fonts=\u00bbfont_family:Roboto%3A100%2C100italic%2C300%2C300italic%2Cregular%2Citalic%2C500%2C500italic%2C700%2C700italic%2C900%2C900italic|font_style:700%20bold%20regular%3A700%3Anormal\u00bb use_custom_heading=\u00bbtrue\u00bb]Por supuesto. Contamos con veh\u00edculos equipados para garantizar la comodidad de todos los pasajeros.[\/vc_toggle][vc_toggle title=\u00bb\u00bfCon cu\u00e1nta antelaci\u00f3n se recomienda reservar?\u00bb custom_font_container=\u00bbtag:h2|font_size:25px|text_align:left\u00bb custom_google_fonts=\u00bbfont_family:Roboto%3A100%2C100italic%2C300%2C300italic%2Cregular%2Citalic%2C500%2C500italic%2C700%2C700italic%2C900%2C900italic|font_style:700%20bold%20regular%3A700%3Anormal\u00bb use_custom_heading=\u00bbtrue\u00bb]Recomendamos reservar lo antes posible para garantizar la disponibilidad durante el Jubileo 2025.[\/vc_toggle][\/vc_column][\/vc_row]\n","protected":false},"excerpt":{"rendered":"<p>[vc_section full_width=\u00bbstretch_row\u00bb el_id=\u00bbmain_pg11&#8243; el_class=\u00bbbg-fixed\u00bb css=\u00bb.vc_custom_1727189360058{background-image: url(https:\/\/www.mma-autoservizi.it\/wp-content\/uploads\/2024\/09\/noleggio-pullman-giubileo-2025.png?id=13340) !important;}\u00bb][vc_row][vc_column][vc_empty_space height=\u00bb500px\u00bb][\/vc_column][\/vc_row][\/vc_section][vc_row][vc_column][vc_column_text] Alquiler de autobuses Jubileo 2025: viaja con seguridad con MMA Autoservizi Alquiler de autobuses Jubileo 2025: reserva tu autob\u00fas tur\u00edstico con MMA Autoservizi. Comodidad, seguridad y fiabilidad. [\/vc_column_text][vc_separator][\/vc_column][\/vc_row][vc_row][vc_column][vc_column_text]El alquiler de autobuses para el Jubileo 2025 con MMA Autoservizi es la opci\u00f3n ideal para garantizar un viaje seguro, [&hellip;]<\/p>\n","protected":false},"author":23,"featured_media":0,"parent":0,"menu_order":0,"comment_status":"closed","ping_status":"closed","template":"","meta":{"site-sidebar-layout":"no-sidebar","site-content-layout":"plain-container","ast-site-content-layout":"","site-content-style":"default","site-sidebar-style":"default","ast-global-header-display":"","ast-banner-title-visibility":"","ast-main-header-display":"","ast-hfb-above-header-display":"","ast-hfb-below-header-display":"","ast-hfb-mobile-header-display":"","site-post-title":"disabled","ast-breadcrumbs-content":"","ast-featured-img":"","footer-sml-layout":"","theme-transparent-header-meta":"default","adv-header-id-meta":"","stick-header-meta":"","header-above-stick-meta":"","header-main-stick-meta":"","header-below-stick-meta":"","astra-migrate-meta-layouts":"default","ast-page-background-enabled":"default","ast-page-background-meta":{"desktop":{"background-color":"var(--ast-global-color-4)","background-image":"","background-repeat":"repeat","background-position":"center center","background-size":"auto","background-attachment":"scroll","background-type":"","background-media":"","overlay-type":"","overlay-color":"","overlay-opacity":"","overlay-gradient":""},"tablet":{"background-color":"","background-image":"","background-repeat":"repeat","background-position":"center center","background-size":"auto","background-attachment":"scroll","background-type":"","background-media":"","overlay-type":"","overlay-color":"","overlay-opacity":"","overlay-gradient":""},"mobile":{"background-color":"","background-image":"","background-repeat":"repeat","background-position":"center center","background-size":"auto","background-attachment":"scroll","background-type":"","background-media":"","overlay-type":"","overlay-color":"","overlay-opacity":"","overlay-gradient":""}},"ast-content-background-meta":{"desktop":{"background-color":"var(--ast-global-color-5)","background-image":"","background-repeat":"repeat","background-position":"center center","background-size":"auto","background-attachment":"scroll","background-type":"","background-media":"","overlay-type":"","overlay-color":"","overlay-opacity":"","overlay-gradient":""},"tablet":{"background-color":"var(--ast-global-color-5)","background-image":"","background-repeat":"repeat","background-position":"center center","background-size":"auto","background-attachment":"scroll","background-type":"","background-media":"","overlay-type":"","overlay-color":"","overlay-opacity":"","overlay-gradient":""},"mobile":{"background-color":"var(--ast-global-color-5)","background-image":"","background-repeat":"repeat","background-position":"center center","background-size":"auto","background-attachment":"scroll","background-type":"","background-media":"","overlay-type":"","overlay-color":"","overlay-opacity":"","overlay-gradient":""}},"ngg_post_thumbnail":0,"footnotes":""},"class_list":["post-13352","page","type-page","status-publish","hentry"],"yoast_head":"<!-- This site is optimized with the Yoast SEO plugin v26.3 - https:\/\/yoast.com\/wordpress\/plugins\/seo\/ -->\n<title>Alquiler de autobuses Jubileo 2025: viaja con seguridad con MMA Autoservizi<\/title>\n<meta name=\"description\" content=\"Alquiler de autobuses Jubileo 2025: reserva tu autob\u00fas tur\u00edstico con MMA Autoservizi. Comodidad, seguridad y fiabilidad.\" \/>\n<meta name=\"robots\" content=\"index, follow, max-snippet:-1, max-image-preview:large, max-video-preview:-1\" \/>\n<link rel=\"canonical\" href=\"https:\/\/www.mma-autoservizi.it\/es\/alquiler-de-autobuses-jubileo-2025\/\" \/>\n<meta property=\"og:locale\" content=\"es_ES\" \/>\n<meta property=\"og:type\" content=\"article\" \/>\n<meta property=\"og:title\" content=\"Alquiler de autobuses Jubileo 2025: viaja con seguridad con MMA Autoservizi\" \/>\n<meta property=\"og:description\" content=\"Alquiler de autobuses Jubileo 2025: reserva tu autob\u00fas tur\u00edstico con MMA Autoservizi. Comodidad, seguridad y fiabilidad.\" \/>\n<meta property=\"og:url\" content=\"https:\/\/www.mma-autoservizi.it\/es\/alquiler-de-autobuses-jubileo-2025\/\" \/>\n<meta property=\"og:site_name\" content=\"MMA Autoservizi\" \/>\n<meta property=\"article:publisher\" content=\"https:\/\/www.facebook.com\/MmaAutoservizi\/\" \/>\n<meta property=\"article:modified_time\" content=\"2024-09-24T17:06:49+00:00\" \/>\n<meta name=\"twitter:card\" content=\"summary_large_image\" \/>\n<meta name=\"twitter:label1\" content=\"Tiempo de lectura\" \/>\n\t<meta name=\"twitter:data1\" content=\"6 minutos\" \/>\n<script type=\"application\/ld+json\" class=\"yoast-schema-graph\">{\"@context\":\"https:\/\/schema.org\",\"@graph\":[{\"@type\":\"WebPage\",\"@id\":\"https:\/\/www.mma-autoservizi.it\/es\/alquiler-de-autobuses-jubileo-2025\/\",\"url\":\"https:\/\/www.mma-autoservizi.it\/es\/alquiler-de-autobuses-jubileo-2025\/\",\"name\":\"Alquiler de autobuses Jubileo 2025: viaja con seguridad con MMA Autoservizi\",\"isPartOf\":{\"@id\":\"https:\/\/www.mma-autoservizi.it\/es\/#website\"},\"datePublished\":\"2024-09-24T16:49:52+00:00\",\"dateModified\":\"2024-09-24T17:06:49+00:00\",\"description\":\"Alquiler de autobuses Jubileo 2025: reserva tu autob\u00fas tur\u00edstico con MMA Autoservizi. Comodidad, seguridad y fiabilidad.\",\"breadcrumb\":{\"@id\":\"https:\/\/www.mma-autoservizi.it\/es\/alquiler-de-autobuses-jubileo-2025\/#breadcrumb\"},\"inLanguage\":\"es\",\"potentialAction\":[{\"@type\":\"ReadAction\",\"target\":[\"https:\/\/www.mma-autoservizi.it\/es\/alquiler-de-autobuses-jubileo-2025\/\"]}]},{\"@type\":\"BreadcrumbList\",\"@id\":\"https:\/\/www.mma-autoservizi.it\/es\/alquiler-de-autobuses-jubileo-2025\/#breadcrumb\",\"itemListElement\":[{\"@type\":\"ListItem\",\"position\":1,\"name\":\"Home\",\"item\":\"https:\/\/www.mma-autoservizi.it\/es\/pagina-de-inicio-mma\/\"},{\"@type\":\"ListItem\",\"position\":2,\"name\":\"Alquiler de autobuses Jubileo 2025\"}]},{\"@type\":\"WebSite\",\"@id\":\"https:\/\/www.mma-autoservizi.it\/es\/#website\",\"url\":\"https:\/\/www.mma-autoservizi.it\/es\/\",\"name\":\"MMA Autoservizi\",\"description\":\"molto movimento agency\",\"publisher\":{\"@id\":\"https:\/\/www.mma-autoservizi.it\/es\/#organization\"},\"potentialAction\":[{\"@type\":\"SearchAction\",\"target\":{\"@type\":\"EntryPoint\",\"urlTemplate\":\"https:\/\/www.mma-autoservizi.it\/es\/?s={search_term_string}\"},\"query-input\":{\"@type\":\"PropertyValueSpecification\",\"valueRequired\":true,\"valueName\":\"search_term_string\"}}],\"inLanguage\":\"es\"},{\"@type\":\"Organization\",\"@id\":\"https:\/\/www.mma-autoservizi.it\/es\/#organization\",\"name\":\"MMA Autoservizi\",\"url\":\"https:\/\/www.mma-autoservizi.it\/es\/\",\"logo\":{\"@type\":\"ImageObject\",\"inLanguage\":\"es\",\"@id\":\"https:\/\/www.mma-autoservizi.it\/es\/#\/schema\/logo\/image\/\",\"url\":\"https:\/\/mma-autoservizi.it\/wp-content\/uploads\/revslider\/slide-home\/logo-home-slide-mma-1.png\",\"contentUrl\":\"https:\/\/mma-autoservizi.it\/wp-content\/uploads\/revslider\/slide-home\/logo-home-slide-mma-1.png\",\"width\":854,\"height\":166,\"caption\":\"MMA Autoservizi\"},\"image\":{\"@id\":\"https:\/\/www.mma-autoservizi.it\/es\/#\/schema\/logo\/image\/\"},\"sameAs\":[\"https:\/\/www.facebook.com\/MmaAutoservizi\/\"]}]}<\/script>\n<!-- \/ Yoast SEO plugin. -->","yoast_head_json":{"title":"Alquiler de autobuses Jubileo 2025: viaja con seguridad con MMA Autoservizi","description":"Alquiler de autobuses Jubileo 2025: reserva tu autob\u00fas tur\u00edstico con MMA Autoservizi. Comodidad, seguridad y fiabilidad.","robots":{"index":"index","follow":"follow","max-snippet":"max-snippet:-1","max-image-preview":"max-image-preview:large","max-video-preview":"max-video-preview:-1"},"canonical":"https:\/\/www.mma-autoservizi.it\/es\/alquiler-de-autobuses-jubileo-2025\/","og_locale":"es_ES","og_type":"article","og_title":"Alquiler de autobuses Jubileo 2025: viaja con seguridad con MMA Autoservizi","og_description":"Alquiler de autobuses Jubileo 2025: reserva tu autob\u00fas tur\u00edstico con MMA Autoservizi. Comodidad, seguridad y fiabilidad.","og_url":"https:\/\/www.mma-autoservizi.it\/es\/alquiler-de-autobuses-jubileo-2025\/","og_site_name":"MMA Autoservizi","article_publisher":"https:\/\/www.facebook.com\/MmaAutoservizi\/","article_modified_time":"2024-09-24T17:06:49+00:00","twitter_card":"summary_large_image","twitter_misc":{"Tiempo de lectura":"6 minutos"},"schema":{"@context":"https:\/\/schema.org","@graph":[{"@type":"WebPage","@id":"https:\/\/www.mma-autoservizi.it\/es\/alquiler-de-autobuses-jubileo-2025\/","url":"https:\/\/www.mma-autoservizi.it\/es\/alquiler-de-autobuses-jubileo-2025\/","name":"Alquiler de autobuses Jubileo 2025: viaja con seguridad con MMA Autoservizi","isPartOf":{"@id":"https:\/\/www.mma-autoservizi.it\/es\/#website"},"datePublished":"2024-09-24T16:49:52+00:00","dateModified":"2024-09-24T17:06:49+00:00","description":"Alquiler de autobuses Jubileo 2025: reserva tu autob\u00fas tur\u00edstico con MMA Autoservizi. Comodidad, seguridad y fiabilidad.","breadcrumb":{"@id":"https:\/\/www.mma-autoservizi.it\/es\/alquiler-de-autobuses-jubileo-2025\/#breadcrumb"},"inLanguage":"es","potentialAction":[{"@type":"ReadAction","target":["https:\/\/www.mma-autoservizi.it\/es\/alquiler-de-autobuses-jubileo-2025\/"]}]},{"@type":"BreadcrumbList","@id":"https:\/\/www.mma-autoservizi.it\/es\/alquiler-de-autobuses-jubileo-2025\/#breadcrumb","itemListElement":[{"@type":"ListItem","position":1,"name":"Home","item":"https:\/\/www.mma-autoservizi.it\/es\/pagina-de-inicio-mma\/"},{"@type":"ListItem","position":2,"name":"Alquiler de autobuses Jubileo 2025"}]},{"@type":"WebSite","@id":"https:\/\/www.mma-autoservizi.it\/es\/#website","url":"https:\/\/www.mma-autoservizi.it\/es\/","name":"MMA Autoservizi","description":"molto movimento agency","publisher":{"@id":"https:\/\/www.mma-autoservizi.it\/es\/#organization"},"potentialAction":[{"@type":"SearchAction","target":{"@type":"EntryPoint","urlTemplate":"https:\/\/www.mma-autoservizi.it\/es\/?s={search_term_string}"},"query-input":{"@type":"PropertyValueSpecification","valueRequired":true,"valueName":"search_term_string"}}],"inLanguage":"es"},{"@type":"Organization","@id":"https:\/\/www.mma-autoservizi.it\/es\/#organization","name":"MMA Autoservizi","url":"https:\/\/www.mma-autoservizi.it\/es\/","logo":{"@type":"ImageObject","inLanguage":"es","@id":"https:\/\/www.mma-autoservizi.it\/es\/#\/schema\/logo\/image\/","url":"https:\/\/mma-autoservizi.it\/wp-content\/uploads\/revslider\/slide-home\/logo-home-slide-mma-1.png","contentUrl":"https:\/\/mma-autoservizi.it\/wp-content\/uploads\/revslider\/slide-home\/logo-home-slide-mma-1.png","width":854,"height":166,"caption":"MMA Autoservizi"},"image":{"@id":"https:\/\/www.mma-autoservizi.it\/es\/#\/schema\/logo\/image\/"},"sameAs":["https:\/\/www.facebook.com\/MmaAutoservizi\/"]}]}},"_links":{"self":[{"href":"https:\/\/www.mma-autoservizi.it\/es\/wp-json\/wp\/v2\/pages\/13352","targetHints":{"allow":["GET"]}}],"collection":[{"href":"https:\/\/www.mma-autoservizi.it\/es\/wp-json\/wp\/v2\/pages"}],"about":[{"href":"https:\/\/www.mma-autoservizi.it\/es\/wp-json\/wp\/v2\/types\/page"}],"author":[{"embeddable":true,"href":"https:\/\/www.mma-autoservizi.it\/es\/wp-json\/wp\/v2\/users\/23"}],"replies":[{"embeddable":true,"href":"https:\/\/www.mma-autoservizi.it\/es\/wp-json\/wp\/v2\/comments?post=13352"}],"version-history":[{"count":3,"href":"https:\/\/www.mma-autoservizi.it\/es\/wp-json\/wp\/v2\/pages\/13352\/revisions"}],"predecessor-version":[{"id":13363,"href":"https:\/\/www.mma-autoservizi.it\/es\/wp-json\/wp\/v2\/pages\/13352\/revisions\/13363"}],"wp:attachment":[{"href":"https:\/\/www.mma-autoservizi.it\/es\/wp-json\/wp\/v2\/media?parent=13352"}],"curies":[{"name":"wp","href":"https:\/\/api.w.org\/{rel}","templated":true}]}}