{"id":10260,"date":"2022-07-08T19:12:15","date_gmt":"2022-07-08T17:12:15","guid":{"rendered":"https:\/\/www.mma-autoservizi.it\/alquiler-de-autobuses\/"},"modified":"2022-07-08T19:12:59","modified_gmt":"2022-07-08T17:12:59","slug":"alquiler-de-autobuses","status":"publish","type":"page","link":"https:\/\/www.mma-autoservizi.it\/es\/alquiler-de-autobuses\/","title":{"rendered":"Alquiler de autobuses"},"content":{"rendered":"[vc_section full_width=\u00bbstretch_row\u00bb parallax=\u00bbcontent-moving\u00bb el_id=\u00bbmain_pg11&#8243; el_class=\u00bbbg-fixed\u00bb css=\u00bb.vc_custom_1652112377923{background-image: url(https:\/\/www.mma-autoservizi.it\/wp-content\/uploads\/2022\/05\/Nolo_autobus.jpg?id=9725) !important;}\u00bb][vc_row][vc_column][vc_empty_space height=\u00bb600px\u00bb][\/vc_column][\/vc_row][\/vc_section][vc_row][vc_column][vc_empty_space height=\u00bb50px\u00bb][vc_column_text]\n<h1>Alquiler de autobuses en Roma<\/h1>\n<h2>Conseguir una empresa de alquiler de autobuses confiable puede ser decepcionante y agotador.<\/h2>\n[\/vc_column_text][\/vc_column][\/vc_row][vc_row equal_height=\u00bbyes\u00bb parallax=\u00bbcontent-moving\u00bb el_id=\u00bbmain_pag50&#8243; css=\u00bb.vc_custom_1652086045003{padding-top: 0px !important;padding-bottom: 0px !important;background-color: #ffffff !important;background-position: center;background-repeat: no-repeat;background-size: cover !important;}\u00bb][vc_column width=\u00bb5\/12&#8243; css=\u00bb.vc_custom_1652088225749{margin-top: 0px !important;margin-right: 0px !important;margin-bottom: 0px !important;margin-left: 0px !important;padding-top: 0px !important;padding-right: 0px !important;padding-bottom: 0px !important;padding-left: 0px !important;background: #ffffff url(https:\/\/mma-autoservizi.it\/wp-content\/uploads\/2022\/04\/MMA-Gite-Scolastiche.jpg?id=8776) !important;background-position: center !important;background-repeat: no-repeat !important;background-size: cover !important;}\u00bb][\/vc_column][vc_column width=\u00bb7\/12&#8243; css=\u00bb.vc_custom_1648911119615{margin-top: 0px !important;margin-bottom: 0px !important;padding-top: 0px !important;padding-bottom: 0px !important;background-color: #333333 !important;}\u00bb][vc_empty_space height=\u00bb70px\u00bb][vc_column_text css=\u00bb.vc_custom_1651589726480{margin-top: 0px !important;margin-bottom: 0px !important;padding-top: 0px !important;padding-bottom: 0px !important;}\u00bb]\n<p style=\"color: #fff; line-height: 40px;\">MMA ofrece una amplia gama de servicios de <strong>alquiler de autobuses<\/strong> capaces de satisfacer cada necesidad y ofrece una amplia flota de veh\u00edculos. <strong>MMA Autoservizi a Roma<\/strong> estar\u00e1 encantada de ofrecerle sus servicios a partir del momento en que se ponga en contacto con nosotros para comenzar una agradable colaboraci\u00f3n de la que sin duda se beneficiar\u00e1<\/p>\n<p><a class=\"button btn-md button-primary\" style=\"background-color: #ff0000;\" href=\"https:\/\/www.mma-autoservizi.it\/es\/obtenga-una-cotizacion-para-el-alquiler-de-autocares\/\">PIDA SU PRESUPUESTO<\/a>[\/vc_column_text][vc_empty_space height=\u00bb70px\u00bb][\/vc_column][\/vc_row][vc_section full_width=\u00bbstretch_row\u00bb css=\u00bb.vc_custom_1648912248236{background-color: #ffffff !important;}\u00bb el_id=\u00bbsection2&#8243;][vc_row][vc_column width=\u00bb1\/3&#8243;][vc_column_text]\n<h3><a href=\"https:\/\/www.mma-autoservizi.it\/es\/fiestas-y-eventos\/\"><span style=\"color: #19a000;\"><strong>FIESTAS Y EVENTOS<\/strong><\/span><\/a><\/h3>\n<p>MMA &#8211; Autoservizi es la soluci\u00f3n ideal para todo tipo de exigencias de <strong>alquiler de autobuses para fiestas y eventos en Roma<\/strong>. Desde transporte ejecutivo hasta minibuses y autocares, <strong>garantizamos la tranquilidad que demandan nuestros clientes<\/strong>.<br \/>\n<a href=\"https:\/\/www.mma-autoservizi.it\/es\/fiestas-y-eventos\/\"><em><span style=\"color: #19a000;\">Reservar ahora<\/span><\/em><\/a>[\/vc_column_text][\/vc_column][vc_column width=\u00bb1\/3&#8243;][vc_column_text]\n<h3><a href=\"https:\/\/www.mma-autoservizi.it\/es\/viajes-al-campo\/\"><strong><span style=\"color: #19a000;\">EXCURSIONES<\/span><\/strong><\/a><\/h3>\n<p>Ofrecemos servicios de <strong>alquiler de autobuses y minibuses<\/strong> para viajes escolares a precios competitivos. Su <strong>seguridad es nuestra principal prioridad<\/strong> y nos adherimos a los m\u00e1s altos est\u00e1ndares vigentes.<br \/>\n<a href=\"https:\/\/www.mma-autoservizi.it\/es\/viajes-al-campo\/\"><em><span style=\"color: #19a000;\">Reservar ahora<\/span><\/em><\/a>[\/vc_column_text][\/vc_column][vc_column width=\u00bb1\/3&#8243;][vc_column_text]\n<h3><a href=\"https:\/\/www.mma-autoservizi.it\/es\/servicio-de-lanzadera\/\"><strong><span style=\"color: #19a000;\">SERVICIO DE LANZADERA<\/span><\/strong><\/a><\/h3>\n<p>Ofrecemos un servicio de alquiler de lanzadera con conductor para trasladarle a cualquier destino de su elecci\u00f3n, en cualquier momento y al lugar exacto donde debe llegar.<br \/>\n<a href=\"https:\/\/www.mma-autoservizi.it\/es\/servicio-de-lanzadera\/\"><em><span style=\"color: #19a000;\">Reservar ahora<\/span><\/em><\/a>[\/vc_column_text][\/vc_column][\/vc_row][vc_row][vc_column width=\u00bb1\/3&#8243;][vc_column_text]\n<h3><a href=\"https:\/\/www.mma-autoservizi.it\/es\/transfer\/\"><strong><span style=\"color: #19a000;\">SERVICIO DE TRANSFER<\/span><\/strong><\/a><\/h3>\n<p>Visite nuestra secci\u00f3n de <strong>transfer al aeropuerto<\/strong> para obtener informaci\u00f3n sobre <strong>traslados a aeropuertos, estaciones, puertos<\/strong> y para garantizar un viaje seguro, r\u00e1pido y c\u00f3modo.<br \/>\n<a href=\"https:\/\/www.mma-autoservizi.it\/es\/transfer\/\"><em><span style=\"color: #19a000;\">Reservar ahora<\/span><\/em><\/a>[\/vc_column_text][\/vc_column][vc_column width=\u00bb1\/3&#8243;][vc_column_text]\n<h3><a href=\"https:\/\/www.mma-autoservizi.it\/es\/viajes-organizados-en-autocar\/\"><strong><span style=\"color: #19a000;\">VIAJES ORGANIZADOS<\/span><\/strong><\/a><\/h3>\n<p>Ofrecemos <strong>autocares y minibuses de alquiler para viajes organizados de todo tipo<\/strong>, desde una simple excursi\u00f3n hasta un tour de varios d\u00edas. <strong>Los viajes organizados<\/strong> en autob\u00fas son la soluci\u00f3n perfecta para tus viajes en grupo.<br \/>\n<a href=\"https:\/\/www.mma-autoservizi.it\/es\/viajes-organizados-en-autocar\/\"><em><span style=\"color: #19a000;\">Reservar ahora<\/span><\/em><\/a>[\/vc_column_text][\/vc_column][vc_column width=\u00bb1\/3&#8243;][vc_column_text]\n<h3><a href=\"https:\/\/www.mma-autoservizi.it\/es\/fiestas-y-eventos\/\"><strong><span style=\"color: #19a000;\">EXPOSICIONES<\/span><\/strong><\/a><\/h3>\n<p><strong>MMA &#8211; Autoservizi<\/strong> es la soluci\u00f3n ideal para todo tipo de exigencias de <strong>alquiler de autobuses para fiestas y eventos en Roma<\/strong>. Desde transporte ejecutivo hasta minibuses y autocares, garantizamos la tranquilidad que demandan nuestros clientes.<br \/>\n<a href=\"https:\/\/www.mma-autoservizi.it\/es\/fiestas-y-eventos\/\"><em><span style=\"color: #19a000;\">Reservar ahora<\/span><\/em><\/a>[\/vc_column_text][\/vc_column][\/vc_row][\/vc_section][vc_section full_width=\u00bbstretch_row_content\u00bb][vc_row parallax=\u00bbcontent-moving\u00bb parallax_image=\u00bb8475&#8243;][vc_column][vc_empty_space height=\u00bb500&#8243;][\/vc_column][\/vc_row][\/vc_section][vc_row content_placement=\u00bbmiddle\u00bb el_id=\u00bbmain_pag6&#8243; css=\u00bb.vc_custom_1650041325116{margin-top: 0px !important;padding-top: 0px !important;}\u00bb][vc_column width=\u00bb5\/12&#8243; css=\u00bb.vc_custom_1647622633002{margin-right: 0px !important;margin-left: 0px !important;padding-right: 0px !important;padding-left: 0px !important;}\u00bb][vc_raw_html css=\u00bb.vc_custom_1650386339296{margin-top: 0px !important;margin-right: 0px !important;margin-bottom: 0px !important;margin-left: 0px !important;padding-top: 0px !important;padding-right: 0px !important;padding-bottom: 0px !important;padding-left: 0px !important;}\u00bb]PGRpdiBjbGFzcz0iYmFubmVyIGJhbm5lcl9fbW9kIGJnLXByaW1hcnktdmFyaWFudC0xIj4NCiAgICAgICAgICAgICAgICA8ZGl2IGNsYXNzPSJiYW5uZXJfY250Ij4NCiAgICAgICAgICAgICAgICAgIDxoMj5TVSBTQVRJU0ZBQ0NJw5NOIDxzcGFuIGNsYXNzPSJub3JtYWwgZC1pbmxpbmUtYmxvY2siPiBFUyBOVUVTVFJPIE9CSkVUSVZPPC9zcGFuPjwvaDI+DQo8aDUgc3R5bGU9Y29sb3I6I2ZmZjtmb250LXNpemU6MjRweDsiPiNmb2xsb3dtbWE8L2g1Pg0KPGg1IHN0eWxlPWNvbG9yOiNmZmY7Zm9udC1zaXplOjI0cHg7Ij4jd2VhcmVtbWE8L2g1Pg0KICAgICAgICAgICAgICAgIDwvZGl2Pg0KICAgICAgICAgICAgICA8L2Rpdj4NCg==[\/vc_raw_html][\/vc_column][vc_column width=\u00bb7\/12&#8243;][vc_column_text]\n<p style=\"font-size: 30px; line-height: 50px;\">Contamos con m\u00e1s de veinte a\u00f1os de experiencia como empresa y con <strong>conductores cualificados<\/strong>, ofreciendo un transporte <strong>seguro y saludable<\/strong> para sus viajes. Ya sea que visite Italia desde el exterior o necesite transporte dentro del pais, nosotros podemos ayudarle.<\/p>\n[\/vc_column_text][\/vc_column][\/vc_row][vc_section full_width=\u00bbstretch_row\u00bb css=\u00bb.vc_custom_1652201080237{margin-top: 0px !important;padding-top: 0px !important;background-color: #ffffff !important;}\u00bb][vc_row full_width=\u00bbstretch_row_content_no_spaces\u00bb equal_height=\u00bbyes\u00bb css=\u00bb.vc_custom_1647618815631{background-color: rgba(255,255,255,0.01) !important;background-position: center !important;background-repeat: no-repeat !important;background-size: cover !important;*background-color: rgb(255,255,255) !important;}\u00bb][vc_column width=\u00bb5\/12&#8243; css=\u00bb.vc_custom_1647624037392{margin-top: 0px !important;margin-right: 0px !important;margin-bottom: 0px !important;margin-left: 0px !important;padding-top: 0px !important;padding-right: 0px !important;padding-bottom: 0px !important;padding-left: 0px !important;}\u00bb][\/vc_column][vc_column width=\u00bb7\/12&#8243; el_class=\u00bb.image-wrap-3 .inset-1&#8243; css=\u00bb.vc_custom_1647624046867{margin-top: 0px !important;margin-bottom: 0px !important;margin-left: 0px !important;padding-top: 0px !important;padding-bottom: 0px !important;padding-left: 0px !important;}\u00bb][vc_raw_html css=\u00bb.vc_custom_1655134940642{margin-top: 0px !important;margin-bottom: 0px !important;margin-left: 0px !important;padding-top: 0px !important;padding-bottom: 0px !important;padding-left: 0px !important;}\u00bb]PGRpdiBjbGFzcz0icmVzcG1hYyI+PGltZyBzcmM9Imh0dHBzOi8vd3d3Lm1tYS1hdXRvc2Vydml6aS5pdC93cC1jb250ZW50L3VwbG9hZHMvMjAyMi8wMy8yNzU2MTAwMThfMTk4MjMzODc1MTk1ODkyN18yNDIxOTIxNzgzMDE4MDgwNjI3X24tZTE2NDc4ODExODYyMTQuanBlZyIgYWx0PSIiPjwvZGl2Pg0KDQo8ZGl2IGNsYXNzPSJiYW5uZXIgYmFubmVyX19tb2QgYmFubmVyX19tb2QtMiBiZy1jb250cmFzdC12YXJpYW50LTIgYmctY29udHJhc3QtdmFyaWFudC0yX19hZnRlciI+DQogICAgICAgICAgICAgICAgPGRpdiBjbGFzcz0iYmFubmVyX2NudCI+DQogICAgICAgICAgICAgICAgICA8aDM+wqFFTElKQSBTVSBERVNUSU5PITwvaDM+DQogICAgICAgICAgICAgICAgICA8cD4gTnVlc3RybyBwZXJzb25hbCBlc3TDoSBzaWVtcHJlIGRpc3BvbmlibGUsIHByb3BvcmNpb27DoW5kb2xlIHVuIHNlcnZpY2lvIGFtYWJsZSB5IHByb2Zlc2lvbmFsLiBBw7FvcyBkZSBleHBlcmllbmNpYSBub3MgcGVybWl0ZW4gb2ZyZWNlcmxlIHVuIGdyYW4gc2VydmljaW8gYSBudWVzdHJvcyBjbGllbnRlcy4gQ29udGFtb3MgY29uIHVuYSBmbG90YSBkZSB2ZWjDrWN1bG9zIHF1ZSBzZSBhZGFwdGFuIGEgdG9kbyB0aXBvIGRlIGV4aWdlbmNpYXMuDQogICAgICAgICAgICAgICAgICA8L3A+DQo8YSBjbGFzcz0iYnV0dG9uIGJ0bi1tZCBwdWxzZmxvdHRhIiBocmVmPSJodHRwczovL3d3dy5tbWEtYXV0b3NlcnZpemkuaXQvZXMvb2J0ZW5nYS11bmEtY290aXphY2lvbi1wYXJhLWVsLWFscXVpbGVyLWRlLWF1dG9jYXJlcy8iPlBJREEgU1UgUFJFU1VQVUVTVE88c3BhbiBjbGFzcz0iaW5zaWRlciI+PC9zcGFuPjwvYT48YnI+DQo8c3BhbiBzdHlsZT0iZm9udC1zaXplOjIwcHg7Ij4gwqFSRVNFUlZFIFNVIEFVVE9Cw5pTIEFIT1JBITwvc3Bhbj48YnI+DQogICAgICAgICAgICAgICAgPC9kaXY+DQogICAgICAgICAgICAgIDwvZGl2Pg==[\/vc_raw_html][\/vc_column][\/vc_row][vc_row][vc_column width=\u00bb1\/3&#8243;][vc_column_text]\n<h3><span style=\"color: #19a000;\"><strong>ASISTENCIA PERSONALIZADA H24<\/strong><\/span><\/h3>\n<p>Asistencia personalizada las 24 horas del d\u00eda, los 7 d\u00edas de la semana, reserve un veh\u00edculo de nuestra flota y cont\u00e1ctenos sin compromiso, para solicitudes o presupuestos personalizados, nuestro equipo podr\u00e1 asesorarle de manera apropiada seg\u00fan sus exigencias en modo profesional y competente.[\/vc_column_text][\/vc_column][vc_column width=\u00bb1\/3&#8243;][vc_column_text]\n<h3><strong><span style=\"color: #19a000;\">AMPLIA FLOTA<\/span><\/strong><\/h3>\n<p>Disponemos de una flota de autobuses y minibuses clase EURO 6, compuesta por m\u00e1s de 30 unidades, de todos los tama\u00f1os con los mismos gr\u00e1ficos, precisamente para ser f\u00e1cilmente identificables por los clientes que realizan congresos.[\/vc_column_text][\/vc_column][vc_column width=\u00bb1\/3&#8243;][vc_column_text]\n<h3><strong><span style=\"color: #19a000;\">OFICINA OPERATIVA CON PERSONAL MULTILING\u00dcE<\/span><\/strong><\/h3>\n<p>A pesar de la corta edad de la empresa, somos en Roma un punto de referencia en el sector por nuestra calidad, disponemos de autocares de \u00faltima generaci\u00f3n, <strong>conductores profesionales y una oficina operativa multiling\u00fce (ingl\u00e9s, franc\u00e9s, espa\u00f1ol, \u00e1rabe) con disponibilidad 24\/7. <\/strong>[\/vc_column_text][\/vc_column][\/vc_row][\/vc_section]\n","protected":false},"excerpt":{"rendered":"<p>[vc_section full_width=\u00bbstretch_row\u00bb parallax=\u00bbcontent-moving\u00bb el_id=\u00bbmain_pg11&#8243; el_class=\u00bbbg-fixed\u00bb css=\u00bb.vc_custom_1652112377923{background-image: url(https:\/\/www.mma-autoservizi.it\/wp-content\/uploads\/2022\/05\/Nolo_autobus.jpg?id=9725) !important;}\u00bb][vc_row][vc_column][vc_empty_space height=\u00bb600px\u00bb][\/vc_column][\/vc_row][\/vc_section][vc_row][vc_column][vc_empty_space height=\u00bb50px\u00bb][vc_column_text] Alquiler de autobuses en Roma Conseguir una empresa de alquiler de autobuses confiable puede ser decepcionante y agotador. [\/vc_column_text][\/vc_column][\/vc_row][vc_row equal_height=\u00bbyes\u00bb parallax=\u00bbcontent-moving\u00bb el_id=\u00bbmain_pag50&#8243; css=\u00bb.vc_custom_1652086045003{padding-top: 0px !important;padding-bottom: 0px !important;background-color: #ffffff !important;background-position: center;background-repeat: no-repeat;background-size: cover !important;}\u00bb][vc_column width=\u00bb5\/12&#8243; css=\u00bb.vc_custom_1652088225749{margin-top: 0px !important;margin-right: 0px !important;margin-bottom: 0px !important;margin-left: 0px !important;padding-top: 0px !important;padding-right: [&hellip;]<\/p>\n","protected":false},"author":21,"featured_media":0,"parent":0,"menu_order":0,"comment_status":"closed","ping_status":"closed","template":"","meta":{"site-sidebar-layout":"no-sidebar","site-content-layout":"plain-container","ast-site-content-layout":"","site-content-style":"default","site-sidebar-style":"default","ast-global-header-display":"","ast-banner-title-visibility":"","ast-main-header-display":"","ast-hfb-above-header-display":"","ast-hfb-below-header-display":"","ast-hfb-mobile-header-display":"","site-post-title":"disabled","ast-breadcrumbs-content":"","ast-featured-img":"disabled","footer-sml-layout":"","theme-transparent-header-meta":"default","adv-header-id-meta":"","stick-header-meta":"","header-above-stick-meta":"","header-main-stick-meta":"","header-below-stick-meta":"","astra-migrate-meta-layouts":"default","ast-page-background-enabled":"default","ast-page-background-meta":{"desktop":{"background-color":"var(--ast-global-color-4)","background-image":"","background-repeat":"repeat","background-position":"center center","background-size":"auto","background-attachment":"scroll","background-type":"","background-media":"","overlay-type":"","overlay-color":"","overlay-opacity":"","overlay-gradient":""},"tablet":{"background-color":"","background-image":"","background-repeat":"repeat","background-position":"center center","background-size":"auto","background-attachment":"scroll","background-type":"","background-media":"","overlay-type":"","overlay-color":"","overlay-opacity":"","overlay-gradient":""},"mobile":{"background-color":"","background-image":"","background-repeat":"repeat","background-position":"center center","background-size":"auto","background-attachment":"scroll","background-type":"","background-media":"","overlay-type":"","overlay-color":"","overlay-opacity":"","overlay-gradient":""}},"ast-content-background-meta":{"desktop":{"background-color":"var(--ast-global-color-5)","background-image":"","background-repeat":"repeat","background-position":"center center","background-size":"auto","background-attachment":"scroll","background-type":"","background-media":"","overlay-type":"","overlay-color":"","overlay-opacity":"","overlay-gradient":""},"tablet":{"background-color":"var(--ast-global-color-5)","background-image":"","background-repeat":"repeat","background-position":"center center","background-size":"auto","background-attachment":"scroll","background-type":"","background-media":"","overlay-type":"","overlay-color":"","overlay-opacity":"","overlay-gradient":""},"mobile":{"background-color":"var(--ast-global-color-5)","background-image":"","background-repeat":"repeat","background-position":"center center","background-size":"auto","background-attachment":"scroll","background-type":"","background-media":"","overlay-type":"","overlay-color":"","overlay-opacity":"","overlay-gradient":""}},"ngg_post_thumbnail":0,"footnotes":""},"class_list":["post-10260","page","type-page","status-publish","hentry"],"yoast_head":"<!-- This site is optimized with the Yoast SEO plugin v26.3 - https:\/\/yoast.com\/wordpress\/plugins\/seo\/ -->\n<title>Alquiler de Autobuses MMA Autoservizi. Alquiler de autobuses con conductor<\/title>\n<meta name=\"description\" content=\"Alquiler de autobuses y minibuses con conductor, un servicio completo y fiable para cualquier viaje en Italia y en el extranjero.\" \/>\n<meta name=\"robots\" content=\"index, follow, max-snippet:-1, max-image-preview:large, max-video-preview:-1\" \/>\n<link rel=\"canonical\" href=\"https:\/\/www.mma-autoservizi.it\/es\/alquiler-de-autobuses\/\" \/>\n<meta property=\"og:locale\" content=\"es_ES\" \/>\n<meta property=\"og:type\" content=\"article\" \/>\n<meta property=\"og:title\" content=\"Alquiler de Autobuses MMA Autoservizi. Alquiler de autobuses con conductor\" \/>\n<meta property=\"og:description\" content=\"Alquiler de autobuses y minibuses con conductor, un servicio completo y fiable para cualquier viaje en Italia y en el extranjero.\" \/>\n<meta property=\"og:url\" content=\"https:\/\/www.mma-autoservizi.it\/es\/alquiler-de-autobuses\/\" \/>\n<meta property=\"og:site_name\" content=\"MMA Autoservizi\" \/>\n<meta property=\"article:publisher\" content=\"https:\/\/www.facebook.com\/MmaAutoservizi\/\" \/>\n<meta property=\"article:modified_time\" content=\"2022-07-08T17:12:59+00:00\" \/>\n<meta name=\"twitter:card\" content=\"summary_large_image\" \/>\n<meta name=\"twitter:label1\" content=\"Tiempo de lectura\" \/>\n\t<meta name=\"twitter:data1\" content=\"6 minutos\" \/>\n<script type=\"application\/ld+json\" class=\"yoast-schema-graph\">{\"@context\":\"https:\/\/schema.org\",\"@graph\":[{\"@type\":\"WebPage\",\"@id\":\"https:\/\/www.mma-autoservizi.it\/es\/alquiler-de-autobuses\/\",\"url\":\"https:\/\/www.mma-autoservizi.it\/es\/alquiler-de-autobuses\/\",\"name\":\"Alquiler de Autobuses MMA Autoservizi. Alquiler de autobuses con conductor\",\"isPartOf\":{\"@id\":\"https:\/\/www.mma-autoservizi.it\/es\/#website\"},\"datePublished\":\"2022-07-08T17:12:15+00:00\",\"dateModified\":\"2022-07-08T17:12:59+00:00\",\"description\":\"Alquiler de autobuses y minibuses con conductor, un servicio completo y fiable para cualquier viaje en Italia y en el extranjero.\",\"breadcrumb\":{\"@id\":\"https:\/\/www.mma-autoservizi.it\/es\/alquiler-de-autobuses\/#breadcrumb\"},\"inLanguage\":\"es\",\"potentialAction\":[{\"@type\":\"ReadAction\",\"target\":[\"https:\/\/www.mma-autoservizi.it\/es\/alquiler-de-autobuses\/\"]}]},{\"@type\":\"BreadcrumbList\",\"@id\":\"https:\/\/www.mma-autoservizi.it\/es\/alquiler-de-autobuses\/#breadcrumb\",\"itemListElement\":[{\"@type\":\"ListItem\",\"position\":1,\"name\":\"Home\",\"item\":\"https:\/\/www.mma-autoservizi.it\/es\/pagina-de-inicio-mma\/\"},{\"@type\":\"ListItem\",\"position\":2,\"name\":\"Alquiler de autobuses\"}]},{\"@type\":\"WebSite\",\"@id\":\"https:\/\/www.mma-autoservizi.it\/es\/#website\",\"url\":\"https:\/\/www.mma-autoservizi.it\/es\/\",\"name\":\"MMA Autoservizi\",\"description\":\"molto movimento agency\",\"publisher\":{\"@id\":\"https:\/\/www.mma-autoservizi.it\/es\/#organization\"},\"potentialAction\":[{\"@type\":\"SearchAction\",\"target\":{\"@type\":\"EntryPoint\",\"urlTemplate\":\"https:\/\/www.mma-autoservizi.it\/es\/?s={search_term_string}\"},\"query-input\":{\"@type\":\"PropertyValueSpecification\",\"valueRequired\":true,\"valueName\":\"search_term_string\"}}],\"inLanguage\":\"es\"},{\"@type\":\"Organization\",\"@id\":\"https:\/\/www.mma-autoservizi.it\/es\/#organization\",\"name\":\"MMA Autoservizi\",\"url\":\"https:\/\/www.mma-autoservizi.it\/es\/\",\"logo\":{\"@type\":\"ImageObject\",\"inLanguage\":\"es\",\"@id\":\"https:\/\/www.mma-autoservizi.it\/es\/#\/schema\/logo\/image\/\",\"url\":\"https:\/\/mma-autoservizi.it\/wp-content\/uploads\/revslider\/slide-home\/logo-home-slide-mma-1.png\",\"contentUrl\":\"https:\/\/mma-autoservizi.it\/wp-content\/uploads\/revslider\/slide-home\/logo-home-slide-mma-1.png\",\"width\":854,\"height\":166,\"caption\":\"MMA Autoservizi\"},\"image\":{\"@id\":\"https:\/\/www.mma-autoservizi.it\/es\/#\/schema\/logo\/image\/\"},\"sameAs\":[\"https:\/\/www.facebook.com\/MmaAutoservizi\/\"]}]}<\/script>\n<!-- \/ Yoast SEO plugin. -->","yoast_head_json":{"title":"Alquiler de Autobuses MMA Autoservizi. Alquiler de autobuses con conductor","description":"Alquiler de autobuses y minibuses con conductor, un servicio completo y fiable para cualquier viaje en Italia y en el extranjero.","robots":{"index":"index","follow":"follow","max-snippet":"max-snippet:-1","max-image-preview":"max-image-preview:large","max-video-preview":"max-video-preview:-1"},"canonical":"https:\/\/www.mma-autoservizi.it\/es\/alquiler-de-autobuses\/","og_locale":"es_ES","og_type":"article","og_title":"Alquiler de Autobuses MMA Autoservizi. Alquiler de autobuses con conductor","og_description":"Alquiler de autobuses y minibuses con conductor, un servicio completo y fiable para cualquier viaje en Italia y en el extranjero.","og_url":"https:\/\/www.mma-autoservizi.it\/es\/alquiler-de-autobuses\/","og_site_name":"MMA Autoservizi","article_publisher":"https:\/\/www.facebook.com\/MmaAutoservizi\/","article_modified_time":"2022-07-08T17:12:59+00:00","twitter_card":"summary_large_image","twitter_misc":{"Tiempo de lectura":"6 minutos"},"schema":{"@context":"https:\/\/schema.org","@graph":[{"@type":"WebPage","@id":"https:\/\/www.mma-autoservizi.it\/es\/alquiler-de-autobuses\/","url":"https:\/\/www.mma-autoservizi.it\/es\/alquiler-de-autobuses\/","name":"Alquiler de Autobuses MMA Autoservizi. Alquiler de autobuses con conductor","isPartOf":{"@id":"https:\/\/www.mma-autoservizi.it\/es\/#website"},"datePublished":"2022-07-08T17:12:15+00:00","dateModified":"2022-07-08T17:12:59+00:00","description":"Alquiler de autobuses y minibuses con conductor, un servicio completo y fiable para cualquier viaje en Italia y en el extranjero.","breadcrumb":{"@id":"https:\/\/www.mma-autoservizi.it\/es\/alquiler-de-autobuses\/#breadcrumb"},"inLanguage":"es","potentialAction":[{"@type":"ReadAction","target":["https:\/\/www.mma-autoservizi.it\/es\/alquiler-de-autobuses\/"]}]},{"@type":"BreadcrumbList","@id":"https:\/\/www.mma-autoservizi.it\/es\/alquiler-de-autobuses\/#breadcrumb","itemListElement":[{"@type":"ListItem","position":1,"name":"Home","item":"https:\/\/www.mma-autoservizi.it\/es\/pagina-de-inicio-mma\/"},{"@type":"ListItem","position":2,"name":"Alquiler de autobuses"}]},{"@type":"WebSite","@id":"https:\/\/www.mma-autoservizi.it\/es\/#website","url":"https:\/\/www.mma-autoservizi.it\/es\/","name":"MMA Autoservizi","description":"molto movimento agency","publisher":{"@id":"https:\/\/www.mma-autoservizi.it\/es\/#organization"},"potentialAction":[{"@type":"SearchAction","target":{"@type":"EntryPoint","urlTemplate":"https:\/\/www.mma-autoservizi.it\/es\/?s={search_term_string}"},"query-input":{"@type":"PropertyValueSpecification","valueRequired":true,"valueName":"search_term_string"}}],"inLanguage":"es"},{"@type":"Organization","@id":"https:\/\/www.mma-autoservizi.it\/es\/#organization","name":"MMA Autoservizi","url":"https:\/\/www.mma-autoservizi.it\/es\/","logo":{"@type":"ImageObject","inLanguage":"es","@id":"https:\/\/www.mma-autoservizi.it\/es\/#\/schema\/logo\/image\/","url":"https:\/\/mma-autoservizi.it\/wp-content\/uploads\/revslider\/slide-home\/logo-home-slide-mma-1.png","contentUrl":"https:\/\/mma-autoservizi.it\/wp-content\/uploads\/revslider\/slide-home\/logo-home-slide-mma-1.png","width":854,"height":166,"caption":"MMA Autoservizi"},"image":{"@id":"https:\/\/www.mma-autoservizi.it\/es\/#\/schema\/logo\/image\/"},"sameAs":["https:\/\/www.facebook.com\/MmaAutoservizi\/"]}]}},"_links":{"self":[{"href":"https:\/\/www.mma-autoservizi.it\/es\/wp-json\/wp\/v2\/pages\/10260","targetHints":{"allow":["GET"]}}],"collection":[{"href":"https:\/\/www.mma-autoservizi.it\/es\/wp-json\/wp\/v2\/pages"}],"about":[{"href":"https:\/\/www.mma-autoservizi.it\/es\/wp-json\/wp\/v2\/types\/page"}],"author":[{"embeddable":true,"href":"https:\/\/www.mma-autoservizi.it\/es\/wp-json\/wp\/v2\/users\/21"}],"replies":[{"embeddable":true,"href":"https:\/\/www.mma-autoservizi.it\/es\/wp-json\/wp\/v2\/comments?post=10260"}],"version-history":[{"count":2,"href":"https:\/\/www.mma-autoservizi.it\/es\/wp-json\/wp\/v2\/pages\/10260\/revisions"}],"predecessor-version":[{"id":10262,"href":"https:\/\/www.mma-autoservizi.it\/es\/wp-json\/wp\/v2\/pages\/10260\/revisions\/10262"}],"wp:attachment":[{"href":"https:\/\/www.mma-autoservizi.it\/es\/wp-json\/wp\/v2\/media?parent=10260"}],"curies":[{"name":"wp","href":"https:\/\/api.w.org\/{rel}","templated":true}]}}