{"id":10254,"date":"2022-07-08T13:52:03","date_gmt":"2022-07-08T11:52:03","guid":{"rendered":"https:\/\/www.mma-autoservizi.it\/flota-de-autobuses-de-alquiler-con-conductor\/"},"modified":"2025-07-04T13:11:15","modified_gmt":"2025-07-04T11:11:15","slug":"flota-de-autobuses-de-alquiler-con-conductor","status":"publish","type":"page","link":"https:\/\/www.mma-autoservizi.it\/es\/flota-de-autobuses-de-alquiler-con-conductor\/","title":{"rendered":"Flota de autobuses de alquiler con conductor"},"content":{"rendered":"[vc_row full_width=\u00bbstretch_row_content_no_spaces\u00bb content_placement=\u00bbmiddle\u00bb parallax=\u00bbcontent-moving\u00bb parallax_image=\u00bb8357&#8243; css=\u00bb.vc_custom_1650450248920{padding-top: 250px !important;padding-bottom: 250px !important;}\u00bb][vc_column][\/vc_column][\/vc_row][vc_row content_placement=\u00bbtop\u00bb][vc_column][vc_column_text]\n<h1>Nuestra flota de autocares, autobuses, lanzaderas y minibuses de alquiler con conductor<\/h1>\n[\/vc_column_text][vc_column_text css=\u00bb.vc_custom_1651140077566{margin-top: 0px !important;margin-bottom: 0px !important;padding-top: 0px !important;padding-bottom: 0px !important;}\u00bb]\n<h2>Disponemos de una flota de autobuses y minibuses clase EURO 6, compuesta por m\u00e1s de 30 unidades, de todos los tama\u00f1os precisamente para ser f\u00e1cilmente identificables por los clientes que realizan congresos..<\/h2>\n<p>&nbsp;[\/vc_column_text][vc_empty_space][\/vc_column][\/vc_row][vc_row full_width=\u00bbstretch_row_content\u00bb equal_height=\u00bbyes\u00bb parallax=\u00bbcontent-moving\u00bb el_id=\u00bbmain_pag50&#8243; css=\u00bb.vc_custom_1650450892835{padding-top: 0px !important;padding-bottom: 0px !important;background-color: #ffffff !important;background-position: center;background-repeat: no-repeat !important;background-size: cover !important;}\u00bb][vc_column width=\u00bb1\/2&#8243; css=\u00bb.vc_custom_1649068094340{margin-top: 0px !important;margin-right: 0px !important;margin-bottom: 0px !important;margin-left: 0px !important;padding-top: 0px !important;padding-right: 0px !important;padding-bottom: 0px !important;padding-left: 0px !important;background: #ffffff url(https:\/\/mma-autoservizi.it\/wp-content\/uploads\/2022\/04\/2.jpg?id=8481) !important;background-position: center !important;background-repeat: no-repeat !important;background-size: cover !important;}\u00bb][\/vc_column][vc_column width=\u00bb1\/2&#8243; css=\u00bb.vc_custom_1648911119615{margin-top: 0px !important;margin-bottom: 0px !important;padding-top: 0px !important;padding-bottom: 0px !important;background-color: #333333 !important;}\u00bb][vc_empty_space height=\u00bb70px\u00bb][vc_column_text css=\u00bb.vc_custom_1650452251830{margin-top: 0px !important;margin-bottom: 0px !important;padding-top: 0px !important;padding-bottom: 0px !important;}\u00bb]\n<p style=\"color: #fff; font-size: 24px; line-height: 40px;\">Disponemos de una flota de autobuses preparada para trasladar clientes con comodidad a cualquier destino. Asientos grandes y reclinables, ba\u00f1o a bordo, amplio espacio para las piernas y maleteros dise\u00f1ados incluso para las maletas m\u00e1s voluminosas son algunas de las ventajas que ofrecen nuestros autobuses de hasta 12 metros.<\/p>\n[\/vc_column_text][vc_empty_space height=\u00bb70px\u00bb][vc_column_text]<em><small><strong><span style=\"color: #fd2500;\">* LA LIMPIEZA Y DESINFECCI\u00d3N DE NUESTROS AUTOBUSES SE REALIZA DIARIAMENTE SEG\u00daN LA NORMATIVA COVID-19<\/span><\/strong><\/small><\/em>[\/vc_column_text][\/vc_column][\/vc_row][vc_row][vc_column][vc_empty_space][\/vc_column][\/vc_row][vc_row][vc_column width=\u00bb1\/3&#8243;][vc_column_text]\n<h3><strong><span style=\"color: #19a000;\">FURG\u00d3N DE EQUIPAJES<\/span><\/strong><\/h3>\n[\/vc_column_text][vc_masonry_media_grid style=\u00bbload-more\u00bb items_per_page=\u00bb1&#8243; element_width=\u00bb12&#8243; btn_title=\u00bbVer m\u00e1s fotos\u00bb btn_color=\u00bbdanger\u00bb initial_loading_animation=\u00bbfadeIn\u00bb grid_id=\u00bbvc_gid:1751616009404-0c20e508-5d35-3&#8243; include=\u00bb9027,9033,9038,9043,9048,9053&#8243;][\/vc_column][vc_column width=\u00bb1\/3&#8243;][vc_column_text]\n<h3><strong><span style=\"color: #19a000;\">MINIB\u00daS 19 PLAZAS<\/span><\/strong><\/h3>\n[\/vc_column_text][vc_masonry_media_grid style=\u00bbload-more\u00bb items_per_page=\u00bb1&#8243; element_width=\u00bb12&#8243; btn_title=\u00bbVer m\u00e1s fotos\u00bb btn_color=\u00bbdanger\u00bb initial_loading_animation=\u00bbfadeIn\u00bb grid_id=\u00bbvc_gid:1751616009413-5c6b6696-62d1-8&#8243; include=\u00bb8678,12519,8655,12523,12527,8650,8645,8895,10743&#8243;][\/vc_column][vc_column width=\u00bb1\/3&#8243;][vc_column_text]\n<h3><strong><span style=\"color: #19a000;\">PULLMAN 30 POSTI<\/span><\/strong><\/h3>\n[\/vc_column_text][vc_masonry_media_grid style=\u00bbload-more\u00bb items_per_page=\u00bb1&#8243; element_width=\u00bb12&#8243; btn_title=\u00bbVer m\u00e1s fotos\u00bb btn_color=\u00bbdanger\u00bb initial_loading_animation=\u00bbfadeIn\u00bb grid_id=\u00bbvc_gid:1751616009422-862fddbc-2317-0&#8243; include=\u00bb10722,5898,5886,10747,10751,10755,10759&#8243;][\/vc_column][\/vc_row][vc_row][vc_column width=\u00bb1\/3&#8243;][vc_column_text]\n<h3><strong><span style=\"color: #19a000;\">PULLMAN 35-37 POSTI<\/span><\/strong><\/h3>\n[\/vc_column_text][vc_masonry_media_grid style=\u00bbload-more\u00bb items_per_page=\u00bb1&#8243; element_width=\u00bb12&#8243; btn_title=\u00bbVer m\u00e1s fotos\u00bb btn_color=\u00bbdanger\u00bb initial_loading_animation=\u00bbfadeIn\u00bb grid_id=\u00bbvc_gid:1751616009432-4e6e5834-4b90-0&#8243; include=\u00bb8534,8529,5910,5906,5770,5922&#8243;][\/vc_column][vc_column width=\u00bb1\/3&#8243;][vc_column_text]\n<h3><strong><span style=\"color: #19a000;\">PULLMAN 50 POSTI<\/span><\/strong><\/h3>\n[\/vc_column_text][vc_masonry_media_grid style=\u00bbload-more\u00bb items_per_page=\u00bb1&#8243; element_width=\u00bb12&#8243; btn_title=\u00bbVer m\u00e1s fotos\u00bb btn_color=\u00bbdanger\u00bb initial_loading_animation=\u00bbfadeIn\u00bb grid_id=\u00bbvc_gid:1751616009440-d0ab403b-f62c-4&#8243; include=\u00bb9088,10634,8912,8900,8760,8780,10763,10771,10775&#8243;][\/vc_column][vc_column width=\u00bb1\/3&#8243;][vc_column_text]\n<h3><strong><span style=\"color: #19a000;\">PULLMAN 59-64 POSTI<\/span><\/strong><\/h3>\n[\/vc_column_text][vc_masonry_media_grid style=\u00bbload-more\u00bb items_per_page=\u00bb1&#8243; element_width=\u00bb12&#8243; btn_title=\u00bbVer m\u00e1s fotos\u00bb btn_color=\u00bbdanger\u00bb initial_loading_animation=\u00bbfadeIn\u00bb grid_id=\u00bbvc_gid:1751616009452-c053f4ed-5aa3-1&#8243; include=\u00bb14384,8918,8830,14395,14390,8816,10779,10783,10787,10795,10791&#8243;][\/vc_column][\/vc_row][vc_section full_width=\u00bbstretch_row\u00bb css=\u00bb.vc_custom_1648912248236{background-color: #ffffff !important;}\u00bb][vc_row full_width=\u00bbstretch_row_content_no_spaces\u00bb equal_height=\u00bbyes\u00bb css=\u00bb.vc_custom_1647618815631{background-color: rgba(255,255,255,0.01) !important;background-position: center !important;background-repeat: no-repeat !important;background-size: cover !important;*background-color: rgb(255,255,255) !important;}\u00bb][vc_column width=\u00bb5\/12&#8243; css=\u00bb.vc_custom_1647624037392{margin-top: 0px !important;margin-right: 0px !important;margin-bottom: 0px !important;margin-left: 0px !important;padding-top: 0px !important;padding-right: 0px !important;padding-bottom: 0px !important;padding-left: 0px !important;}\u00bb][\/vc_column][vc_column width=\u00bb7\/12&#8243; el_class=\u00bb.image-wrap-3 .inset-1&#8243; css=\u00bb.vc_custom_1647624046867{margin-top: 0px !important;margin-bottom: 0px !important;margin-left: 0px !important;padding-top: 0px !important;padding-bottom: 0px !important;padding-left: 0px !important;}\u00bb][vc_raw_html css=\u00bb.vc_custom_1652023240217{margin-top: 0px !important;margin-bottom: 0px !important;margin-left: 0px !important;padding-top: 0px !important;padding-bottom: 0px !important;padding-left: 0px !important;}\u00bb]PGltZyBzcmM9Imh0dHBzOi8vd3d3Lm1tYS1hdXRvc2Vydml6aS5pdC93cC1jb250ZW50L3VwbG9hZHMvMjAyMi8wMy8yNzU2MTAwMThfMTk4MjMzODc1MTk1ODkyN18yNDIxOTIxNzgzMDE4MDgwNjI3X24tZTE2NDc4ODExODYyMTQuanBlZyIgYWx0PSIiIC8+PGJyPjxkaXYgY2xhc3M9ImJhbm5lciBiYW5uZXJfX21vZCBiYW5uZXJfX21vZC0yIGJnLWNvbnRyYXN0LXZhcmlhbnQtMiBiZy1jb250cmFzdC12YXJpYW50LTJfX2FmdGVyIj4NCjxkaXYgY2xhc3M9ImJhbm5lcl9jbnQiPg0KPGgzPsKhRUxJSkEgU1UgREVTVElOTyE8L2gzPg0KTnVlc3RybyBwZXJzb25hbCBlc3TDoSBzaWVtcHJlIGRpc3BvbmlibGUsIHByb3BvcmNpb27DoW5kb2xlIHVuIHNlcnZpY2lvIGFtYWJsZSB5IHByb2Zlc2lvbmFsLiBBw7FvcyBkZSBleHBlcmllbmNpYSBub3MgcGVybWl0ZW4gb2ZyZWNlcmxlIHVuIGdyYW4gc2VydmljaW8gYSBudWVzdHJvcyBjbGllbnRlcy4gQ29udGFtb3MgY29uIHVuYSBmbG90YSBkZSB2ZWjDrWN1bG9zIHF1ZSBzZSBhZGFwdGFuIGEgdG9kbyB0aXBvIGRlIGV4aWdlbmNpYXMuDQoNCjxhIGNsYXNzPSJidXR0b24gYnRuLW1kIHB1bHNmbG90dGEiIGhyZWY9Imh0dHBzOi8vd3d3Lm1tYS1hdXRvc2Vydml6aS5pdC9lcy9vYnRlbmdhLXVuYS1jb3RpemFjaW9uLXBhcmEtZWwtYWxxdWlsZXItZGUtYXV0b2NhcmVzLyI+IFBJREEgU1UgUFJFU1VQVUVTVE88L2E+DQo8c3BhbiBzdHlsZT0iZm9udC1zaXplOiAyMHB4OyI+IMKhUkVTRVJWRSBTVSBBVVRPQsOaUyBBSE9SQSE8L3NwYW4+DQoNCjwvZGl2Pjxicj48L2Rpdj4=[\/vc_raw_html][\/vc_column][\/vc_row][vc_row gap=\u00bb10&#8243; css=\u00bb.vc_custom_1650453681690{margin-top: 30px !important;}\u00bb][vc_column width=\u00bb1\/3&#8243; css=\u00bb.vc_custom_1650453641581{background-color: #efefef !important;}\u00bb][vc_column_text]\n<h3><span style=\"color: #19a000;\"><i class=\"fa fa-magnet\"><\/i> <strong>VIAJE APASIONANTE<\/strong><\/span><\/h3>\n<p>Los grandes cristales oscurecidos y la elevada altura del veh\u00edculo permiten a nuestros clientes una perfecta visibilidad durante el viaje para disfrutar del recorrido y de la vista.[\/vc_column_text][\/vc_column][vc_column width=\u00bb1\/3&#8243; css=\u00bb.vc_custom_1650453634593{background-color: #efefef !important;}\u00bb][vc_column_text]\n<h3><strong><span style=\"color: #19a000;\"><i class=\"fa fa-thumbs-up\"><\/i> AUTOCARES C\u00d3MODOS<\/span><\/strong><\/h3>\n<p>\u00a1Viaje con la m\u00e1xima comodidad y relax en un c\u00f3modo autocar! La tapicer\u00eda de nuestros veh\u00edculos, el motor suave y la grande distancia entre los asientos har\u00e1n que su viaje sea inolvidable.[\/vc_column_text][\/vc_column][vc_column width=\u00bb1\/3&#8243; css=\u00bb.vc_custom_1650453626923{background-color: #efefef !important;}\u00bb][vc_column_text]\n<h3><strong><span style=\"color: #19a000;\"><i class=\"fa fa-users\"><\/i> AUTOCARES ESPACIOSOS<\/span><\/strong><\/h3>\n<p>Nuestros autocares est\u00e1n dise\u00f1ados para la comodidad diaria. Cada uno est\u00e1 equipado con asientos ergon\u00f3micos y amplios maleteros en los que se pueden guardar c\u00f3modamente incluso las maletas m\u00e1s voluminosas.[\/vc_column_text][\/vc_column][\/vc_row][\/vc_section][vc_row][vc_column][vc_icon el_id=\u00bbhidden\u00bb][\/vc_column][\/vc_row]\n","protected":false},"excerpt":{"rendered":"<p>[vc_row full_width=\u00bbstretch_row_content_no_spaces\u00bb content_placement=\u00bbmiddle\u00bb parallax=\u00bbcontent-moving\u00bb parallax_image=\u00bb8357&#8243; css=\u00bb.vc_custom_1650450248920{padding-top: 250px !important;padding-bottom: 250px !important;}\u00bb][vc_column][\/vc_column][\/vc_row][vc_row content_placement=\u00bbtop\u00bb][vc_column][vc_column_text] Nuestra flota de autocares, autobuses, lanzaderas y minibuses de alquiler con conductor [\/vc_column_text][vc_column_text css=\u00bb.vc_custom_1651140077566{margin-top: 0px !important;margin-bottom: 0px !important;padding-top: 0px !important;padding-bottom: 0px !important;}\u00bb] Disponemos de una flota de autobuses y minibuses clase EURO 6, compuesta por m\u00e1s de 30 unidades, de todos los tama\u00f1os precisamente [&hellip;]<\/p>\n","protected":false},"author":2,"featured_media":0,"parent":0,"menu_order":0,"comment_status":"closed","ping_status":"closed","template":"","meta":{"site-sidebar-layout":"no-sidebar","site-content-layout":"plain-container","ast-site-content-layout":"normal-width-container","site-content-style":"unboxed","site-sidebar-style":"unboxed","ast-global-header-display":"","ast-banner-title-visibility":"","ast-main-header-display":"","ast-hfb-above-header-display":"","ast-hfb-below-header-display":"","ast-hfb-mobile-header-display":"","site-post-title":"disabled","ast-breadcrumbs-content":"","ast-featured-img":"disabled","footer-sml-layout":"","theme-transparent-header-meta":"default","adv-header-id-meta":"","stick-header-meta":"","header-above-stick-meta":"","header-main-stick-meta":"","header-below-stick-meta":"","astra-migrate-meta-layouts":"default","ast-page-background-enabled":"default","ast-page-background-meta":{"desktop":{"background-color":"var(--ast-global-color-4)","background-image":"","background-repeat":"repeat","background-position":"center center","background-size":"auto","background-attachment":"scroll","background-type":"","background-media":"","overlay-type":"","overlay-color":"","overlay-opacity":"","overlay-gradient":""},"tablet":{"background-color":"","background-image":"","background-repeat":"repeat","background-position":"center center","background-size":"auto","background-attachment":"scroll","background-type":"","background-media":"","overlay-type":"","overlay-color":"","overlay-opacity":"","overlay-gradient":""},"mobile":{"background-color":"","background-image":"","background-repeat":"repeat","background-position":"center center","background-size":"auto","background-attachment":"scroll","background-type":"","background-media":"","overlay-type":"","overlay-color":"","overlay-opacity":"","overlay-gradient":""}},"ast-content-background-meta":{"desktop":{"background-color":"var(--ast-global-color-5)","background-image":"","background-repeat":"repeat","background-position":"center center","background-size":"auto","background-attachment":"scroll","background-type":"","background-media":"","overlay-type":"","overlay-color":"","overlay-opacity":"","overlay-gradient":""},"tablet":{"background-color":"var(--ast-global-color-5)","background-image":"","background-repeat":"repeat","background-position":"center center","background-size":"auto","background-attachment":"scroll","background-type":"","background-media":"","overlay-type":"","overlay-color":"","overlay-opacity":"","overlay-gradient":""},"mobile":{"background-color":"var(--ast-global-color-5)","background-image":"","background-repeat":"repeat","background-position":"center center","background-size":"auto","background-attachment":"scroll","background-type":"","background-media":"","overlay-type":"","overlay-color":"","overlay-opacity":"","overlay-gradient":""}},"ngg_post_thumbnail":0,"footnotes":""},"class_list":["post-10254","page","type-page","status-publish","hentry"],"yoast_head":"<!-- This site is optimized with the Yoast SEO plugin v26.3 - https:\/\/yoast.com\/wordpress\/plugins\/seo\/ -->\n<title>Flota de autobuses de alquiler con conductor - MMA Autoservizi<\/title>\n<meta name=\"description\" content=\"Disponemos de una flota de autobuses y minibuses clase EURO 6, compuesta por m\u00e1s de 30 unidades en alquiler con conductor\" \/>\n<meta name=\"robots\" content=\"index, follow, max-snippet:-1, max-image-preview:large, max-video-preview:-1\" \/>\n<link rel=\"canonical\" href=\"https:\/\/www.mma-autoservizi.it\/es\/flota-de-autobuses-de-alquiler-con-conductor\/\" \/>\n<meta property=\"og:locale\" content=\"es_ES\" \/>\n<meta property=\"og:type\" content=\"article\" \/>\n<meta property=\"og:title\" content=\"Flota de autobuses de alquiler con conductor - MMA Autoservizi\" \/>\n<meta property=\"og:description\" content=\"Disponemos de una flota de autobuses y minibuses clase EURO 6, compuesta por m\u00e1s de 30 unidades en alquiler con conductor\" \/>\n<meta property=\"og:url\" content=\"https:\/\/www.mma-autoservizi.it\/es\/flota-de-autobuses-de-alquiler-con-conductor\/\" \/>\n<meta property=\"og:site_name\" content=\"MMA Autoservizi\" \/>\n<meta property=\"article:publisher\" content=\"https:\/\/www.facebook.com\/MmaAutoservizi\/\" \/>\n<meta property=\"article:modified_time\" content=\"2025-07-04T11:11:15+00:00\" \/>\n<meta name=\"twitter:card\" content=\"summary_large_image\" \/>\n<meta name=\"twitter:label1\" content=\"Tiempo de lectura\" \/>\n\t<meta name=\"twitter:data1\" content=\"5 minutos\" \/>\n<script type=\"application\/ld+json\" class=\"yoast-schema-graph\">{\"@context\":\"https:\/\/schema.org\",\"@graph\":[{\"@type\":\"WebPage\",\"@id\":\"https:\/\/www.mma-autoservizi.it\/es\/flota-de-autobuses-de-alquiler-con-conductor\/\",\"url\":\"https:\/\/www.mma-autoservizi.it\/es\/flota-de-autobuses-de-alquiler-con-conductor\/\",\"name\":\"Flota de autobuses de alquiler con conductor - MMA Autoservizi\",\"isPartOf\":{\"@id\":\"https:\/\/www.mma-autoservizi.it\/es\/#website\"},\"datePublished\":\"2022-07-08T11:52:03+00:00\",\"dateModified\":\"2025-07-04T11:11:15+00:00\",\"description\":\"Disponemos de una flota de autobuses y minibuses clase EURO 6, compuesta por m\u00e1s de 30 unidades en alquiler con conductor\",\"breadcrumb\":{\"@id\":\"https:\/\/www.mma-autoservizi.it\/es\/flota-de-autobuses-de-alquiler-con-conductor\/#breadcrumb\"},\"inLanguage\":\"es\",\"potentialAction\":[{\"@type\":\"ReadAction\",\"target\":[\"https:\/\/www.mma-autoservizi.it\/es\/flota-de-autobuses-de-alquiler-con-conductor\/\"]}]},{\"@type\":\"BreadcrumbList\",\"@id\":\"https:\/\/www.mma-autoservizi.it\/es\/flota-de-autobuses-de-alquiler-con-conductor\/#breadcrumb\",\"itemListElement\":[{\"@type\":\"ListItem\",\"position\":1,\"name\":\"Home\",\"item\":\"https:\/\/www.mma-autoservizi.it\/es\/pagina-de-inicio-mma\/\"},{\"@type\":\"ListItem\",\"position\":2,\"name\":\"Flota de autobuses de alquiler con conductor\"}]},{\"@type\":\"WebSite\",\"@id\":\"https:\/\/www.mma-autoservizi.it\/es\/#website\",\"url\":\"https:\/\/www.mma-autoservizi.it\/es\/\",\"name\":\"MMA Autoservizi\",\"description\":\"molto movimento agency\",\"publisher\":{\"@id\":\"https:\/\/www.mma-autoservizi.it\/es\/#organization\"},\"potentialAction\":[{\"@type\":\"SearchAction\",\"target\":{\"@type\":\"EntryPoint\",\"urlTemplate\":\"https:\/\/www.mma-autoservizi.it\/es\/?s={search_term_string}\"},\"query-input\":{\"@type\":\"PropertyValueSpecification\",\"valueRequired\":true,\"valueName\":\"search_term_string\"}}],\"inLanguage\":\"es\"},{\"@type\":\"Organization\",\"@id\":\"https:\/\/www.mma-autoservizi.it\/es\/#organization\",\"name\":\"MMA Autoservizi\",\"url\":\"https:\/\/www.mma-autoservizi.it\/es\/\",\"logo\":{\"@type\":\"ImageObject\",\"inLanguage\":\"es\",\"@id\":\"https:\/\/www.mma-autoservizi.it\/es\/#\/schema\/logo\/image\/\",\"url\":\"https:\/\/mma-autoservizi.it\/wp-content\/uploads\/revslider\/slide-home\/logo-home-slide-mma-1.png\",\"contentUrl\":\"https:\/\/mma-autoservizi.it\/wp-content\/uploads\/revslider\/slide-home\/logo-home-slide-mma-1.png\",\"width\":854,\"height\":166,\"caption\":\"MMA Autoservizi\"},\"image\":{\"@id\":\"https:\/\/www.mma-autoservizi.it\/es\/#\/schema\/logo\/image\/\"},\"sameAs\":[\"https:\/\/www.facebook.com\/MmaAutoservizi\/\"]}]}<\/script>\n<!-- \/ Yoast SEO plugin. -->","yoast_head_json":{"title":"Flota de autobuses de alquiler con conductor - MMA Autoservizi","description":"Disponemos de una flota de autobuses y minibuses clase EURO 6, compuesta por m\u00e1s de 30 unidades en alquiler con conductor","robots":{"index":"index","follow":"follow","max-snippet":"max-snippet:-1","max-image-preview":"max-image-preview:large","max-video-preview":"max-video-preview:-1"},"canonical":"https:\/\/www.mma-autoservizi.it\/es\/flota-de-autobuses-de-alquiler-con-conductor\/","og_locale":"es_ES","og_type":"article","og_title":"Flota de autobuses de alquiler con conductor - MMA Autoservizi","og_description":"Disponemos de una flota de autobuses y minibuses clase EURO 6, compuesta por m\u00e1s de 30 unidades en alquiler con conductor","og_url":"https:\/\/www.mma-autoservizi.it\/es\/flota-de-autobuses-de-alquiler-con-conductor\/","og_site_name":"MMA Autoservizi","article_publisher":"https:\/\/www.facebook.com\/MmaAutoservizi\/","article_modified_time":"2025-07-04T11:11:15+00:00","twitter_card":"summary_large_image","twitter_misc":{"Tiempo de lectura":"5 minutos"},"schema":{"@context":"https:\/\/schema.org","@graph":[{"@type":"WebPage","@id":"https:\/\/www.mma-autoservizi.it\/es\/flota-de-autobuses-de-alquiler-con-conductor\/","url":"https:\/\/www.mma-autoservizi.it\/es\/flota-de-autobuses-de-alquiler-con-conductor\/","name":"Flota de autobuses de alquiler con conductor - MMA Autoservizi","isPartOf":{"@id":"https:\/\/www.mma-autoservizi.it\/es\/#website"},"datePublished":"2022-07-08T11:52:03+00:00","dateModified":"2025-07-04T11:11:15+00:00","description":"Disponemos de una flota de autobuses y minibuses clase EURO 6, compuesta por m\u00e1s de 30 unidades en alquiler con conductor","breadcrumb":{"@id":"https:\/\/www.mma-autoservizi.it\/es\/flota-de-autobuses-de-alquiler-con-conductor\/#breadcrumb"},"inLanguage":"es","potentialAction":[{"@type":"ReadAction","target":["https:\/\/www.mma-autoservizi.it\/es\/flota-de-autobuses-de-alquiler-con-conductor\/"]}]},{"@type":"BreadcrumbList","@id":"https:\/\/www.mma-autoservizi.it\/es\/flota-de-autobuses-de-alquiler-con-conductor\/#breadcrumb","itemListElement":[{"@type":"ListItem","position":1,"name":"Home","item":"https:\/\/www.mma-autoservizi.it\/es\/pagina-de-inicio-mma\/"},{"@type":"ListItem","position":2,"name":"Flota de autobuses de alquiler con conductor"}]},{"@type":"WebSite","@id":"https:\/\/www.mma-autoservizi.it\/es\/#website","url":"https:\/\/www.mma-autoservizi.it\/es\/","name":"MMA Autoservizi","description":"molto movimento agency","publisher":{"@id":"https:\/\/www.mma-autoservizi.it\/es\/#organization"},"potentialAction":[{"@type":"SearchAction","target":{"@type":"EntryPoint","urlTemplate":"https:\/\/www.mma-autoservizi.it\/es\/?s={search_term_string}"},"query-input":{"@type":"PropertyValueSpecification","valueRequired":true,"valueName":"search_term_string"}}],"inLanguage":"es"},{"@type":"Organization","@id":"https:\/\/www.mma-autoservizi.it\/es\/#organization","name":"MMA Autoservizi","url":"https:\/\/www.mma-autoservizi.it\/es\/","logo":{"@type":"ImageObject","inLanguage":"es","@id":"https:\/\/www.mma-autoservizi.it\/es\/#\/schema\/logo\/image\/","url":"https:\/\/mma-autoservizi.it\/wp-content\/uploads\/revslider\/slide-home\/logo-home-slide-mma-1.png","contentUrl":"https:\/\/mma-autoservizi.it\/wp-content\/uploads\/revslider\/slide-home\/logo-home-slide-mma-1.png","width":854,"height":166,"caption":"MMA Autoservizi"},"image":{"@id":"https:\/\/www.mma-autoservizi.it\/es\/#\/schema\/logo\/image\/"},"sameAs":["https:\/\/www.facebook.com\/MmaAutoservizi\/"]}]}},"_links":{"self":[{"href":"https:\/\/www.mma-autoservizi.it\/es\/wp-json\/wp\/v2\/pages\/10254","targetHints":{"allow":["GET"]}}],"collection":[{"href":"https:\/\/www.mma-autoservizi.it\/es\/wp-json\/wp\/v2\/pages"}],"about":[{"href":"https:\/\/www.mma-autoservizi.it\/es\/wp-json\/wp\/v2\/types\/page"}],"author":[{"embeddable":true,"href":"https:\/\/www.mma-autoservizi.it\/es\/wp-json\/wp\/v2\/users\/2"}],"replies":[{"embeddable":true,"href":"https:\/\/www.mma-autoservizi.it\/es\/wp-json\/wp\/v2\/comments?post=10254"}],"version-history":[{"count":7,"href":"https:\/\/www.mma-autoservizi.it\/es\/wp-json\/wp\/v2\/pages\/10254\/revisions"}],"predecessor-version":[{"id":14419,"href":"https:\/\/www.mma-autoservizi.it\/es\/wp-json\/wp\/v2\/pages\/10254\/revisions\/14419"}],"wp:attachment":[{"href":"https:\/\/www.mma-autoservizi.it\/es\/wp-json\/wp\/v2\/media?parent=10254"}],"curies":[{"name":"wp","href":"https:\/\/api.w.org\/{rel}","templated":true}]}}