{"id":10249,"date":"2022-07-08T13:36:27","date_gmt":"2022-07-08T11:36:27","guid":{"rendered":"https:\/\/www.mma-autoservizi.it\/servicio-de-lanzadera\/"},"modified":"2022-07-08T13:37:19","modified_gmt":"2022-07-08T11:37:19","slug":"servicio-de-lanzadera","status":"publish","type":"page","link":"https:\/\/www.mma-autoservizi.it\/es\/servicio-de-lanzadera\/","title":{"rendered":"Servicio de lanzadera"},"content":{"rendered":"[vc_section full_width=\u00bbstretch_row\u00bb el_id=\u00bbmain_pg11&#8243; el_class=\u00bbbg-fixed\u00bb css=\u00bb.vc_custom_1652089134312{background-image: url(https:\/\/www.mma-autoservizi.it\/wp-content\/uploads\/2022\/04\/servizio-navetta-a-roma-1.jpg?id=8684) !important;}\u00bb][vc_row][vc_column][vc_empty_space height=\u00bb650px\u00bb][\/vc_column][\/vc_row][\/vc_section][vc_row][vc_column][vc_column_text]\n<h1>Servicio de lanzadera con MMA Autoservizi<\/h1>\n<h2>Alquiler de lanzadera con conductor para sus traslados privados o para eventos especiales<\/h2>\n[\/vc_column_text][vc_separator][\/vc_column][\/vc_row][vc_row equal_height=\u00bbyes\u00bb parallax=\u00bbcontent-moving\u00bb el_id=\u00bbmain_pag50&#8243; css=\u00bb.vc_custom_1650383105626{padding-top: 0px !important;padding-bottom: 0px !important;background-color: #ffffff !important;background-position: center;background-repeat: no-repeat;background-size: cover !important;}\u00bb][vc_column width=\u00bb1\/2&#8243; css=\u00bb.vc_custom_1650383125305{margin-top: 0px !important;margin-right: 0px !important;margin-bottom: 0px !important;margin-left: 0px !important;padding-top: 0px !important;padding-right: 0px !important;padding-bottom: 0px !important;padding-left: 0px !important;background: #ffffff url(https:\/\/mma-autoservizi.it\/wp-content\/uploads\/2022\/04\/servizio-navetta-privato.jpg?id=8646) !important;background-position: center !important;background-repeat: no-repeat !important;background-size: cover !important;}\u00bb][\/vc_column][vc_column width=\u00bb1\/2&#8243; css=\u00bb.vc_custom_1648911119615{margin-top: 0px !important;margin-bottom: 0px !important;padding-top: 0px !important;padding-bottom: 0px !important;background-color: #333333 !important;}\u00bb][vc_empty_space height=\u00bb70px\u00bb][vc_column_text]\n<p style=\"color: #fff;\">\u00bfEst\u00e1 apurado y esperando el transporte p\u00fablico? Nosotros estaremos ah\u00ed cuando nos necesite.<\/p>\n<p style=\"color: #fff;\">El transporte es un problema incluso en las ciudades m\u00e1s cosmopolitas. Est\u00e1 llegando tarde y el pr\u00f3ximo autob\u00fas o tren tardar\u00e1 una hora o m\u00e1s en llegar? \u00bfQu\u00e9 piensa  hacer?<\/p>\n<p style=\"color: #fff;\">Para su viaje de negocios o para sus traslados r\u00e1pidos, nuestros servicios se encargan de llevarle a su destino en el momento que m\u00e1s le convenga. Y con los bajos precios que ofrecemos, contratar un servicio de transporte con conductor representa un valor excelente.<\/p>\n[\/vc_column_text][vc_empty_space height=\u00bb70px\u00bb][\/vc_column][\/vc_row][vc_row content_placement=\u00bbmiddle\u00bb][vc_column width=\u00bb1\/3&#8243;][vc_single_image image=\u00bb8670&#8243; img_size=\u00bbmedium\u00bb alignment=\u00bbcenter\u00bb onclick=\u00bblink_image\u00bb][\/vc_column][vc_column width=\u00bb1\/3&#8243;][vc_message message_box_color=\u00bbwhite\u00bb icon_fontawesome=\u00bbfas fa-check\u00bb]Nosotros organizamos todos los detalles del viaje en su lugar.[\/vc_message][\/vc_column][vc_column width=\u00bb1\/3&#8243;][vc_single_image image=\u00bb8655&#8243; img_size=\u00bbmedium\u00bb alignment=\u00bbcenter\u00bb onclick=\u00bblink_image\u00bb][\/vc_column][\/vc_row][vc_row content_placement=\u00bbmiddle\u00bb css=\u00bb.vc_custom_1650383572598{margin-top: 30px !important;}\u00bb][vc_column width=\u00bb1\/3&#8243;][vc_message message_box_color=\u00bbwhite\u00bb icon_fontawesome=\u00bbfas fa-check\u00bb]\u00a1Viajar con nosotros es relajante y c\u00f3modo![\/vc_message][\/vc_column][vc_column width=\u00bb1\/3&#8243;][vc_single_image image=\u00bb8645&#8243; img_size=\u00bbmedium\u00bb alignment=\u00bbcenter\u00bb onclick=\u00bblink_image\u00bb][\/vc_column][vc_column width=\u00bb1\/3&#8243;][vc_message message_box_color=\u00bbwhite\u00bb icon_fontawesome=\u00bbfas fa-check\u00bb]\u00a1Llegar\u00e1 a su destino relajado y descansado, listo para disfrutar de la belleza del lugar![\/vc_message][\/vc_column][\/vc_row][vc_section full_width=\u00bbstretch_row\u00bb el_class=\u00bbbg-fixed\u00bb css=\u00bb.vc_custom_1650383734695{margin-top: 0px !important;padding-top: 0px !important;background-image: url(https:\/\/mma-autoservizi.it\/wp-content\/uploads\/2022\/04\/5.jpg?id=8499) !important;}\u00bb][vc_row][vc_column width=\u00bb5\/12&#8243; css=\u00bb.vc_custom_1649165956888{padding-right: 0px !important;padding-left: 0px !important;}\u00bb][vc_raw_html css=\u00bb.vc_custom_1652023190050{margin-bottom: 0px !important;padding-bottom: 0px !important;}\u00bb]PGRpdiBjbGFzcz0iYmFubmVyIGJhbm5lcl9fbW9kIGJnLXByaW1hcnktdmFyaWFudC0xIj4NCiAgICAgICAgICAgICAgICA8ZGl2IGNsYXNzPSJiYW5uZXJfY250Ij4NCiAgICAgICAgICAgICAgICAgIDxoMT5TRVJWSUNJTyBERSBMQU5aQURFUkE8L2gxPg0KPHNwYW4gc3R5bGU9ImZvbnQtc2l6ZToyMHB4OyI+IFJFTMOBSkVTRSBDT04gTU1BPC9zcGFuPjxicj4NCjxhIGNsYXNzPSJidXR0b24gYnRuLW1kIHB1bHNmbG90dGEiIGhyZWY9Imh0dHBzOi8vd3d3Lm1tYS1hdXRvc2Vydml6aS5pdC9lcy9vYnRlbmdhLXVuYS1jb3RpemFjaW9uLXBhcmEtZWwtYWxxdWlsZXItZGUtYXV0b2NhcmVzLyI+UElEQSBTVSBQUkVTVVBVRVNUTzxzcGFuIGNsYXNzPSJpbnNpZGVyIj48L3NwYW4+PC9hPjxicj4NCjxzcGFuIHN0eWxlPSJmb250LXNpemU6MjBweDsiPiDCoVJFU0VSVkUgU1UgVFJBTlNQT1JURSBBSE9SQSE8L3NwYW4+PGJyPg0KICAgICAgICAgICAgICAgIDwvZGl2Pg0KICAgICAgICAgICAgICA8L2Rpdj4NCg==[\/vc_raw_html][\/vc_column][vc_column width=\u00bb7\/12&#8243;][vc_empty_space height=\u00bb60px\u00bb][\/vc_column][\/vc_row][\/vc_section]\n","protected":false},"excerpt":{"rendered":"<p>[vc_section full_width=\u00bbstretch_row\u00bb el_id=\u00bbmain_pg11&#8243; el_class=\u00bbbg-fixed\u00bb css=\u00bb.vc_custom_1652089134312{background-image: url(https:\/\/www.mma-autoservizi.it\/wp-content\/uploads\/2022\/04\/servizio-navetta-a-roma-1.jpg?id=8684) !important;}\u00bb][vc_row][vc_column][vc_empty_space height=\u00bb650px\u00bb][\/vc_column][\/vc_row][\/vc_section][vc_row][vc_column][vc_column_text] Servicio de lanzadera con MMA Autoservizi Alquiler de lanzadera con conductor para sus traslados privados o para eventos especiales [\/vc_column_text][vc_separator][\/vc_column][\/vc_row][vc_row equal_height=\u00bbyes\u00bb parallax=\u00bbcontent-moving\u00bb el_id=\u00bbmain_pag50&#8243; css=\u00bb.vc_custom_1650383105626{padding-top: 0px !important;padding-bottom: 0px !important;background-color: #ffffff !important;background-position: center;background-repeat: no-repeat;background-size: cover !important;}\u00bb][vc_column width=\u00bb1\/2&#8243; css=\u00bb.vc_custom_1650383125305{margin-top: 0px !important;margin-right: 0px !important;margin-bottom: 0px !important;margin-left: 0px !important;padding-top: 0px !important;padding-right: 0px [&hellip;]<\/p>\n","protected":false},"author":23,"featured_media":0,"parent":0,"menu_order":0,"comment_status":"closed","ping_status":"closed","template":"","meta":{"site-sidebar-layout":"no-sidebar","site-content-layout":"plain-container","ast-site-content-layout":"","site-content-style":"default","site-sidebar-style":"default","ast-global-header-display":"","ast-banner-title-visibility":"","ast-main-header-display":"","ast-hfb-above-header-display":"","ast-hfb-below-header-display":"","ast-hfb-mobile-header-display":"","site-post-title":"disabled","ast-breadcrumbs-content":"","ast-featured-img":"","footer-sml-layout":"","theme-transparent-header-meta":"default","adv-header-id-meta":"","stick-header-meta":"","header-above-stick-meta":"","header-main-stick-meta":"","header-below-stick-meta":"","astra-migrate-meta-layouts":"default","ast-page-background-enabled":"default","ast-page-background-meta":{"desktop":{"background-color":"var(--ast-global-color-4)","background-image":"","background-repeat":"repeat","background-position":"center center","background-size":"auto","background-attachment":"scroll","background-type":"","background-media":"","overlay-type":"","overlay-color":"","overlay-opacity":"","overlay-gradient":""},"tablet":{"background-color":"","background-image":"","background-repeat":"repeat","background-position":"center center","background-size":"auto","background-attachment":"scroll","background-type":"","background-media":"","overlay-type":"","overlay-color":"","overlay-opacity":"","overlay-gradient":""},"mobile":{"background-color":"","background-image":"","background-repeat":"repeat","background-position":"center center","background-size":"auto","background-attachment":"scroll","background-type":"","background-media":"","overlay-type":"","overlay-color":"","overlay-opacity":"","overlay-gradient":""}},"ast-content-background-meta":{"desktop":{"background-color":"var(--ast-global-color-5)","background-image":"","background-repeat":"repeat","background-position":"center center","background-size":"auto","background-attachment":"scroll","background-type":"","background-media":"","overlay-type":"","overlay-color":"","overlay-opacity":"","overlay-gradient":""},"tablet":{"background-color":"var(--ast-global-color-5)","background-image":"","background-repeat":"repeat","background-position":"center center","background-size":"auto","background-attachment":"scroll","background-type":"","background-media":"","overlay-type":"","overlay-color":"","overlay-opacity":"","overlay-gradient":""},"mobile":{"background-color":"var(--ast-global-color-5)","background-image":"","background-repeat":"repeat","background-position":"center center","background-size":"auto","background-attachment":"scroll","background-type":"","background-media":"","overlay-type":"","overlay-color":"","overlay-opacity":"","overlay-gradient":""}},"ngg_post_thumbnail":0,"footnotes":""},"class_list":["post-10249","page","type-page","status-publish","hentry"],"yoast_head":"<!-- This site is optimized with the Yoast SEO plugin v26.3 - https:\/\/yoast.com\/wordpress\/plugins\/seo\/ -->\n<title>Alquiler de lanzadera con conductor - MMA Autoservizi<\/title>\n<meta name=\"description\" content=\"Alquiler de lanzaderas y minibuses con conductor para viajes y eventos especiales. Compara precios y servicios. \u00a1Obtenga una cotizaci\u00f3n sin compromiso dentro de las 24 horas!\" \/>\n<meta name=\"robots\" content=\"index, follow, max-snippet:-1, max-image-preview:large, max-video-preview:-1\" \/>\n<link rel=\"canonical\" href=\"https:\/\/www.mma-autoservizi.it\/es\/servicio-de-lanzadera\/\" \/>\n<meta property=\"og:locale\" content=\"es_ES\" \/>\n<meta property=\"og:type\" content=\"article\" \/>\n<meta property=\"og:title\" content=\"Alquiler de lanzadera con conductor - MMA Autoservizi\" \/>\n<meta property=\"og:description\" content=\"Alquiler de lanzaderas y minibuses con conductor para viajes y eventos especiales. Compara precios y servicios. \u00a1Obtenga una cotizaci\u00f3n sin compromiso dentro de las 24 horas!\" \/>\n<meta property=\"og:url\" content=\"https:\/\/www.mma-autoservizi.it\/es\/servicio-de-lanzadera\/\" \/>\n<meta property=\"og:site_name\" content=\"MMA Autoservizi\" \/>\n<meta property=\"article:publisher\" content=\"https:\/\/www.facebook.com\/MmaAutoservizi\/\" \/>\n<meta property=\"article:modified_time\" content=\"2022-07-08T11:37:19+00:00\" \/>\n<meta name=\"twitter:card\" content=\"summary_large_image\" \/>\n<meta name=\"twitter:label1\" content=\"Tiempo de lectura\" \/>\n\t<meta name=\"twitter:data1\" content=\"3 minutos\" \/>\n<script type=\"application\/ld+json\" class=\"yoast-schema-graph\">{\"@context\":\"https:\/\/schema.org\",\"@graph\":[{\"@type\":\"WebPage\",\"@id\":\"https:\/\/www.mma-autoservizi.it\/es\/servicio-de-lanzadera\/\",\"url\":\"https:\/\/www.mma-autoservizi.it\/es\/servicio-de-lanzadera\/\",\"name\":\"Alquiler de lanzadera con conductor - MMA Autoservizi\",\"isPartOf\":{\"@id\":\"https:\/\/www.mma-autoservizi.it\/es\/#website\"},\"datePublished\":\"2022-07-08T11:36:27+00:00\",\"dateModified\":\"2022-07-08T11:37:19+00:00\",\"description\":\"Alquiler de lanzaderas y minibuses con conductor para viajes y eventos especiales. Compara precios y servicios. \u00a1Obtenga una cotizaci\u00f3n sin compromiso dentro de las 24 horas!\",\"breadcrumb\":{\"@id\":\"https:\/\/www.mma-autoservizi.it\/es\/servicio-de-lanzadera\/#breadcrumb\"},\"inLanguage\":\"es\",\"potentialAction\":[{\"@type\":\"ReadAction\",\"target\":[\"https:\/\/www.mma-autoservizi.it\/es\/servicio-de-lanzadera\/\"]}]},{\"@type\":\"BreadcrumbList\",\"@id\":\"https:\/\/www.mma-autoservizi.it\/es\/servicio-de-lanzadera\/#breadcrumb\",\"itemListElement\":[{\"@type\":\"ListItem\",\"position\":1,\"name\":\"Home\",\"item\":\"https:\/\/www.mma-autoservizi.it\/es\/pagina-de-inicio-mma\/\"},{\"@type\":\"ListItem\",\"position\":2,\"name\":\"Servicio de lanzadera\"}]},{\"@type\":\"WebSite\",\"@id\":\"https:\/\/www.mma-autoservizi.it\/es\/#website\",\"url\":\"https:\/\/www.mma-autoservizi.it\/es\/\",\"name\":\"MMA Autoservizi\",\"description\":\"molto movimento agency\",\"publisher\":{\"@id\":\"https:\/\/www.mma-autoservizi.it\/es\/#organization\"},\"potentialAction\":[{\"@type\":\"SearchAction\",\"target\":{\"@type\":\"EntryPoint\",\"urlTemplate\":\"https:\/\/www.mma-autoservizi.it\/es\/?s={search_term_string}\"},\"query-input\":{\"@type\":\"PropertyValueSpecification\",\"valueRequired\":true,\"valueName\":\"search_term_string\"}}],\"inLanguage\":\"es\"},{\"@type\":\"Organization\",\"@id\":\"https:\/\/www.mma-autoservizi.it\/es\/#organization\",\"name\":\"MMA Autoservizi\",\"url\":\"https:\/\/www.mma-autoservizi.it\/es\/\",\"logo\":{\"@type\":\"ImageObject\",\"inLanguage\":\"es\",\"@id\":\"https:\/\/www.mma-autoservizi.it\/es\/#\/schema\/logo\/image\/\",\"url\":\"https:\/\/mma-autoservizi.it\/wp-content\/uploads\/revslider\/slide-home\/logo-home-slide-mma-1.png\",\"contentUrl\":\"https:\/\/mma-autoservizi.it\/wp-content\/uploads\/revslider\/slide-home\/logo-home-slide-mma-1.png\",\"width\":854,\"height\":166,\"caption\":\"MMA Autoservizi\"},\"image\":{\"@id\":\"https:\/\/www.mma-autoservizi.it\/es\/#\/schema\/logo\/image\/\"},\"sameAs\":[\"https:\/\/www.facebook.com\/MmaAutoservizi\/\"]}]}<\/script>\n<!-- \/ Yoast SEO plugin. -->","yoast_head_json":{"title":"Alquiler de lanzadera con conductor - MMA Autoservizi","description":"Alquiler de lanzaderas y minibuses con conductor para viajes y eventos especiales. Compara precios y servicios. \u00a1Obtenga una cotizaci\u00f3n sin compromiso dentro de las 24 horas!","robots":{"index":"index","follow":"follow","max-snippet":"max-snippet:-1","max-image-preview":"max-image-preview:large","max-video-preview":"max-video-preview:-1"},"canonical":"https:\/\/www.mma-autoservizi.it\/es\/servicio-de-lanzadera\/","og_locale":"es_ES","og_type":"article","og_title":"Alquiler de lanzadera con conductor - MMA Autoservizi","og_description":"Alquiler de lanzaderas y minibuses con conductor para viajes y eventos especiales. Compara precios y servicios. \u00a1Obtenga una cotizaci\u00f3n sin compromiso dentro de las 24 horas!","og_url":"https:\/\/www.mma-autoservizi.it\/es\/servicio-de-lanzadera\/","og_site_name":"MMA Autoservizi","article_publisher":"https:\/\/www.facebook.com\/MmaAutoservizi\/","article_modified_time":"2022-07-08T11:37:19+00:00","twitter_card":"summary_large_image","twitter_misc":{"Tiempo de lectura":"3 minutos"},"schema":{"@context":"https:\/\/schema.org","@graph":[{"@type":"WebPage","@id":"https:\/\/www.mma-autoservizi.it\/es\/servicio-de-lanzadera\/","url":"https:\/\/www.mma-autoservizi.it\/es\/servicio-de-lanzadera\/","name":"Alquiler de lanzadera con conductor - MMA Autoservizi","isPartOf":{"@id":"https:\/\/www.mma-autoservizi.it\/es\/#website"},"datePublished":"2022-07-08T11:36:27+00:00","dateModified":"2022-07-08T11:37:19+00:00","description":"Alquiler de lanzaderas y minibuses con conductor para viajes y eventos especiales. Compara precios y servicios. \u00a1Obtenga una cotizaci\u00f3n sin compromiso dentro de las 24 horas!","breadcrumb":{"@id":"https:\/\/www.mma-autoservizi.it\/es\/servicio-de-lanzadera\/#breadcrumb"},"inLanguage":"es","potentialAction":[{"@type":"ReadAction","target":["https:\/\/www.mma-autoservizi.it\/es\/servicio-de-lanzadera\/"]}]},{"@type":"BreadcrumbList","@id":"https:\/\/www.mma-autoservizi.it\/es\/servicio-de-lanzadera\/#breadcrumb","itemListElement":[{"@type":"ListItem","position":1,"name":"Home","item":"https:\/\/www.mma-autoservizi.it\/es\/pagina-de-inicio-mma\/"},{"@type":"ListItem","position":2,"name":"Servicio de lanzadera"}]},{"@type":"WebSite","@id":"https:\/\/www.mma-autoservizi.it\/es\/#website","url":"https:\/\/www.mma-autoservizi.it\/es\/","name":"MMA Autoservizi","description":"molto movimento agency","publisher":{"@id":"https:\/\/www.mma-autoservizi.it\/es\/#organization"},"potentialAction":[{"@type":"SearchAction","target":{"@type":"EntryPoint","urlTemplate":"https:\/\/www.mma-autoservizi.it\/es\/?s={search_term_string}"},"query-input":{"@type":"PropertyValueSpecification","valueRequired":true,"valueName":"search_term_string"}}],"inLanguage":"es"},{"@type":"Organization","@id":"https:\/\/www.mma-autoservizi.it\/es\/#organization","name":"MMA Autoservizi","url":"https:\/\/www.mma-autoservizi.it\/es\/","logo":{"@type":"ImageObject","inLanguage":"es","@id":"https:\/\/www.mma-autoservizi.it\/es\/#\/schema\/logo\/image\/","url":"https:\/\/mma-autoservizi.it\/wp-content\/uploads\/revslider\/slide-home\/logo-home-slide-mma-1.png","contentUrl":"https:\/\/mma-autoservizi.it\/wp-content\/uploads\/revslider\/slide-home\/logo-home-slide-mma-1.png","width":854,"height":166,"caption":"MMA Autoservizi"},"image":{"@id":"https:\/\/www.mma-autoservizi.it\/es\/#\/schema\/logo\/image\/"},"sameAs":["https:\/\/www.facebook.com\/MmaAutoservizi\/"]}]}},"_links":{"self":[{"href":"https:\/\/www.mma-autoservizi.it\/es\/wp-json\/wp\/v2\/pages\/10249","targetHints":{"allow":["GET"]}}],"collection":[{"href":"https:\/\/www.mma-autoservizi.it\/es\/wp-json\/wp\/v2\/pages"}],"about":[{"href":"https:\/\/www.mma-autoservizi.it\/es\/wp-json\/wp\/v2\/types\/page"}],"author":[{"embeddable":true,"href":"https:\/\/www.mma-autoservizi.it\/es\/wp-json\/wp\/v2\/users\/23"}],"replies":[{"embeddable":true,"href":"https:\/\/www.mma-autoservizi.it\/es\/wp-json\/wp\/v2\/comments?post=10249"}],"version-history":[{"count":4,"href":"https:\/\/www.mma-autoservizi.it\/es\/wp-json\/wp\/v2\/pages\/10249\/revisions"}],"predecessor-version":[{"id":10253,"href":"https:\/\/www.mma-autoservizi.it\/es\/wp-json\/wp\/v2\/pages\/10249\/revisions\/10253"}],"wp:attachment":[{"href":"https:\/\/www.mma-autoservizi.it\/es\/wp-json\/wp\/v2\/media?parent=10249"}],"curies":[{"name":"wp","href":"https:\/\/api.w.org\/{rel}","templated":true}]}}