{"id":10242,"date":"2022-07-08T13:28:11","date_gmt":"2022-07-08T11:28:11","guid":{"rendered":"https:\/\/www.mma-autoservizi.it\/feste-ed-eventi\/"},"modified":"2022-07-08T19:03:22","modified_gmt":"2022-07-08T17:03:22","slug":"fiestas-y-eventos","status":"publish","type":"page","link":"https:\/\/www.mma-autoservizi.it\/es\/fiestas-y-eventos\/","title":{"rendered":"Fiestas y Eventos"},"content":{"rendered":"[vc_row full_width=\u00bbstretch_row_content_no_spaces\u00bb parallax=\u00bbcontent-moving\u00bb parallax_image=\u00bb9058&#8243; css=\u00bb.vc_custom_1651140323650{padding-top: 250px !important;padding-bottom: 250px !important;}\u00bb][vc_column][vc_empty_space height=\u00bb300px\u00bb][\/vc_column][\/vc_row][vc_row][vc_column][vc_column_text]\n<h1>Autobuses para Fiestas y Eventos en Roma<\/h1>\n[\/vc_column_text][vc_separator][\/vc_column][\/vc_row][vc_row equal_height=\u00bbyes\u00bb parallax=\u00bbcontent-moving\u00bb el_id=\u00bbmain_pag50&#8243; css=\u00bb.vc_custom_1652089011431{padding-top: 0px !important;padding-bottom: 0px !important;background-color: #ffffff !important;background-position: center;background-repeat: no-repeat;background-size: cover !important;}\u00bb][vc_column width=\u00bb1\/2&#8243; css=\u00bb.vc_custom_1650380867939{margin-top: 0px !important;margin-right: 0px !important;margin-bottom: 0px !important;margin-left: 0px !important;padding-top: 0px !important;padding-right: 0px !important;padding-bottom: 0px !important;padding-left: 0px !important;background: #ffffff url(https:\/\/mma-autoservizi.it\/wp-content\/uploads\/2022\/04\/affitto-bus-con-conducente-per-feste-ed-eventi.png?id=8698) !important;background-position: center !important;background-repeat: no-repeat !important;background-size: cover !important;}\u00bb][\/vc_column][vc_column width=\u00bb1\/2&#8243; css=\u00bb.vc_custom_1648911119615{margin-top: 0px !important;margin-bottom: 0px !important;padding-top: 0px !important;padding-bottom: 0px !important;background-color: #333333 !important;}\u00bb][vc_empty_space height=\u00bb70px\u00bb][vc_column_text css=\u00bb.vc_custom_1650380976740{margin-top: 0px !important;margin-bottom: 0px !important;padding-top: 0px !important;padding-bottom: 0px !important;}\u00bb]\n<p style=\"color: #fff;\">La <strong>organizaci\u00f3n de grandes eventos<\/strong>, ya sean corporativos o privados, puede requerir muchos recursos. Puede ser dif\u00edcil <strong>contratar un autob\u00fas<\/strong> para llevar a todos adonde deben ir. Espero que logre encontrar la empresa adecuada para ayudarle con la organizaci\u00f3n del viaje.<\/p>\n<p style=\"color: #fff;\">\u00a1Aqu\u00ed es donde entra en juego <strong>MMA Autoservizi! Autobuses para eventos corporativos y fiestas en Roma<\/strong> que aportar\u00e1 el ingrediente clave para el \u00e9xito: el transporte.<br \/>\nUn asesor personalizado se encargar\u00e1 de encontrar una soluci\u00f3n que responda a todas sus exigencias y le brindar\u00e1 toda la informaci\u00f3n que necesita para alquilar su autob\u00fas. Puede elegir el mejor veh\u00edculo de nuestra flota. \u00a1Le deseamos un gran evento![\/vc_column_text][vc_empty_space height=\u00bb70px\u00bb][\/vc_column][\/vc_row][vc_row][vc_column][vc_column_text]\n<p style=\"font-size: 30px; line-height: 40px;\"><strong>Confort a bordo, eficiencia, puntualidad, disponibilidad y seguridad<\/strong> son las caracter\u00edsticas que nos distinguen y tambi\u00e9n la manera de lograr nuestro principal objetivo: la satisfacci\u00f3n de nuestros pasajeros.<\/p>\n[\/vc_column_text][\/vc_column][\/vc_row][vc_section full_width=\u00bbstretch_row\u00bb css=\u00bb.vc_custom_1648912248236{background-color: #ffffff !important;}\u00bb][vc_row full_width=\u00bbstretch_row_content_no_spaces\u00bb equal_height=\u00bbyes\u00bb css=\u00bb.vc_custom_1647618815631{background-color: rgba(255,255,255,0.01) !important;background-position: center !important;background-repeat: no-repeat !important;background-size: cover !important;*background-color: rgb(255,255,255) !important;}\u00bb][vc_column width=\u00bb5\/12&#8243; css=\u00bb.vc_custom_1647624037392{margin-top: 0px !important;margin-right: 0px !important;margin-bottom: 0px !important;margin-left: 0px !important;padding-top: 0px !important;padding-right: 0px !important;padding-bottom: 0px !important;padding-left: 0px !important;}\u00bb][\/vc_column][vc_column width=\u00bb7\/12&#8243; el_class=\u00bb.image-wrap-3 .inset-1&#8243; css=\u00bb.vc_custom_1647624046867{margin-top: 0px !important;margin-bottom: 0px !important;margin-left: 0px !important;padding-top: 0px !important;padding-bottom: 0px !important;padding-left: 0px !important;}\u00bb][vc_raw_html css=\u00bb.vc_custom_1652023158363{margin-top: 0px !important;margin-bottom: 0px !important;margin-left: 0px !important;padding-top: 0px !important;padding-bottom: 0px !important;padding-left: 0px !important;}\u00bb]PGRpdiBjbGFzcz0icmVzcG1hYyI+PGltZyBzcmM9Imh0dHBzOi8vd3d3Lm1tYS1hdXRvc2Vydml6aS5pdC93cC1jb250ZW50L3VwbG9hZHMvMjAyMi8wNC9CVVMtUEVSLUZFU1RFLUEtUk9NQS5qcGciIGFsdD0iIj48L2Rpdj4NCg0KPGRpdiBjbGFzcz0iYmFubmVyIGJhbm5lcl9fbW9kIGJhbm5lcl9fbW9kLTIgYmctY29udHJhc3QtdmFyaWFudC0yIGJnLWNvbnRyYXN0LXZhcmlhbnQtMl9fYWZ0ZXIiPg0KICAgICAgICAgICAgICAgIDxkaXYgY2xhc3M9ImJhbm5lcl9jbnQiPg0KICAgICAgICAgICAgICAgICAgPGgzPsKhRElSw41KQVNFIEEgU1UgRklFU1RBIFNJTiBQUkVPQ1VQQUNJT05FUyE8L2gzPg0KICAgICAgICAgICAgICAgICAgPHA+IE51ZXN0cm8gcGVyc29uYWwgZXN0w6Egc2llbXByZSBkaXNwb25pYmxlLCBwcm9wb3JjaW9uw6FuZG9sZSB1biBzZXJ2aWNpbyBhbWFibGUgeSBwcm9mZXNpb25hbC4gQcOxb3MgZGUgZXhwZXJpZW5jaWEgbm9zIHBlcm1pdGVuIG9mcmVjZXJsZSB1biBncmFuIHNlcnZpY2lvIGEgbnVlc3Ryb3MgY2xpZW50ZXMuIENvbnRhbW9zIGNvbiB1bmEgZmxvdGEgZGUgdmVow61jdWxvcyBxdWUgc2UgYWRhcHRhbiBhIHRvZG8gdGlwbyBkZSBleGlnZW5jaWFzLg0KICAgICAgICAgICAgICAgICAgPC9wPg0KPGEgY2xhc3M9ImJ1dHRvbiBidG4tbWQgcHVsc2Zsb3R0YSIgaHJlZj0iaHR0cHM6Ly93d3cubW1hLWF1dG9zZXJ2aXppLml0L2VzL29idGVuZ2EtdW5hLWNvdGl6YWNpb24tcGFyYS1lbC1hbHF1aWxlci1kZS1hdXRvY2FyZXMvIj5QSURBIFNVIFBSRVNVUFVFU1RPPHNwYW4gY2xhc3M9Imluc2lkZXIiPjwvc3Bhbj48L2E+PGJyPg0KPHNwYW4gc3R5bGU9ImZvbnQtc2l6ZToyMHB4OyI+IMKhUkVTRVJWRSBTVSBBVVRPQsOaUyBBSE9SQSE8L3NwYW4+PGJyPg0KICAgICAgICAgICAgICAgIDwvZGl2Pg0KICAgICAgICAgICAgICA8L2Rpdj4=[\/vc_raw_html][\/vc_column][\/vc_row][vc_row][vc_column width=\u00bb1\/3&#8243;][vc_column_text]\n<h3><span style=\"color: #19a000;\"><strong>ASISTENCIA PERSONALIZADA H24<\/strong><\/span><\/h3>\n<p><strong>Asistencia PERSONALIZADA las 24 horas del d\u00eda, los 7 d\u00edas de la semana<\/strong>, reserve un veh\u00edculo de nuestra flota y cont\u00e1ctenos sin compromiso, <strong>para solicitudes o presupuestos personalizados<\/strong>, nuestro equipo podr\u00e1 asesorarle de manera apropiada seg\u00fan sus exigencias en modo profesional y competente.[\/vc_column_text][\/vc_column][vc_column width=\u00bb1\/3&#8243;][vc_column_text]\n<h3><strong><span style=\"color: #19a000;\">AMPLIA FLOTA <\/span><\/strong><\/h3>\n<p>Disponemos de <strong>una flota de autobuses y minibuses clase EURO 6<\/strong>, compuesta por m\u00e1s de 25 unidades, de todos los tama\u00f1os y con los mismos gr\u00e1ficos precisamente para ser f\u00e1cilmente identificables por los clientes que realizan congresos.[\/vc_column_text][\/vc_column][vc_column width=\u00bb1\/3&#8243;][vc_column_text]\n<h3><strong><span style=\"color: #19a000;\">OFICINA OPERATIVA CON PERSONAL MULTILING\u00dcE<\/span><\/strong><\/h3>\n<p>A pesar de la corta edad de la empresa, somos en Roma un punto de referencia en el sector por nuestra calidad, disponemos de autocares de \u00faltima generaci\u00f3n, <strong>conductores profesionales y una oficina operativa con personal multiling\u00fce (ingl\u00e9s, franc\u00e9s, espa\u00f1ol, \u00e1rabe) con disponibilidad 24\/7. <\/strong>[\/vc_column_text][\/vc_column][\/vc_row][\/vc_section]\n","protected":false},"excerpt":{"rendered":"<p>[vc_row full_width=\u00bbstretch_row_content_no_spaces\u00bb parallax=\u00bbcontent-moving\u00bb parallax_image=\u00bb9058&#8243; css=\u00bb.vc_custom_1651140323650{padding-top: 250px !important;padding-bottom: 250px !important;}\u00bb][vc_column][vc_empty_space height=\u00bb300px\u00bb][\/vc_column][\/vc_row][vc_row][vc_column][vc_column_text] Autobuses para Fiestas y Eventos en Roma [\/vc_column_text][vc_separator][\/vc_column][\/vc_row][vc_row equal_height=\u00bbyes\u00bb parallax=\u00bbcontent-moving\u00bb el_id=\u00bbmain_pag50&#8243; css=\u00bb.vc_custom_1652089011431{padding-top: 0px !important;padding-bottom: 0px !important;background-color: #ffffff !important;background-position: center;background-repeat: no-repeat;background-size: cover !important;}\u00bb][vc_column width=\u00bb1\/2&#8243; css=\u00bb.vc_custom_1650380867939{margin-top: 0px !important;margin-right: 0px !important;margin-bottom: 0px !important;margin-left: 0px !important;padding-top: 0px !important;padding-right: 0px !important;padding-bottom: 0px !important;padding-left: 0px !important;background: #ffffff url(https:\/\/mma-autoservizi.it\/wp-content\/uploads\/2022\/04\/affitto-bus-con-conducente-per-feste-ed-eventi.png?id=8698) !important;background-position: center !important;background-repeat: [&hellip;]<\/p>\n","protected":false},"author":23,"featured_media":0,"parent":0,"menu_order":0,"comment_status":"closed","ping_status":"closed","template":"","meta":{"site-sidebar-layout":"no-sidebar","site-content-layout":"plain-container","ast-site-content-layout":"","site-content-style":"default","site-sidebar-style":"default","ast-global-header-display":"","ast-banner-title-visibility":"","ast-main-header-display":"","ast-hfb-above-header-display":"","ast-hfb-below-header-display":"","ast-hfb-mobile-header-display":"","site-post-title":"disabled","ast-breadcrumbs-content":"","ast-featured-img":"disabled","footer-sml-layout":"","theme-transparent-header-meta":"default","adv-header-id-meta":"","stick-header-meta":"","header-above-stick-meta":"","header-main-stick-meta":"","header-below-stick-meta":"","astra-migrate-meta-layouts":"default","ast-page-background-enabled":"default","ast-page-background-meta":{"desktop":{"background-color":"var(--ast-global-color-4)","background-image":"","background-repeat":"repeat","background-position":"center center","background-size":"auto","background-attachment":"scroll","background-type":"","background-media":"","overlay-type":"","overlay-color":"","overlay-opacity":"","overlay-gradient":""},"tablet":{"background-color":"","background-image":"","background-repeat":"repeat","background-position":"center center","background-size":"auto","background-attachment":"scroll","background-type":"","background-media":"","overlay-type":"","overlay-color":"","overlay-opacity":"","overlay-gradient":""},"mobile":{"background-color":"","background-image":"","background-repeat":"repeat","background-position":"center center","background-size":"auto","background-attachment":"scroll","background-type":"","background-media":"","overlay-type":"","overlay-color":"","overlay-opacity":"","overlay-gradient":""}},"ast-content-background-meta":{"desktop":{"background-color":"var(--ast-global-color-5)","background-image":"","background-repeat":"repeat","background-position":"center center","background-size":"auto","background-attachment":"scroll","background-type":"","background-media":"","overlay-type":"","overlay-color":"","overlay-opacity":"","overlay-gradient":""},"tablet":{"background-color":"var(--ast-global-color-5)","background-image":"","background-repeat":"repeat","background-position":"center center","background-size":"auto","background-attachment":"scroll","background-type":"","background-media":"","overlay-type":"","overlay-color":"","overlay-opacity":"","overlay-gradient":""},"mobile":{"background-color":"var(--ast-global-color-5)","background-image":"","background-repeat":"repeat","background-position":"center center","background-size":"auto","background-attachment":"scroll","background-type":"","background-media":"","overlay-type":"","overlay-color":"","overlay-opacity":"","overlay-gradient":""}},"ngg_post_thumbnail":0,"footnotes":""},"class_list":["post-10242","page","type-page","status-publish","hentry"],"yoast_head":"<!-- This site is optimized with the Yoast SEO plugin v26.3 - https:\/\/yoast.com\/wordpress\/plugins\/seo\/ -->\n<title>Alquiler de Autobuses en Roma para Fiestas o Eventos - Precios y Ofertas de Alquiler - MMA Autoservizi<\/title>\n<meta name=\"description\" content=\"Alquiler de Autobuses y Minibuses en Roma para una fiesta o evento. Solicita los precios y ofertas disponibles para el alquiler de autobuses\" \/>\n<meta name=\"robots\" content=\"index, follow, max-snippet:-1, max-image-preview:large, max-video-preview:-1\" \/>\n<link rel=\"canonical\" href=\"https:\/\/www.mma-autoservizi.it\/es\/fiestas-y-eventos\/\" \/>\n<meta property=\"og:locale\" content=\"es_ES\" \/>\n<meta property=\"og:type\" content=\"article\" \/>\n<meta property=\"og:title\" content=\"Alquiler de Autobuses en Roma para Fiestas o Eventos - Precios y Ofertas de Alquiler - MMA Autoservizi\" \/>\n<meta property=\"og:description\" content=\"Alquiler de Autobuses y Minibuses en Roma para una fiesta o evento. Solicita los precios y ofertas disponibles para el alquiler de autobuses\" \/>\n<meta property=\"og:url\" content=\"https:\/\/www.mma-autoservizi.it\/es\/fiestas-y-eventos\/\" \/>\n<meta property=\"og:site_name\" content=\"MMA Autoservizi\" \/>\n<meta property=\"article:publisher\" content=\"https:\/\/www.facebook.com\/MmaAutoservizi\/\" \/>\n<meta property=\"article:modified_time\" content=\"2022-07-08T17:03:22+00:00\" \/>\n<meta name=\"twitter:card\" content=\"summary_large_image\" \/>\n<meta name=\"twitter:label1\" content=\"Tiempo de lectura\" \/>\n\t<meta name=\"twitter:data1\" content=\"4 minutos\" \/>\n<script type=\"application\/ld+json\" class=\"yoast-schema-graph\">{\"@context\":\"https:\/\/schema.org\",\"@graph\":[{\"@type\":\"WebPage\",\"@id\":\"https:\/\/www.mma-autoservizi.it\/es\/fiestas-y-eventos\/\",\"url\":\"https:\/\/www.mma-autoservizi.it\/es\/fiestas-y-eventos\/\",\"name\":\"Alquiler de Autobuses en Roma para Fiestas o Eventos - Precios y Ofertas de Alquiler - MMA Autoservizi\",\"isPartOf\":{\"@id\":\"https:\/\/www.mma-autoservizi.it\/es\/#website\"},\"datePublished\":\"2022-07-08T11:28:11+00:00\",\"dateModified\":\"2022-07-08T17:03:22+00:00\",\"description\":\"Alquiler de Autobuses y Minibuses en Roma para una fiesta o evento. Solicita los precios y ofertas disponibles para el alquiler de autobuses\",\"breadcrumb\":{\"@id\":\"https:\/\/www.mma-autoservizi.it\/es\/fiestas-y-eventos\/#breadcrumb\"},\"inLanguage\":\"es\",\"potentialAction\":[{\"@type\":\"ReadAction\",\"target\":[\"https:\/\/www.mma-autoservizi.it\/es\/fiestas-y-eventos\/\"]}]},{\"@type\":\"BreadcrumbList\",\"@id\":\"https:\/\/www.mma-autoservizi.it\/es\/fiestas-y-eventos\/#breadcrumb\",\"itemListElement\":[{\"@type\":\"ListItem\",\"position\":1,\"name\":\"Home\",\"item\":\"https:\/\/www.mma-autoservizi.it\/es\/pagina-de-inicio-mma\/\"},{\"@type\":\"ListItem\",\"position\":2,\"name\":\"Fiestas y Eventos\"}]},{\"@type\":\"WebSite\",\"@id\":\"https:\/\/www.mma-autoservizi.it\/es\/#website\",\"url\":\"https:\/\/www.mma-autoservizi.it\/es\/\",\"name\":\"MMA Autoservizi\",\"description\":\"molto movimento agency\",\"publisher\":{\"@id\":\"https:\/\/www.mma-autoservizi.it\/es\/#organization\"},\"potentialAction\":[{\"@type\":\"SearchAction\",\"target\":{\"@type\":\"EntryPoint\",\"urlTemplate\":\"https:\/\/www.mma-autoservizi.it\/es\/?s={search_term_string}\"},\"query-input\":{\"@type\":\"PropertyValueSpecification\",\"valueRequired\":true,\"valueName\":\"search_term_string\"}}],\"inLanguage\":\"es\"},{\"@type\":\"Organization\",\"@id\":\"https:\/\/www.mma-autoservizi.it\/es\/#organization\",\"name\":\"MMA Autoservizi\",\"url\":\"https:\/\/www.mma-autoservizi.it\/es\/\",\"logo\":{\"@type\":\"ImageObject\",\"inLanguage\":\"es\",\"@id\":\"https:\/\/www.mma-autoservizi.it\/es\/#\/schema\/logo\/image\/\",\"url\":\"https:\/\/mma-autoservizi.it\/wp-content\/uploads\/revslider\/slide-home\/logo-home-slide-mma-1.png\",\"contentUrl\":\"https:\/\/mma-autoservizi.it\/wp-content\/uploads\/revslider\/slide-home\/logo-home-slide-mma-1.png\",\"width\":854,\"height\":166,\"caption\":\"MMA Autoservizi\"},\"image\":{\"@id\":\"https:\/\/www.mma-autoservizi.it\/es\/#\/schema\/logo\/image\/\"},\"sameAs\":[\"https:\/\/www.facebook.com\/MmaAutoservizi\/\"]}]}<\/script>\n<!-- \/ Yoast SEO plugin. -->","yoast_head_json":{"title":"Alquiler de Autobuses en Roma para Fiestas o Eventos - Precios y Ofertas de Alquiler - MMA Autoservizi","description":"Alquiler de Autobuses y Minibuses en Roma para una fiesta o evento. Solicita los precios y ofertas disponibles para el alquiler de autobuses","robots":{"index":"index","follow":"follow","max-snippet":"max-snippet:-1","max-image-preview":"max-image-preview:large","max-video-preview":"max-video-preview:-1"},"canonical":"https:\/\/www.mma-autoservizi.it\/es\/fiestas-y-eventos\/","og_locale":"es_ES","og_type":"article","og_title":"Alquiler de Autobuses en Roma para Fiestas o Eventos - Precios y Ofertas de Alquiler - MMA Autoservizi","og_description":"Alquiler de Autobuses y Minibuses en Roma para una fiesta o evento. Solicita los precios y ofertas disponibles para el alquiler de autobuses","og_url":"https:\/\/www.mma-autoservizi.it\/es\/fiestas-y-eventos\/","og_site_name":"MMA Autoservizi","article_publisher":"https:\/\/www.facebook.com\/MmaAutoservizi\/","article_modified_time":"2022-07-08T17:03:22+00:00","twitter_card":"summary_large_image","twitter_misc":{"Tiempo de lectura":"4 minutos"},"schema":{"@context":"https:\/\/schema.org","@graph":[{"@type":"WebPage","@id":"https:\/\/www.mma-autoservizi.it\/es\/fiestas-y-eventos\/","url":"https:\/\/www.mma-autoservizi.it\/es\/fiestas-y-eventos\/","name":"Alquiler de Autobuses en Roma para Fiestas o Eventos - Precios y Ofertas de Alquiler - MMA Autoservizi","isPartOf":{"@id":"https:\/\/www.mma-autoservizi.it\/es\/#website"},"datePublished":"2022-07-08T11:28:11+00:00","dateModified":"2022-07-08T17:03:22+00:00","description":"Alquiler de Autobuses y Minibuses en Roma para una fiesta o evento. Solicita los precios y ofertas disponibles para el alquiler de autobuses","breadcrumb":{"@id":"https:\/\/www.mma-autoservizi.it\/es\/fiestas-y-eventos\/#breadcrumb"},"inLanguage":"es","potentialAction":[{"@type":"ReadAction","target":["https:\/\/www.mma-autoservizi.it\/es\/fiestas-y-eventos\/"]}]},{"@type":"BreadcrumbList","@id":"https:\/\/www.mma-autoservizi.it\/es\/fiestas-y-eventos\/#breadcrumb","itemListElement":[{"@type":"ListItem","position":1,"name":"Home","item":"https:\/\/www.mma-autoservizi.it\/es\/pagina-de-inicio-mma\/"},{"@type":"ListItem","position":2,"name":"Fiestas y Eventos"}]},{"@type":"WebSite","@id":"https:\/\/www.mma-autoservizi.it\/es\/#website","url":"https:\/\/www.mma-autoservizi.it\/es\/","name":"MMA Autoservizi","description":"molto movimento agency","publisher":{"@id":"https:\/\/www.mma-autoservizi.it\/es\/#organization"},"potentialAction":[{"@type":"SearchAction","target":{"@type":"EntryPoint","urlTemplate":"https:\/\/www.mma-autoservizi.it\/es\/?s={search_term_string}"},"query-input":{"@type":"PropertyValueSpecification","valueRequired":true,"valueName":"search_term_string"}}],"inLanguage":"es"},{"@type":"Organization","@id":"https:\/\/www.mma-autoservizi.it\/es\/#organization","name":"MMA Autoservizi","url":"https:\/\/www.mma-autoservizi.it\/es\/","logo":{"@type":"ImageObject","inLanguage":"es","@id":"https:\/\/www.mma-autoservizi.it\/es\/#\/schema\/logo\/image\/","url":"https:\/\/mma-autoservizi.it\/wp-content\/uploads\/revslider\/slide-home\/logo-home-slide-mma-1.png","contentUrl":"https:\/\/mma-autoservizi.it\/wp-content\/uploads\/revslider\/slide-home\/logo-home-slide-mma-1.png","width":854,"height":166,"caption":"MMA Autoservizi"},"image":{"@id":"https:\/\/www.mma-autoservizi.it\/es\/#\/schema\/logo\/image\/"},"sameAs":["https:\/\/www.facebook.com\/MmaAutoservizi\/"]}]}},"_links":{"self":[{"href":"https:\/\/www.mma-autoservizi.it\/es\/wp-json\/wp\/v2\/pages\/10242","targetHints":{"allow":["GET"]}}],"collection":[{"href":"https:\/\/www.mma-autoservizi.it\/es\/wp-json\/wp\/v2\/pages"}],"about":[{"href":"https:\/\/www.mma-autoservizi.it\/es\/wp-json\/wp\/v2\/types\/page"}],"author":[{"embeddable":true,"href":"https:\/\/www.mma-autoservizi.it\/es\/wp-json\/wp\/v2\/users\/23"}],"replies":[{"embeddable":true,"href":"https:\/\/www.mma-autoservizi.it\/es\/wp-json\/wp\/v2\/comments?post=10242"}],"version-history":[{"count":6,"href":"https:\/\/www.mma-autoservizi.it\/es\/wp-json\/wp\/v2\/pages\/10242\/revisions"}],"predecessor-version":[{"id":10248,"href":"https:\/\/www.mma-autoservizi.it\/es\/wp-json\/wp\/v2\/pages\/10242\/revisions\/10248"}],"wp:attachment":[{"href":"https:\/\/www.mma-autoservizi.it\/es\/wp-json\/wp\/v2\/media?parent=10242"}],"curies":[{"name":"wp","href":"https:\/\/api.w.org\/{rel}","templated":true}]}}