{"id":10233,"date":"2022-07-08T12:49:54","date_gmt":"2022-07-08T10:49:54","guid":{"rendered":"https:\/\/www.mma-autoservizi.it\/viajes-al-campo\/"},"modified":"2025-07-04T13:12:31","modified_gmt":"2025-07-04T11:12:31","slug":"viajes-al-campo","status":"publish","type":"page","link":"https:\/\/www.mma-autoservizi.it\/es\/viajes-al-campo\/","title":{"rendered":"Viajes al campo"},"content":{"rendered":"[vc_row full_width=\u00bbstretch_row_content_no_spaces\u00bb equal_height=\u00bbyes\u00bb parallax=\u00bbcontent-moving\u00bb parallax_image=\u00bb8838&#8243; css=\u00bb.vc_custom_1650373535157{padding-top: 250px !important;padding-bottom: 250px !important;}\u00bb][vc_column][\/vc_column][\/vc_row][vc_row][vc_column][vc_column_text]\n<h1>VIAJES ORGANIZADOS EN AUTOCAR<\/h1>\n<p><\/p>\n<h2>Organizar un viaje en autob\u00fas a una escuela puede ser muy estresante.<\/h2>\n<p>\n[\/vc_column_text][vc_separator][\/vc_column][\/vc_row][vc_section full_width=\u00bbstretch_row\u00bb el_class=\u00bbbg-fixed\u00bb css=\u00bb.vc_custom_1650378553305{margin-top: 0px !important;padding-top: 0px !important;}\u00bb el_id=\u00bbmain_pag11&#8243;][vc_row equal_height=\u00bbyes\u00bb][vc_column width=\u00bb5\/12&#8243; css=\u00bb.vc_custom_1652088237109{padding-right: 0px !important;padding-left: 0px !important;background: #ffffff url(https:\/\/mma-autoservizi.it\/wp-content\/uploads\/2022\/04\/pullman-per-gite-scolastiche.jpg?id=8848) !important;background-position: center !important;background-repeat: no-repeat !important;background-size: cover !important;}\u00bb el_class=\u00bbcolumn-mobile\u00bb][\/vc_column][vc_column width=\u00bb7\/12&#8243; css=\u00bb.vc_custom_1650378311843{background-color: #333333 !important;}\u00bb][vc_empty_space height=\u00bb70px\u00bb][vc_column_text css=\u00bb.vc_custom_1650376133053{margin-top: 0px !important;margin-bottom: 0px !important;padding-top: 0px !important;padding-bottom: 0px !important;}\u00bb]<span style=\"color: #ffffff;\">Los <strong>viajes escolares<\/strong> son parte del crecimiento, pero hay que estar organizados para  que no sean un desaf\u00edo.<\/span><\/p>\n<p><span style=\"color: #ffffff;\">\u00bfPor qu\u00e9 no confiar en la experiencia de profesionales expertos que <strong>planificar\u00e1n y organizar\u00e1n el viaje en autob\u00fas<\/strong> para sus hijos y alumnos? Nosotros nos encargaremos del transporte y de la log\u00edstica, para que usted en tanto que profesor tambi\u00e9n pueda divertirse en la salida. \u00a1Despu\u00e9s de todo, un  servicio de primera clase merece reconocimiento!<\/span><\/p>\n<p><span style=\"color: #ffffff;\">Nuestros autocares y conductores trasladar\u00e1n a sus hijos o a sus alumnos con total seguridad durante toda la salida.<\/span><\/p>\n<h5 style=\"color: #ffffff;\">#wemovetourism<\/h5>\n<p>\n[\/vc_column_text][vc_empty_space height=\u00bb70px\u00bb][\/vc_column][\/vc_row][\/vc_section][vc_section full_width=\u00bbstretch_row\u00bb el_class=\u00bbbg-fixed\u00bb css=\u00bb.vc_custom_1650383816126{margin-top: 0px !important;padding-top: 0px !important;background-image: url(https:\/\/mma-autoservizi.it\/wp-content\/uploads\/2022\/04\/5.jpg?id=8499) !important;}\u00bb][vc_row][vc_column width=\u00bb5\/12&#8243; css=\u00bb.vc_custom_1649165956888{padding-right: 0px !important;padding-left: 0px !important;}\u00bb][vc_raw_html css=\u00bb.vc_custom_1652023050892{margin-bottom: 0px !important;padding-bottom: 0px !important;}\u00bb]PGRpdiBjbGFzcz0iYmFubmVyIGJhbm5lcl9fbW9kIGJnLXByaW1hcnktdmFyaWFudC0xIj4NCiAgICAgICAgICAgICAgICA8ZGl2IGNsYXNzPSJiYW5uZXJfY250Ij4NCiAgICAgICAgICAgICAgICAgIDxoMT5WSUFKRVMgT1JHQU5JWkFET1MgRU4gQVVUT0NBUjwvaDE+DQo8c3BhbiBzdHlsZT0iZm9udC1zaXplOjIwcHg7Ij4gU1UgVklBSkUgQ09NSUVOWkEgQ09OIE5PU09UUk9TPC9zcGFuPjxicj4NCjxhIGNsYXNzPSJidXR0b24gYnRuLW1kIHB1bHNmbG90dGEiIGhyZWY9Imh0dHBzOi8vd3d3Lm1tYS1hdXRvc2Vydml6aS5pdC9lcy9vYnRlbmdhLXVuYS1jb3RpemFjaW9uLXBhcmEtZWwtYWxxdWlsZXItZGUtYXV0b2NhcmVzLyI+UElEQSBTVSBQUkVTVVBVRVNUTzxzcGFuIGNsYXNzPSJpbnNpZGVyIj48L3NwYW4+PC9hPjxicj4NCjxzcGFuIHN0eWxlPSJmb250LXNpemU6MjBweDsiPiDCoVJFU0VSVkUgU1UgQVVUT0LDmlMgQUhPUkEhPC9zcGFuPjxicj4NCiAgICAgICAgICAgICAgICA8L2Rpdj48YnI+ICAgICAgICAgICAgICA8L2Rpdj48YnI+[\/vc_raw_html][\/vc_column][vc_column width=\u00bb7\/12&#8243;][vc_empty_space height=\u00bb60px\u00bb][\/vc_column][\/vc_row][\/vc_section][vc_section full_width=\u00bbstretch_row\u00bb css=\u00bb.vc_custom_1648912248236{background-color: #ffffff !important;}\u00bb el_id=\u00bbsection2&#8243;][vc_row][vc_column width=\u00bb1\/3&#8243;][vc_single_image image=\u00bb8816&#8243; img_size=\u00bbfull\u00bb][\/vc_column][vc_column width=\u00bb1\/3&#8243;][vc_column_text]\n<h3><strong><span style=\"color: #19a000;\">AUTOCAR PARA EXCURSIONES<\/span><\/strong><\/h3>\n<p>Somos un equipo con <strong>experiencia en viajes escolares organizados en autocar<\/strong>, ofrecemos una amplia gama de servicios. Solo trabajamos con los mejores veh\u00edculos que pueden transportar hasta 64 personas y contamos con los conductores m\u00e1s cualificados.<\/p>\n<p><strong>\u00a1Nuestro servicio de alquiler de autobuses tur\u00edsticos es solido y eficiente!<\/strong>[\/vc_column_text][\/vc_column][vc_column width=\u00bb1\/3&#8243;][vc_single_image image=\u00bb8821&#8243; img_size=\u00bbfull\u00bb][\/vc_column][\/vc_row][vc_row][vc_column width=\u00bb1\/3&#8243;][vc_column_text]<strong>MMA Autoservizi<\/strong> es socia de muchas escuelas desde hace a\u00f1os, que han optado por confiar en la profesionalidad y la larga experiencia de la empresa, confi\u00e1ndole <strong>la gesti\u00f3n de la parte operativa de los viajes escolares<\/strong> al igual que de viajes de varios d\u00edas en Italia y en el extranjero.<\/p>\n<p>Cada a\u00f1o, cientos de estudiantes y profesores de escuelas italianas realizan <strong>viajes escolares en autob\u00fas en Italia<\/strong> y en el extranjero, gracias a los servicios de <strong>MMA-Autoservizi.<\/strong>[\/vc_column_text][\/vc_column][vc_column width=\u00bb1\/3&#8243;][vc_single_image image=\u00bb14395&#8243; img_size=\u00bbfull\u00bb][\/vc_column][vc_column width=\u00bb1\/3&#8243;][vc_column_text]La <strong>seguridad es nuestra principal prioridad<\/strong>, especialmente cuando se trata de menores. Nuestros conductores y nuestros veh\u00edculos pasan <strong>todos los controles<\/strong> necesarios antes de la salida; por lo tanto, <strong>la seguridad de sus hijos est\u00e1 garantizada.<\/strong><\/p>\n<p>Estamos muy orgullosos de nuestros servicios y nuestro objetivo es ofrecer la m\u00e1s alta calidad posible.[\/vc_column_text][\/vc_column][\/vc_row][\/vc_section][vc_row][vc_column][vc_separator color=\u00bbcustom\u00bb border_width=\u00bb5&#8243; accent_color=\u00bb#19a000&#8243;][vc_raw_html]PGJsb2NrcXVvdGUgY2xhc3M9InF1b3RlIj4NCiAgICAgICAgICAgICAgICA8cT4NCiAgICAgICAgICAgICAgICAgUGFkcmVzIHkgYWx1bW5vcyBxdWVkYXJvbiBzYXRpc2ZlY2hvcyB5IGNvbnRlbnRvcyBjb24gbGEgZmFudMOhc3RpY2Egb3JnYW5pemFjacOzbiBwdWVzdGEgZW4gbWFyY2hhIHBvciBlbCBFcXVpcG8gTU1BIEF1dG9zZXJ2aXppLiBMYSBvcmdhbml6YWNpw7NuIHkgbGEgc2VndXJpZGFkIHNvbiBwaWxhcmVzIGVzZW5jaWFsZXMgcGFyYSB1biB2aWFqZSBlc2NvbGFyIA0KICAgICAgICAgICAgICAgIDwvcT4NCiAgICAgICAgICAgICAgICA8Y2l0ZSBjbGFzcz0iaGVhZGluZy02Ij5Qcm9mZXNvcmEgRmVkZXJpY2E8L2NpdGU+DQo8ZGl2IGNsYXNzPSJ3cGJfc2luZ2xlX2ltYWdlIHdwYl9jb250ZW50X2VsZW1lbnQgdmNfYWxpZ25fY2VudGVyIj4NCg0KCQk8ZmlndXJlIGNsYXNzPSJ3cGJfd3JhcHBlciB2Y19maWd1cmUiPg0KCQkJPGRpdiBjbGFzcz0idmNfc2luZ2xlX2ltYWdlLXdyYXBwZXIgdmNfYm94X2JvcmRlcl9jaXJjbGUgIHZjX2JveF9ib3JkZXJfZ3JleSI+PGltZyB3aWR0aD0iMTAwIiBoZWlnaHQ9IjEwMCIgc3JjPSJodHRwczovL3d3dy5tbWEtYXV0b3NlcnZpemkuaXQvd3AtY29udGVudC91cGxvYWRzLzIwMjIvMDQvcmVjZW5zaW9uZS1mZWRlcmljYS5qcGciIGNsYXNzPSJ2Y19zaW5nbGVfaW1hZ2UtaW1nIGF0dGFjaG1lbnQtdGh1bWJuYWlsIiBhbHQ9InJldmlzacOzbiBkZSBmZWRlcmljYSIgbG9hZGluZz0ibGF6eSIgdGl0bGU9InJldmlzacOzbiBkZSBmZWRlcmljYSI+PC9kaXY+DQoJCTwvZmlndXJlPg0KCTwvZGl2Pg0KICAgICAgICAgICAgICA8L2Jsb2NrcXVvdGU+[\/vc_raw_html][vc_separator color=\u00bbcustom\u00bb border_width=\u00bb5&#8243; accent_color=\u00bb#19a000&#8243;][\/vc_column][\/vc_row][vc_section full_width=\u00bbstretch_row\u00bb css=\u00bb.vc_custom_1648912248236{background-color: #ffffff !important;}\u00bb][vc_row full_width=\u00bbstretch_row_content_no_spaces\u00bb equal_height=\u00bbyes\u00bb css=\u00bb.vc_custom_1647618815631{background-color: rgba(255,255,255,0.01) !important;background-position: center !important;background-repeat: no-repeat !important;background-size: cover !important;*background-color: rgb(255,255,255) !important;}\u00bb][vc_column width=\u00bb5\/12&#8243; css=\u00bb.vc_custom_1647624037392{margin-top: 0px !important;margin-right: 0px !important;margin-bottom: 0px !important;margin-left: 0px !important;padding-top: 0px !important;padding-right: 0px !important;padding-bottom: 0px !important;padding-left: 0px !important;}\u00bb][\/vc_column][vc_column width=\u00bb7\/12&#8243; el_class=\u00bb.image-wrap-3 .inset-1&#8243; css=\u00bb.vc_custom_1647624046867{margin-top: 0px !important;margin-bottom: 0px !important;margin-left: 0px !important;padding-top: 0px !important;padding-bottom: 0px !important;padding-left: 0px !important;}\u00bb][vc_raw_html css=\u00bb.vc_custom_1652023077395{margin-top: 0px !important;margin-bottom: 0px !important;margin-left: 0px !important;padding-top: 0px !important;padding-bottom: 0px !important;padding-left: 0px !important;}\u00bb]PGRpdiBjbGFzcz0icmVzcG1hYyI+PGltZyBzcmM9Imh0dHBzOi8vd3d3Lm1tYS1hdXRvc2Vydml6aS5pdC93cC1jb250ZW50L3VwbG9hZHMvMjAyMi8wNC9naXRlLWluLXB1bGxtYW4uanBnIiBhbHQ9IiI+PC9kaXY+PGJyPjxicj48ZGl2IGNsYXNzPSJiYW5uZXIgYmFubmVyX19tb2QgYmFubmVyX19tb2QtMiBiZy1jb250cmFzdC12YXJpYW50LTIgYmctY29udHJhc3QtdmFyaWFudC0yX19hZnRlciI+DQogICAgICAgICAgICAgICAgPGRpdiBjbGFzcz0iYmFubmVyX2NudCI+DQogICAgICAgICAgICAgICAgICA8aDM+wqFDb252aWVydGEgc3UgdmlhamUgZW4gYXV0b2NhciBlbiB1bmEgZXhwZXJpZW5jaWEgaW5jcmXDrWJsZSE8L2gzPg0KICAgICAgICAgICAgICAgICAgPHA+TnVlc3RybyBwZXJzb25hbCBlc3TDoSBzaWVtcHJlIGRpc3BvbmlibGUsIHByb3BvcmNpb27DoW5kb2xlIHVuIHNlcnZpY2lvIGFtYWJsZSB5IHByb2Zlc2lvbmFsLiBBw7FvcyBkZSBleHBlcmllbmNpYSBub3MgcGVybWl0ZW4gb2ZyZWNlcmxlIHVuIGdyYW4gc2VydmljaW8gYSBudWVzdHJvcyBjbGllbnRlcy4gQ29udGFtb3MgY29uIHVuYSBmbG90YSBkZSB2ZWjDrWN1bG9zIHF1ZSBzZSBhZGFwdGFuIGEgdG9kbyB0aXBvIGRlIGV4aWdlbmNpYXMuDQogICAgICAgICAgICAgICAgICA8L3A+DQo8YSBjbGFzcz0iYnV0dG9uIGJ0bi1tZCBwdWxzZmxvdHRhIiBocmVmPSJodHRwczovL3d3dy5tbWEtYXV0b3NlcnZpemkuaXQvZXMvb2J0ZW5nYS11bmEtY290aXphY2lvbi1wYXJhLWVsLWFscXVpbGVyLWRlLWF1dG9jYXJlcy8iPlBJREEgU1UgUFJFU1VQVUVTVE88c3BhbiBjbGFzcz0iaW5zaWRlciI+PC9zcGFuPjwvYT48YnI+DQo8c3BhbiBzdHlsZT0iZm9udC1zaXplOjIwcHg7Ij4gwqFSRVNFUlZFIFlBIFVOIEFVVE9Cw5pTIFBBUkEgU1UgRVhDVVJTScOTTiE8L3NwYW4+PGJyPg0KICAgICAgICAgICAgICAgIDwvZGl2Pjxicj4gICAgICAgICAgICAgIDwvZGl2Pg==[\/vc_raw_html][\/vc_column][\/vc_row][\/vc_section]\n","protected":false},"excerpt":{"rendered":"<p>[vc_row full_width=\u00bbstretch_row_content_no_spaces\u00bb equal_height=\u00bbyes\u00bb parallax=\u00bbcontent-moving\u00bb parallax_image=\u00bb8838&#8243; css=\u00bb.vc_custom_1650373535157{padding-top: 250px !important;padding-bottom: 250px !important;}\u00bb][vc_column][\/vc_column][\/vc_row][vc_row][vc_column][vc_column_text] VIAJES ORGANIZADOS EN AUTOCAR Organizar un viaje en autob\u00fas a una escuela puede ser muy estresante. [\/vc_column_text][vc_separator][\/vc_column][\/vc_row][vc_section full_width=\u00bbstretch_row\u00bb el_class=\u00bbbg-fixed\u00bb css=\u00bb.vc_custom_1650378553305{margin-top: 0px !important;padding-top: 0px !important;}\u00bb el_id=\u00bbmain_pag11&#8243;][vc_row equal_height=\u00bbyes\u00bb][vc_column width=\u00bb5\/12&#8243; css=\u00bb.vc_custom_1652088237109{padding-right: 0px !important;padding-left: 0px !important;background: #ffffff url(https:\/\/mma-autoservizi.it\/wp-content\/uploads\/2022\/04\/pullman-per-gite-scolastiche.jpg?id=8848) !important;background-position: center !important;background-repeat: no-repeat !important;background-size: cover !important;}\u00bb el_class=\u00bbcolumn-mobile\u00bb][\/vc_column][vc_column width=\u00bb7\/12&#8243; css=\u00bb.vc_custom_1650378311843{background-color: #333333 [&hellip;]<\/p>\n","protected":false},"author":23,"featured_media":0,"parent":0,"menu_order":0,"comment_status":"closed","ping_status":"closed","template":"","meta":{"site-sidebar-layout":"no-sidebar","site-content-layout":"plain-container","ast-site-content-layout":"normal-width-container","site-content-style":"unboxed","site-sidebar-style":"unboxed","ast-global-header-display":"","ast-banner-title-visibility":"","ast-main-header-display":"","ast-hfb-above-header-display":"","ast-hfb-below-header-display":"","ast-hfb-mobile-header-display":"","site-post-title":"disabled","ast-breadcrumbs-content":"","ast-featured-img":"","footer-sml-layout":"","theme-transparent-header-meta":"default","adv-header-id-meta":"","stick-header-meta":"","header-above-stick-meta":"","header-main-stick-meta":"","header-below-stick-meta":"","astra-migrate-meta-layouts":"default","ast-page-background-enabled":"default","ast-page-background-meta":{"desktop":{"background-color":"var(--ast-global-color-4)","background-image":"","background-repeat":"repeat","background-position":"center center","background-size":"auto","background-attachment":"scroll","background-type":"","background-media":"","overlay-type":"","overlay-color":"","overlay-opacity":"","overlay-gradient":""},"tablet":{"background-color":"","background-image":"","background-repeat":"repeat","background-position":"center center","background-size":"auto","background-attachment":"scroll","background-type":"","background-media":"","overlay-type":"","overlay-color":"","overlay-opacity":"","overlay-gradient":""},"mobile":{"background-color":"","background-image":"","background-repeat":"repeat","background-position":"center center","background-size":"auto","background-attachment":"scroll","background-type":"","background-media":"","overlay-type":"","overlay-color":"","overlay-opacity":"","overlay-gradient":""}},"ast-content-background-meta":{"desktop":{"background-color":"var(--ast-global-color-5)","background-image":"","background-repeat":"repeat","background-position":"center center","background-size":"auto","background-attachment":"scroll","background-type":"","background-media":"","overlay-type":"","overlay-color":"","overlay-opacity":"","overlay-gradient":""},"tablet":{"background-color":"var(--ast-global-color-5)","background-image":"","background-repeat":"repeat","background-position":"center center","background-size":"auto","background-attachment":"scroll","background-type":"","background-media":"","overlay-type":"","overlay-color":"","overlay-opacity":"","overlay-gradient":""},"mobile":{"background-color":"var(--ast-global-color-5)","background-image":"","background-repeat":"repeat","background-position":"center center","background-size":"auto","background-attachment":"scroll","background-type":"","background-media":"","overlay-type":"","overlay-color":"","overlay-opacity":"","overlay-gradient":""}},"ngg_post_thumbnail":0,"footnotes":""},"class_list":["post-10233","page","type-page","status-publish","hentry"],"yoast_head":"<!-- This site is optimized with the Yoast SEO plugin v26.3 - https:\/\/yoast.com\/wordpress\/plugins\/seo\/ -->\n<title>Excursiones en autocar: alquiler y seguridad incomparables - MMA Autoservizi<\/title>\n<meta name=\"description\" content=\"Organizamos viajes en autob\u00fas con total seguridad, gracias a una flota de autobuses c\u00f3modos y siempre vigilados. Personal altamente calificado. \u00a1Reservar ahora!\" \/>\n<meta name=\"robots\" content=\"index, follow, max-snippet:-1, max-image-preview:large, max-video-preview:-1\" \/>\n<link rel=\"canonical\" href=\"https:\/\/www.mma-autoservizi.it\/es\/viajes-al-campo\/\" \/>\n<meta property=\"og:locale\" content=\"es_ES\" \/>\n<meta property=\"og:type\" content=\"article\" \/>\n<meta property=\"og:title\" content=\"Excursiones en autocar: alquiler y seguridad incomparables - MMA Autoservizi\" \/>\n<meta property=\"og:description\" content=\"Organizamos viajes en autob\u00fas con total seguridad, gracias a una flota de autobuses c\u00f3modos y siempre vigilados. Personal altamente calificado. \u00a1Reservar ahora!\" \/>\n<meta property=\"og:url\" content=\"https:\/\/www.mma-autoservizi.it\/es\/viajes-al-campo\/\" \/>\n<meta property=\"og:site_name\" content=\"MMA Autoservizi\" \/>\n<meta property=\"article:publisher\" content=\"https:\/\/www.facebook.com\/MmaAutoservizi\/\" \/>\n<meta property=\"article:modified_time\" content=\"2025-07-04T11:12:31+00:00\" \/>\n<meta name=\"twitter:card\" content=\"summary_large_image\" \/>\n<meta name=\"twitter:label1\" content=\"Tiempo de lectura\" \/>\n\t<meta name=\"twitter:data1\" content=\"6 minutos\" \/>\n<script type=\"application\/ld+json\" class=\"yoast-schema-graph\">{\"@context\":\"https:\/\/schema.org\",\"@graph\":[{\"@type\":\"WebPage\",\"@id\":\"https:\/\/www.mma-autoservizi.it\/es\/viajes-al-campo\/\",\"url\":\"https:\/\/www.mma-autoservizi.it\/es\/viajes-al-campo\/\",\"name\":\"Excursiones en autocar: alquiler y seguridad incomparables - MMA Autoservizi\",\"isPartOf\":{\"@id\":\"https:\/\/www.mma-autoservizi.it\/es\/#website\"},\"datePublished\":\"2022-07-08T10:49:54+00:00\",\"dateModified\":\"2025-07-04T11:12:31+00:00\",\"description\":\"Organizamos viajes en autob\u00fas con total seguridad, gracias a una flota de autobuses c\u00f3modos y siempre vigilados. Personal altamente calificado. \u00a1Reservar ahora!\",\"breadcrumb\":{\"@id\":\"https:\/\/www.mma-autoservizi.it\/es\/viajes-al-campo\/#breadcrumb\"},\"inLanguage\":\"es\",\"potentialAction\":[{\"@type\":\"ReadAction\",\"target\":[\"https:\/\/www.mma-autoservizi.it\/es\/viajes-al-campo\/\"]}]},{\"@type\":\"BreadcrumbList\",\"@id\":\"https:\/\/www.mma-autoservizi.it\/es\/viajes-al-campo\/#breadcrumb\",\"itemListElement\":[{\"@type\":\"ListItem\",\"position\":1,\"name\":\"Home\",\"item\":\"https:\/\/www.mma-autoservizi.it\/es\/pagina-de-inicio-mma\/\"},{\"@type\":\"ListItem\",\"position\":2,\"name\":\"Viajes al campo\"}]},{\"@type\":\"WebSite\",\"@id\":\"https:\/\/www.mma-autoservizi.it\/es\/#website\",\"url\":\"https:\/\/www.mma-autoservizi.it\/es\/\",\"name\":\"MMA Autoservizi\",\"description\":\"molto movimento agency\",\"publisher\":{\"@id\":\"https:\/\/www.mma-autoservizi.it\/es\/#organization\"},\"potentialAction\":[{\"@type\":\"SearchAction\",\"target\":{\"@type\":\"EntryPoint\",\"urlTemplate\":\"https:\/\/www.mma-autoservizi.it\/es\/?s={search_term_string}\"},\"query-input\":{\"@type\":\"PropertyValueSpecification\",\"valueRequired\":true,\"valueName\":\"search_term_string\"}}],\"inLanguage\":\"es\"},{\"@type\":\"Organization\",\"@id\":\"https:\/\/www.mma-autoservizi.it\/es\/#organization\",\"name\":\"MMA Autoservizi\",\"url\":\"https:\/\/www.mma-autoservizi.it\/es\/\",\"logo\":{\"@type\":\"ImageObject\",\"inLanguage\":\"es\",\"@id\":\"https:\/\/www.mma-autoservizi.it\/es\/#\/schema\/logo\/image\/\",\"url\":\"https:\/\/mma-autoservizi.it\/wp-content\/uploads\/revslider\/slide-home\/logo-home-slide-mma-1.png\",\"contentUrl\":\"https:\/\/mma-autoservizi.it\/wp-content\/uploads\/revslider\/slide-home\/logo-home-slide-mma-1.png\",\"width\":854,\"height\":166,\"caption\":\"MMA Autoservizi\"},\"image\":{\"@id\":\"https:\/\/www.mma-autoservizi.it\/es\/#\/schema\/logo\/image\/\"},\"sameAs\":[\"https:\/\/www.facebook.com\/MmaAutoservizi\/\"]}]}<\/script>\n<!-- \/ Yoast SEO plugin. -->","yoast_head_json":{"title":"Excursiones en autocar: alquiler y seguridad incomparables - MMA Autoservizi","description":"Organizamos viajes en autob\u00fas con total seguridad, gracias a una flota de autobuses c\u00f3modos y siempre vigilados. Personal altamente calificado. \u00a1Reservar ahora!","robots":{"index":"index","follow":"follow","max-snippet":"max-snippet:-1","max-image-preview":"max-image-preview:large","max-video-preview":"max-video-preview:-1"},"canonical":"https:\/\/www.mma-autoservizi.it\/es\/viajes-al-campo\/","og_locale":"es_ES","og_type":"article","og_title":"Excursiones en autocar: alquiler y seguridad incomparables - MMA Autoservizi","og_description":"Organizamos viajes en autob\u00fas con total seguridad, gracias a una flota de autobuses c\u00f3modos y siempre vigilados. Personal altamente calificado. \u00a1Reservar ahora!","og_url":"https:\/\/www.mma-autoservizi.it\/es\/viajes-al-campo\/","og_site_name":"MMA Autoservizi","article_publisher":"https:\/\/www.facebook.com\/MmaAutoservizi\/","article_modified_time":"2025-07-04T11:12:31+00:00","twitter_card":"summary_large_image","twitter_misc":{"Tiempo de lectura":"6 minutos"},"schema":{"@context":"https:\/\/schema.org","@graph":[{"@type":"WebPage","@id":"https:\/\/www.mma-autoservizi.it\/es\/viajes-al-campo\/","url":"https:\/\/www.mma-autoservizi.it\/es\/viajes-al-campo\/","name":"Excursiones en autocar: alquiler y seguridad incomparables - MMA Autoservizi","isPartOf":{"@id":"https:\/\/www.mma-autoservizi.it\/es\/#website"},"datePublished":"2022-07-08T10:49:54+00:00","dateModified":"2025-07-04T11:12:31+00:00","description":"Organizamos viajes en autob\u00fas con total seguridad, gracias a una flota de autobuses c\u00f3modos y siempre vigilados. Personal altamente calificado. \u00a1Reservar ahora!","breadcrumb":{"@id":"https:\/\/www.mma-autoservizi.it\/es\/viajes-al-campo\/#breadcrumb"},"inLanguage":"es","potentialAction":[{"@type":"ReadAction","target":["https:\/\/www.mma-autoservizi.it\/es\/viajes-al-campo\/"]}]},{"@type":"BreadcrumbList","@id":"https:\/\/www.mma-autoservizi.it\/es\/viajes-al-campo\/#breadcrumb","itemListElement":[{"@type":"ListItem","position":1,"name":"Home","item":"https:\/\/www.mma-autoservizi.it\/es\/pagina-de-inicio-mma\/"},{"@type":"ListItem","position":2,"name":"Viajes al campo"}]},{"@type":"WebSite","@id":"https:\/\/www.mma-autoservizi.it\/es\/#website","url":"https:\/\/www.mma-autoservizi.it\/es\/","name":"MMA Autoservizi","description":"molto movimento agency","publisher":{"@id":"https:\/\/www.mma-autoservizi.it\/es\/#organization"},"potentialAction":[{"@type":"SearchAction","target":{"@type":"EntryPoint","urlTemplate":"https:\/\/www.mma-autoservizi.it\/es\/?s={search_term_string}"},"query-input":{"@type":"PropertyValueSpecification","valueRequired":true,"valueName":"search_term_string"}}],"inLanguage":"es"},{"@type":"Organization","@id":"https:\/\/www.mma-autoservizi.it\/es\/#organization","name":"MMA Autoservizi","url":"https:\/\/www.mma-autoservizi.it\/es\/","logo":{"@type":"ImageObject","inLanguage":"es","@id":"https:\/\/www.mma-autoservizi.it\/es\/#\/schema\/logo\/image\/","url":"https:\/\/mma-autoservizi.it\/wp-content\/uploads\/revslider\/slide-home\/logo-home-slide-mma-1.png","contentUrl":"https:\/\/mma-autoservizi.it\/wp-content\/uploads\/revslider\/slide-home\/logo-home-slide-mma-1.png","width":854,"height":166,"caption":"MMA Autoservizi"},"image":{"@id":"https:\/\/www.mma-autoservizi.it\/es\/#\/schema\/logo\/image\/"},"sameAs":["https:\/\/www.facebook.com\/MmaAutoservizi\/"]}]}},"_links":{"self":[{"href":"https:\/\/www.mma-autoservizi.it\/es\/wp-json\/wp\/v2\/pages\/10233","targetHints":{"allow":["GET"]}}],"collection":[{"href":"https:\/\/www.mma-autoservizi.it\/es\/wp-json\/wp\/v2\/pages"}],"about":[{"href":"https:\/\/www.mma-autoservizi.it\/es\/wp-json\/wp\/v2\/types\/page"}],"author":[{"embeddable":true,"href":"https:\/\/www.mma-autoservizi.it\/es\/wp-json\/wp\/v2\/users\/23"}],"replies":[{"embeddable":true,"href":"https:\/\/www.mma-autoservizi.it\/es\/wp-json\/wp\/v2\/comments?post=10233"}],"version-history":[{"count":7,"href":"https:\/\/www.mma-autoservizi.it\/es\/wp-json\/wp\/v2\/pages\/10233\/revisions"}],"predecessor-version":[{"id":14428,"href":"https:\/\/www.mma-autoservizi.it\/es\/wp-json\/wp\/v2\/pages\/10233\/revisions\/14428"}],"wp:attachment":[{"href":"https:\/\/www.mma-autoservizi.it\/es\/wp-json\/wp\/v2\/media?parent=10233"}],"curies":[{"name":"wp","href":"https:\/\/api.w.org\/{rel}","templated":true}]}}