{"id":10228,"date":"2022-07-08T12:34:46","date_gmt":"2022-07-08T10:34:46","guid":{"rendered":"https:\/\/www.mma-autoservizi.it\/transfer\/"},"modified":"2022-07-08T12:37:55","modified_gmt":"2022-07-08T10:37:55","slug":"transfer","status":"publish","type":"page","link":"https:\/\/www.mma-autoservizi.it\/es\/transfer\/","title":{"rendered":"Transfer"},"content":{"rendered":"[vc_section full_width=\u00bbstretch_row\u00bb parallax=\u00bbcontent-moving\u00bb el_id=\u00bbmain_pg11&#8243; el_class=\u00bbbg-fixed\u00bb css=\u00bb.vc_custom_1652114966329{background-image: url(https:\/\/www.mma-autoservizi.it\/wp-content\/uploads\/2022\/04\/trasferimenti-aeroporti-stazioni-e-porti.jpg?id=8914) !important;}\u00bb][vc_row][vc_column][vc_empty_space height=\u00bb600px\u00bb][\/vc_column][\/vc_row][\/vc_section][vc_row][vc_column][vc_column_text]\n<h1>Transfer Aeropuerto y Estaciones de tren FS en autob\u00fas, lanzadera y minib\u00fas<\/h1>\n<h2>Quiere llegar a tiempo al aeropuerto, pero no tiene veh\u00edculo?<\/h2>\n<p>Los atascos de tr\u00e1fico, el transporte p\u00fablico insuficiente y la falta de aparcamiento est\u00e1n obligando a muchas personas a buscar formas de moverse alternativas.[\/vc_column_text][vc_separator][vc_row_inner][vc_column_inner width=\u00bb1\/3&#8243;][vc_message message_box_color=\u00bbwhite\u00bb icon_fontawesome=\u00bbfas fa-plane\u00bb]\n<h5 style=\"color: #0a0a0a;\"><b>Transfer Aeropuertos<\/b><\/h5>\n<h6 class=\"style-2\">Conexiones directas con los aeropuertos<\/h6>\n[\/vc_message][\/vc_column_inner][vc_column_inner width=\u00bb1\/3&#8243;][vc_message message_box_color=\u00bbwhite\u00bb icon_fontawesome=\u00bbfas fa-ship\u00bb]\n<h5 style=\"color: #0a0a0a;\"><b>Transfer Puertos<\/b><\/h5>\n<h6 class=\"style-2\">Conexiones directas con los Puertos<\/h6>\n[\/vc_message][\/vc_column_inner][vc_column_inner width=\u00bb1\/3&#8243;][vc_message message_box_color=\u00bbwhite\u00bb icon_fontawesome=\u00bbfas fa-subway\u00bb]\n<h5 style=\"color: #0a0a0a;\"><b>Transfer Estaciones de tren FS<\/b><\/h5>\n<h6 class=\"style-2\">Conexiones directas con estaciones de tren<\/h6>\n[\/vc_message][\/vc_column_inner][\/vc_row_inner][\/vc_column][\/vc_row][vc_section full_width=\u00bbstretch_row\u00bb el_class=\u00bbbg-fixed\u00bb css=\u00bb.vc_custom_1650383734695{margin-top: 0px !important;padding-top: 0px !important;background-image: url(https:\/\/mma-autoservizi.it\/wp-content\/uploads\/2022\/04\/5.jpg?id=8499) !important;}\u00bb][vc_row][vc_column width=\u00bb5\/12&#8243; css=\u00bb.vc_custom_1649165956888{padding-right: 0px !important;padding-left: 0px !important;}\u00bb][vc_raw_html css=\u00bb.vc_custom_1650384948905{margin-bottom: 0px !important;padding-bottom: 0px !important;}\u00bb]PGRpdiBjbGFzcz0iYmFubmVyIGJhbm5lcl9fbW9kIGJnLXByaW1hcnktdmFyaWFudC0xIj4NCiAgICAgICAgICAgICAgICA8ZGl2IGNsYXNzPSJiYW5uZXJfY250Ij4NCjxQIHN0eWxlPSJmb250LXNpemU6MjRweDtsaW5lLWhlaWdodDozNXB4OyI+Q29uIG51ZXN0cm8gc2VydmljaW8gZGUgdHJhbnNmZXIgYWVyb3B1ZXJ0byBhbCBhZXJvcHVlcnRvIFJvbWEgRml1bWljaW5vIHkgYWwgcHVlcnRvIGRlIENpdml0YXZlY2NoaWEsIHBvZHLDoSBldml0YXIgYXRhc2NvcywgYWhvcnJhciB0aWVtcG8geSByZWxhamFyc2U7IGTDqWplbm9zIGxsZXZhcmxlIQ0KPC9QPg0KICAgICAgICAgICAgICAgIDwvZGl2Pg0KICAgICAgICAgICAgICA8L2Rpdj4NCg==[\/vc_raw_html][\/vc_column][vc_column width=\u00bb7\/12&#8243;][vc_empty_space height=\u00bb60px\u00bb][\/vc_column][\/vc_row][\/vc_section][vc_row css=\u00bb.vc_custom_1649942038329{margin-top: 50px !important;margin-bottom: 50px !important;}\u00bb][vc_column][vc_single_image 0=\u00bbtitle=\u00abAlejandra:\u00bb 1=\u00bb\u201c&#8217;Hice\u00bb 2=\u00bbmi\u00bb 3=\u00bbreserva\u00bb 4=\u00bby\u00bb 5=\u00bbellos\u00bb 6=\u00bbestaban\u00bb 7=\u00bball\u00ed\u00bb 8=\u00bbesper\u00e1ndome.\u00bb 9=\u00bbLlegu\u00e9\u00bb 10=\u00bba\u00bb 11=\u00bbtiempo\u00bb 12=\u00bba\u00bb 13=\u00bbmi\u00bb 14=\u00bbdestino\u00ab\u00ab\u00bb image=\u00bb8597&#8243; add_caption=\u00bbyes\u00bb alignment=\u00bbcenter\u00bb style=\u00bbvc_box_border_circle\u00bb css=\u00bb.vc_custom_1649929505457{margin-top: 50px !important;}\u00bb][\/vc_column][\/vc_row][vc_section full_width=\u00bbstretch_row\u00bb el_class=\u00bbbg-fixed\u00bb css=\u00bb.vc_custom_1650383734695{margin-top: 0px !important;padding-top: 0px !important;background-image: url(https:\/\/mma-autoservizi.it\/wp-content\/uploads\/2022\/04\/5.jpg?id=8499) !important;}\u00bb][vc_row][vc_column width=\u00bb5\/12&#8243; css=\u00bb.vc_custom_1649165956888{padding-right: 0px !important;padding-left: 0px !important;}\u00bb][vc_raw_html css=\u00bb.vc_custom_1652022987508{margin-bottom: 0px !important;padding-bottom: 0px !important;}\u00bb]PGRpdiBjbGFzcz0iYmFubmVyIGJhbm5lcl9fbW9kIGJnLXByaW1hcnktdmFyaWFudC0xIj4NCiAgICAgICAgICAgICAgICA8ZGl2IGNsYXNzPSJiYW5uZXJfY250Ij4NCiAgICAgICAgICAgICAgICAgIDxoMj5UUkFOU0ZFUiBBRVJPUFVFUlRPPC9oMj4NCjxzcGFuIHN0eWxlPSJmb250LXNpemU6MjBweDsiPiBTVSBEw41BIEVNUElFWkEgQ09OIE5PU09UUk9TPC9zcGFuPjxicj4NCjxhIGNsYXNzPSJidXR0b24gYnRuLW1kIHB1bHNmbG90dGEiIGhyZWY9Imh0dHBzOi8vd3d3Lm1tYS1hdXRvc2Vydml6aS5pdC9lcy9vYnRlbmdhLXVuYS1jb3RpemFjaW9uLXBhcmEtZWwtYWxxdWlsZXItZGUtYXV0b2NhcmVzLyI+UElEQSBTVSBQUkVTVVBVRVNUTzxzcGFuIGNsYXNzPSJpbnNpZGVyIj48L3NwYW4+PC9hPjxicj4NCjxzcGFuIHN0eWxlPSJmb250LXNpemU6MjBweDsiPiBSRVNFUlZFIFNVIFRSQU5TRkVSIEFIT1JBITwvc3Bhbj48YnI+DQogICAgICAgICAgICAgICAgPC9kaXY+DQogICAgICAgICAgICAgIDwvZGl2Pg0K[\/vc_raw_html][\/vc_column][vc_column width=\u00bb7\/12&#8243;][vc_empty_space height=\u00bb60px\u00bb][\/vc_column][\/vc_row][\/vc_section][vc_row css=\u00bb.vc_custom_1650385588304{margin-top: 50px !important;}\u00bb][vc_column][vc_empty_space height=\u00bb80px\u00bb][vc_column_text]\n<h3 style=\"text-align: center;\">Tambi\u00e9n realizamos <strong>traslados personalizados desde Roma<\/strong> a las principales estaciones de tren de la zona.<\/h3>\n<h3 style=\"text-align: center;\">Nuestro servicio de <strong>traslado al aeropuerto y transfer aeroportuario<\/strong> es conveniente, confiable y puntual. \u00a1Podr\u00e1 moverse sin problemas y nos aseguraremos de que llegue a su destino de manera oportuna!<\/h3>\n[\/vc_column_text][vc_empty_space height=\u00bb80px\u00bb][\/vc_column][\/vc_row][vc_section full_width=\u00bbstretch_row\u00bb css=\u00bb.vc_custom_1648912248236{background-color: #ffffff !important;}\u00bb][vc_row full_width=\u00bbstretch_row_content_no_spaces\u00bb equal_height=\u00bbyes\u00bb css=\u00bb.vc_custom_1647618815631{background-color: rgba(255,255,255,0.01) !important;background-position: center !important;background-repeat: no-repeat !important;background-size: cover !important;*background-color: rgb(255,255,255) !important;}\u00bb][vc_column width=\u00bb5\/12&#8243; css=\u00bb.vc_custom_1647624037392{margin-top: 0px !important;margin-right: 0px !important;margin-bottom: 0px !important;margin-left: 0px !important;padding-top: 0px !important;padding-right: 0px !important;padding-bottom: 0px !important;padding-left: 0px !important;}\u00bb][\/vc_column][vc_column width=\u00bb7\/12&#8243; el_class=\u00bb.image-wrap-3 .inset-1&#8243; css=\u00bb.vc_custom_1647624046867{margin-top: 0px !important;margin-bottom: 0px !important;margin-left: 0px !important;padding-top: 0px !important;padding-bottom: 0px !important;padding-left: 0px !important;}\u00bb][vc_raw_html css=\u00bb.vc_custom_1652023010212{margin-top: 0px !important;margin-bottom: 0px !important;margin-left: 0px !important;padding-top: 0px !important;padding-bottom: 0px !important;padding-left: 0px !important;}\u00bb]PGRpdiBjbGFzcz0icmVzcG1hYyI+PGltZyBzcmM9Imh0dHBzOi8vd3d3Lm1tYS1hdXRvc2Vydml6aS5pdC93cC1jb250ZW50L3VwbG9hZHMvMjAyMi8wNS9tbWEtYXV0b3NlcnZpemktcHVsbG1hbi1lMTY1MTU5ODMyOTg1Ny5qcGciIGFsdD0iIj48L2Rpdj4NCg0KPGRpdiBjbGFzcz0iYmFubmVyIGJhbm5lcl9fbW9kIGJhbm5lcl9fbW9kLTIgYmctY29udHJhc3QtdmFyaWFudC0yIGJnLWNvbnRyYXN0LXZhcmlhbnQtMl9fYWZ0ZXIiPg0KICAgICAgICAgICAgICAgIDxkaXYgY2xhc3M9ImJhbm5lcl9jbnQiPg0KICAgICAgICAgICAgICAgICAgPGgzPkVMSUpBIFNVIERFU1RJTk88L2gzPg0KICAgICAgICAgICAgICAgICAgPHA+IE51ZXN0cm8gcGVyc29uYWwgZXN0w6Egc2llbXByZSBkaXNwb25pYmxlLCBwcm9wb3JjaW9uw6FuZG9sZSB1biBzZXJ2aWNpbyBhbWFibGUgeSBwcm9mZXNpb25hbC4gQcOxb3MgZGUgZXhwZXJpZW5jaWEgbm9zIHBlcm1pdGVuIG9mcmVjZXJsZSB1biBncmFuIHNlcnZpY2lvIGEgbnVlc3Ryb3MgY2xpZW50ZXMuIENvbnRhbW9zIGNvbiB1bmEgZmxvdGEgZGUgdmVow61jdWxvcyBxdWUgc2UgYWRhcHRhbiBhIHRvZG8gdGlwbyBkZSBleGlnZW5jaWFzLg0KICAgICAgICAgICAgICAgICAgPC9wPg0KPGEgY2xhc3M9ImJ1dHRvbiBidG4tbWQgcHVsc2Zsb3R0YSIgaHJlZj0iaHR0cHM6Ly93d3cubW1hLWF1dG9zZXJ2aXppLml0L2VzL29idGVuZ2EtdW5hLWNvdGl6YWNpb24tcGFyYS1lbC1hbHF1aWxlci1kZS1hdXRvY2FyZXMvIj5QSURBIFNVIFBSRVNVUFVFU1RPPHNwYW4gY2xhc3M9Imluc2lkZXIiPjwvc3Bhbj48L2E+PGJyPg0KPHNwYW4gc3R5bGU9ImZvbnQtc2l6ZToyMHB4OyI+IFJFU0VSVkUgU1UgVFJBTlNGRVIgQUhPUkEhPC9zcGFuPjxicj4NCiAgICAgICAgICAgICAgICA8L2Rpdj4NCiAgICAgICAgICAgICAgPC9kaXY+[\/vc_raw_html][\/vc_column][\/vc_row][vc_row][vc_column width=\u00bb1\/3&#8243;][vc_column_text]\n<h3><span style=\"color: #19a000;\"><strong>ASISTENCIA PERSONALIZADA H24<\/strong><\/span><\/h3>\n<p><strong>Asistencia personalizada las 24 horas del d\u00eda, los 7 d\u00edas de la semana<\/strong>, reserve un veh\u00edculo de nuestra flota y cont\u00e1ctenos sin compromiso, <strong>para solicitudes o presupuestos personalizados<\/strong>, nuestro equipo podr\u00e1 asesorarle de manera apropiada seg\u00fan sus exigencias en modo profesional y competente.[\/vc_column_text][\/vc_column][vc_column width=\u00bb1\/3&#8243;][vc_column_text]\n<h3><strong><span style=\"color: #19a000;\">AMPLIA FLOTA <\/span><\/strong><\/h3>\n<p>Disponemos de <strong>una flota de autobuses y minibuses clase EURO 6<\/strong>, compuesta por m\u00e1s de 25 unidades, de todos los tama\u00f1os y con los mismos gr\u00e1ficos, precisamente para ser f\u00e1cilmente identificables por los clientes que realizan congresos.[\/vc_column_text][\/vc_column][vc_column width=\u00bb1\/3&#8243;][vc_column_text]\n<h3><strong><span style=\"color: #19a000;\">OFICINA OPERATIVA CON PERSONAL MULTILING\u00dcE<\/span><\/strong><\/h3>\n<p>A pesar de la corta edad de la empresa, somos en Roma un punto de referencia en el sector por nuestra calidad, disponemos de autocares de \u00faltima generaci\u00f3n, <strong>conductores profesionales y una oficina operativa con personal multiling\u00fce (ingl\u00e9s, franc\u00e9s, espa\u00f1ol, \u00e1rabe) con disponibilidad 24\/7. <\/strong>[\/vc_column_text][\/vc_column][\/vc_row][\/vc_section]\n","protected":false},"excerpt":{"rendered":"<p>[vc_section full_width=\u00bbstretch_row\u00bb parallax=\u00bbcontent-moving\u00bb el_id=\u00bbmain_pg11&#8243; el_class=\u00bbbg-fixed\u00bb css=\u00bb.vc_custom_1652114966329{background-image: url(https:\/\/www.mma-autoservizi.it\/wp-content\/uploads\/2022\/04\/trasferimenti-aeroporti-stazioni-e-porti.jpg?id=8914) !important;}\u00bb][vc_row][vc_column][vc_empty_space height=\u00bb600px\u00bb][\/vc_column][\/vc_row][\/vc_section][vc_row][vc_column][vc_column_text] Transfer Aeropuerto y Estaciones de tren FS en autob\u00fas, lanzadera y minib\u00fas Quiere llegar a tiempo al aeropuerto, pero no tiene veh\u00edculo? Los atascos de tr\u00e1fico, el transporte p\u00fablico insuficiente y la falta de aparcamiento est\u00e1n obligando a muchas personas a buscar formas de moverse alternativas.[\/vc_column_text][vc_separator][vc_row_inner][vc_column_inner [&hellip;]<\/p>\n","protected":false},"author":23,"featured_media":0,"parent":0,"menu_order":0,"comment_status":"closed","ping_status":"closed","template":"","meta":{"site-sidebar-layout":"no-sidebar","site-content-layout":"plain-container","ast-site-content-layout":"","site-content-style":"default","site-sidebar-style":"default","ast-global-header-display":"","ast-banner-title-visibility":"","ast-main-header-display":"","ast-hfb-above-header-display":"","ast-hfb-below-header-display":"","ast-hfb-mobile-header-display":"","site-post-title":"disabled","ast-breadcrumbs-content":"","ast-featured-img":"disabled","footer-sml-layout":"","theme-transparent-header-meta":"default","adv-header-id-meta":"","stick-header-meta":"","header-above-stick-meta":"","header-main-stick-meta":"","header-below-stick-meta":"","astra-migrate-meta-layouts":"default","ast-page-background-enabled":"default","ast-page-background-meta":{"desktop":{"background-color":"var(--ast-global-color-4)","background-image":"","background-repeat":"repeat","background-position":"center center","background-size":"auto","background-attachment":"scroll","background-type":"","background-media":"","overlay-type":"","overlay-color":"","overlay-opacity":"","overlay-gradient":""},"tablet":{"background-color":"","background-image":"","background-repeat":"repeat","background-position":"center center","background-size":"auto","background-attachment":"scroll","background-type":"","background-media":"","overlay-type":"","overlay-color":"","overlay-opacity":"","overlay-gradient":""},"mobile":{"background-color":"","background-image":"","background-repeat":"repeat","background-position":"center center","background-size":"auto","background-attachment":"scroll","background-type":"","background-media":"","overlay-type":"","overlay-color":"","overlay-opacity":"","overlay-gradient":""}},"ast-content-background-meta":{"desktop":{"background-color":"var(--ast-global-color-5)","background-image":"","background-repeat":"repeat","background-position":"center center","background-size":"auto","background-attachment":"scroll","background-type":"","background-media":"","overlay-type":"","overlay-color":"","overlay-opacity":"","overlay-gradient":""},"tablet":{"background-color":"var(--ast-global-color-5)","background-image":"","background-repeat":"repeat","background-position":"center center","background-size":"auto","background-attachment":"scroll","background-type":"","background-media":"","overlay-type":"","overlay-color":"","overlay-opacity":"","overlay-gradient":""},"mobile":{"background-color":"var(--ast-global-color-5)","background-image":"","background-repeat":"repeat","background-position":"center center","background-size":"auto","background-attachment":"scroll","background-type":"","background-media":"","overlay-type":"","overlay-color":"","overlay-opacity":"","overlay-gradient":""}},"ngg_post_thumbnail":0,"footnotes":""},"class_list":["post-10228","page","type-page","status-publish","hentry"],"yoast_head":"<!-- This site is optimized with the Yoast SEO plugin v26.3 - https:\/\/yoast.com\/wordpress\/plugins\/seo\/ -->\n<title>Transfer Aeropuerto, Estaciones y Puerto - MMA Autoservizi<\/title>\n<meta name=\"description\" content=\"MMA Autoservizi ofrece traslados al aeropuerto en autocar, minib\u00fas, autob\u00fas lanzadera, autob\u00fas. Reserve ahora sus traslados para llegar a los aeropuertos de Roma Fiumicino y Ciampino y al puerto de Civitavecchia.\" \/>\n<meta name=\"robots\" content=\"index, follow, max-snippet:-1, max-image-preview:large, max-video-preview:-1\" \/>\n<link rel=\"canonical\" href=\"https:\/\/www.mma-autoservizi.it\/es\/transfer\/\" \/>\n<meta property=\"og:locale\" content=\"es_ES\" \/>\n<meta property=\"og:type\" content=\"article\" \/>\n<meta property=\"og:title\" content=\"Transfer Aeropuerto, Estaciones y Puerto - MMA Autoservizi\" \/>\n<meta property=\"og:description\" content=\"MMA Autoservizi ofrece traslados al aeropuerto en autocar, minib\u00fas, autob\u00fas lanzadera, autob\u00fas. Reserve ahora sus traslados para llegar a los aeropuertos de Roma Fiumicino y Ciampino y al puerto de Civitavecchia.\" \/>\n<meta property=\"og:url\" content=\"https:\/\/www.mma-autoservizi.it\/es\/transfer\/\" \/>\n<meta property=\"og:site_name\" content=\"MMA Autoservizi\" \/>\n<meta property=\"article:publisher\" content=\"https:\/\/www.facebook.com\/MmaAutoservizi\/\" \/>\n<meta property=\"article:modified_time\" content=\"2022-07-08T10:37:55+00:00\" \/>\n<meta name=\"twitter:card\" content=\"summary_large_image\" \/>\n<meta name=\"twitter:label1\" content=\"Tiempo de lectura\" \/>\n\t<meta name=\"twitter:data1\" content=\"5 minutos\" \/>\n<script type=\"application\/ld+json\" class=\"yoast-schema-graph\">{\"@context\":\"https:\/\/schema.org\",\"@graph\":[{\"@type\":\"WebPage\",\"@id\":\"https:\/\/www.mma-autoservizi.it\/es\/transfer\/\",\"url\":\"https:\/\/www.mma-autoservizi.it\/es\/transfer\/\",\"name\":\"Transfer Aeropuerto, Estaciones y Puerto - MMA Autoservizi\",\"isPartOf\":{\"@id\":\"https:\/\/www.mma-autoservizi.it\/es\/#website\"},\"datePublished\":\"2022-07-08T10:34:46+00:00\",\"dateModified\":\"2022-07-08T10:37:55+00:00\",\"description\":\"MMA Autoservizi ofrece traslados al aeropuerto en autocar, minib\u00fas, autob\u00fas lanzadera, autob\u00fas. Reserve ahora sus traslados para llegar a los aeropuertos de Roma Fiumicino y Ciampino y al puerto de Civitavecchia.\",\"breadcrumb\":{\"@id\":\"https:\/\/www.mma-autoservizi.it\/es\/transfer\/#breadcrumb\"},\"inLanguage\":\"es\",\"potentialAction\":[{\"@type\":\"ReadAction\",\"target\":[\"https:\/\/www.mma-autoservizi.it\/es\/transfer\/\"]}]},{\"@type\":\"BreadcrumbList\",\"@id\":\"https:\/\/www.mma-autoservizi.it\/es\/transfer\/#breadcrumb\",\"itemListElement\":[{\"@type\":\"ListItem\",\"position\":1,\"name\":\"Home\",\"item\":\"https:\/\/www.mma-autoservizi.it\/es\/pagina-de-inicio-mma\/\"},{\"@type\":\"ListItem\",\"position\":2,\"name\":\"Transfer\"}]},{\"@type\":\"WebSite\",\"@id\":\"https:\/\/www.mma-autoservizi.it\/es\/#website\",\"url\":\"https:\/\/www.mma-autoservizi.it\/es\/\",\"name\":\"MMA Autoservizi\",\"description\":\"molto movimento agency\",\"publisher\":{\"@id\":\"https:\/\/www.mma-autoservizi.it\/es\/#organization\"},\"potentialAction\":[{\"@type\":\"SearchAction\",\"target\":{\"@type\":\"EntryPoint\",\"urlTemplate\":\"https:\/\/www.mma-autoservizi.it\/es\/?s={search_term_string}\"},\"query-input\":{\"@type\":\"PropertyValueSpecification\",\"valueRequired\":true,\"valueName\":\"search_term_string\"}}],\"inLanguage\":\"es\"},{\"@type\":\"Organization\",\"@id\":\"https:\/\/www.mma-autoservizi.it\/es\/#organization\",\"name\":\"MMA Autoservizi\",\"url\":\"https:\/\/www.mma-autoservizi.it\/es\/\",\"logo\":{\"@type\":\"ImageObject\",\"inLanguage\":\"es\",\"@id\":\"https:\/\/www.mma-autoservizi.it\/es\/#\/schema\/logo\/image\/\",\"url\":\"https:\/\/mma-autoservizi.it\/wp-content\/uploads\/revslider\/slide-home\/logo-home-slide-mma-1.png\",\"contentUrl\":\"https:\/\/mma-autoservizi.it\/wp-content\/uploads\/revslider\/slide-home\/logo-home-slide-mma-1.png\",\"width\":854,\"height\":166,\"caption\":\"MMA Autoservizi\"},\"image\":{\"@id\":\"https:\/\/www.mma-autoservizi.it\/es\/#\/schema\/logo\/image\/\"},\"sameAs\":[\"https:\/\/www.facebook.com\/MmaAutoservizi\/\"]}]}<\/script>\n<!-- \/ Yoast SEO plugin. -->","yoast_head_json":{"title":"Transfer Aeropuerto, Estaciones y Puerto - MMA Autoservizi","description":"MMA Autoservizi ofrece traslados al aeropuerto en autocar, minib\u00fas, autob\u00fas lanzadera, autob\u00fas. Reserve ahora sus traslados para llegar a los aeropuertos de Roma Fiumicino y Ciampino y al puerto de Civitavecchia.","robots":{"index":"index","follow":"follow","max-snippet":"max-snippet:-1","max-image-preview":"max-image-preview:large","max-video-preview":"max-video-preview:-1"},"canonical":"https:\/\/www.mma-autoservizi.it\/es\/transfer\/","og_locale":"es_ES","og_type":"article","og_title":"Transfer Aeropuerto, Estaciones y Puerto - MMA Autoservizi","og_description":"MMA Autoservizi ofrece traslados al aeropuerto en autocar, minib\u00fas, autob\u00fas lanzadera, autob\u00fas. Reserve ahora sus traslados para llegar a los aeropuertos de Roma Fiumicino y Ciampino y al puerto de Civitavecchia.","og_url":"https:\/\/www.mma-autoservizi.it\/es\/transfer\/","og_site_name":"MMA Autoservizi","article_publisher":"https:\/\/www.facebook.com\/MmaAutoservizi\/","article_modified_time":"2022-07-08T10:37:55+00:00","twitter_card":"summary_large_image","twitter_misc":{"Tiempo de lectura":"5 minutos"},"schema":{"@context":"https:\/\/schema.org","@graph":[{"@type":"WebPage","@id":"https:\/\/www.mma-autoservizi.it\/es\/transfer\/","url":"https:\/\/www.mma-autoservizi.it\/es\/transfer\/","name":"Transfer Aeropuerto, Estaciones y Puerto - MMA Autoservizi","isPartOf":{"@id":"https:\/\/www.mma-autoservizi.it\/es\/#website"},"datePublished":"2022-07-08T10:34:46+00:00","dateModified":"2022-07-08T10:37:55+00:00","description":"MMA Autoservizi ofrece traslados al aeropuerto en autocar, minib\u00fas, autob\u00fas lanzadera, autob\u00fas. Reserve ahora sus traslados para llegar a los aeropuertos de Roma Fiumicino y Ciampino y al puerto de Civitavecchia.","breadcrumb":{"@id":"https:\/\/www.mma-autoservizi.it\/es\/transfer\/#breadcrumb"},"inLanguage":"es","potentialAction":[{"@type":"ReadAction","target":["https:\/\/www.mma-autoservizi.it\/es\/transfer\/"]}]},{"@type":"BreadcrumbList","@id":"https:\/\/www.mma-autoservizi.it\/es\/transfer\/#breadcrumb","itemListElement":[{"@type":"ListItem","position":1,"name":"Home","item":"https:\/\/www.mma-autoservizi.it\/es\/pagina-de-inicio-mma\/"},{"@type":"ListItem","position":2,"name":"Transfer"}]},{"@type":"WebSite","@id":"https:\/\/www.mma-autoservizi.it\/es\/#website","url":"https:\/\/www.mma-autoservizi.it\/es\/","name":"MMA Autoservizi","description":"molto movimento agency","publisher":{"@id":"https:\/\/www.mma-autoservizi.it\/es\/#organization"},"potentialAction":[{"@type":"SearchAction","target":{"@type":"EntryPoint","urlTemplate":"https:\/\/www.mma-autoservizi.it\/es\/?s={search_term_string}"},"query-input":{"@type":"PropertyValueSpecification","valueRequired":true,"valueName":"search_term_string"}}],"inLanguage":"es"},{"@type":"Organization","@id":"https:\/\/www.mma-autoservizi.it\/es\/#organization","name":"MMA Autoservizi","url":"https:\/\/www.mma-autoservizi.it\/es\/","logo":{"@type":"ImageObject","inLanguage":"es","@id":"https:\/\/www.mma-autoservizi.it\/es\/#\/schema\/logo\/image\/","url":"https:\/\/mma-autoservizi.it\/wp-content\/uploads\/revslider\/slide-home\/logo-home-slide-mma-1.png","contentUrl":"https:\/\/mma-autoservizi.it\/wp-content\/uploads\/revslider\/slide-home\/logo-home-slide-mma-1.png","width":854,"height":166,"caption":"MMA Autoservizi"},"image":{"@id":"https:\/\/www.mma-autoservizi.it\/es\/#\/schema\/logo\/image\/"},"sameAs":["https:\/\/www.facebook.com\/MmaAutoservizi\/"]}]}},"_links":{"self":[{"href":"https:\/\/www.mma-autoservizi.it\/es\/wp-json\/wp\/v2\/pages\/10228","targetHints":{"allow":["GET"]}}],"collection":[{"href":"https:\/\/www.mma-autoservizi.it\/es\/wp-json\/wp\/v2\/pages"}],"about":[{"href":"https:\/\/www.mma-autoservizi.it\/es\/wp-json\/wp\/v2\/types\/page"}],"author":[{"embeddable":true,"href":"https:\/\/www.mma-autoservizi.it\/es\/wp-json\/wp\/v2\/users\/23"}],"replies":[{"embeddable":true,"href":"https:\/\/www.mma-autoservizi.it\/es\/wp-json\/wp\/v2\/comments?post=10228"}],"version-history":[{"count":4,"href":"https:\/\/www.mma-autoservizi.it\/es\/wp-json\/wp\/v2\/pages\/10228\/revisions"}],"predecessor-version":[{"id":10232,"href":"https:\/\/www.mma-autoservizi.it\/es\/wp-json\/wp\/v2\/pages\/10228\/revisions\/10232"}],"wp:attachment":[{"href":"https:\/\/www.mma-autoservizi.it\/es\/wp-json\/wp\/v2\/media?parent=10228"}],"curies":[{"name":"wp","href":"https:\/\/api.w.org\/{rel}","templated":true}]}}